{"id":10378,"date":"2020-08-06T20:51:13","date_gmt":"2020-08-07T00:51:13","guid":{"rendered":"http:\/\/alexhenryfoster.com\/releases\/snowflakes-in-july\/"},"modified":"2022-02-12T21:04:47","modified_gmt":"2022-02-13T02:04:47","slug":"snowflakes-in-july","status":"publish","type":"page","link":"https:\/\/alexhenryfoster.com\/fr\/releases\/snowflakes-in-july\/","title":{"rendered":"Snowflakes in July"},"content":{"rendered":"\t\t<div data-elementor-type=\"wp-page\" data-elementor-id=\"10378\" class=\"elementor elementor-10378 elementor-10366\" data-elementor-post-type=\"page\">\n\t\t\t\t\t\t<section data-particle_enable=\"false\" data-particle-mobile-disabled=\"false\" class=\"elementor-section elementor-top-section elementor-element elementor-element-67bce393 elementor-section-boxed elementor-section-height-default elementor-section-height-default\" data-id=\"67bce393\" data-element_type=\"section\" data-e-type=\"section\" data-settings=\"{&quot;background_background&quot;:&quot;classic&quot;}\">\n\t\t\t\t\t\t<div class=\"elementor-container elementor-column-gap-default\">\n\t\t\t\t\t<div class=\"elementor-column elementor-col-100 elementor-top-column elementor-element elementor-element-a2bdb48\" data-id=\"a2bdb48\" data-element_type=\"column\" data-e-type=\"column\">\n\t\t\t<div class=\"elementor-widget-wrap elementor-element-populated\">\n\t\t\t\t\t\t<section data-particle_enable=\"false\" data-particle-mobile-disabled=\"false\" class=\"elementor-section elementor-inner-section elementor-element elementor-element-73aac0b5 elementor-section-boxed elementor-section-height-default elementor-section-height-default\" data-id=\"73aac0b5\" data-element_type=\"section\" data-e-type=\"section\">\n\t\t\t\t\t\t<div class=\"elementor-container elementor-column-gap-default\">\n\t\t\t\t\t<div class=\"elementor-column elementor-col-50 elementor-inner-column elementor-element elementor-element-52e986ed\" data-id=\"52e986ed\" data-element_type=\"column\" data-e-type=\"column\">\n\t\t\t<div class=\"elementor-widget-wrap elementor-element-populated\">\n\t\t\t\t\t\t<div class=\"elementor-element elementor-element-3b2be55 elementor-widget elementor-widget-image\" data-id=\"3b2be55\" data-element_type=\"widget\" data-e-type=\"widget\" data-widget_type=\"image.default\">\n\t\t\t\t<div class=\"elementor-widget-container\">\n\t\t\t\t\t\t\t\t\t\t\t\t\t\t\t<img fetchpriority=\"high\" decoding=\"async\" width=\"1000\" height=\"1000\" src=\"https:\/\/alexhenryfoster.com\/wp-content\/uploads\/ahf-snowflakes-cover-web-1.jpg\" class=\"attachment-large size-large wp-image-10326\" alt=\"\" srcset=\"https:\/\/alexhenryfoster.com\/wp-content\/uploads\/ahf-snowflakes-cover-web-1.jpg 1000w, https:\/\/alexhenryfoster.com\/wp-content\/uploads\/ahf-snowflakes-cover-web-1-300x300.jpg 300w, https:\/\/alexhenryfoster.com\/wp-content\/uploads\/ahf-snowflakes-cover-web-1-150x150.jpg 150w, https:\/\/alexhenryfoster.com\/wp-content\/uploads\/ahf-snowflakes-cover-web-1-768x768.jpg 768w\" sizes=\"(max-width: 1000px) 100vw, 1000px\" \/>\t\t\t\t\t\t\t\t\t\t\t\t\t\t\t<\/div>\n\t\t\t\t<\/div>\n\t\t\t\t\t<\/div>\n\t\t<\/div>\n\t\t\t\t<div class=\"elementor-column elementor-col-50 elementor-inner-column elementor-element elementor-element-433e4c5d\" data-id=\"433e4c5d\" data-element_type=\"column\" data-e-type=\"column\">\n\t\t\t<div class=\"elementor-widget-wrap elementor-element-populated\">\n\t\t\t\t\t\t<div class=\"elementor-element elementor-element-288ede11 elementor-widget elementor-widget-theme-post-title elementor-page-title elementor-widget-heading\" data-id=\"288ede11\" data-element_type=\"widget\" data-e-type=\"widget\" data-widget_type=\"theme-post-title.default\">\n\t\t\t\t<div class=\"elementor-widget-container\">\n\t\t\t\t\t<h1 class=\"elementor-heading-title elementor-size-default\">Snowflakes in July<\/h1>\t\t\t\t<\/div>\n\t\t\t\t<\/div>\n\t\t\t\t<div class=\"elementor-element elementor-element-52493162 elementor-widget-divider--view-line_text elementor-widget-divider--element-align-center elementor-widget elementor-widget-divider\" data-id=\"52493162\" data-element_type=\"widget\" data-e-type=\"widget\" data-widget_type=\"divider.default\">\n\t\t\t\t<div class=\"elementor-widget-container\">\n\t\t\t\t\t\t\t<div class=\"elementor-divider\">\n\t\t\t<span class=\"elementor-divider-separator\">\n\t\t\t\t\t\t\t<span class=\"elementor-divider__text elementor-divider__element\">\n\t\t\t\tEP\t\t\t\t<\/span>\n\t\t\t\t\t\t<\/span>\n\t\t<\/div>\n\t\t\t\t\t\t<\/div>\n\t\t\t\t<\/div>\n\t\t\t\t<div class=\"elementor-element elementor-element-557d5609 elementor-widget elementor-widget-heading\" data-id=\"557d5609\" data-element_type=\"widget\" data-e-type=\"widget\" data-widget_type=\"heading.default\">\n\t\t\t\t<div class=\"elementor-widget-container\">\n\t\t\t\t\t<h3 class=\"elementor-heading-title elementor-size-default\">LISTE DES CHANSONS &amp; PAROLES<\/h3>\t\t\t\t<\/div>\n\t\t\t\t<\/div>\n\t\t\t\t<div class=\"elementor-element elementor-element-26f335c1 elementor-nav-menu__align-center elementor-nav-menu--dropdown-none elementor-widget elementor-widget-nav-menu\" data-id=\"26f335c1\" data-element_type=\"widget\" data-e-type=\"widget\" data-settings=\"{&quot;layout&quot;:&quot;vertical&quot;,&quot;submenu_icon&quot;:{&quot;value&quot;:&quot;&lt;i class=\\&quot;\\&quot; aria-hidden=\\&quot;true\\&quot;&gt;&lt;\\\/i&gt;&quot;,&quot;library&quot;:&quot;&quot;}}\" data-widget_type=\"nav-menu.default\">\n\t\t\t\t<div class=\"elementor-widget-container\">\n\t\t\t\t\t\t\t\t<nav aria-label=\"Menu\" class=\"elementor-nav-menu--main elementor-nav-menu__container elementor-nav-menu--layout-vertical e--pointer-none\">\n\t\t\t\t<ul id=\"menu-1-26f335c1\" class=\"elementor-nav-menu sm-vertical\"><li class=\"menu-item menu-item-type-post_type menu-item-object-page menu-item-30217\"><a href=\"https:\/\/alexhenryfoster.com\/fr\/lyrics\/snowflakes-in-july\/\" class=\"elementor-item\">Snowflakes in July<\/a><\/li>\n<li class=\"menu-item menu-item-type-post_type menu-item-object-page menu-item-10372\"><a href=\"https:\/\/alexhenryfoster.com\/fr\/lyrics\/snowflakes-in-july-radio-edit\/\" class=\"elementor-item\">Snowflakes in July [Radio Edit]<\/a><\/li>\n<li class=\"menu-item menu-item-type-post_type menu-item-object-page menu-item-10371\"><a href=\"https:\/\/alexhenryfoster.com\/fr\/lyrics\/snowflakes-in-july-live-from-the-upper-room-studio-july-26-2020\/\" class=\"elementor-item\">Snowflakes in July [Live]<\/a><\/li>\n<\/ul>\t\t\t<\/nav>\n\t\t\t\t\t\t<nav class=\"elementor-nav-menu--dropdown elementor-nav-menu__container\" aria-hidden=\"true\">\n\t\t\t\t<ul id=\"menu-2-26f335c1\" class=\"elementor-nav-menu sm-vertical\"><li class=\"menu-item menu-item-type-post_type menu-item-object-page menu-item-30217\"><a href=\"https:\/\/alexhenryfoster.com\/fr\/lyrics\/snowflakes-in-july\/\" class=\"elementor-item\" tabindex=\"-1\">Snowflakes in July<\/a><\/li>\n<li class=\"menu-item menu-item-type-post_type menu-item-object-page menu-item-10372\"><a href=\"https:\/\/alexhenryfoster.com\/fr\/lyrics\/snowflakes-in-july-radio-edit\/\" class=\"elementor-item\" tabindex=\"-1\">Snowflakes in July [Radio Edit]<\/a><\/li>\n<li class=\"menu-item menu-item-type-post_type menu-item-object-page menu-item-10371\"><a href=\"https:\/\/alexhenryfoster.com\/fr\/lyrics\/snowflakes-in-july-live-from-the-upper-room-studio-july-26-2020\/\" class=\"elementor-item\" tabindex=\"-1\">Snowflakes in July [Live]<\/a><\/li>\n<\/ul>\t\t\t<\/nav>\n\t\t\t\t\t\t<\/div>\n\t\t\t\t<\/div>\n\t\t\t\t<div class=\"elementor-element elementor-element-793962c7 elementor-align-center elementor-widget elementor-widget-button\" data-id=\"793962c7\" data-element_type=\"widget\" data-e-type=\"widget\" data-widget_type=\"button.default\">\n\t\t\t\t<div class=\"elementor-widget-container\">\n\t\t\t\t\t\t\t\t\t<div class=\"elementor-button-wrapper\">\n\t\t\t\t\t<a class=\"elementor-button elementor-button-link elementor-size-lg\" href=\"https:\/\/found.ee\/ahf-snowflakes\" target=\"_blank\">\n\t\t\t\t\t\t<span class=\"elementor-button-content-wrapper\">\n\t\t\t\t\t\t\t\t\t<span class=\"elementor-button-text\">\u00c9COUTEZ \/ ACHETEZ<\/span>\n\t\t\t\t\t<\/span>\n\t\t\t\t\t<\/a>\n\t\t\t\t<\/div>\n\t\t\t\t\t\t\t\t<\/div>\n\t\t\t\t<\/div>\n\t\t\t\t\t<\/div>\n\t\t<\/div>\n\t\t\t\t\t<\/div>\n\t\t<\/section>\n\t\t\t\t\t<\/div>\n\t\t<\/div>\n\t\t\t\t\t<\/div>\n\t\t<\/section>\n\t\t\t\t<section data-particle_enable=\"false\" data-particle-mobile-disabled=\"false\" class=\"elementor-section elementor-top-section elementor-element elementor-element-46a1cacc elementor-section-boxed elementor-section-height-default elementor-section-height-default\" data-id=\"46a1cacc\" data-element_type=\"section\" data-e-type=\"section\">\n\t\t\t\t\t\t<div class=\"elementor-container elementor-column-gap-default\">\n\t\t\t\t\t<div class=\"elementor-column elementor-col-100 elementor-top-column elementor-element elementor-element-2eb67a53\" data-id=\"2eb67a53\" data-element_type=\"column\" data-e-type=\"column\">\n\t\t\t<div class=\"elementor-widget-wrap elementor-element-populated\">\n\t\t\t\t\t\t<div class=\"elementor-element elementor-element-6e428c21 elementor-widget elementor-widget-spacer\" data-id=\"6e428c21\" data-element_type=\"widget\" data-e-type=\"widget\" data-widget_type=\"spacer.default\">\n\t\t\t\t<div class=\"elementor-widget-container\">\n\t\t\t\t\t\t\t<div class=\"elementor-spacer\">\n\t\t\t<div class=\"elementor-spacer-inner\"><\/div>\n\t\t<\/div>\n\t\t\t\t\t\t<\/div>\n\t\t\t\t<\/div>\n\t\t\t\t\t<\/div>\n\t\t<\/div>\n\t\t\t\t\t<\/div>\n\t\t<\/section>\n\t\t\t\t<section data-particle_enable=\"false\" data-particle-mobile-disabled=\"false\" class=\"elementor-section elementor-top-section elementor-element elementor-element-399e5a12 elementor-section-boxed elementor-section-height-default elementor-section-height-default\" data-id=\"399e5a12\" data-element_type=\"section\" data-e-type=\"section\">\n\t\t\t\t\t\t<div class=\"elementor-container elementor-column-gap-default\">\n\t\t\t\t\t<div class=\"elementor-column elementor-col-100 elementor-top-column elementor-element elementor-element-60986439\" data-id=\"60986439\" data-element_type=\"column\" data-e-type=\"column\">\n\t\t\t<div class=\"elementor-widget-wrap elementor-element-populated\">\n\t\t\t\t\t\t<section data-particle_enable=\"false\" data-particle-mobile-disabled=\"false\" class=\"elementor-section elementor-inner-section elementor-element elementor-element-685f363c elementor-section-boxed elementor-section-height-default elementor-section-height-default\" data-id=\"685f363c\" data-element_type=\"section\" data-e-type=\"section\" data-settings=\"{&quot;background_background&quot;:&quot;classic&quot;}\">\n\t\t\t\t\t\t<div class=\"elementor-container elementor-column-gap-default\">\n\t\t\t\t\t<div class=\"elementor-column elementor-col-50 elementor-inner-column elementor-element elementor-element-3d86bd0c\" data-id=\"3d86bd0c\" data-element_type=\"column\" data-e-type=\"column\">\n\t\t\t<div class=\"elementor-widget-wrap elementor-element-populated\">\n\t\t\t\t\t\t<div class=\"elementor-element elementor-element-73562c80 elementor-widget elementor-widget-text-editor\" data-id=\"73562c80\" data-element_type=\"widget\" data-e-type=\"widget\" data-widget_type=\"text-editor.default\">\n\t\t\t\t<div class=\"elementor-widget-container\">\n\t\t\t\t\t\t\t\t\t<p>Il arrive parfois que je me souvienne parfaitement des circonstances entourant un moment qui m&rsquo;a inspir\u00e9 pour une chanson, \u00e0 tel point que je peux me souvenir du parfum qui flottait dans l&rsquo;air, du type de lumi\u00e8re qu&rsquo;il y avait et m\u00eame des d\u00e9tails pr\u00e9cis des visages des gens assis \u00e0 c\u00f4t\u00e9 de moi, comme si tout s&rsquo;\u00e9tait arr\u00eat\u00e9 une fraction de seconde seulement pour que je saisisse le sens de l&rsquo;instant sur le point de se d\u00e9rouler sous mes yeux. \u00ab\u00a0Snowflakes in July\u00a0\u00bb est l&rsquo;une de ces chansons.<\/p><p>En fait, elle a grandi en moi \u00e0 3 reprises. Premi\u00e8rement, lorsque j\u2019ai \u00e9t\u00e9 t\u00e9moin du d\u00e9c\u00e8s de mon p\u00e8re, dans la nuit du 7 au 8 juillet. Je peux encore voir les images vives de ma m\u00e8re qui pleure, la d\u00e9vastation des meilleurs amis de mon p\u00e8re, le personnel hospitalier qui court et mes amis qui me regardent\u2026 Les images sont probablement encore plus claires que la sc\u00e8ne elle-m\u00eame. Cependant, je ne me souviens pas avoir entendu de son\u2026 Rien, juste une absence totale de bruit transformant cette r\u00e9alit\u00e9 tragique en une bobine de r\u00eave d\u00e9ployant la r\u00e9action de tout le monde sous mes yeux\u2026 de tout le monde sauf la mienne. Je me suis coup\u00e9 de toute \u00e9motion, me suis couch\u00e9 \u00e0 ses c\u00f4t\u00e9s, lui ai chuchot\u00e9 quelques mots \u00e0 l&rsquo;oreille, l\u2019ai embrass\u00e9 une derni\u00e8re fois et ai quitt\u00e9 la pi\u00e8ce pour que d&rsquo;autres vivent la nature poignante du moment. Je me suis retrouv\u00e9 sur une sc\u00e8ne \u00e0 Taiwan en train de chanter devant un oc\u00e9an de gens 4 jours plus tard, me sentant totalement vide \u00e0 l&rsquo;int\u00e9rieur.<\/p><p>La deuxi\u00e8me fois est survenue environ 2 semaines plus tard, alors que je vivais le m\u00eame ph\u00e9nom\u00e8ne lors des fun\u00e9railles de mon p\u00e8re; des images vives de personnes qui pleurent, passant devant une photo les uns apr\u00e8s les autres, tandis que d&rsquo;autres parlaient au loin, de vieilles connaissances et des amis proches, s\u2019arr\u00eatant devant moi pour me pr\u00e9senter leurs condol\u00e9ances, des heures d&rsquo;images vives reconstitu\u00e9es dans un montage in\u00e9gal de sc\u00e8nes clignotant telles des flashs, le tout sans aucun son. Encore une fois, je me sentais totalement vide \u00e0 l&rsquo;int\u00e9rieur.<\/p><p>La troisi\u00e8me fois s&rsquo;est produite peu de temps apr\u00e8s, alors que j&rsquo;\u00e9tais assis dans l&rsquo;avion qui me conduisait \u00e0 Tanger pour ce que je pensais \u00eatre quelques semaines &#8211; c&rsquo;est finalement devenu 2 ans. Des gens passant devant moi, le hurlement des enfants, des agents de bord qui donnent des instructions, les \u00e9crans de t\u00e9l\u00e9vision qui diffusent des mesures de s\u00e9curit\u00e9, des agents qui me posent des questions\u2026 Des centaines de vies diff\u00e9rentes se sont entrelac\u00e9es pendant environ 8 heures dans un environnement trop petit pour contenir les histoires de tout le monde. Mais toujours pas de son. Rien que le vide \u00e0 l&rsquo;int\u00e9rieur. Et j&rsquo;ai commenc\u00e9 \u00e0 \u00e9crire des mots dans un journal que j&rsquo;avais apport\u00e9 avec moi pour le voyage. Parmi ces mots, il \u00e9tait \u00e9crit : \u00ab\u00a0Et je me tiens ici, quelque part \u00e0 travers le ciel, contemplant l&rsquo;univers qui brille dans une lumi\u00e8re vive, me sentant inexistant, comme un flocon de neige en juillet.\u00a0\u00bb<\/p><p>J&rsquo;ai finalement r\u00e9\u00e9crit les paroles \u00e0 Montr\u00e9al apr\u00e8s ces 2 ann\u00e9es \u00e0 Tanger, juste avant de commencer \u00e0 travailler sur la production de l\u2019album \u201cWindows in the Sky\u201d. Me rem\u00e9morant ces 3 \u00e9v\u00e9nements, sous une pure forme d&rsquo;\u00e9criture automatique, des mots que j&rsquo;ai chuchot\u00e9s \u00e0 l&rsquo;oreille de mon p\u00e8re \u00e0 la morosit\u00e9 des fun\u00e9railles et \u00e0 la lumi\u00e8re qui ponctuait le ciel \u00e0 travers l&rsquo;univers, j&rsquo;ai \u00e9crit, sans me poser trop de questions. Une grande partie de ces \u00e9motions avait \u00e9t\u00e9 intens\u00e9ment expos\u00e9e au cours de mes 2 ann\u00e9es \u00e0 Tanger et marquerait les questions auxquelles je n\u2019\u00e9tais toujours pas en mesure de r\u00e9pondre ou pour lesquelles je n\u2019avais pas le courage de faire face aux implications.<\/p><p>J&rsquo;ai ajout\u00e9 le dernier couplet lors de l&rsquo;enregistrement vocal, comme derni\u00e8re tribune comm\u00e9morative, avouant ma peur d&rsquo;oublier, de tout perdre. Voix, d\u00e9sirs, joie\u2026 Tous les souvenirs qui ont fa\u00e7onn\u00e9 la personne que je suis, qui donnent \u00e9trangement un sens \u00e0 tout ce silence, qui m&rsquo;ont aid\u00e9 \u00e0 faire face au vide que je ressens encore aujourd&rsquo;hui quand je pense \u00e0 finir comme une simple image sur laquelle les couleurs s&rsquo;estompent aussi vite que nous regrettons chaque promesse non tenue, sachant qu&rsquo;un jour, toujours trop t\u00f4t, la seule chose qui compte est la mesure d&rsquo;amour que nous partageons avec les autres. C&rsquo;est ce qui d\u00e9finira l&rsquo;image de nous-m\u00eames dont les gens se souviendront en se tenant devant nous, disparu comme un flocon de neige en juillet.<\/p><p><i><b>&#8211; Alex<\/b><\/i><\/p>\t\t\t\t\t\t\t\t<\/div>\n\t\t\t\t<\/div>\n\t\t\t\t\t<\/div>\n\t\t<\/div>\n\t\t\t\t<div class=\"elementor-column elementor-col-50 elementor-inner-column elementor-element elementor-element-51da00c\" data-id=\"51da00c\" data-element_type=\"column\" data-e-type=\"column\">\n\t\t\t<div class=\"elementor-widget-wrap elementor-element-populated\">\n\t\t\t\t\t\t<div class=\"elementor-element elementor-element-7fed2ed1 elementor-widget elementor-widget-text-editor\" data-id=\"7fed2ed1\" data-element_type=\"widget\" data-e-type=\"widget\" data-widget_type=\"text-editor.default\">\n\t\t\t\t<div class=\"elementor-widget-container\">\n\t\t\t\t\t\t\t\t\t<h3 style=\"margin-bottom: 5px;\">DATE DE SORTIE<\/h3><p><i>7 ao\u00fbt 2020<\/i><\/p><h3 style=\"margin-bottom: 5px;\">PAROLES &amp; MUSIQUE<\/h3><p><i>Alex Henry Foster<\/i><\/p><h3 style=\"margin-bottom: 5px;\">PRODUIT PAR<\/h3><p><i>Alex Henry Foster<br \/>Ben Lemelin<\/i><\/p><h3 style=\"margin-bottom: 5px;\">MUSICIENS ADDITIONNELS<\/h3><p><i>Ben Lemelin<br \/>Jeff Beaulieu<br \/>Sef Lemelin<br \/>Miss Isabel<br \/>Charles Moose Allicie<\/i><\/p><h3 style=\"margin-bottom: 5px;\">LIEU D&rsquo;ENREGISTREMENT<\/h3><p><i>Upper Room Studio<br \/>Qu\u00e9bec, Canada<\/i><\/p><h3 style=\"margin-bottom: 5px;\">Label<\/h3><p><i>Hopeful Tragedy Records<\/i><\/p>\t\t\t\t\t\t\t\t<\/div>\n\t\t\t\t<\/div>\n\t\t\t\t\t<\/div>\n\t\t<\/div>\n\t\t\t\t\t<\/div>\n\t\t<\/section>\n\t\t\t\t\t<\/div>\n\t\t<\/div>\n\t\t\t\t\t<\/div>\n\t\t<\/section>\n\t\t\t\t<section data-particle_enable=\"false\" data-particle-mobile-disabled=\"false\" class=\"elementor-section elementor-top-section elementor-element elementor-element-182be6ce elementor-section-boxed elementor-section-height-default elementor-section-height-default\" data-id=\"182be6ce\" data-element_type=\"section\" data-e-type=\"section\">\n\t\t\t\t\t\t<div class=\"elementor-container elementor-column-gap-default\">\n\t\t\t\t\t<div class=\"elementor-column elementor-col-100 elementor-top-column elementor-element elementor-element-344db2bc\" data-id=\"344db2bc\" data-element_type=\"column\" data-e-type=\"column\">\n\t\t\t<div class=\"elementor-widget-wrap elementor-element-populated\">\n\t\t\t\t\t\t<div class=\"elementor-element elementor-element-aa0f2ba elementor-widget elementor-widget-spacer\" data-id=\"aa0f2ba\" data-element_type=\"widget\" data-e-type=\"widget\" data-widget_type=\"spacer.default\">\n\t\t\t\t<div class=\"elementor-widget-container\">\n\t\t\t\t\t\t\t<div class=\"elementor-spacer\">\n\t\t\t<div class=\"elementor-spacer-inner\"><\/div>\n\t\t<\/div>\n\t\t\t\t\t\t<\/div>\n\t\t\t\t<\/div>\n\t\t\t\t\t<\/div>\n\t\t<\/div>\n\t\t\t\t\t<\/div>\n\t\t<\/section>\n\t\t\t\t<\/div>\n\t\t","protected":false},"excerpt":{"rendered":"<p> &#8230; <a title=\"Snowflakes in July\" class=\"read-more\" href=\"https:\/\/alexhenryfoster.com\/fr\/releases\/snowflakes-in-july\/\" aria-label=\"Plus sur Snowflakes in July\">Lire la suite<\/a><\/p>\n","protected":false},"author":1,"featured_media":0,"parent":8462,"menu_order":0,"comment_status":"closed","ping_status":"closed","template":"elementor_header_footer","meta":{"_acf_changed":false,"footnotes":""},"class_list":["post-10378","page","type-page","status-publish"],"acf":[],"aioseo_notices":[],"_links":{"self":[{"href":"https:\/\/alexhenryfoster.com\/fr\/wp-json\/wp\/v2\/pages\/10378","targetHints":{"allow":["GET"]}}],"collection":[{"href":"https:\/\/alexhenryfoster.com\/fr\/wp-json\/wp\/v2\/pages"}],"about":[{"href":"https:\/\/alexhenryfoster.com\/fr\/wp-json\/wp\/v2\/types\/page"}],"author":[{"embeddable":true,"href":"https:\/\/alexhenryfoster.com\/fr\/wp-json\/wp\/v2\/users\/1"}],"replies":[{"embeddable":true,"href":"https:\/\/alexhenryfoster.com\/fr\/wp-json\/wp\/v2\/comments?post=10378"}],"version-history":[{"count":3,"href":"https:\/\/alexhenryfoster.com\/fr\/wp-json\/wp\/v2\/pages\/10378\/revisions"}],"predecessor-version":[{"id":25284,"href":"https:\/\/alexhenryfoster.com\/fr\/wp-json\/wp\/v2\/pages\/10378\/revisions\/25284"}],"up":[{"embeddable":true,"href":"https:\/\/alexhenryfoster.com\/fr\/wp-json\/wp\/v2\/pages\/8462"}],"wp:attachment":[{"href":"https:\/\/alexhenryfoster.com\/fr\/wp-json\/wp\/v2\/media?parent=10378"}],"curies":[{"name":"wp","href":"https:\/\/api.w.org\/{rel}","templated":true}]}}