{"id":11799,"date":"2021-02-05T08:00:01","date_gmt":"2021-02-05T13:00:01","guid":{"rendered":"http:\/\/alexhenryfoster.com\/releases\/standing-under-bright-lights\/"},"modified":"2022-02-12T21:09:54","modified_gmt":"2022-02-13T02:09:54","slug":"standing-under-bright-lights","status":"publish","type":"page","link":"https:\/\/alexhenryfoster.com\/fr\/releases\/standing-under-bright-lights\/","title":{"rendered":"Standing Under Bright Lights [Live]"},"content":{"rendered":"\t\t<div data-elementor-type=\"wp-page\" data-elementor-id=\"11799\" class=\"elementor elementor-11799 elementor-11599\" data-elementor-post-type=\"page\">\n\t\t\t\t\t\t<section data-particle_enable=\"false\" data-particle-mobile-disabled=\"false\" class=\"elementor-section elementor-top-section elementor-element elementor-element-478b9383 elementor-section-boxed elementor-section-height-default elementor-section-height-default\" data-id=\"478b9383\" data-element_type=\"section\" data-e-type=\"section\" data-settings=\"{&quot;background_background&quot;:&quot;classic&quot;}\">\n\t\t\t\t\t\t<div class=\"elementor-container elementor-column-gap-default\">\n\t\t\t\t\t<div class=\"elementor-column elementor-col-100 elementor-top-column elementor-element elementor-element-735fa7a8\" data-id=\"735fa7a8\" data-element_type=\"column\" data-e-type=\"column\">\n\t\t\t<div class=\"elementor-widget-wrap elementor-element-populated\">\n\t\t\t\t\t\t<section data-particle_enable=\"false\" data-particle-mobile-disabled=\"false\" class=\"elementor-section elementor-inner-section elementor-element elementor-element-4490097 elementor-section-boxed elementor-section-height-default elementor-section-height-default\" data-id=\"4490097\" data-element_type=\"section\" data-e-type=\"section\">\n\t\t\t\t\t\t<div class=\"elementor-container elementor-column-gap-default\">\n\t\t\t\t\t<div class=\"elementor-column elementor-col-50 elementor-inner-column elementor-element elementor-element-7905971a\" data-id=\"7905971a\" data-element_type=\"column\" data-e-type=\"column\">\n\t\t\t<div class=\"elementor-widget-wrap elementor-element-populated\">\n\t\t\t\t\t\t<div class=\"elementor-element elementor-element-748609d elementor-widget elementor-widget-image\" data-id=\"748609d\" data-element_type=\"widget\" data-e-type=\"widget\" data-widget_type=\"image.default\">\n\t\t\t\t<div class=\"elementor-widget-container\">\n\t\t\t\t\t\t\t\t\t\t\t\t\t\t\t<img fetchpriority=\"high\" decoding=\"async\" width=\"1000\" height=\"1000\" src=\"https:\/\/alexhenryfoster.com\/wp-content\/uploads\/ahf-live-album-jazz-fest-cover-web.jpg\" class=\"attachment-large size-large wp-image-15381\" alt=\"\" srcset=\"https:\/\/alexhenryfoster.com\/wp-content\/uploads\/ahf-live-album-jazz-fest-cover-web.jpg 1000w, https:\/\/alexhenryfoster.com\/wp-content\/uploads\/ahf-live-album-jazz-fest-cover-web-300x300.jpg 300w, https:\/\/alexhenryfoster.com\/wp-content\/uploads\/ahf-live-album-jazz-fest-cover-web-150x150.jpg 150w, https:\/\/alexhenryfoster.com\/wp-content\/uploads\/ahf-live-album-jazz-fest-cover-web-768x768.jpg 768w\" sizes=\"(max-width: 1000px) 100vw, 1000px\" \/>\t\t\t\t\t\t\t\t\t\t\t\t\t\t\t<\/div>\n\t\t\t\t<\/div>\n\t\t\t\t\t<\/div>\n\t\t<\/div>\n\t\t\t\t<div class=\"elementor-column elementor-col-50 elementor-inner-column elementor-element elementor-element-3e664b47\" data-id=\"3e664b47\" data-element_type=\"column\" data-e-type=\"column\">\n\t\t\t<div class=\"elementor-widget-wrap elementor-element-populated\">\n\t\t\t\t\t\t<div class=\"elementor-element elementor-element-20149a31 elementor-widget elementor-widget-theme-post-title elementor-page-title elementor-widget-heading\" data-id=\"20149a31\" data-element_type=\"widget\" data-e-type=\"widget\" data-widget_type=\"theme-post-title.default\">\n\t\t\t\t<div class=\"elementor-widget-container\">\n\t\t\t\t\t<h1 class=\"elementor-heading-title elementor-size-default\">Standing Under Bright Lights [Live]<\/h1>\t\t\t\t<\/div>\n\t\t\t\t<\/div>\n\t\t\t\t<div class=\"elementor-element elementor-element-103792f5 elementor-widget-divider--view-line_text elementor-widget-divider--element-align-center elementor-widget elementor-widget-divider\" data-id=\"103792f5\" data-element_type=\"widget\" data-e-type=\"widget\" data-widget_type=\"divider.default\">\n\t\t\t\t<div class=\"elementor-widget-container\">\n\t\t\t\t\t\t\t<div class=\"elementor-divider\">\n\t\t\t<span class=\"elementor-divider-separator\">\n\t\t\t\t\t\t\t<span class=\"elementor-divider__text elementor-divider__element\">\n\t\t\t\tALBUM\t\t\t\t<\/span>\n\t\t\t\t\t\t<\/span>\n\t\t<\/div>\n\t\t\t\t\t\t<\/div>\n\t\t\t\t<\/div>\n\t\t\t\t<div class=\"elementor-element elementor-element-5ea3ffe1 elementor-widget elementor-widget-heading\" data-id=\"5ea3ffe1\" data-element_type=\"widget\" data-e-type=\"widget\" data-widget_type=\"heading.default\">\n\t\t\t\t<div class=\"elementor-widget-container\">\n\t\t\t\t\t<h3 class=\"elementor-heading-title elementor-size-default\">LISTE DES CHANSONS &amp; PAROLES<\/h3>\t\t\t\t<\/div>\n\t\t\t\t<\/div>\n\t\t\t\t<div class=\"elementor-element elementor-element-7de7a2c1 elementor-nav-menu__align-center elementor-nav-menu--dropdown-none elementor-widget elementor-widget-nav-menu\" data-id=\"7de7a2c1\" data-element_type=\"widget\" data-e-type=\"widget\" data-settings=\"{&quot;layout&quot;:&quot;vertical&quot;,&quot;submenu_icon&quot;:{&quot;value&quot;:&quot;&lt;i class=\\&quot;\\&quot; aria-hidden=\\&quot;true\\&quot;&gt;&lt;\\\/i&gt;&quot;,&quot;library&quot;:&quot;&quot;}}\" data-widget_type=\"nav-menu.default\">\n\t\t\t\t<div class=\"elementor-widget-container\">\n\t\t\t\t\t\t\t\t<nav aria-label=\"Menu\" class=\"elementor-nav-menu--main elementor-nav-menu__container elementor-nav-menu--layout-vertical e--pointer-none\">\n\t\t\t\t<ul id=\"menu-1-7de7a2c1\" class=\"elementor-nav-menu sm-vertical\"><li class=\"menu-item menu-item-type-post_type menu-item-object-page menu-item-13226\"><a href=\"https:\/\/alexhenryfoster.com\/fr\/lyrics\/the-son-of-hannah-live-at-festival-international-de-jazz-de-montreal\/\" class=\"elementor-item\">The Son of Hannah [Live]<\/a><\/li>\n<li class=\"menu-item menu-item-type-post_type menu-item-object-page menu-item-13548\"><a href=\"https:\/\/alexhenryfoster.com\/fr\/lyrics\/the-pain-that-bonds-the-beginning-is-the-end-live-at-festival-international-de-jazz-de-montreal\/\" class=\"elementor-item\">The Pain That Bonds (The Beginning Is the End) [Live]<\/a><\/li>\n<li class=\"menu-item menu-item-type-post_type menu-item-object-page menu-item-11872\"><a href=\"https:\/\/alexhenryfoster.com\/fr\/lyrics\/the-hunter-by-the-seaside-window-live-from-festival-international-de-jazz-de-montreal-july-5-2019\/\" class=\"elementor-item\">The Hunter (By the Seaside Window) [Live]<\/a><\/li>\n<li class=\"menu-item menu-item-type-post_type menu-item-object-page menu-item-11873\"><a href=\"https:\/\/alexhenryfoster.com\/fr\/lyrics\/summertime-departures-sometimes-i-dream-live-from-montreal-international-jazz-festival-july-5-2019\/\" class=\"elementor-item\">Summertime Departures (Sometimes I Dream) [Live]<\/a><\/li>\n<li class=\"menu-item menu-item-type-post_type menu-item-object-page menu-item-13227\"><a href=\"https:\/\/alexhenryfoster.com\/fr\/lyrics\/winter-is-coming-in-live-at-festival-international-de-jazz-de-montreal\/\" class=\"elementor-item\">Winter Is Coming In [Live]<\/a><\/li>\n<li class=\"menu-item menu-item-type-post_type menu-item-object-page menu-item-13550\"><a href=\"https:\/\/alexhenryfoster.com\/fr\/lyrics\/shadows-of-our-evening-tides-live-at-festival-international-de-jazz-de-montreal\/\" class=\"elementor-item\">Shadows of Our Evening Tides [Live]<\/a><\/li>\n<li class=\"menu-item menu-item-type-post_type menu-item-object-page menu-item-13551\"><a href=\"https:\/\/alexhenryfoster.com\/fr\/lyrics\/snowflakes-in-july-live-at-festival-international-de-jazz-de-montreal\/\" class=\"elementor-item\">Snowflakes in July [Live]<\/a><\/li>\n<li class=\"menu-item menu-item-type-post_type menu-item-object-page menu-item-13552\"><a href=\"https:\/\/alexhenryfoster.com\/fr\/lyrics\/lavender-sky-live-at-festival-international-de-jazz-de-montreal\/\" class=\"elementor-item\">Lavender Sky [Live]<\/a><\/li>\n<li class=\"menu-item menu-item-type-post_type menu-item-object-page menu-item-13549\"><a href=\"https:\/\/alexhenryfoster.com\/fr\/lyrics\/the-love-that-moves-the-end-is-beginning-live-at-festival-international-de-jazz-de-montreal\/\" class=\"elementor-item\">The Love That Moves (The End Is Beginning) [Live]<\/a><\/li>\n<\/ul>\t\t\t<\/nav>\n\t\t\t\t\t\t<nav class=\"elementor-nav-menu--dropdown elementor-nav-menu__container\" aria-hidden=\"true\">\n\t\t\t\t<ul id=\"menu-2-7de7a2c1\" class=\"elementor-nav-menu sm-vertical\"><li class=\"menu-item menu-item-type-post_type menu-item-object-page menu-item-13226\"><a href=\"https:\/\/alexhenryfoster.com\/fr\/lyrics\/the-son-of-hannah-live-at-festival-international-de-jazz-de-montreal\/\" class=\"elementor-item\" tabindex=\"-1\">The Son of Hannah [Live]<\/a><\/li>\n<li class=\"menu-item menu-item-type-post_type menu-item-object-page menu-item-13548\"><a href=\"https:\/\/alexhenryfoster.com\/fr\/lyrics\/the-pain-that-bonds-the-beginning-is-the-end-live-at-festival-international-de-jazz-de-montreal\/\" class=\"elementor-item\" tabindex=\"-1\">The Pain That Bonds (The Beginning Is the End) [Live]<\/a><\/li>\n<li class=\"menu-item menu-item-type-post_type menu-item-object-page menu-item-11872\"><a href=\"https:\/\/alexhenryfoster.com\/fr\/lyrics\/the-hunter-by-the-seaside-window-live-from-festival-international-de-jazz-de-montreal-july-5-2019\/\" class=\"elementor-item\" tabindex=\"-1\">The Hunter (By the Seaside Window) [Live]<\/a><\/li>\n<li class=\"menu-item menu-item-type-post_type menu-item-object-page menu-item-11873\"><a href=\"https:\/\/alexhenryfoster.com\/fr\/lyrics\/summertime-departures-sometimes-i-dream-live-from-montreal-international-jazz-festival-july-5-2019\/\" class=\"elementor-item\" tabindex=\"-1\">Summertime Departures (Sometimes I Dream) [Live]<\/a><\/li>\n<li class=\"menu-item menu-item-type-post_type menu-item-object-page menu-item-13227\"><a href=\"https:\/\/alexhenryfoster.com\/fr\/lyrics\/winter-is-coming-in-live-at-festival-international-de-jazz-de-montreal\/\" class=\"elementor-item\" tabindex=\"-1\">Winter Is Coming In [Live]<\/a><\/li>\n<li class=\"menu-item menu-item-type-post_type menu-item-object-page menu-item-13550\"><a href=\"https:\/\/alexhenryfoster.com\/fr\/lyrics\/shadows-of-our-evening-tides-live-at-festival-international-de-jazz-de-montreal\/\" class=\"elementor-item\" tabindex=\"-1\">Shadows of Our Evening Tides [Live]<\/a><\/li>\n<li class=\"menu-item menu-item-type-post_type menu-item-object-page menu-item-13551\"><a href=\"https:\/\/alexhenryfoster.com\/fr\/lyrics\/snowflakes-in-july-live-at-festival-international-de-jazz-de-montreal\/\" class=\"elementor-item\" tabindex=\"-1\">Snowflakes in July [Live]<\/a><\/li>\n<li class=\"menu-item menu-item-type-post_type menu-item-object-page menu-item-13552\"><a href=\"https:\/\/alexhenryfoster.com\/fr\/lyrics\/lavender-sky-live-at-festival-international-de-jazz-de-montreal\/\" class=\"elementor-item\" tabindex=\"-1\">Lavender Sky [Live]<\/a><\/li>\n<li class=\"menu-item menu-item-type-post_type menu-item-object-page menu-item-13549\"><a href=\"https:\/\/alexhenryfoster.com\/fr\/lyrics\/the-love-that-moves-the-end-is-beginning-live-at-festival-international-de-jazz-de-montreal\/\" class=\"elementor-item\" tabindex=\"-1\">The Love That Moves (The End Is Beginning) [Live]<\/a><\/li>\n<\/ul>\t\t\t<\/nav>\n\t\t\t\t\t\t<\/div>\n\t\t\t\t<\/div>\n\t\t\t\t<div class=\"elementor-element elementor-element-37356aa6 elementor-align-center elementor-widget elementor-widget-button\" data-id=\"37356aa6\" data-element_type=\"widget\" data-e-type=\"widget\" data-widget_type=\"button.default\">\n\t\t\t\t<div class=\"elementor-widget-container\">\n\t\t\t\t\t\t\t\t\t<div class=\"elementor-button-wrapper\">\n\t\t\t\t\t<a class=\"elementor-button elementor-button-link elementor-size-lg\" href=\"https:\/\/found.ee\/ahf-standing-album\" target=\"_blank\">\n\t\t\t\t\t\t<span class=\"elementor-button-content-wrapper\">\n\t\t\t\t\t\t\t\t\t<span class=\"elementor-button-text\">\u00c9COUTEZ \/ ACHETEZ<\/span>\n\t\t\t\t\t<\/span>\n\t\t\t\t\t<\/a>\n\t\t\t\t<\/div>\n\t\t\t\t\t\t\t\t<\/div>\n\t\t\t\t<\/div>\n\t\t\t\t\t<\/div>\n\t\t<\/div>\n\t\t\t\t\t<\/div>\n\t\t<\/section>\n\t\t\t\t\t<\/div>\n\t\t<\/div>\n\t\t\t\t\t<\/div>\n\t\t<\/section>\n\t\t\t\t<section data-particle_enable=\"false\" data-particle-mobile-disabled=\"false\" class=\"elementor-section elementor-top-section elementor-element elementor-element-4d48a10e elementor-section-boxed elementor-section-height-default elementor-section-height-default\" data-id=\"4d48a10e\" data-element_type=\"section\" data-e-type=\"section\">\n\t\t\t\t\t\t<div class=\"elementor-container elementor-column-gap-default\">\n\t\t\t\t\t<div class=\"elementor-column elementor-col-100 elementor-top-column elementor-element elementor-element-81ba902\" data-id=\"81ba902\" data-element_type=\"column\" data-e-type=\"column\">\n\t\t\t<div class=\"elementor-widget-wrap elementor-element-populated\">\n\t\t\t\t\t\t<div class=\"elementor-element elementor-element-5adb8ab7 elementor-widget elementor-widget-spacer\" data-id=\"5adb8ab7\" data-element_type=\"widget\" data-e-type=\"widget\" data-widget_type=\"spacer.default\">\n\t\t\t\t<div class=\"elementor-widget-container\">\n\t\t\t\t\t\t\t<div class=\"elementor-spacer\">\n\t\t\t<div class=\"elementor-spacer-inner\"><\/div>\n\t\t<\/div>\n\t\t\t\t\t\t<\/div>\n\t\t\t\t<\/div>\n\t\t\t\t\t<\/div>\n\t\t<\/div>\n\t\t\t\t\t<\/div>\n\t\t<\/section>\n\t\t\t\t<section data-particle_enable=\"false\" data-particle-mobile-disabled=\"false\" class=\"elementor-section elementor-top-section elementor-element elementor-element-5b30bd24 elementor-section-boxed elementor-section-height-default elementor-section-height-default\" data-id=\"5b30bd24\" data-element_type=\"section\" data-e-type=\"section\">\n\t\t\t\t\t\t<div class=\"elementor-container elementor-column-gap-default\">\n\t\t\t\t\t<div class=\"elementor-column elementor-col-100 elementor-top-column elementor-element elementor-element-1bd765da\" data-id=\"1bd765da\" data-element_type=\"column\" data-e-type=\"column\">\n\t\t\t<div class=\"elementor-widget-wrap elementor-element-populated\">\n\t\t\t\t\t\t<section data-particle_enable=\"false\" data-particle-mobile-disabled=\"false\" class=\"elementor-section elementor-inner-section elementor-element elementor-element-3b25a435 elementor-section-boxed elementor-section-height-default elementor-section-height-default\" data-id=\"3b25a435\" data-element_type=\"section\" data-e-type=\"section\" data-settings=\"{&quot;background_background&quot;:&quot;classic&quot;}\">\n\t\t\t\t\t\t<div class=\"elementor-container elementor-column-gap-default\">\n\t\t\t\t\t<div class=\"elementor-column elementor-col-50 elementor-inner-column elementor-element elementor-element-70983679\" data-id=\"70983679\" data-element_type=\"column\" data-e-type=\"column\">\n\t\t\t<div class=\"elementor-widget-wrap elementor-element-populated\">\n\t\t\t\t\t\t<div class=\"elementor-element elementor-element-6fe9af8a elementor-widget elementor-widget-text-editor\" data-id=\"6fe9af8a\" data-element_type=\"widget\" data-e-type=\"widget\" data-widget_type=\"text-editor.default\">\n\t\t\t\t<div class=\"elementor-widget-container\">\n\t\t\t\t\t\t\t\t\t<p>Standing Under Bright Lights se d\u00e9roule environ 6 mois apr\u00e8s la sortie du ph\u00e9nom\u00e9nal premier album solo d&rsquo;Alex Henry Foster, Windows in the Sky, qui a non seulement fait ses d\u00e9buts au troisi\u00e8me rang du top 200 canadien, juste derri\u00e8re Imagine Dragons et Muse, mais qui est \u00e9galement rest\u00e9 sur le top 40 pendant un an apr\u00e8s sa sortie initiale, remportant une nomination pour le meilleur album de l&rsquo;ann\u00e9e au Canada tout en \u00e9tant acclam\u00e9 internationalement et ajout\u00e9 \u00e0 plusieurs listes de s\u00e9lection des meilleurs albums partout dans le monde.<\/p>\n<p>Le succ\u00e8s critique et public de Windows in the Sky allait \u00e0 nouveau propulser Foster au premier plan de la sc\u00e8ne musicale canadienne, o\u00f9 il a occup\u00e9 pendant environ une d\u00e9cennie le poste de chanteur \/ meneur du groupe de rock alternatif Your Favorite Enemies avant de faire une pause au moment de son d\u00e9part pour Tanger, pour faire le deuil de son d\u00e9funt p\u00e8re. Cette p\u00e9riode de deuil, qui durera 2 ans, est devenue un voyage jusqu&rsquo;au bout de son d\u00e9sespoir douloureux et c&rsquo;est ce qui allait finalement inspirer et donner vie \u00e0 son premier disque solo, imm\u00e9diatement reconnu dans la lign\u00e9e de Nick Cave, Sonic Youth, Mogwai et Godspeed You! Black Emperor.<\/p>\n<p>Ayant syst\u00e9matiquement refus\u00e9 toute forme de tourn\u00e9e ou d&rsquo;\u00e9v\u00e9nement public afin de garder le caract\u00e8re intime de ses chansons \u00e0 son \u00e9tat le plus pur, le vice-pr\u00e9sident du prestigieux Festival International de Jazz de Montr\u00e9al, Laurent Saulnier, a n\u00e9anmoins constamment demand\u00e9 \u00e0 Foster de rejoindre le programme du 40\u00e8me anniversaire en tant qu&rsquo;\u00e9v\u00e9nement principal en salle. Apr\u00e8s des demandes r\u00e9p\u00e9t\u00e9es, Alex a finalement accept\u00e9 l&rsquo;invitation, \u00e0 la seule condition qu&rsquo;il ait le contr\u00f4le total de la production et carte blanche concernant la promotion &#8211; ce qu&rsquo;ils \u00e9taient heureux d&rsquo;accepter.<\/p>\n<p>Le concert devait \u00eatre un \u00e9v\u00e9nement unique, un hommage au d\u00e9funt p\u00e8re de Foster, d\u00e9c\u00e9d\u00e9 pr\u00e8s de 5 ans auparavant, presque jour pour jour, pendant lequel l&rsquo;album entier \u00ab\u00a0Windows in the Sky\u00a0\u00bb serait jou\u00e9, accompagn\u00e9 pour l&rsquo;occasion d&rsquo;un groupe de 11 musiciens qui se produirait le long d&rsquo;une projection de film produite par Foster. \u00c9galement bas\u00e9 sur la vision de Foster, l&rsquo;ing\u00e9nieur lumi\u00e8re prim\u00e9 Pascal Boily a cr\u00e9\u00e9 une installation sc\u00e9nique unique, offrant un univers immersif o\u00f9 la musique, les projections de films et la lumi\u00e8re coexistaient. Alex voulait que le public soit invit\u00e9 \u00e0 plonger dans le moment plut\u00f4t que d&rsquo;avoir la sensation d&rsquo;assister \u00e0 un concert.<\/p>\n<p>Apr\u00e8s avoir annonc\u00e9 publiquement que son concert serait le seul qu&rsquo;il ferait, en plus des rumeurs concernant ce qui serait une production sc\u00e9nique unique, l&rsquo;\u00e9v\u00e9nement est devenu l&rsquo;une des tr\u00e8s rares repr\u00e9sentations \u00e0 guichets ferm\u00e9s du festival depuis ses d\u00e9buts, incitant la presse internationale \u00e0 couvrir le concert et les fans du Japon, d&rsquo;Allemagne, du Royaume-Uni, de France et des \u00c9tats-Unis \u00e0 se rendre \u00e0 Montr\u00e9al pour l&rsquo;occasion, devenant ainsi l&rsquo;\u00e9v\u00e9nement le plus couru de l&rsquo;\u00e9t\u00e9 \u00e0 Montr\u00e9al.<\/p>\n<p>Ignorant la pression grandissante et les attentes d\u00e9mesur\u00e9es qu&rsquo;un tel battage m\u00e9diatique cr\u00e9e g\u00e9n\u00e9ralement, Foster et son groupe de 10 musiciens allaient \u00e9clipser compl\u00e8tement toutes ces grandes attentes. Leur set, pr\u00e8s de 2 heures et 30 minutes, est d\u00e9sormais consid\u00e9r\u00e9 comme l&rsquo;un des meilleurs concerts des 40 ans du Festival International de Jazz de Montr\u00e9al, et a \u00e9t\u00e9 cit\u00e9 comme l&rsquo;un des meilleurs concerts de l&rsquo;ann\u00e9e. Mais plus important encore, pour Alex, l&rsquo;exp\u00e9rience immersive dans laquelle il avait invit\u00e9 le public \u00e0 se laisser aller avait \u00e9t\u00e9 si singuli\u00e8rement r\u00e9ussie qu&rsquo;elle a \u00e9tabli une nouvelle norme dans l&rsquo;engagement de l&rsquo;exp\u00e9rience des fans.<\/p>\n<p>En fait, la formidable implication \u00e9motionnelle du concert a pris une proportion tellement exaltante pour Foster qu&rsquo;elle l&rsquo;a amen\u00e9 \u00e0 reconsid\u00e9rer sa position concernant son appr\u00e9hension que les chansons perdent leur sens \u00e9mouvant et leur nature intime si elles \u00e9taient jou\u00e9es trop de fois :<\/p>\n<p>\u00ab\u00a0Ma vision de pr\u00e9server l\u2019int\u00e9grit\u00e9 des chansons d&rsquo;\u00eatre jou\u00e9es encore et encore \u00e9tait la tentative ultime d\u2019un fils de garder en vie une partie de son p\u00e8re. Mais ce soir-l\u00e0, j&rsquo;ai r\u00e9alis\u00e9 que c&rsquo;est une fois communi\u00e9 que chaque mot et chaque son a la capacit\u00e9 de grandir au-del\u00e0 des \u00e9motions avec lesquelles ils ont \u00e9t\u00e9 cr\u00e9\u00e9s, les rendant en quelque sorte \u00e9ternels&#8230; Mon p\u00e8re aussi. Par cons\u00e9quent, le seul souci qui me reste maintenant est de savoir \u00e0 quel point je suis pr\u00eat \u00e0 affronter la peur de me retrouver seul soir apr\u00e8s soir quand je le laisse aller, quand je n&rsquo;ai plus de raisons de ne pas assumer qui je suis maintenant, me tenir sous des lumi\u00e8res vives, quoi que cela puisse r\u00e9v\u00e9ler \u00e0 moi-m\u00eame et aux autres.\u00a0\u00bb<\/p>\n<p>Initialement pr\u00e9vu pour sortir le 8 octobre 2020, \u00e0 ce qui aurait \u00e9t\u00e9 la date d\u2019anniversaire de son p\u00e8re, Foster a d\u00e9cid\u00e9 d&rsquo;utiliser le temps suppl\u00e9mentaire que la pand\u00e9mie mondiale lui donnait pour produire l&rsquo;album \u00ab\u00a0Standing Under Bright Lights\u00a0\u00bb, mettant de l&rsquo;avant la chanson in\u00e9dite \u00ab\u00a0The Son of Hannah\u00a0\u00bb avec Ben Lemelin, son partenaire cr\u00e9atif de longue date et coproducteur de \u00ab\u00a0Windows in the Sky\u00a0\u00bb. Il a \u00e9galement d\u00e9cid\u00e9 de travailler sur le film du concert et un livre \u00e0 venir intitul\u00e9 \u00ab\u00a0If Only the Voices In My Head Couldn\u2019t Lie\u00a0\u00bb (Si seulement les voix dans ma t\u00eate ne pouvaient pas mentir), qui sortira plus tard au printemps 2021.<\/p>\t\t\t\t\t\t\t\t<\/div>\n\t\t\t\t<\/div>\n\t\t\t\t\t<\/div>\n\t\t<\/div>\n\t\t\t\t<div class=\"elementor-column elementor-col-50 elementor-inner-column elementor-element elementor-element-57c4ea1a\" data-id=\"57c4ea1a\" data-element_type=\"column\" data-e-type=\"column\">\n\t\t\t<div class=\"elementor-widget-wrap elementor-element-populated\">\n\t\t\t\t\t\t<div class=\"elementor-element elementor-element-4a973522 elementor-widget elementor-widget-text-editor\" data-id=\"4a973522\" data-element_type=\"widget\" data-e-type=\"widget\" data-widget_type=\"text-editor.default\">\n\t\t\t\t<div class=\"elementor-widget-container\">\n\t\t\t\t\t\t\t\t\t<h3 style=\"margin-bottom: 5px;\">DATE DE SORTIE<\/h3><p><i>16 avril 2021<\/i><\/p><h3 style=\"margin-bottom: 5px;\">Paroles &amp; Musique<\/h3><p><i>Alex Henry Foster<\/i><\/p><h3 style=\"margin-bottom: 5px;\">Produit par<\/h3><p><i>Alex Henry Foster<br \/>Ben Lemelin<\/i><\/p><h3 style=\"margin-bottom: 5px;\">Musiciens Additionnels<\/h3><p><i>Ben Lemelin<br \/>Jeff Beaulieu<br \/>Sef Lemelin<br \/>Miss Isabel<br \/>Charles Moose Allicie<br \/>Karine Bouchard<br \/>Andrew King<br \/>Sheenah Ko<br \/>Mat Vezio<br \/><\/i><\/p><h3 style=\"margin-bottom: 5px;\">Lieu d&rsquo;enregistrement<\/h3><p><i>Festival International de Jazz de Montr\u00e9al, Quebec, Canada<\/i><\/p><h3 style=\"margin-bottom: 5px;\">Label<\/h3><p><i>Hopeful Tragedy Records<\/i><\/p>\t\t\t\t\t\t\t\t<\/div>\n\t\t\t\t<\/div>\n\t\t\t\t\t<\/div>\n\t\t<\/div>\n\t\t\t\t\t<\/div>\n\t\t<\/section>\n\t\t\t\t\t<\/div>\n\t\t<\/div>\n\t\t\t\t\t<\/div>\n\t\t<\/section>\n\t\t\t\t<section data-particle_enable=\"false\" data-particle-mobile-disabled=\"false\" class=\"elementor-section elementor-top-section elementor-element elementor-element-59b21f88 elementor-section-boxed elementor-section-height-default elementor-section-height-default\" data-id=\"59b21f88\" data-element_type=\"section\" data-e-type=\"section\">\n\t\t\t\t\t\t<div class=\"elementor-container elementor-column-gap-default\">\n\t\t\t\t\t<div class=\"elementor-column elementor-col-100 elementor-top-column elementor-element elementor-element-46ff50ed\" data-id=\"46ff50ed\" data-element_type=\"column\" data-e-type=\"column\">\n\t\t\t<div class=\"elementor-widget-wrap elementor-element-populated\">\n\t\t\t\t\t\t<div class=\"elementor-element elementor-element-1ff26a8a elementor-widget elementor-widget-spacer\" data-id=\"1ff26a8a\" data-element_type=\"widget\" data-e-type=\"widget\" data-widget_type=\"spacer.default\">\n\t\t\t\t<div class=\"elementor-widget-container\">\n\t\t\t\t\t\t\t<div class=\"elementor-spacer\">\n\t\t\t<div class=\"elementor-spacer-inner\"><\/div>\n\t\t<\/div>\n\t\t\t\t\t\t<\/div>\n\t\t\t\t<\/div>\n\t\t\t\t\t<\/div>\n\t\t<\/div>\n\t\t\t\t\t<\/div>\n\t\t<\/section>\n\t\t\t\t<\/div>\n\t\t","protected":false},"excerpt":{"rendered":"<p> &#8230; <a title=\"Standing Under Bright Lights [Live]\" class=\"read-more\" href=\"https:\/\/alexhenryfoster.com\/fr\/releases\/standing-under-bright-lights\/\" aria-label=\"Plus sur Standing Under Bright Lights [Live]\">Lire la suite<\/a><\/p>\n","protected":false},"author":1,"featured_media":0,"parent":8462,"menu_order":0,"comment_status":"closed","ping_status":"closed","template":"elementor_header_footer","meta":{"_acf_changed":false,"footnotes":""},"class_list":["post-11799","page","type-page","status-publish"],"acf":[],"aioseo_notices":[],"_links":{"self":[{"href":"https:\/\/alexhenryfoster.com\/fr\/wp-json\/wp\/v2\/pages\/11799","targetHints":{"allow":["GET"]}}],"collection":[{"href":"https:\/\/alexhenryfoster.com\/fr\/wp-json\/wp\/v2\/pages"}],"about":[{"href":"https:\/\/alexhenryfoster.com\/fr\/wp-json\/wp\/v2\/types\/page"}],"author":[{"embeddable":true,"href":"https:\/\/alexhenryfoster.com\/fr\/wp-json\/wp\/v2\/users\/1"}],"replies":[{"embeddable":true,"href":"https:\/\/alexhenryfoster.com\/fr\/wp-json\/wp\/v2\/comments?post=11799"}],"version-history":[{"count":3,"href":"https:\/\/alexhenryfoster.com\/fr\/wp-json\/wp\/v2\/pages\/11799\/revisions"}],"predecessor-version":[{"id":25302,"href":"https:\/\/alexhenryfoster.com\/fr\/wp-json\/wp\/v2\/pages\/11799\/revisions\/25302"}],"up":[{"embeddable":true,"href":"https:\/\/alexhenryfoster.com\/fr\/wp-json\/wp\/v2\/pages\/8462"}],"wp:attachment":[{"href":"https:\/\/alexhenryfoster.com\/fr\/wp-json\/wp\/v2\/media?parent=11799"}],"curies":[{"name":"wp","href":"https:\/\/api.w.org\/{rel}","templated":true}]}}