{"id":28869,"date":"2022-04-11T23:26:36","date_gmt":"2022-04-12T03:26:36","guid":{"rendered":"https:\/\/alexhenryfoster.com\/all-the-violence-in-the-world-landing-page\/"},"modified":"2022-05-02T09:24:05","modified_gmt":"2022-05-02T13:24:05","slug":"all-the-violence-in-the-world-landing-page","status":"publish","type":"page","link":"https:\/\/alexhenryfoster.com\/fr\/all-the-violence-in-the-world-landing-page\/","title":{"rendered":"All the Violence in the World"},"content":{"rendered":"\t\t<div data-elementor-type=\"wp-page\" data-elementor-id=\"28869\" class=\"elementor elementor-28869 elementor-28828\" data-elementor-post-type=\"page\">\n\t\t\t\t\t\t<section data-particle_enable=\"false\" data-particle-mobile-disabled=\"false\" class=\"elementor-section elementor-top-section elementor-element elementor-element-179f4c7 elementor-section-height-full elementor-section-boxed elementor-section-height-default elementor-section-items-middle\" data-id=\"179f4c7\" data-element_type=\"section\" data-e-type=\"section\" data-settings=\"{&quot;background_background&quot;:&quot;classic&quot;,&quot;shape_divider_bottom&quot;:&quot;tilt&quot;,&quot;motion_fx_motion_fx_scrolling&quot;:&quot;yes&quot;,&quot;motion_fx_scale_effect&quot;:&quot;yes&quot;,&quot;motion_fx_scale_direction&quot;:&quot;in-out&quot;,&quot;motion_fx_devices&quot;:[&quot;desktop&quot;,&quot;tablet&quot;],&quot;motion_fx_scale_speed&quot;:{&quot;unit&quot;:&quot;px&quot;,&quot;size&quot;:4,&quot;sizes&quot;:[]},&quot;motion_fx_scale_range&quot;:{&quot;unit&quot;:&quot;%&quot;,&quot;size&quot;:&quot;&quot;,&quot;sizes&quot;:{&quot;start&quot;:20,&quot;end&quot;:80}}}\">\n\t\t\t\t\t\t\t<div class=\"elementor-background-overlay\"><\/div>\n\t\t\t\t\t\t<div class=\"elementor-shape elementor-shape-bottom\" aria-hidden=\"true\" data-negative=\"false\">\n\t\t\t<svg xmlns=\"http:\/\/www.w3.org\/2000\/svg\" viewBox=\"0 0 1000 100\" preserveAspectRatio=\"none\">\n\t<path class=\"elementor-shape-fill\" d=\"M0,6V0h1000v100L0,6z\"\/>\n<\/svg>\t\t<\/div>\n\t\t\t\t\t<div class=\"elementor-container elementor-column-gap-default\">\n\t\t\t\t\t<div class=\"elementor-column elementor-col-100 elementor-top-column elementor-element elementor-element-eb051be\" data-id=\"eb051be\" data-element_type=\"column\" data-e-type=\"column\" data-settings=\"{&quot;motion_fx_motion_fx_scrolling&quot;:&quot;yes&quot;,&quot;motion_fx_scale_effect&quot;:&quot;yes&quot;,&quot;motion_fx_scale_speed&quot;:{&quot;unit&quot;:&quot;px&quot;,&quot;size&quot;:6,&quot;sizes&quot;:[]},&quot;motion_fx_scale_range&quot;:{&quot;unit&quot;:&quot;%&quot;,&quot;size&quot;:&quot;&quot;,&quot;sizes&quot;:{&quot;start&quot;:0,&quot;end&quot;:90}},&quot;motion_fx_devices&quot;:[&quot;desktop&quot;,&quot;tablet&quot;],&quot;motion_fx_scale_direction&quot;:&quot;out-in&quot;}\">\n\t\t\t<div class=\"elementor-widget-wrap elementor-element-populated\">\n\t\t\t\t\t\t<div class=\"elementor-element elementor-element-921136d elementor-widget elementor-widget-image\" data-id=\"921136d\" data-element_type=\"widget\" data-e-type=\"widget\" data-settings=\"{&quot;motion_fx_motion_fx_scrolling&quot;:&quot;yes&quot;,&quot;motion_fx_devices&quot;:[&quot;desktop&quot;,&quot;tablet&quot;]}\" data-widget_type=\"image.default\">\n\t\t\t\t<div class=\"elementor-widget-container\">\n\t\t\t\t\t\t\t\t\t\t\t\t\t\t\t<img fetchpriority=\"high\" decoding=\"async\" width=\"1024\" height=\"454\" src=\"https:\/\/alexhenryfoster.com\/wp-content\/uploads\/ahf_website_atvlanding_logoheader-1-1024x454.png\" class=\"attachment-large size-large wp-image-28900\" alt=\"\" srcset=\"https:\/\/alexhenryfoster.com\/wp-content\/uploads\/ahf_website_atvlanding_logoheader-1-1024x454.png 1024w, https:\/\/alexhenryfoster.com\/wp-content\/uploads\/ahf_website_atvlanding_logoheader-1-300x133.png 300w, https:\/\/alexhenryfoster.com\/wp-content\/uploads\/ahf_website_atvlanding_logoheader-1-768x341.png 768w, https:\/\/alexhenryfoster.com\/wp-content\/uploads\/ahf_website_atvlanding_logoheader-1.png 1213w\" sizes=\"(max-width: 1024px) 100vw, 1024px\" \/>\t\t\t\t\t\t\t\t\t\t\t\t\t\t\t<\/div>\n\t\t\t\t<\/div>\n\t\t\t\t\t<\/div>\n\t\t<\/div>\n\t\t\t\t\t<\/div>\n\t\t<\/section>\n\t\t\t\t<section data-particle_enable=\"false\" data-particle-mobile-disabled=\"false\" class=\"elementor-section elementor-top-section elementor-element elementor-element-418dbca elementor-hidden-desktop elementor-hidden-tablet elementor-hidden-mobile elementor-section-boxed elementor-section-height-default elementor-section-height-default\" data-id=\"418dbca\" data-element_type=\"section\" data-e-type=\"section\">\n\t\t\t\t\t\t<div class=\"elementor-container elementor-column-gap-default\">\n\t\t\t\t\t<div class=\"elementor-column elementor-col-100 elementor-top-column elementor-element elementor-element-e6f0069\" data-id=\"e6f0069\" data-element_type=\"column\" data-e-type=\"column\">\n\t\t\t<div class=\"elementor-widget-wrap elementor-element-populated\">\n\t\t\t\t\t\t<div class=\"elementor-element elementor-element-47dcf43 elementor-widget elementor-widget-heading\" data-id=\"47dcf43\" data-element_type=\"widget\" data-e-type=\"widget\" data-widget_type=\"heading.default\">\n\t\t\t\t<div class=\"elementor-widget-container\">\n\t\t\t\t\t<h2 class=\"elementor-heading-title elementor-size-default\">Diffusion en direct le 23 avril<\/h2>\t\t\t\t<\/div>\n\t\t\t\t<\/div>\n\t\t\t\t\t<\/div>\n\t\t<\/div>\n\t\t\t\t\t<\/div>\n\t\t<\/section>\n\t\t\t\t<section data-particle_enable=\"false\" data-particle-mobile-disabled=\"false\" class=\"elementor-section elementor-top-section elementor-element elementor-element-9117ece elementor-hidden-desktop elementor-hidden-tablet elementor-hidden-mobile elementor-section-boxed elementor-section-height-default elementor-section-height-default\" data-id=\"9117ece\" data-element_type=\"section\" data-e-type=\"section\">\n\t\t\t\t\t\t<div class=\"elementor-container elementor-column-gap-default\">\n\t\t\t\t\t<div class=\"elementor-column elementor-col-100 elementor-top-column elementor-element elementor-element-86ba73f\" data-id=\"86ba73f\" data-element_type=\"column\" data-e-type=\"column\">\n\t\t\t<div class=\"elementor-widget-wrap elementor-element-populated\">\n\t\t\t\t\t\t<div class=\"elementor-element elementor-element-5fc6ae6 elementor-widget elementor-widget-image\" data-id=\"5fc6ae6\" data-element_type=\"widget\" data-e-type=\"widget\" data-widget_type=\"image.default\">\n\t\t\t\t<div class=\"elementor-widget-container\">\n\t\t\t\t\t\t\t\t\t\t\t\t\t\t\t\t<a href=\"https:\/\/www.facebook.com\/alexhenryfosterofficial\/videos\/536755841137739\/?__cft__%5B0%5D=AZUsbgg3nk9pqORrUw0PmYp4cq_6rtEj4XbBTmdkutQUccQRjwPwjK5t7fiwAxNO7nBFtqs9Mm8IQXZqaUw6gw0QSE7PFMMhHB8zgUarbWGlCYFoTFTI43N_TeHCqL7kKol-33OxvMNeSEh1szng-XK6D0CDzXGI0GKuHXN_gVA61w&#038;__tn__=%2CO%2CP-R\">\n\t\t\t\t\t\t\t<img decoding=\"async\" width=\"1024\" height=\"576\" src=\"https:\/\/alexhenryfoster.com\/wp-content\/uploads\/ahf_atv_live-1-1024x576.jpg\" class=\"attachment-large size-large wp-image-29810\" alt=\"\" srcset=\"https:\/\/alexhenryfoster.com\/wp-content\/uploads\/ahf_atv_live-1-1024x576.jpg 1024w, https:\/\/alexhenryfoster.com\/wp-content\/uploads\/ahf_atv_live-1-300x169.jpg 300w, https:\/\/alexhenryfoster.com\/wp-content\/uploads\/ahf_atv_live-1-768x432.jpg 768w, https:\/\/alexhenryfoster.com\/wp-content\/uploads\/ahf_atv_live-1-1536x864.jpg 1536w, https:\/\/alexhenryfoster.com\/wp-content\/uploads\/ahf_atv_live-1.jpg 2000w\" sizes=\"(max-width: 1024px) 100vw, 1024px\" \/>\t\t\t\t\t\t\t\t<\/a>\n\t\t\t\t\t\t\t\t\t\t\t\t\t\t\t<\/div>\n\t\t\t\t<\/div>\n\t\t\t\t<div class=\"elementor-element elementor-element-5c48961 elementor-widget elementor-widget-text-editor\" data-id=\"5c48961\" data-element_type=\"widget\" data-e-type=\"widget\" data-widget_type=\"text-editor.default\">\n\t\t\t\t<div class=\"elementor-widget-container\">\n\t\t\t\t\t\t\t\t\tPour la toute premi\u00e8re fois, Alex Henry Foster ouvre les portes de sa maison dans les Blue Ridge Mountains de Virginie. \u00c9galement connu sous le nom de Echo Mountain Studio, Alex &amp; The Long Shadows vous invitent \u00e0 un concert qui sera diffus\u00e9 en direct le 23 avril \u00e0 17h, heure du Qu\u00e9bec (23h, heure de France). Le concert pr\u00e9enregistr\u00e9 vous fera d\u00e9couvrir de la toute nouvelle musique.\n<br><br>\nUn vinyle lathe cut sera r\u00e9alis\u00e9 pour l&rsquo;occasion, ainsi que d&rsquo;autres produits d\u00e9riv\u00e9s. Tous les profits des ventes seront revers\u00e9s \u00e0 l&rsquo;organisation Music Saves UA.\t\t\t\t\t\t\t\t<\/div>\n\t\t\t\t<\/div>\n\t\t\t\t<div class=\"elementor-element elementor-element-8cd29ca elementor-mobile-align-center elementor-widget elementor-widget-button\" data-id=\"8cd29ca\" data-element_type=\"widget\" data-e-type=\"widget\" data-widget_type=\"button.default\">\n\t\t\t\t<div class=\"elementor-widget-container\">\n\t\t\t\t\t\t\t\t\t<div class=\"elementor-button-wrapper\">\n\t\t\t\t\t<a class=\"elementor-button elementor-button-link elementor-size-sm\" href=\"https:\/\/www.facebook.com\/alexhenryfosterofficial\">\n\t\t\t\t\t\t<span class=\"elementor-button-content-wrapper\">\n\t\t\t\t\t\t\t\t\t<span class=\"elementor-button-text\">Regarder sur Facebook avec commentaires<\/span>\n\t\t\t\t\t<\/span>\n\t\t\t\t\t<\/a>\n\t\t\t\t<\/div>\n\t\t\t\t\t\t\t\t<\/div>\n\t\t\t\t<\/div>\n\t\t\t\t\t<\/div>\n\t\t<\/div>\n\t\t\t\t\t<\/div>\n\t\t<\/section>\n\t\t\t\t<section data-particle_enable=\"false\" data-particle-mobile-disabled=\"false\" class=\"elementor-section elementor-top-section elementor-element elementor-element-881f9de elementor-section-boxed elementor-section-height-default elementor-section-height-default\" data-id=\"881f9de\" data-element_type=\"section\" data-e-type=\"section\">\n\t\t\t\t\t\t<div class=\"elementor-container elementor-column-gap-default\">\n\t\t\t\t\t<div class=\"elementor-column elementor-col-50 elementor-top-column elementor-element elementor-element-ae47185\" data-id=\"ae47185\" data-element_type=\"column\" data-e-type=\"column\">\n\t\t\t<div class=\"elementor-widget-wrap elementor-element-populated\">\n\t\t\t\t\t\t<div class=\"elementor-element elementor-element-272a860 elementor-widget elementor-widget-image\" data-id=\"272a860\" data-element_type=\"widget\" data-e-type=\"widget\" data-widget_type=\"image.default\">\n\t\t\t\t<div class=\"elementor-widget-container\">\n\t\t\t\t\t\t\t\t\t\t\t\t\t\t\t<img decoding=\"async\" width=\"768\" height=\"1024\" src=\"https:\/\/alexhenryfoster.com\/wp-content\/uploads\/ahf_ebsite_atvlanding_poster18x24-web-768x1024.jpg\" class=\"attachment-large size-large wp-image-28853\" alt=\"\" srcset=\"https:\/\/alexhenryfoster.com\/wp-content\/uploads\/ahf_ebsite_atvlanding_poster18x24-web-768x1024.jpg 768w, https:\/\/alexhenryfoster.com\/wp-content\/uploads\/ahf_ebsite_atvlanding_poster18x24-web-225x300.jpg 225w, https:\/\/alexhenryfoster.com\/wp-content\/uploads\/ahf_ebsite_atvlanding_poster18x24-web.jpg 900w\" sizes=\"(max-width: 768px) 100vw, 768px\" \/>\t\t\t\t\t\t\t\t\t\t\t\t\t\t\t<\/div>\n\t\t\t\t<\/div>\n\t\t\t\t\t<\/div>\n\t\t<\/div>\n\t\t\t\t<div class=\"elementor-column elementor-col-50 elementor-top-column elementor-element elementor-element-c081a69\" data-id=\"c081a69\" data-element_type=\"column\" data-e-type=\"column\">\n\t\t\t<div class=\"elementor-widget-wrap elementor-element-populated\">\n\t\t\t\t\t\t<div class=\"elementor-element elementor-element-c2fe164 elementor-widget elementor-widget-text-editor\" data-id=\"c2fe164\" data-element_type=\"widget\" data-e-type=\"widget\" data-widget_type=\"text-editor.default\">\n\t\t\t\t<div class=\"elementor-widget-container\">\n\t\t\t\t\t\t\t\t\t<p>Pour la toute premi\u00e8re fois, Alex Henry Foster ouvre les portes de sa maison dans les Blue Ridge Mountains de Virginie. \u00c9galement connu sous le nom de Echo Mountain Studio, Alex &amp; The Long Shadows vous invitent \u00e0 un concert qui sera diffus\u00e9 en direct le 23 avril \u00e0 17h, heure du Qu\u00e9bec (23h, heure de France). Le concert pr\u00e9enregistr\u00e9 vous fera d\u00e9couvrir de la toute nouvelle musique.<br>\n<br><br>Un vinyle lathe cut a \u00e9t\u00e9 r\u00e9alis\u00e9 pour l&rsquo;occasion, ainsi que d&rsquo;autres produits d\u00e9riv\u00e9s. Tous les profits des ventes seront revers\u00e9s \u00e0 l&rsquo;organisation Music Saves UA.<\/p>\t\t\t\t\t\t\t\t<\/div>\n\t\t\t\t<\/div>\n\t\t\t\t<div class=\"elementor-element elementor-element-e8ec7fd elementor-mobile-align-center elementor-widget elementor-widget-button\" data-id=\"e8ec7fd\" data-element_type=\"widget\" data-e-type=\"widget\" data-widget_type=\"button.default\">\n\t\t\t\t<div class=\"elementor-widget-container\">\n\t\t\t\t\t\t\t\t\t<div class=\"elementor-button-wrapper\">\n\t\t\t\t\t<a class=\"elementor-button elementor-button-link elementor-size-sm\" href=\"https:\/\/www.facebook.com\/events\/298925852250431\">\n\t\t\t\t\t\t<span class=\"elementor-button-content-wrapper\">\n\t\t\t\t\t\t\t\t\t<span class=\"elementor-button-text\">Plus de d\u00e9tails<\/span>\n\t\t\t\t\t<\/span>\n\t\t\t\t\t<\/a>\n\t\t\t\t<\/div>\n\t\t\t\t\t\t\t\t<\/div>\n\t\t\t\t<\/div>\n\t\t\t\t\t<\/div>\n\t\t<\/div>\n\t\t\t\t\t<\/div>\n\t\t<\/section>\n\t\t\t\t<section data-particle_enable=\"false\" data-particle-mobile-disabled=\"false\" class=\"elementor-section elementor-top-section elementor-element elementor-element-b17a3fd elementor-section-boxed elementor-section-height-default elementor-section-height-default\" data-id=\"b17a3fd\" data-element_type=\"section\" data-e-type=\"section\">\n\t\t\t\t\t\t<div class=\"elementor-container elementor-column-gap-default\">\n\t\t\t\t\t<div class=\"elementor-column elementor-col-100 elementor-top-column elementor-element elementor-element-710017b\" data-id=\"710017b\" data-element_type=\"column\" data-e-type=\"column\">\n\t\t\t<div class=\"elementor-widget-wrap elementor-element-populated\">\n\t\t\t\t\t\t<div class=\"elementor-element elementor-element-ebf1b4a elementor-widget elementor-widget-heading\" data-id=\"ebf1b4a\" data-element_type=\"widget\" data-e-type=\"widget\" data-widget_type=\"heading.default\">\n\t\t\t\t<div class=\"elementor-widget-container\">\n\t\t\t\t\t<h2 class=\"elementor-heading-title elementor-size-default\">La Collection<\/h2>\t\t\t\t<\/div>\n\t\t\t\t<\/div>\n\t\t\t\t<section data-particle_enable=\"false\" data-particle-mobile-disabled=\"false\" class=\"elementor-section elementor-inner-section elementor-element elementor-element-6d35019 elementor-section-boxed elementor-section-height-default elementor-section-height-default\" data-id=\"6d35019\" data-element_type=\"section\" data-e-type=\"section\">\n\t\t\t\t\t\t<div class=\"elementor-container elementor-column-gap-default\">\n\t\t\t\t\t<div class=\"elementor-column elementor-col-50 elementor-inner-column elementor-element elementor-element-384a525\" data-id=\"384a525\" data-element_type=\"column\" data-e-type=\"column\">\n\t\t\t<div class=\"elementor-widget-wrap elementor-element-populated\">\n\t\t\t\t\t\t<div class=\"elementor-element elementor-element-bd81732 elementor-widget elementor-widget-image\" data-id=\"bd81732\" data-element_type=\"widget\" data-e-type=\"widget\" data-widget_type=\"image.default\">\n\t\t\t\t<div class=\"elementor-widget-container\">\n\t\t\t\t\t\t\t\t\t\t\t\t\t\t\t\t<a href=\"https:\/\/smarturl.it\/ahf-atvcollection\">\n\t\t\t\t\t\t\t<img loading=\"lazy\" decoding=\"async\" width=\"1024\" height=\"1024\" src=\"https:\/\/alexhenryfoster.com\/wp-content\/uploads\/vinyl_atv-1024x1024.jpg\" class=\"attachment-large size-large wp-image-28984\" alt=\"\" srcset=\"https:\/\/alexhenryfoster.com\/wp-content\/uploads\/vinyl_atv-1024x1024.jpg 1024w, https:\/\/alexhenryfoster.com\/wp-content\/uploads\/vinyl_atv-300x300.jpg 300w, https:\/\/alexhenryfoster.com\/wp-content\/uploads\/vinyl_atv-150x150.jpg 150w, https:\/\/alexhenryfoster.com\/wp-content\/uploads\/vinyl_atv-768x768.jpg 768w, https:\/\/alexhenryfoster.com\/wp-content\/uploads\/vinyl_atv.jpg 1200w\" sizes=\"(max-width: 1024px) 100vw, 1024px\" \/>\t\t\t\t\t\t\t\t<\/a>\n\t\t\t\t\t\t\t\t\t\t\t\t\t\t\t<\/div>\n\t\t\t\t<\/div>\n\t\t\t\t\t<\/div>\n\t\t<\/div>\n\t\t\t\t<div class=\"elementor-column elementor-col-50 elementor-inner-column elementor-element elementor-element-7454885\" data-id=\"7454885\" data-element_type=\"column\" data-e-type=\"column\">\n\t\t\t<div class=\"elementor-widget-wrap elementor-element-populated\">\n\t\t\t\t\t\t<div class=\"elementor-element elementor-element-916f89e elementor-widget elementor-widget-image\" data-id=\"916f89e\" data-element_type=\"widget\" data-e-type=\"widget\" data-widget_type=\"image.default\">\n\t\t\t\t<div class=\"elementor-widget-container\">\n\t\t\t\t\t\t\t\t\t\t\t\t\t\t\t\t<a href=\"https:\/\/smarturl.it\/ahf-atvcollection\">\n\t\t\t\t\t\t\t<img loading=\"lazy\" decoding=\"async\" width=\"1000\" height=\"1000\" src=\"https:\/\/alexhenryfoster.com\/wp-content\/uploads\/ahf_atv_deluxebundle_mockup-man.jpg\" class=\"attachment-large size-large wp-image-29453\" alt=\"\" srcset=\"https:\/\/alexhenryfoster.com\/wp-content\/uploads\/ahf_atv_deluxebundle_mockup-man.jpg 1000w, https:\/\/alexhenryfoster.com\/wp-content\/uploads\/ahf_atv_deluxebundle_mockup-man-300x300.jpg 300w, https:\/\/alexhenryfoster.com\/wp-content\/uploads\/ahf_atv_deluxebundle_mockup-man-150x150.jpg 150w, https:\/\/alexhenryfoster.com\/wp-content\/uploads\/ahf_atv_deluxebundle_mockup-man-768x768.jpg 768w\" sizes=\"(max-width: 1000px) 100vw, 1000px\" \/>\t\t\t\t\t\t\t\t<\/a>\n\t\t\t\t\t\t\t\t\t\t\t\t\t\t\t<\/div>\n\t\t\t\t<\/div>\n\t\t\t\t\t<\/div>\n\t\t<\/div>\n\t\t\t\t\t<\/div>\n\t\t<\/section>\n\t\t\t\t<section data-particle_enable=\"false\" data-particle-mobile-disabled=\"false\" class=\"elementor-section elementor-inner-section elementor-element elementor-element-6627285 elementor-section-boxed elementor-section-height-default elementor-section-height-default\" data-id=\"6627285\" data-element_type=\"section\" data-e-type=\"section\">\n\t\t\t\t\t\t<div class=\"elementor-container elementor-column-gap-default\">\n\t\t\t\t\t<div class=\"elementor-column elementor-col-33 elementor-inner-column elementor-element elementor-element-c722913\" data-id=\"c722913\" data-element_type=\"column\" data-e-type=\"column\">\n\t\t\t<div class=\"elementor-widget-wrap elementor-element-populated\">\n\t\t\t\t\t\t<div class=\"elementor-element elementor-element-aab9dc1 elementor-widget elementor-widget-image\" data-id=\"aab9dc1\" data-element_type=\"widget\" data-e-type=\"widget\" data-widget_type=\"image.default\">\n\t\t\t\t<div class=\"elementor-widget-container\">\n\t\t\t\t\t\t\t\t\t\t\t\t\t\t\t\t<a href=\"https:\/\/smarturl.it\/ahf-atvcollection\">\n\t\t\t\t\t\t\t<img loading=\"lazy\" decoding=\"async\" width=\"1024\" height=\"1024\" src=\"https:\/\/alexhenryfoster.com\/wp-content\/uploads\/ahf_atv_tshirtcrewneckblack_mockup-man-front-1-1024x1024.jpg\" class=\"attachment-large size-large wp-image-29497\" alt=\"\" srcset=\"https:\/\/alexhenryfoster.com\/wp-content\/uploads\/ahf_atv_tshirtcrewneckblack_mockup-man-front-1-1024x1024.jpg 1024w, https:\/\/alexhenryfoster.com\/wp-content\/uploads\/ahf_atv_tshirtcrewneckblack_mockup-man-front-1-300x300.jpg 300w, https:\/\/alexhenryfoster.com\/wp-content\/uploads\/ahf_atv_tshirtcrewneckblack_mockup-man-front-1-150x150.jpg 150w, https:\/\/alexhenryfoster.com\/wp-content\/uploads\/ahf_atv_tshirtcrewneckblack_mockup-man-front-1-768x768.jpg 768w, https:\/\/alexhenryfoster.com\/wp-content\/uploads\/ahf_atv_tshirtcrewneckblack_mockup-man-front-1.jpg 1200w\" sizes=\"(max-width: 1024px) 100vw, 1024px\" \/>\t\t\t\t\t\t\t\t<\/a>\n\t\t\t\t\t\t\t\t\t\t\t\t\t\t\t<\/div>\n\t\t\t\t<\/div>\n\t\t\t\t\t<\/div>\n\t\t<\/div>\n\t\t\t\t<div class=\"elementor-column elementor-col-33 elementor-inner-column elementor-element elementor-element-05fb2ed\" data-id=\"05fb2ed\" data-element_type=\"column\" data-e-type=\"column\">\n\t\t\t<div class=\"elementor-widget-wrap elementor-element-populated\">\n\t\t\t\t\t\t<div class=\"elementor-element elementor-element-6bbf798 elementor-widget elementor-widget-image\" data-id=\"6bbf798\" data-element_type=\"widget\" data-e-type=\"widget\" data-widget_type=\"image.default\">\n\t\t\t\t<div class=\"elementor-widget-container\">\n\t\t\t\t\t\t\t\t\t\t\t\t\t\t\t\t<a href=\"https:\/\/smarturl.it\/ahf-atvcollection\">\n\t\t\t\t\t\t\t<img loading=\"lazy\" decoding=\"async\" width=\"1000\" height=\"1000\" src=\"https:\/\/alexhenryfoster.com\/wp-content\/uploads\/ahf_atv_slipmat-web-1.jpg\" class=\"attachment-large size-large wp-image-29496\" alt=\"\" srcset=\"https:\/\/alexhenryfoster.com\/wp-content\/uploads\/ahf_atv_slipmat-web-1.jpg 1000w, https:\/\/alexhenryfoster.com\/wp-content\/uploads\/ahf_atv_slipmat-web-1-300x300.jpg 300w, https:\/\/alexhenryfoster.com\/wp-content\/uploads\/ahf_atv_slipmat-web-1-150x150.jpg 150w, https:\/\/alexhenryfoster.com\/wp-content\/uploads\/ahf_atv_slipmat-web-1-768x768.jpg 768w\" sizes=\"(max-width: 1000px) 100vw, 1000px\" \/>\t\t\t\t\t\t\t\t<\/a>\n\t\t\t\t\t\t\t\t\t\t\t\t\t\t\t<\/div>\n\t\t\t\t<\/div>\n\t\t\t\t\t<\/div>\n\t\t<\/div>\n\t\t\t\t<div class=\"elementor-column elementor-col-33 elementor-inner-column elementor-element elementor-element-190318e\" data-id=\"190318e\" data-element_type=\"column\" data-e-type=\"column\">\n\t\t\t<div class=\"elementor-widget-wrap elementor-element-populated\">\n\t\t\t\t\t\t<div class=\"elementor-element elementor-element-cb9363a elementor-widget elementor-widget-image\" data-id=\"cb9363a\" data-element_type=\"widget\" data-e-type=\"widget\" data-widget_type=\"image.default\">\n\t\t\t\t<div class=\"elementor-widget-container\">\n\t\t\t\t\t\t\t\t\t\t\t\t\t\t\t\t<a href=\"https:\/\/smarturl.it\/ahf-atvcollection\">\n\t\t\t\t\t\t\t<img loading=\"lazy\" decoding=\"async\" width=\"1000\" height=\"1000\" src=\"https:\/\/alexhenryfoster.com\/wp-content\/uploads\/ahf_atv_tshirtvneck_mockup-front-1.jpg\" class=\"attachment-large size-large wp-image-29498\" alt=\"\" srcset=\"https:\/\/alexhenryfoster.com\/wp-content\/uploads\/ahf_atv_tshirtvneck_mockup-front-1.jpg 1000w, https:\/\/alexhenryfoster.com\/wp-content\/uploads\/ahf_atv_tshirtvneck_mockup-front-1-300x300.jpg 300w, https:\/\/alexhenryfoster.com\/wp-content\/uploads\/ahf_atv_tshirtvneck_mockup-front-1-150x150.jpg 150w, https:\/\/alexhenryfoster.com\/wp-content\/uploads\/ahf_atv_tshirtvneck_mockup-front-1-768x768.jpg 768w\" sizes=\"(max-width: 1000px) 100vw, 1000px\" \/>\t\t\t\t\t\t\t\t<\/a>\n\t\t\t\t\t\t\t\t\t\t\t\t\t\t\t<\/div>\n\t\t\t\t<\/div>\n\t\t\t\t\t<\/div>\n\t\t<\/div>\n\t\t\t\t\t<\/div>\n\t\t<\/section>\n\t\t\t\t<div class=\"elementor-element elementor-element-bb34c0c elementor-mobile-align-center elementor-align-center elementor-widget elementor-widget-button\" data-id=\"bb34c0c\" data-element_type=\"widget\" data-e-type=\"widget\" data-widget_type=\"button.default\">\n\t\t\t\t<div class=\"elementor-widget-container\">\n\t\t\t\t\t\t\t\t\t<div class=\"elementor-button-wrapper\">\n\t\t\t\t\t<a class=\"elementor-button elementor-button-link elementor-size-sm\" href=\"https:\/\/smarturl.it\/ahf-atvcollection\">\n\t\t\t\t\t\t<span class=\"elementor-button-content-wrapper\">\n\t\t\t\t\t\t\t\t\t<span class=\"elementor-button-text\">Commandez maintenant<\/span>\n\t\t\t\t\t<\/span>\n\t\t\t\t\t<\/a>\n\t\t\t\t<\/div>\n\t\t\t\t\t\t\t\t<\/div>\n\t\t\t\t<\/div>\n\t\t\t\t\t<\/div>\n\t\t<\/div>\n\t\t\t\t\t<\/div>\n\t\t<\/section>\n\t\t\t\t<\/div>\n\t\t","protected":false},"excerpt":{"rendered":"<p> &#8230; <a title=\"All the Violence in the World\" class=\"read-more\" href=\"https:\/\/alexhenryfoster.com\/fr\/all-the-violence-in-the-world-landing-page\/\" aria-label=\"Plus sur All the Violence in the World\">Lire la suite<\/a><\/p>\n","protected":false},"author":1,"featured_media":0,"parent":0,"menu_order":0,"comment_status":"closed","ping_status":"closed","template":"elementor_header_footer","meta":{"_acf_changed":false,"footnotes":""},"class_list":["post-28869","page","type-page","status-publish"],"acf":[],"aioseo_notices":[],"_links":{"self":[{"href":"https:\/\/alexhenryfoster.com\/fr\/wp-json\/wp\/v2\/pages\/28869","targetHints":{"allow":["GET"]}}],"collection":[{"href":"https:\/\/alexhenryfoster.com\/fr\/wp-json\/wp\/v2\/pages"}],"about":[{"href":"https:\/\/alexhenryfoster.com\/fr\/wp-json\/wp\/v2\/types\/page"}],"author":[{"embeddable":true,"href":"https:\/\/alexhenryfoster.com\/fr\/wp-json\/wp\/v2\/users\/1"}],"replies":[{"embeddable":true,"href":"https:\/\/alexhenryfoster.com\/fr\/wp-json\/wp\/v2\/comments?post=28869"}],"version-history":[{"count":63,"href":"https:\/\/alexhenryfoster.com\/fr\/wp-json\/wp\/v2\/pages\/28869\/revisions"}],"predecessor-version":[{"id":30069,"href":"https:\/\/alexhenryfoster.com\/fr\/wp-json\/wp\/v2\/pages\/28869\/revisions\/30069"}],"wp:attachment":[{"href":"https:\/\/alexhenryfoster.com\/fr\/wp-json\/wp\/v2\/media?parent=28869"}],"curies":[{"name":"wp","href":"https:\/\/api.w.org\/{rel}","templated":true}]}}