{"id":42934,"date":"2021-09-13T11:36:06","date_gmt":"2021-09-13T15:36:06","guid":{"rendered":"https:\/\/alexhenryfoster.com\/subscribe\/"},"modified":"2026-02-18T15:13:57","modified_gmt":"2026-02-18T20:13:57","slug":"subscribe","status":"publish","type":"page","link":"https:\/\/alexhenryfoster.com\/fr\/subscribe\/","title":{"rendered":"Alex Henry Foster &#8211; Subscribe"},"content":{"rendered":"\t\t<div data-elementor-type=\"wp-page\" data-elementor-id=\"42934\" class=\"elementor elementor-42934 elementor-16158\" data-elementor-post-type=\"page\">\n\t\t\t\t\t\t<section data-particle_enable=\"false\" data-particle-mobile-disabled=\"false\" class=\"elementor-section elementor-top-section elementor-element elementor-element-489c5fad elementor-section-full_width elementor-section-height-min-height elementor-section-items-bottom elementor-section-content-top elementor-section-height-default\" data-id=\"489c5fad\" data-element_type=\"section\" data-e-type=\"section\" data-settings=\"{&quot;background_background&quot;:&quot;classic&quot;}\">\n\t\t\t\t\t\t<div class=\"elementor-container elementor-column-gap-default\">\n\t\t\t\t\t<div class=\"elementor-column elementor-col-100 elementor-top-column elementor-element elementor-element-483c2fa4\" data-id=\"483c2fa4\" data-element_type=\"column\" data-e-type=\"column\">\n\t\t\t<div class=\"elementor-widget-wrap\">\n\t\t\t\t\t\t\t<\/div>\n\t\t<\/div>\n\t\t\t\t\t<\/div>\n\t\t<\/section>\n\t\t<div data-particle_enable=\"false\" data-particle-mobile-disabled=\"false\" class=\"elementor-element elementor-element-5e7c5a74 e-flex e-con-boxed e-con e-parent\" data-id=\"5e7c5a74\" data-element_type=\"container\" data-e-type=\"container\">\n\t\t\t\t\t<div class=\"e-con-inner\">\n\t\t\t\t<div class=\"elementor-element elementor-element-3607ce0c elementor-widget elementor-widget-spacer\" data-id=\"3607ce0c\" data-element_type=\"widget\" data-e-type=\"widget\" data-widget_type=\"spacer.default\">\n\t\t\t\t<div class=\"elementor-widget-container\">\n\t\t\t\t\t\t\t<div class=\"elementor-spacer\">\n\t\t\t<div class=\"elementor-spacer-inner\"><\/div>\n\t\t<\/div>\n\t\t\t\t\t\t<\/div>\n\t\t\t\t<\/div>\n\t\t\t\t\t<\/div>\n\t\t\t\t<\/div>\n\t\t\t\t<section data-particle_enable=\"false\" data-particle-mobile-disabled=\"false\" class=\"elementor-section elementor-top-section elementor-element elementor-element-5506aa94 elementor-section-boxed elementor-section-height-default elementor-section-height-default\" data-id=\"5506aa94\" data-element_type=\"section\" data-e-type=\"section\">\n\t\t\t\t\t\t<div class=\"elementor-container elementor-column-gap-default\">\n\t\t\t\t\t<div class=\"elementor-column elementor-col-50 elementor-top-column elementor-element elementor-element-357402a9\" data-id=\"357402a9\" data-element_type=\"column\" data-e-type=\"column\">\n\t\t\t<div class=\"elementor-widget-wrap elementor-element-populated\">\n\t\t\t\t\t\t<div class=\"elementor-element elementor-element-2b1b5a83 elementor-widget elementor-widget-heading\" data-id=\"2b1b5a83\" data-element_type=\"widget\" data-e-type=\"widget\" data-widget_type=\"heading.default\">\n\t\t\t\t<div class=\"elementor-widget-container\">\n\t\t\t\t\t<h2 class=\"elementor-heading-title elementor-size-default\">Obtenez un vid\u00e9oclip exclusif<\/h2>\t\t\t\t<\/div>\n\t\t\t\t<\/div>\n\t\t\t\t<div class=\"elementor-element elementor-element-3f4140da elementor-widget__width-auto elementor-widget elementor-widget-html\" data-id=\"3f4140da\" data-element_type=\"widget\" data-e-type=\"widget\" data-widget_type=\"html.default\">\n\t\t\t\t<div class=\"elementor-widget-container\">\n\t\t\t\t\t<!-- Begin Mailchimp Signup Form -->\n<link href=\"\/\/cdn-images.mailchimp.com\/embedcode\/classic-071822.css\" rel=\"stylesheet\" type=\"text\/css\">\n<style type=\"text\/css\">\n  #mc_embed_signup {\n    background:#ffffff !important;\n    clear:left;\n    font:14px Helvetica,Arial,sans-serif;\n    width:600px;\n    max-width:100%;\n    margin:0 auto;\n    padding:20px 20px 40px 20px;\n    box-sizing:border-box;\n  }\n\n  #mc_embed_signup input,\n  #mc_embed_signup select {\n    width:100%;\n    box-sizing:border-box;\n  }\n\n  @media (max-width: 767px) {\n    #mc_embed_signup {\n      width:100% !important;\n    }\n  }\n<\/style>\n<div id=\"mc_embed_signup\">\n    <form action=\"https:\/\/alexhenryfoster.us3.list-manage.com\/subscribe\/post?u=3193195bf66a5b0d44d8d29b6&amp;id=8f76f3998d&amp;f_id=0037c2e1f0\" method=\"post\" id=\"mc-embedded-subscribe-form\" name=\"mc-embedded-subscribe-form\" class=\"validate\" target=\"_blank\" novalidate>\n        <div id=\"mc_embed_signup_scroll\">\n        <div class=\"indicates-required\"><span class=\"asterisk\">*<\/span> indicates required<\/div>\n<div class=\"mc-field-group\">\n\t<label for=\"mce-EMAIL\">Adresse e-mail  <span class=\"asterisk\">*<\/span>\n<\/label>\n\t<input type=\"email\" value=\"\" name=\"EMAIL\" class=\"required email\" id=\"mce-EMAIL\" required>\n\t<span id=\"mce-EMAIL-HELPERTEXT\" class=\"helper_text\"><\/span>\n<\/div>\n<div class=\"mc-field-group\">\n\t<label for=\"mce-group[8101]\">Langue <\/label>\n\t<select name=\"group[8101]\" class=\"REQ_CSS\" id=\"mce-group[8101]\" *|required|*>\n\t<option value=\"\"><\/option>\n\t<option value=\"1\">English<\/option>\n<option value=\"8\">Fran\u00e7ais<\/option>\n<option value=\"2\">Japanese<\/option>\n<option value=\"4\">Deutsch<\/option>\n\n\t<\/select>\n\t<span id=\"mce-group[8101]-HELPERTEXT\" class=\"helper_text\"><\/span>\n<\/div>\n<div class=\"mc-field-group\">\n\t<label for=\"mce-FNAME\">Pr\u00e9nom <\/label>\n\t<input type=\"text\" value=\"\" name=\"FNAME\" class=\"\" id=\"mce-FNAME\">\n\t<span id=\"mce-FNAME-HELPERTEXT\" class=\"helper_text\"><\/span>\n<\/div>\n<div class=\"mc-field-group\">\n\t<label for=\"mce-MMERGE20\">Pays <\/label>\n\t<select name=\"MMERGE20\" class=\"\" id=\"mce-MMERGE20\">\n\t<option value=\"\"><\/option>\n\t<option value=\"United States of America\">United States of America<\/option>\n<option value=\"Aaland Islands\">Aaland Islands<\/option>\n<option value=\"Afghanistan\">Afghanistan<\/option>\n<option value=\"Albania\">Albania<\/option>\n<option value=\"Algeria\">Algeria<\/option>\n<option value=\"American Samoa\">American Samoa<\/option>\n<option value=\"Andorra\">Andorra<\/option>\n<option value=\"Angola\">Angola<\/option>\n<option value=\"Anguilla\">Anguilla<\/option>\n<option value=\"Antarctica\">Antarctica<\/option>\n<option value=\"Antigua And Barbuda\">Antigua And Barbuda<\/option>\n<option value=\"Argentina\">Argentina<\/option>\n<option value=\"Armenia\">Armenia<\/option>\n<option value=\"Aruba\">Aruba<\/option>\n<option value=\"Australia\">Australia<\/option>\n<option value=\"Austria\">Austria<\/option>\n<option value=\"Azerbaijan\">Azerbaijan<\/option>\n<option value=\"Bahamas\">Bahamas<\/option>\n<option value=\"Bahrain\">Bahrain<\/option>\n<option value=\"Bangladesh\">Bangladesh<\/option>\n<option value=\"Barbados\">Barbados<\/option>\n<option value=\"Belarus\">Belarus<\/option>\n<option value=\"Belgium\">Belgium<\/option>\n<option value=\"Belize\">Belize<\/option>\n<option value=\"Benin\">Benin<\/option>\n<option value=\"Bermuda\">Bermuda<\/option>\n<option value=\"Bhutan\">Bhutan<\/option>\n<option value=\"Bolivia\">Bolivia<\/option>\n<option value=\"Bonaire, Saint Eustatius and Saba\">Bonaire, Saint Eustatius and Saba<\/option>\n<option value=\"Bosnia and Herzegovina\">Bosnia and Herzegovina<\/option>\n<option value=\"Botswana\">Botswana<\/option>\n<option value=\"Bouvet Island\">Bouvet Island<\/option>\n<option value=\"Brazil\">Brazil<\/option>\n<option value=\"British Indian Ocean Territory\">British Indian Ocean Territory<\/option>\n<option value=\"Brunei Darussalam\">Brunei Darussalam<\/option>\n<option value=\"Bulgaria\">Bulgaria<\/option>\n<option value=\"Burkina Faso\">Burkina Faso<\/option>\n<option value=\"Burundi\">Burundi<\/option>\n<option value=\"Cambodia\">Cambodia<\/option>\n<option value=\"Cameroon\">Cameroon<\/option>\n<option value=\"Canada\">Canada<\/option>\n<option value=\"Cape Verde\">Cape Verde<\/option>\n<option value=\"Cayman Islands\">Cayman Islands<\/option>\n<option value=\"Central African Republic\">Central African Republic<\/option>\n<option value=\"Chad\">Chad<\/option>\n<option value=\"Chile\">Chile<\/option>\n<option value=\"China\">China<\/option>\n<option value=\"Christmas Island\">Christmas Island<\/option>\n<option value=\"Cocos (Keeling) Islands\">Cocos (Keeling) Islands<\/option>\n<option value=\"Colombia\">Colombia<\/option>\n<option value=\"Comoros\">Comoros<\/option>\n<option value=\"Congo\">Congo<\/option>\n<option value=\"Cook Islands\">Cook Islands<\/option>\n<option value=\"Costa Rica\">Costa Rica<\/option>\n<option value=\"Cote D'Ivoire\">Cote D'Ivoire<\/option>\n<option value=\"Croatia\">Croatia<\/option>\n<option value=\"Cuba\">Cuba<\/option>\n<option value=\"Curacao\">Curacao<\/option>\n<option value=\"Cyprus\">Cyprus<\/option>\n<option value=\"Czech Republic\">Czech Republic<\/option>\n<option value=\"Democratic Republic of the Congo\">Democratic Republic of the Congo<\/option>\n<option value=\"Denmark\">Denmark<\/option>\n<option value=\"Djibouti\">Djibouti<\/option>\n<option value=\"Dominica\">Dominica<\/option>\n<option value=\"Dominican Republic\">Dominican Republic<\/option>\n<option value=\"Ecuador\">Ecuador<\/option>\n<option value=\"Egypt\">Egypt<\/option>\n<option value=\"El Salvador\">El Salvador<\/option>\n<option value=\"Equatorial Guinea\">Equatorial Guinea<\/option>\n<option value=\"Eritrea\">Eritrea<\/option>\n<option value=\"Estonia\">Estonia<\/option>\n<option value=\"Ethiopia\">Ethiopia<\/option>\n<option value=\"Falkland Islands\">Falkland Islands<\/option>\n<option value=\"Faroe Islands\">Faroe Islands<\/option>\n<option value=\"Fiji\">Fiji<\/option>\n<option value=\"Finland\">Finland<\/option>\n<option value=\"France\">France<\/option>\n<option value=\"French Guiana\">French Guiana<\/option>\n<option value=\"French Polynesia\">French Polynesia<\/option>\n<option value=\"French Southern Territories\">French Southern Territories<\/option>\n<option value=\"Gabon\">Gabon<\/option>\n<option value=\"Gambia\">Gambia<\/option>\n<option value=\"Georgia\">Georgia<\/option>\n<option value=\"Germany\">Germany<\/option>\n<option value=\"Ghana\">Ghana<\/option>\n<option value=\"Gibraltar\">Gibraltar<\/option>\n<option value=\"Greece\">Greece<\/option>\n<option value=\"Greenland\">Greenland<\/option>\n<option value=\"Grenada\">Grenada<\/option>\n<option value=\"Guadeloupe\">Guadeloupe<\/option>\n<option value=\"Guam\">Guam<\/option>\n<option value=\"Guatemala\">Guatemala<\/option>\n<option value=\"Guernsey\">Guernsey<\/option>\n<option value=\"Guinea\">Guinea<\/option>\n<option value=\"Guinea-Bissau\">Guinea-Bissau<\/option>\n<option value=\"Guyana\">Guyana<\/option>\n<option value=\"Haiti\">Haiti<\/option>\n<option value=\"Heard and Mc Donald Islands\">Heard and Mc Donald Islands<\/option>\n<option value=\"Honduras\">Honduras<\/option>\n<option value=\"Hong Kong\">Hong Kong<\/option>\n<option value=\"Hungary\">Hungary<\/option>\n<option value=\"Iceland\">Iceland<\/option>\n<option value=\"India\">India<\/option>\n<option value=\"Indonesia\">Indonesia<\/option>\n<option value=\"Iran\">Iran<\/option>\n<option value=\"Iraq\">Iraq<\/option>\n<option value=\"Ireland\">Ireland<\/option>\n<option value=\"Isle of Man\">Isle of Man<\/option>\n<option value=\"Israel\">Israel<\/option>\n<option value=\"Italy\">Italy<\/option>\n<option value=\"Jamaica\">Jamaica<\/option>\n<option value=\"Japan\">Japan<\/option>\n<option value=\"Jersey  (Channel Islands)\">Jersey  (Channel Islands)<\/option>\n<option value=\"Jordan\">Jordan<\/option>\n<option value=\"Kazakhstan\">Kazakhstan<\/option>\n<option value=\"Kenya\">Kenya<\/option>\n<option value=\"Kiribati\">Kiribati<\/option>\n<option value=\"Kuwait\">Kuwait<\/option>\n<option value=\"Kyrgyzstan\">Kyrgyzstan<\/option>\n<option value=\"Lao People's Democratic Republic\">Lao People's Democratic Republic<\/option>\n<option value=\"Latvia\">Latvia<\/option>\n<option value=\"Lebanon\">Lebanon<\/option>\n<option value=\"Lesotho\">Lesotho<\/option>\n<option value=\"Liberia\">Liberia<\/option>\n<option value=\"Libya\">Libya<\/option>\n<option value=\"Liechtenstein\">Liechtenstein<\/option>\n<option value=\"Lithuania\">Lithuania<\/option>\n<option value=\"Luxembourg\">Luxembourg<\/option>\n<option value=\"Macau\">Macau<\/option>\n<option value=\"Macedonia\">Macedonia<\/option>\n<option value=\"Madagascar\">Madagascar<\/option>\n<option value=\"Malawi\">Malawi<\/option>\n<option value=\"Malaysia\">Malaysia<\/option>\n<option value=\"Maldives\">Maldives<\/option>\n<option value=\"Mali\">Mali<\/option>\n<option value=\"Malta\">Malta<\/option>\n<option value=\"Marshall Islands\">Marshall Islands<\/option>\n<option value=\"Martinique\">Martinique<\/option>\n<option value=\"Mauritania\">Mauritania<\/option>\n<option value=\"Mauritius\">Mauritius<\/option>\n<option value=\"Mayotte\">Mayotte<\/option>\n<option value=\"Mexico\">Mexico<\/option>\n<option value=\"Micronesia, Federated States of\">Micronesia, Federated States of<\/option>\n<option value=\"Moldova, Republic of\">Moldova, Republic of<\/option>\n<option value=\"Monaco\">Monaco<\/option>\n<option value=\"Mongolia\">Mongolia<\/option>\n<option value=\"Montenegro\">Montenegro<\/option>\n<option value=\"Montserrat\">Montserrat<\/option>\n<option value=\"Morocco\">Morocco<\/option>\n<option value=\"Mozambique\">Mozambique<\/option>\n<option value=\"Myanmar\">Myanmar<\/option>\n<option value=\"Namibia\">Namibia<\/option>\n<option value=\"Nauru\">Nauru<\/option>\n<option value=\"Nepal\">Nepal<\/option>\n<option value=\"Netherlands\">Netherlands<\/option>\n<option value=\"Netherlands Antilles\">Netherlands Antilles<\/option>\n<option value=\"New Caledonia\">New Caledonia<\/option>\n<option value=\"New Zealand\">New Zealand<\/option>\n<option value=\"Nicaragua\">Nicaragua<\/option>\n<option value=\"Niger\">Niger<\/option>\n<option value=\"Nigeria\">Nigeria<\/option>\n<option value=\"Niue\">Niue<\/option>\n<option value=\"Norfolk Island\">Norfolk Island<\/option>\n<option value=\"North Korea\">North Korea<\/option>\n<option value=\"Northern Mariana Islands\">Northern Mariana Islands<\/option>\n<option value=\"Norway\">Norway<\/option>\n<option value=\"Oman\">Oman<\/option>\n<option value=\"Pakistan\">Pakistan<\/option>\n<option value=\"Palau\">Palau<\/option>\n<option value=\"Palestine\">Palestine<\/option>\n<option value=\"Panama\">Panama<\/option>\n<option value=\"Papua New Guinea\">Papua New Guinea<\/option>\n<option value=\"Paraguay\">Paraguay<\/option>\n<option value=\"Peru\">Peru<\/option>\n<option value=\"Philippines\">Philippines<\/option>\n<option value=\"Pitcairn\">Pitcairn<\/option>\n<option value=\"Poland\">Poland<\/option>\n<option value=\"Portugal\">Portugal<\/option>\n<option value=\"Puerto Rico\">Puerto Rico<\/option>\n<option value=\"Qatar\">Qatar<\/option>\n<option value=\"Republic of Kosovo\">Republic of Kosovo<\/option>\n<option value=\"Reunion\">Reunion<\/option>\n<option value=\"Romania\">Romania<\/option>\n<option value=\"Russia\">Russia<\/option>\n<option value=\"Rwanda\">Rwanda<\/option>\n<option value=\"Saint Kitts and Nevis\">Saint Kitts and Nevis<\/option>\n<option value=\"Saint Lucia\">Saint Lucia<\/option>\n<option value=\"Saint Martin\">Saint Martin<\/option>\n<option value=\"Saint Vincent and the Grenadines\">Saint Vincent and the Grenadines<\/option>\n<option value=\"Samoa (Independent)\">Samoa (Independent)<\/option>\n<option value=\"San Marino\">San Marino<\/option>\n<option value=\"Sao Tome and Principe\">Sao Tome and Principe<\/option>\n<option value=\"Saudi Arabia\">Saudi Arabia<\/option>\n<option value=\"Senegal\">Senegal<\/option>\n<option value=\"Serbia\">Serbia<\/option>\n<option value=\"Seychelles\">Seychelles<\/option>\n<option value=\"Sierra Leone\">Sierra Leone<\/option>\n<option value=\"Singapore\">Singapore<\/option>\n<option value=\"Sint Maarten\">Sint Maarten<\/option>\n<option value=\"Slovakia\">Slovakia<\/option>\n<option value=\"Slovenia\">Slovenia<\/option>\n<option value=\"Solomon Islands\">Solomon Islands<\/option>\n<option value=\"Somalia\">Somalia<\/option>\n<option value=\"South Africa\">South Africa<\/option>\n<option value=\"South Georgia and the South Sandwich Islands\">South Georgia and the South Sandwich Islands<\/option>\n<option value=\"South Korea\">South Korea<\/option>\n<option value=\"South Sudan\">South Sudan<\/option>\n<option value=\"Spain\">Spain<\/option>\n<option value=\"Sri Lanka\">Sri Lanka<\/option>\n<option value=\"St. Helena\">St. Helena<\/option>\n<option value=\"St. Pierre and Miquelon\">St. Pierre and Miquelon<\/option>\n<option value=\"Sudan\">Sudan<\/option>\n<option value=\"Suriname\">Suriname<\/option>\n<option value=\"Svalbard and Jan Mayen Islands\">Svalbard and Jan Mayen Islands<\/option>\n<option value=\"Swaziland\">Swaziland<\/option>\n<option value=\"Sweden\">Sweden<\/option>\n<option value=\"Switzerland\">Switzerland<\/option>\n<option value=\"Syria\">Syria<\/option>\n<option value=\"Taiwan\">Taiwan<\/option>\n<option value=\"Tajikistan\">Tajikistan<\/option>\n<option value=\"Tanzania\">Tanzania<\/option>\n<option value=\"Thailand\">Thailand<\/option>\n<option value=\"Timor-Leste\">Timor-Leste<\/option>\n<option value=\"Togo\">Togo<\/option>\n<option value=\"Tokelau\">Tokelau<\/option>\n<option value=\"Tonga\">Tonga<\/option>\n<option value=\"Trinidad and Tobago\">Trinidad and Tobago<\/option>\n<option value=\"Tunisia\">Tunisia<\/option>\n<option value=\"Turkey\">Turkey<\/option>\n<option value=\"Turkmenistan\">Turkmenistan<\/option>\n<option value=\"Turks &amp; Caicos Islands\">Turks &amp; Caicos Islands<\/option>\n<option value=\"Turks and Caicos Islands\">Turks and Caicos Islands<\/option>\n<option value=\"Tuvalu\">Tuvalu<\/option>\n<option value=\"Uganda\">Uganda<\/option>\n<option value=\"Ukraine\">Ukraine<\/option>\n<option value=\"United Arab Emirates\">United Arab Emirates<\/option>\n<option value=\"United Kingdom\">United Kingdom<\/option>\n<option value=\"Uruguay\">Uruguay<\/option>\n<option value=\"USA Minor Outlying Islands\">USA Minor Outlying Islands<\/option>\n<option value=\"Uzbekistan\">Uzbekistan<\/option>\n<option value=\"Vanuatu\">Vanuatu<\/option>\n<option value=\"Vatican City State (Holy See)\">Vatican City State (Holy See)<\/option>\n<option value=\"Venezuela\">Venezuela<\/option>\n<option value=\"Vietnam\">Vietnam<\/option>\n<option value=\"Virgin Islands (British)\">Virgin Islands (British)<\/option>\n<option value=\"Virgin Islands (U.S.)\">Virgin Islands (U.S.)<\/option>\n<option value=\"Wallis and Futuna Islands\">Wallis and Futuna Islands<\/option>\n<option value=\"Western Sahara\">Western Sahara<\/option>\n<option value=\"Yemen\">Yemen<\/option>\n<option value=\"Zambia\">Zambia<\/option>\n<option value=\"Zimbabwe\">Zimbabwe<\/option>\n\n\t<\/select>\n\t<span id=\"mce-MMERGE20-HELPERTEXT\" class=\"helper_text\"><\/span>\n<\/div>\n\t<div id=\"mce-responses\" class=\"clear\">\n\t\t<div class=\"response\" id=\"mce-error-response\" style=\"display:none\"><\/div>\n\t\t<div class=\"response\" id=\"mce-success-response\" style=\"display:none\"><\/div>\n\t<\/div>    <!-- real people should not fill this in and expect good things - do not remove this or risk form bot signups-->\n    <div style=\"position: absolute; left: -5000px;\" aria-hidden=\"true\"><input type=\"text\" name=\"b_3193195bf66a5b0d44d8d29b6_8f76f3998d\" tabindex=\"-1\" value=\"\"><\/div>\n    <div class=\"clear\"><input type=\"submit\" value=\"Subscribe\" name=\"subscribe\" id=\"mc-embedded-subscribe\" class=\"button\"><\/div>\n    <\/div>\n<\/form>\n<\/div>\n<script type='text\/javascript' src='\/\/s3.amazonaws.com\/downloads.mailchimp.com\/js\/mc-validate.js'><\/script><script type='text\/javascript'>(function($) {window.fnames = new Array(); window.ftypes = new Array();fnames[0]='EMAIL';ftypes[0]='email';fnames[1]='FNAME';ftypes[1]='text';fnames[2]='LNAME';ftypes[2]='text';fnames[4]='MMERGE4';ftypes[4]='text';fnames[7]='MMERGE7';ftypes[7]='text';fnames[11]='BDAYMANIF';ftypes[11]='birthday';fnames[20]='MMERGE20';ftypes[20]='dropdown';fnames[12]='MMERGE12';ftypes[12]='text';fnames[13]='START_FR';ftypes[13]='date';fnames[14]='ENDDATE_FR';ftypes[14]='date';fnames[15]='START_EN';ftypes[15]='date';fnames[16]='ENDDATE_EN';ftypes[16]='date';fnames[17]='MMERGE17';ftypes[17]='text';fnames[18]='MMERGE18';ftypes[18]='text';fnames[19]='TSHIRTSIZE';ftypes[19]='text';}(jQuery));var $mcj = jQuery.noConflict(true);<\/script>\n<!--End mc_embed_signup-->\t\t\t\t<\/div>\n\t\t\t\t<\/div>\n\t\t\t\t<div class=\"elementor-element elementor-element-f687353 elementor-widget elementor-widget-spacer\" data-id=\"f687353\" data-element_type=\"widget\" data-e-type=\"widget\" data-widget_type=\"spacer.default\">\n\t\t\t\t<div class=\"elementor-widget-container\">\n\t\t\t\t\t\t\t<div class=\"elementor-spacer\">\n\t\t\t<div class=\"elementor-spacer-inner\"><\/div>\n\t\t<\/div>\n\t\t\t\t\t\t<\/div>\n\t\t\t\t<\/div>\n\t\t\t\t<div class=\"elementor-element elementor-element-2f1ed7c1 elementor-widget elementor-widget-text-editor\" data-id=\"2f1ed7c1\" data-element_type=\"widget\" data-e-type=\"widget\" data-widget_type=\"text-editor.default\">\n\t\t\t\t<div class=\"elementor-widget-container\">\n\t\t\t\t\t\t\t\t\tLa musique a toujours jou\u00e9 un grand r\u00f4le dans ma vie, aussi loin que je me souvienne. J\u2019ai \u00e9t\u00e9 dans diff\u00e9rents groupes depuis mon adolescence, mais ce n\u2019est que depuis quelques ann\u00e9es que j\u2019ai commenc\u00e9 \u00e0 jouer sous mon propre nom, apr\u00e8s le d\u00e9c\u00e8s de mon p\u00e8re, et que la musique est devenue un exutoire pour vivre mon deuil. Un exil \u00e0 Tanger o\u00f9 je me suis perdu pour me retrouver, un premier album, un concert qui devait \u00eatre le seul, les concerts, tourn\u00e9es, albums &amp; singles qui ont suivi, la confection de mon propre merch et des items de collection, et nous voici aujourd\u2019hui, ensemble dans un voyage qui continue d\u2019\u00e9voluer comme nous le faisons ; avec la musique.\n<br><br>\nJe voulais vous aider \u00e0 naviguer dans ce voyage, \u00e0 travers ses diff\u00e9rentes facettes, et m\u2019\u00e9tant toujours consid\u00e9r\u00e9 plus comme un \u00e9crivain que comme un chanteur, l\u2019email est devenu mon catalyseur.\n<br><br>\nC\u2019est gratuit et je promets de ne pas vous envoyer de spam, mais je vous tiendrai \u00e9galement inform\u00e9 des sorties \u00e0 venir, des dates de tourn\u00e9e, ainsi que de mes r\u00e9flexions et de mes inspirations.\t\t\t\t\t\t\t\t<\/div>\n\t\t\t\t<\/div>\n\t\t\t\t<div class=\"elementor-element elementor-element-4825701f elementor-widget elementor-widget-image\" data-id=\"4825701f\" data-element_type=\"widget\" data-e-type=\"widget\" data-widget_type=\"image.default\">\n\t\t\t\t<div class=\"elementor-widget-container\">\n\t\t\t\t\t\t\t\t\t\t\t\t\t\t\t<img fetchpriority=\"high\" decoding=\"async\" width=\"941\" height=\"214\" src=\"https:\/\/alexhenryfoster.com\/wp-content\/uploads\/ahf_signature-full.png\" class=\"attachment-large size-large wp-image-42736\" alt=\"\" srcset=\"https:\/\/alexhenryfoster.com\/wp-content\/uploads\/ahf_signature-full.png 941w, https:\/\/alexhenryfoster.com\/wp-content\/uploads\/ahf_signature-full-300x68.png 300w, https:\/\/alexhenryfoster.com\/wp-content\/uploads\/ahf_signature-full-768x175.png 768w\" sizes=\"(max-width: 941px) 100vw, 941px\" \/>\t\t\t\t\t\t\t\t\t\t\t\t\t\t\t<\/div>\n\t\t\t\t<\/div>\n\t\t\t\t\t<\/div>\n\t\t<\/div>\n\t\t\t\t<div class=\"elementor-column elementor-col-50 elementor-top-column elementor-element elementor-element-261237f9\" data-id=\"261237f9\" data-element_type=\"column\" data-e-type=\"column\">\n\t\t\t<div class=\"elementor-widget-wrap elementor-element-populated\">\n\t\t\t\t\t\t<div class=\"elementor-element elementor-element-581ab04 elementor-widget elementor-widget-video\" data-id=\"581ab04\" data-element_type=\"widget\" data-e-type=\"widget\" data-settings=\"{&quot;youtube_url&quot;:&quot;https:\\\/\\\/www.youtube.com\\\/shorts\\\/OR_oOsvye0g&quot;,&quot;lazy_load&quot;:&quot;yes&quot;,&quot;video_type&quot;:&quot;youtube&quot;,&quot;controls&quot;:&quot;yes&quot;}\" data-widget_type=\"video.default\">\n\t\t\t\t<div class=\"elementor-widget-container\">\n\t\t\t\t\t\t\t<div class=\"elementor-wrapper elementor-open-inline\">\n\t\t\t<div class=\"elementor-video\"><\/div>\t\t<\/div>\n\t\t\t\t\t\t<\/div>\n\t\t\t\t<\/div>\n\t\t\t\t\t<\/div>\n\t\t<\/div>\n\t\t\t\t\t<\/div>\n\t\t<\/section>\n\t\t<div data-particle_enable=\"false\" data-particle-mobile-disabled=\"false\" class=\"elementor-element elementor-element-13b41941 e-flex e-con-boxed e-con e-parent\" data-id=\"13b41941\" data-element_type=\"container\" data-e-type=\"container\">\n\t\t\t\t\t<div class=\"e-con-inner\">\n\t\t\t\t<div class=\"elementor-element elementor-element-792f3561 elementor-widget elementor-widget-spacer\" data-id=\"792f3561\" data-element_type=\"widget\" data-e-type=\"widget\" data-widget_type=\"spacer.default\">\n\t\t\t\t<div class=\"elementor-widget-container\">\n\t\t\t\t\t\t\t<div class=\"elementor-spacer\">\n\t\t\t<div class=\"elementor-spacer-inner\"><\/div>\n\t\t<\/div>\n\t\t\t\t\t\t<\/div>\n\t\t\t\t<\/div>\n\t\t\t\t\t<\/div>\n\t\t\t\t<\/div>\n\t\t\t\t<\/div>\n\t\t","protected":false},"excerpt":{"rendered":"<p> &#8230; <a title=\"Alex Henry Foster &#8211; Subscribe\" class=\"read-more\" href=\"https:\/\/alexhenryfoster.com\/fr\/subscribe\/\" aria-label=\"Plus sur Alex Henry Foster &#8211; Subscribe\">Lire la suite<\/a><\/p>\n","protected":false},"author":1,"featured_media":0,"parent":0,"menu_order":0,"comment_status":"closed","ping_status":"closed","template":"elementor_header_footer","meta":{"_acf_changed":false,"footnotes":""},"class_list":["post-42934","page","type-page","status-publish"],"acf":[],"aioseo_notices":[],"_links":{"self":[{"href":"https:\/\/alexhenryfoster.com\/fr\/wp-json\/wp\/v2\/pages\/42934","targetHints":{"allow":["GET"]}}],"collection":[{"href":"https:\/\/alexhenryfoster.com\/fr\/wp-json\/wp\/v2\/pages"}],"about":[{"href":"https:\/\/alexhenryfoster.com\/fr\/wp-json\/wp\/v2\/types\/page"}],"author":[{"embeddable":true,"href":"https:\/\/alexhenryfoster.com\/fr\/wp-json\/wp\/v2\/users\/1"}],"replies":[{"embeddable":true,"href":"https:\/\/alexhenryfoster.com\/fr\/wp-json\/wp\/v2\/comments?post=42934"}],"version-history":[{"count":21,"href":"https:\/\/alexhenryfoster.com\/fr\/wp-json\/wp\/v2\/pages\/42934\/revisions"}],"predecessor-version":[{"id":59848,"href":"https:\/\/alexhenryfoster.com\/fr\/wp-json\/wp\/v2\/pages\/42934\/revisions\/59848"}],"wp:attachment":[{"href":"https:\/\/alexhenryfoster.com\/fr\/wp-json\/wp\/v2\/media?parent=42934"}],"curies":[{"name":"wp","href":"https:\/\/api.w.org\/{rel}","templated":true}]}}