{"id":49660,"date":"2024-03-27T13:22:48","date_gmt":"2024-03-27T17:22:48","guid":{"rendered":"https:\/\/alexhenryfoster.com\/releases\/kimiyo\/"},"modified":"2024-04-26T01:25:24","modified_gmt":"2024-04-26T05:25:24","slug":"kimiyo","status":"publish","type":"page","link":"https:\/\/alexhenryfoster.com\/fr\/releases\/kimiyo\/","title":{"rendered":"Kimiyo"},"content":{"rendered":"\t\t<div data-elementor-type=\"wp-page\" data-elementor-id=\"49660\" class=\"elementor elementor-49660 elementor-49653\" data-elementor-post-type=\"page\">\n\t\t\t\t\t\t<section data-particle_enable=\"false\" data-particle-mobile-disabled=\"false\" class=\"elementor-section elementor-top-section elementor-element elementor-element-3b856382 elementor-section-boxed elementor-section-height-default elementor-section-height-default\" data-id=\"3b856382\" data-element_type=\"section\" data-e-type=\"section\" data-settings=\"{&quot;background_background&quot;:&quot;classic&quot;}\">\n\t\t\t\t\t\t\t<div class=\"elementor-background-overlay\"><\/div>\n\t\t\t\t\t\t\t<div class=\"elementor-container elementor-column-gap-default\">\n\t\t\t\t\t<div class=\"elementor-column elementor-col-100 elementor-top-column elementor-element elementor-element-8473631\" data-id=\"8473631\" data-element_type=\"column\" data-e-type=\"column\">\n\t\t\t<div class=\"elementor-widget-wrap elementor-element-populated\">\n\t\t\t\t\t\t<section data-particle_enable=\"false\" data-particle-mobile-disabled=\"false\" class=\"elementor-section elementor-inner-section elementor-element elementor-element-6bced0 elementor-section-boxed elementor-section-height-default elementor-section-height-default\" data-id=\"6bced0\" data-element_type=\"section\" data-e-type=\"section\" data-settings=\"{&quot;background_background&quot;:&quot;classic&quot;}\">\n\t\t\t\t\t\t<div class=\"elementor-container elementor-column-gap-default\">\n\t\t\t\t\t<div class=\"elementor-column elementor-col-50 elementor-inner-column elementor-element elementor-element-54290f97\" data-id=\"54290f97\" data-element_type=\"column\" data-e-type=\"column\">\n\t\t\t<div class=\"elementor-widget-wrap elementor-element-populated\">\n\t\t\t\t\t\t<div class=\"elementor-element elementor-element-6aa61a83 elementor-widget elementor-widget-image\" data-id=\"6aa61a83\" data-element_type=\"widget\" data-e-type=\"widget\" data-widget_type=\"image.default\">\n\t\t\t\t<div class=\"elementor-widget-container\">\n\t\t\t\t\t\t\t\t\t\t\t\t\t\t\t\t<a href=\"https:\/\/found.ee\/ahf-kimiyo\">\n\t\t\t\t\t\t\t<img fetchpriority=\"high\" decoding=\"async\" width=\"800\" height=\"800\" src=\"https:\/\/alexhenryfoster.com\/wp-content\/uploads\/ahf_valm_kimiyo-cover.png\" class=\"attachment-large size-large wp-image-49590\" alt=\"\" srcset=\"https:\/\/alexhenryfoster.com\/wp-content\/uploads\/ahf_valm_kimiyo-cover.png 800w, https:\/\/alexhenryfoster.com\/wp-content\/uploads\/ahf_valm_kimiyo-cover-300x300.png 300w, https:\/\/alexhenryfoster.com\/wp-content\/uploads\/ahf_valm_kimiyo-cover-150x150.png 150w, https:\/\/alexhenryfoster.com\/wp-content\/uploads\/ahf_valm_kimiyo-cover-768x768.png 768w\" sizes=\"(max-width: 800px) 100vw, 800px\" \/>\t\t\t\t\t\t\t\t<\/a>\n\t\t\t\t\t\t\t\t\t\t\t\t\t\t\t<\/div>\n\t\t\t\t<\/div>\n\t\t\t\t\t<\/div>\n\t\t<\/div>\n\t\t\t\t<div class=\"elementor-column elementor-col-50 elementor-inner-column elementor-element elementor-element-60c58146\" data-id=\"60c58146\" data-element_type=\"column\" data-e-type=\"column\">\n\t\t\t<div class=\"elementor-widget-wrap elementor-element-populated\">\n\t\t\t\t\t\t<div class=\"elementor-element elementor-element-165c89e4 elementor-widget elementor-widget-theme-post-title elementor-page-title elementor-widget-heading\" data-id=\"165c89e4\" data-element_type=\"widget\" data-e-type=\"widget\" data-widget_type=\"theme-post-title.default\">\n\t\t\t\t<div class=\"elementor-widget-container\">\n\t\t\t\t\t<h1 class=\"elementor-heading-title elementor-size-default\">Kimiyo<\/h1>\t\t\t\t<\/div>\n\t\t\t\t<\/div>\n\t\t\t\t<div class=\"elementor-element elementor-element-79f9fe13 elementor-widget-divider--view-line_text elementor-widget-divider--element-align-center elementor-widget elementor-widget-divider\" data-id=\"79f9fe13\" data-element_type=\"widget\" data-e-type=\"widget\" data-widget_type=\"divider.default\">\n\t\t\t\t<div class=\"elementor-widget-container\">\n\t\t\t\t\t\t\t<div class=\"elementor-divider\">\n\t\t\t<span class=\"elementor-divider-separator\">\n\t\t\t\t\t\t\t<h3 class=\"elementor-divider__text elementor-divider__element\">\n\t\t\t\tALBUM\t\t\t\t<\/h3>\n\t\t\t\t\t\t<\/span>\n\t\t<\/div>\n\t\t\t\t\t\t<\/div>\n\t\t\t\t<\/div>\n\t\t\t\t<div class=\"elementor-element elementor-element-3026d518 elementor-widget elementor-widget-heading\" data-id=\"3026d518\" data-element_type=\"widget\" data-e-type=\"widget\" data-widget_type=\"heading.default\">\n\t\t\t\t<div class=\"elementor-widget-container\">\n\t\t\t\t\t<h3 class=\"elementor-heading-title elementor-size-default\">LISTE DES CHANSONS &amp; PAROLES<\/h3>\t\t\t\t<\/div>\n\t\t\t\t<\/div>\n\t\t\t\t<div class=\"elementor-element elementor-element-3e87d171 elementor-nav-menu__align-center elementor-nav-menu--dropdown-none elementor-widget elementor-widget-nav-menu\" data-id=\"3e87d171\" data-element_type=\"widget\" data-e-type=\"widget\" data-settings=\"{&quot;layout&quot;:&quot;vertical&quot;,&quot;submenu_icon&quot;:{&quot;value&quot;:&quot;&lt;i class=\\&quot;\\&quot; aria-hidden=\\&quot;true\\&quot;&gt;&lt;\\\/i&gt;&quot;,&quot;library&quot;:&quot;&quot;}}\" data-widget_type=\"nav-menu.default\">\n\t\t\t\t<div class=\"elementor-widget-container\">\n\t\t\t\t\t\t\t\t<nav aria-label=\"Menu\" class=\"elementor-nav-menu--main elementor-nav-menu__container elementor-nav-menu--layout-vertical e--pointer-text e--animation-grow\">\n\t\t\t\t<ul id=\"menu-1-3e87d171\" class=\"elementor-nav-menu sm-vertical\"><li class=\"menu-item menu-item-type-post_type menu-item-object-page menu-item-51597\"><a href=\"https:\/\/alexhenryfoster.com\/fr\/lyrics\/of-dreams-and-dust\/\" class=\"elementor-item\">Of Dreams and Dust<\/a><\/li>\n<li class=\"menu-item menu-item-type-post_type menu-item-object-page menu-item-49755\"><a href=\"https:\/\/alexhenryfoster.com\/fr\/lyrics\/a-silent-stream\/\" class=\"elementor-item\">A Silent Stream<\/a><\/li>\n<li class=\"menu-item menu-item-type-post_type menu-item-object-page menu-item-51598\"><a href=\"https:\/\/alexhenryfoster.com\/fr\/lyrics\/the-edge-of-time\/\" class=\"elementor-item\">The Edge of Time<\/a><\/li>\n<li class=\"menu-item menu-item-type-post_type menu-item-object-page menu-item-51599\"><a href=\"https:\/\/alexhenryfoster.com\/fr\/lyrics\/a-vessel-astray\/\" class=\"elementor-item\">A Vessel Astray<\/a><\/li>\n<li class=\"menu-item menu-item-type-post_type menu-item-object-page menu-item-51600\"><a href=\"https:\/\/alexhenryfoster.com\/fr\/lyrics\/all-of-our-past-future-lives\/\" class=\"elementor-item\">All of Our Past Future Lives<\/a><\/li>\n<li class=\"menu-item menu-item-type-post_type menu-item-object-page menu-item-51601\"><a href=\"https:\/\/alexhenryfoster.com\/fr\/lyrics\/autumnal-processions\/\" class=\"elementor-item\">Autumnal Processions<\/a><\/li>\n<li class=\"menu-item menu-item-type-post_type menu-item-object-page menu-item-50564\"><a href=\"https:\/\/alexhenryfoster.com\/fr\/lyrics\/nocturnal-candescence\/\" class=\"elementor-item\">Nocturnal Candescence<\/a><\/li>\n<li class=\"menu-item menu-item-type-post_type menu-item-object-page menu-item-51602\"><a href=\"https:\/\/alexhenryfoster.com\/fr\/lyrics\/too-bright-to-crumble\/\" class=\"elementor-item\">Too Bright to Crumble<\/a><\/li>\n<li class=\"menu-item menu-item-type-post_type menu-item-object-page menu-item-51603\"><a href=\"https:\/\/alexhenryfoster.com\/fr\/lyrics\/under-a-luxuriant-sky\/\" class=\"elementor-item\">Under a Luxuriant Sky<\/a><\/li>\n<\/ul>\t\t\t<\/nav>\n\t\t\t\t\t\t<nav class=\"elementor-nav-menu--dropdown elementor-nav-menu__container\" aria-hidden=\"true\">\n\t\t\t\t<ul id=\"menu-2-3e87d171\" class=\"elementor-nav-menu sm-vertical\"><li class=\"menu-item menu-item-type-post_type menu-item-object-page menu-item-51597\"><a href=\"https:\/\/alexhenryfoster.com\/fr\/lyrics\/of-dreams-and-dust\/\" class=\"elementor-item\" tabindex=\"-1\">Of Dreams and Dust<\/a><\/li>\n<li class=\"menu-item menu-item-type-post_type menu-item-object-page menu-item-49755\"><a href=\"https:\/\/alexhenryfoster.com\/fr\/lyrics\/a-silent-stream\/\" class=\"elementor-item\" tabindex=\"-1\">A Silent Stream<\/a><\/li>\n<li class=\"menu-item menu-item-type-post_type menu-item-object-page menu-item-51598\"><a href=\"https:\/\/alexhenryfoster.com\/fr\/lyrics\/the-edge-of-time\/\" class=\"elementor-item\" tabindex=\"-1\">The Edge of Time<\/a><\/li>\n<li class=\"menu-item menu-item-type-post_type menu-item-object-page menu-item-51599\"><a href=\"https:\/\/alexhenryfoster.com\/fr\/lyrics\/a-vessel-astray\/\" class=\"elementor-item\" tabindex=\"-1\">A Vessel Astray<\/a><\/li>\n<li class=\"menu-item menu-item-type-post_type menu-item-object-page menu-item-51600\"><a href=\"https:\/\/alexhenryfoster.com\/fr\/lyrics\/all-of-our-past-future-lives\/\" class=\"elementor-item\" tabindex=\"-1\">All of Our Past Future Lives<\/a><\/li>\n<li class=\"menu-item menu-item-type-post_type menu-item-object-page menu-item-51601\"><a href=\"https:\/\/alexhenryfoster.com\/fr\/lyrics\/autumnal-processions\/\" class=\"elementor-item\" tabindex=\"-1\">Autumnal Processions<\/a><\/li>\n<li class=\"menu-item menu-item-type-post_type menu-item-object-page menu-item-50564\"><a href=\"https:\/\/alexhenryfoster.com\/fr\/lyrics\/nocturnal-candescence\/\" class=\"elementor-item\" tabindex=\"-1\">Nocturnal Candescence<\/a><\/li>\n<li class=\"menu-item menu-item-type-post_type menu-item-object-page menu-item-51602\"><a href=\"https:\/\/alexhenryfoster.com\/fr\/lyrics\/too-bright-to-crumble\/\" class=\"elementor-item\" tabindex=\"-1\">Too Bright to Crumble<\/a><\/li>\n<li class=\"menu-item menu-item-type-post_type menu-item-object-page menu-item-51603\"><a href=\"https:\/\/alexhenryfoster.com\/fr\/lyrics\/under-a-luxuriant-sky\/\" class=\"elementor-item\" tabindex=\"-1\">Under a Luxuriant Sky<\/a><\/li>\n<\/ul>\t\t\t<\/nav>\n\t\t\t\t\t\t<\/div>\n\t\t\t\t<\/div>\n\t\t\t\t<div class=\"elementor-element elementor-element-7bfc42b1 elementor-align-center elementor-widget elementor-widget-button\" data-id=\"7bfc42b1\" data-element_type=\"widget\" data-e-type=\"widget\" data-widget_type=\"button.default\">\n\t\t\t\t<div class=\"elementor-widget-container\">\n\t\t\t\t\t\t\t\t\t<div class=\"elementor-button-wrapper\">\n\t\t\t\t\t<a class=\"elementor-button elementor-button-link elementor-size-sm elementor-animation-grow\" href=\"https:\/\/found.ee\/ahf-kimiyo\">\n\t\t\t\t\t\t<span class=\"elementor-button-content-wrapper\">\n\t\t\t\t\t\t\t\t\t<span class=\"elementor-button-text\">\u00c9coutez \/ Achetez<\/span>\n\t\t\t\t\t<\/span>\n\t\t\t\t\t<\/a>\n\t\t\t\t<\/div>\n\t\t\t\t\t\t\t\t<\/div>\n\t\t\t\t<\/div>\n\t\t\t\t\t<\/div>\n\t\t<\/div>\n\t\t\t\t\t<\/div>\n\t\t<\/section>\n\t\t\t\t\t<\/div>\n\t\t<\/div>\n\t\t\t\t\t<\/div>\n\t\t<\/section>\n\t\t\t\t<section data-particle_enable=\"false\" data-particle-mobile-disabled=\"false\" class=\"elementor-section elementor-top-section elementor-element elementor-element-3f9a745 elementor-section-boxed elementor-section-height-default elementor-section-height-default\" data-id=\"3f9a745\" data-element_type=\"section\" data-e-type=\"section\">\n\t\t\t\t\t\t<div class=\"elementor-container elementor-column-gap-default\">\n\t\t\t\t\t<div class=\"elementor-column elementor-col-100 elementor-top-column elementor-element elementor-element-319b471\" data-id=\"319b471\" data-element_type=\"column\" data-e-type=\"column\">\n\t\t\t<div class=\"elementor-widget-wrap elementor-element-populated\">\n\t\t\t\t\t\t<div class=\"elementor-element elementor-element-6b6b9256 elementor-widget elementor-widget-spacer\" data-id=\"6b6b9256\" data-element_type=\"widget\" data-e-type=\"widget\" data-widget_type=\"spacer.default\">\n\t\t\t\t<div class=\"elementor-widget-container\">\n\t\t\t\t\t\t\t<div class=\"elementor-spacer\">\n\t\t\t<div class=\"elementor-spacer-inner\"><\/div>\n\t\t<\/div>\n\t\t\t\t\t\t<\/div>\n\t\t\t\t<\/div>\n\t\t\t\t\t<\/div>\n\t\t<\/div>\n\t\t\t\t\t<\/div>\n\t\t<\/section>\n\t\t\t\t<section data-particle_enable=\"false\" data-particle-mobile-disabled=\"false\" class=\"elementor-section elementor-top-section elementor-element elementor-element-74864380 elementor-section-boxed elementor-section-height-default elementor-section-height-default\" data-id=\"74864380\" data-element_type=\"section\" data-e-type=\"section\">\n\t\t\t\t\t\t<div class=\"elementor-container elementor-column-gap-default\">\n\t\t\t\t\t<div class=\"elementor-column elementor-col-100 elementor-top-column elementor-element elementor-element-6d242255\" data-id=\"6d242255\" data-element_type=\"column\" data-e-type=\"column\">\n\t\t\t<div class=\"elementor-widget-wrap elementor-element-populated\">\n\t\t\t\t\t\t<section data-particle_enable=\"false\" data-particle-mobile-disabled=\"false\" class=\"elementor-section elementor-inner-section elementor-element elementor-element-359da87a elementor-section-boxed elementor-section-height-default elementor-section-height-default\" data-id=\"359da87a\" data-element_type=\"section\" data-e-type=\"section\" data-settings=\"{&quot;background_background&quot;:&quot;classic&quot;}\">\n\t\t\t\t\t\t<div class=\"elementor-container elementor-column-gap-default\">\n\t\t\t\t\t<div class=\"elementor-column elementor-col-50 elementor-inner-column elementor-element elementor-element-2db0573c\" data-id=\"2db0573c\" data-element_type=\"column\" data-e-type=\"column\">\n\t\t\t<div class=\"elementor-widget-wrap elementor-element-populated\">\n\t\t\t\t\t\t<div class=\"elementor-element elementor-element-5a2a192f elementor-widget elementor-widget-text-editor\" data-id=\"5a2a192f\" data-element_type=\"widget\" data-e-type=\"widget\" data-widget_type=\"text-editor.default\">\n\t\t\t\t<div class=\"elementor-widget-container\">\n\t\t\t\t\t\t\t\t\tLe projet en entier \u00e9tait initialement per\u00e7u par Lemelin comme \u00e9tant un projet instrumental, Foster \u00e9tant seulement en mesure de murmurer lorsqu\u2019il en partagea l\u2019id\u00e9e, mais ce dernier eu plut\u00f4t l\u2019id\u00e9e d\u2019inviter Momoka avec qui il avait travaill\u00e9 \u00e0 de nombreuses occasions \u2013 datant de l\u2019\u00e9poque de son implication au sein de Your Favorite Enemies \u2013 afin d\u2019\u00eatre la voix de la toute premi\u00e8re incarnation de son projet. Elle ne savait pas qu&rsquo;elle deviendrait le point central de ce qui serait l&rsquo;album intitul\u00e9 Kimiyo, qui est devenu un catalyseur pour ce qui allait suivre.\n<br><br>\n\u00ab J\u2019ai toujours cherch\u00e9 un pr\u00e9texte ou une excuse pour travailler avec Momoka. Elle a un esprit des plus uniques et elle est une personne tr\u00e8s inspirante et intuitive. Nous avons une vision commune de la vie en g\u00e9n\u00e9ral et de la spiritualit\u00e9 en particulier, mais surtout, elle est une artiste fantastique envers qui j\u2019ai la plus haute des admirations. Lorsqu\u2019il est devenu clair pour moi qu\u2019il me serait impossible de chanter ou parler sur les chansons dont nous avions fait les esquisses, Momoka deviendrait la seule personne habile \u00e0 transcender l\u2019esprit du projet, selon moi. La po\u00e9sie de Voyage \u00e0 la Mer deviendrait l\u2019\u00e9l\u00e9ment central sur lequel le projet trouverait son appui, mais je voulais que Momoka puisse faire sa propre interpr\u00e9tation du courant lyrique sous-jacent et s\u2019exprimer dans sa langue natale, afin qu\u2019elle n\u2019ait pas \u00e0 incarner ma voix ni \u00e0 tenter d\u2019imiter ce que mes mots tenteraient de communiquer. Nous avons pos\u00e9 la toile, d\u00e9fini l\u2019ensemble des couleurs, mais c&rsquo;\u00e9tait \u00e0 elle de s&rsquo;exprimer et d&rsquo;\u00eatre le tableau \u00bb, explique Foster.\n<br><br>\nCon\u00e7u comme \u00e9tant une histoire dans une histoire, Kimiyo s&rsquo;est d\u00e9velopp\u00e9 en une entit\u00e9 \u00e0 plusieurs niveaux, l\u2019album \u00e9tant inspir\u00e9 de t\u00e9moignages de gens dont Foster avait fait la rencontre au Japon en 2010. Le r\u00e9cit principal de Kimiyo met l\u2019emphase sur le parcours d\u2019une jeune personne qui \u00e9crivit \u00e0 Foster des ann\u00e9es suivant leur rencontre afin d\u2019en partager des bribes de la fa\u00e7on dont elle avait trouv\u00e9 un nouveau sens de soi, apr\u00e8s avoir pens\u00e9 s\u2019enlever la vie des suites d\u2019une grossesse non d\u00e9sir\u00e9e, mais incapable d\u2019envisager l\u2019id\u00e9e de mettre fin \u00e0 sa vie ou \u00e0 sa grossesse, elle devint ainsi haineuse envers la vie qui bourgenonnait en elle et prenait possession de son corps, mais trouva une forme d\u2019espoir l\u2019apaisant face \u00e0 son \u00e9tat pr\u00e9sent et futur qui \u00e9mergea en sentant le b\u00e9b\u00e9 commencer \u00e0 bouger dans son corps. Elle s\u2019est alors mise \u00e0 s\u2019imaginer une vie bien \u00e0 elle, un but qu\u2019elle n\u2019aurait jamais pens\u00e9 \u00eatre en mesure de trouver nul part \u2013 tout particuli\u00e8rement pas \u00e0 l\u2019int\u00e9rieur d\u2019elle-m\u00eame \u2013 mais a perdu l\u2019enfant des suites d\u2019une fausse couche, la laissant vide \u00e0 nouveau, mais en quelque sorte transform\u00e9e. Elle apprit que le bonheur est une mesure du coeur et de l\u2019\u00e2me, acceptant que le sentiment de but est quelque chose qui cro\u00eet de l\u2019int\u00e9rieur, mais, comme Foster l\u2019a expos\u00e9, tout comme l\u2019arbre peut trop souvent cacher la magnifique densit\u00e9 d\u2019une for\u00eat, il existe des lumi\u00e8res qui sont tout simplement trop lumineuses pour \u00eatre cach\u00e9es. \n<br><br>\n\u00abJe suis toujours tr\u00e8s r\u00e9ticent \u00e0 expliquer ce qui aurait pu \u00eatre l\u2019\u00e9tincelle d\u2019origine des projets que je partage avec le monde, tout autant que je suis hautement h\u00e9sitant \u00e0 offrir des indices sp\u00e9cifiques \u00e0 propos de ce qu\u2019ils repr\u00e9sentent pour moi. Je crois que l\u2019art v\u00e9ritable \u00e0 l&rsquo;habilet\u00e9 d\u2019\u00e9voluer, et ainsi surpasser ses origines et ses connecteurs. Puisque que Kimiyo a une telle profondeur \u00e9motionnelle, j\u2019ai cru que nous aurions tous besoin de conna\u00eetre quel en \u00e9tait le point de d\u00e9part, aussi tragique que l\u2019histoire d\u2019o\u00f9 il en puisa son inspiration. Je pense que cela repr\u00e9sente beaucoup plus que ce \u00e0 quoi nous avions l&rsquo;habitude de nous contenter avec notre propension \u00e0 ne regarder que la surface des \u00e9l\u00e9ments que nous ne voulons pas explorer par peur du changement ou de l&rsquo;\u00e9volution. Pour moi, alors que Kimiyo peut \u00eatre imagin\u00e9 et m\u00eame touch\u00e9, c\u2019est n\u00e9anmoins une m\u00e9taphore \u00e0 propos de la qu\u00eate de soi, notre but, notre propre trajectoire de l\u2019isolement de l\u2019humain, l\u2019\u00e9vasion et le d\u00e9ni, tout autant que c\u2019est une all\u00e9gorie de notre d\u00e9sir d\u2019\u00eatre libre, unique et significatif, par rapport \u00e0 un monde con\u00e7u pour formater l&rsquo;identit\u00e9, pour maintenir l\u2019absolu plut\u00f4t que l\u2019\u00e9mancipation, et produire une commercialisation \u00e9go\u00efste pour quelques-uns au lieu d\u2019\u00eatre au service de l\u2019\u00e9galit\u00e9 des chances. Bien que cela prenne place au Japon, c\u2019est une toile universelle, sur laquelle nous avons tous \u00e0 d\u00e9cider ce que nous souhaitons exprimer, mais principalement ce que nous sommes pr\u00eats \u00e0 exposer \u00e0 propos de nous-m\u00eames afin de nous relever renouvel\u00e9s. Parfois, les couleurs que nous voyons et les ombres que nous percevons peuvent \u00eatre incroyablement d\u00e9cevantes\u2026\u00bb\n<br><br>\nAlors que Kimiyo \u00e9voluait vers sa propre entit\u00e9, Voyage \u00e0 la Mer commen\u00e7ait lentement \u00e0 \u00e9tendre son univers expressif vers une port\u00e9e affective plus vaste et plus \u00e9tendue que ce que Foster avait initialement imagin\u00e9. Un album compagnon suppl\u00e9mentaire allait bient\u00f4t voir le jour\u2026\n\t\t\t\t\t\t\t\t<\/div>\n\t\t\t\t<\/div>\n\t\t\t\t\t<\/div>\n\t\t<\/div>\n\t\t\t\t<div class=\"elementor-column elementor-col-50 elementor-inner-column elementor-element elementor-element-24dfd24e\" data-id=\"24dfd24e\" data-element_type=\"column\" data-e-type=\"column\">\n\t\t\t<div class=\"elementor-widget-wrap elementor-element-populated\">\n\t\t\t\t\t\t<div class=\"elementor-element elementor-element-122d3f29 elementor-widget elementor-widget-text-editor\" data-id=\"122d3f29\" data-element_type=\"widget\" data-e-type=\"widget\" data-widget_type=\"text-editor.default\">\n\t\t\t\t<div class=\"elementor-widget-container\">\n\t\t\t\t\t\t\t\t\t<h3 style=\"margin-bottom: 5px;\">Date de sortie<\/h3><p><i>26 avril, 2024<\/i><\/p><h3 style=\"margin-bottom: 5px;\">Musique<\/h3><p><i>Alex Henry Foster<br \/>Ben Lemelin<\/i><\/p><h3 style=\"margin-bottom: 5px;\">Paroles<\/h3><p><i>Alex Henry Foster<\/i><\/p><h3 style=\"margin-bottom: 5px;\">Voix<\/h3><p><i>Momoka Tobari<\/i><\/p><h3 style=\"margin-bottom: 5px;\">Produit Par<\/h3><p><i>Alex Henry Foster<br \/>Ben Lemelin<\/i><\/p><h3 style=\"margin-bottom: 5px;\">Label<\/h3><p><i>Hopeful Tragedy Records<\/i><\/p>\t\t\t\t\t\t\t\t<\/div>\n\t\t\t\t<\/div>\n\t\t\t\t\t<\/div>\n\t\t<\/div>\n\t\t\t\t\t<\/div>\n\t\t<\/section>\n\t\t\t\t\t<\/div>\n\t\t<\/div>\n\t\t\t\t\t<\/div>\n\t\t<\/section>\n\t\t\t\t<section data-particle_enable=\"false\" data-particle-mobile-disabled=\"false\" class=\"elementor-section elementor-top-section elementor-element elementor-element-7bab2bfe elementor-section-boxed elementor-section-height-default elementor-section-height-default\" data-id=\"7bab2bfe\" data-element_type=\"section\" data-e-type=\"section\">\n\t\t\t\t\t\t<div class=\"elementor-container elementor-column-gap-default\">\n\t\t\t\t\t<div class=\"elementor-column elementor-col-100 elementor-top-column elementor-element elementor-element-3cfef41c\" data-id=\"3cfef41c\" data-element_type=\"column\" data-e-type=\"column\">\n\t\t\t<div class=\"elementor-widget-wrap elementor-element-populated\">\n\t\t\t\t\t\t<div class=\"elementor-element elementor-element-7d0c7efe elementor-widget elementor-widget-spacer\" data-id=\"7d0c7efe\" data-element_type=\"widget\" data-e-type=\"widget\" data-widget_type=\"spacer.default\">\n\t\t\t\t<div class=\"elementor-widget-container\">\n\t\t\t\t\t\t\t<div class=\"elementor-spacer\">\n\t\t\t<div class=\"elementor-spacer-inner\"><\/div>\n\t\t<\/div>\n\t\t\t\t\t\t<\/div>\n\t\t\t\t<\/div>\n\t\t\t\t\t<\/div>\n\t\t<\/div>\n\t\t\t\t\t<\/div>\n\t\t<\/section>\n\t\t\t\t<\/div>\n\t\t","protected":false},"excerpt":{"rendered":"<p> &#8230; <a title=\"Kimiyo\" class=\"read-more\" href=\"https:\/\/alexhenryfoster.com\/fr\/releases\/kimiyo\/\" aria-label=\"Plus sur Kimiyo\">Lire la suite<\/a><\/p>\n","protected":false},"author":1,"featured_media":0,"parent":8462,"menu_order":0,"comment_status":"closed","ping_status":"closed","template":"elementor_header_footer","meta":{"_acf_changed":false,"footnotes":""},"class_list":["post-49660","page","type-page","status-publish"],"acf":[],"aioseo_notices":[],"_links":{"self":[{"href":"https:\/\/alexhenryfoster.com\/fr\/wp-json\/wp\/v2\/pages\/49660","targetHints":{"allow":["GET"]}}],"collection":[{"href":"https:\/\/alexhenryfoster.com\/fr\/wp-json\/wp\/v2\/pages"}],"about":[{"href":"https:\/\/alexhenryfoster.com\/fr\/wp-json\/wp\/v2\/types\/page"}],"author":[{"embeddable":true,"href":"https:\/\/alexhenryfoster.com\/fr\/wp-json\/wp\/v2\/users\/1"}],"replies":[{"embeddable":true,"href":"https:\/\/alexhenryfoster.com\/fr\/wp-json\/wp\/v2\/comments?post=49660"}],"version-history":[{"count":15,"href":"https:\/\/alexhenryfoster.com\/fr\/wp-json\/wp\/v2\/pages\/49660\/revisions"}],"predecessor-version":[{"id":51736,"href":"https:\/\/alexhenryfoster.com\/fr\/wp-json\/wp\/v2\/pages\/49660\/revisions\/51736"}],"up":[{"embeddable":true,"href":"https:\/\/alexhenryfoster.com\/fr\/wp-json\/wp\/v2\/pages\/8462"}],"wp:attachment":[{"href":"https:\/\/alexhenryfoster.com\/fr\/wp-json\/wp\/v2\/media?parent=49660"}],"curies":[{"name":"wp","href":"https:\/\/api.w.org\/{rel}","templated":true}]}}