{"id":53020,"date":"2024-05-21T13:51:07","date_gmt":"2024-05-21T17:51:07","guid":{"rendered":"https:\/\/alexhenryfoster.com\/?page_id=53020"},"modified":"2024-10-13T16:10:57","modified_gmt":"2024-10-13T20:10:57","slug":"tour-chronicles","status":"publish","type":"page","link":"https:\/\/alexhenryfoster.com\/fr\/tour-chronicles\/","title":{"rendered":"Tour Chronicles"},"content":{"rendered":"\t\t<div data-elementor-type=\"wp-page\" data-elementor-id=\"53020\" class=\"elementor elementor-53020\" data-elementor-post-type=\"page\">\n\t\t\t\t\t\t<section data-particle_enable=\"false\" data-particle-mobile-disabled=\"false\" class=\"elementor-section elementor-top-section elementor-element elementor-element-1ddc0bf5 elementor-section-boxed elementor-section-height-default elementor-section-height-default\" data-id=\"1ddc0bf5\" data-element_type=\"section\" data-e-type=\"section\" data-settings=\"{&quot;background_background&quot;:&quot;classic&quot;,&quot;background_motion_fx_motion_fx_scrolling&quot;:&quot;yes&quot;,&quot;background_motion_fx_devices&quot;:[&quot;desktop&quot;,&quot;tablet&quot;,&quot;mobile&quot;]}\">\n\t\t\t\t\t\t<div class=\"elementor-container elementor-column-gap-default\">\n\t\t\t\t\t<div class=\"elementor-column elementor-col-100 elementor-top-column elementor-element elementor-element-53a7035\" data-id=\"53a7035\" data-element_type=\"column\" data-e-type=\"column\" data-settings=\"{&quot;background_background&quot;:&quot;classic&quot;}\">\n\t\t\t<div class=\"elementor-widget-wrap elementor-element-populated\">\n\t\t\t\t\t\t<div class=\"elementor-element elementor-element-6854a713 elementor-widget elementor-widget-heading\" data-id=\"6854a713\" data-element_type=\"widget\" data-e-type=\"widget\" data-widget_type=\"heading.default\">\n\t\t\t\t<div class=\"elementor-widget-container\">\n\t\t\t\t\t<h1 class=\"elementor-heading-title elementor-size-default\">Chroniques de tourn\u00e9e \n<\/h1>\t\t\t\t<\/div>\n\t\t\t\t<\/div>\n\t\t\t\t<div class=\"elementor-element elementor-element-2ee6c94b elementor-widget elementor-widget-text-editor\" data-id=\"2ee6c94b\" data-element_type=\"widget\" data-e-type=\"widget\" data-widget_type=\"text-editor.default\">\n\t\t\t\t<div class=\"elementor-widget-container\">\n\t\t\t\t\t\t\t\t\tCette section mettra en vedette mon voyage \u00e0 venir sur la route, des concerts au processus d\u2019\u00e9criture, la r\u00e9alit\u00e9 quotidienne de la vie en communaut\u00e9, les d\u00e9couvertes cr\u00e9atives et humaines que je ferai, les r\u00e9flexions en lien avec mon mode de vie de nomade, les sensations face au fait d\u2019\u00eatre expos\u00e9 au grand jour alors que je m\u2019abandonne sur sc\u00e8ne une fois de plus, ainsi que les \u00e9motions li\u00e9es au fait de d\u00e9couvrir et red\u00e9couvrir qui je suis dans un tel contexte communautaire. \u00c0 cela s\u2019ajouteront les entre-deux, dont je ne saisis pas encore tout \u00e0 fait les implications affectives.\n\n<br><br>\nBien que je n\u2019aie pas d\u00e9termin\u00e9 la structure sp\u00e9cifique ni \u00e9tabli la fr\u00e9quence des publications, je calquerai peut-\u00eatre mes chroniques de tourn\u00e9es sur le mod\u00e8le de mon Journal de studio ; une sorte de format spontan\u00e9 et libre que j&rsquo;appr\u00e9cie particuli\u00e8rement pour sa nature sinc\u00e8re et instinctive. Une chose est s\u00fbre, il sera extr\u00eamement int\u00e9ressant pour moi de m&rsquo;immerger dans un si magnifique chaos en mouvance et de d\u00e9couvrir comment tout le processus \u00e9voluera de jour en jour, ainsi que la transformation que ce sera que de m\u2019affranchir \u00e0 travers le rythme de ce flot.\n<br><br>\n\nAlors plongeons ensemble et voyons ce qui pourrait \u00e9merger de cet abandon en profondeur.\n<br><br>\nAvec amour,\t\t\t\t\t\t\t\t<\/div>\n\t\t\t\t<\/div>\n\t\t\t\t<div class=\"elementor-element elementor-element-50b39d84 elementor-widget elementor-widget-image\" data-id=\"50b39d84\" data-element_type=\"widget\" data-e-type=\"widget\" data-widget_type=\"image.default\">\n\t\t\t\t<div class=\"elementor-widget-container\">\n\t\t\t\t\t\t\t\t\t\t\t\t\t\t\t<img fetchpriority=\"high\" decoding=\"async\" width=\"941\" height=\"214\" src=\"https:\/\/alexhenryfoster.com\/wp-content\/uploads\/ahf_signature-full-secondarycolor.png\" class=\"attachment-large size-large wp-image-53038\" alt=\"\" srcset=\"https:\/\/alexhenryfoster.com\/wp-content\/uploads\/ahf_signature-full-secondarycolor.png 941w, https:\/\/alexhenryfoster.com\/wp-content\/uploads\/ahf_signature-full-secondarycolor-300x68.png 300w, https:\/\/alexhenryfoster.com\/wp-content\/uploads\/ahf_signature-full-secondarycolor-768x175.png 768w\" sizes=\"(max-width: 941px) 100vw, 941px\" \/>\t\t\t\t\t\t\t\t\t\t\t\t\t\t\t<\/div>\n\t\t\t\t<\/div>\n\t\t\t\t<div class=\"elementor-element elementor-element-47972e32 elementor-widget-divider--view-line elementor-widget elementor-widget-divider\" data-id=\"47972e32\" data-element_type=\"widget\" data-e-type=\"widget\" data-widget_type=\"divider.default\">\n\t\t\t\t<div class=\"elementor-widget-container\">\n\t\t\t\t\t\t\t<div class=\"elementor-divider\">\n\t\t\t<span class=\"elementor-divider-separator\">\n\t\t\t\t\t\t<\/span>\n\t\t<\/div>\n\t\t\t\t\t\t<\/div>\n\t\t\t\t<\/div>\n\t\t\t\t<div class=\"elementor-element elementor-element-4b4e6787 elementor-grid-3 elementor-grid-tablet-2 elementor-grid-mobile-1 elementor-posts--thumbnail-top elementor-card-shadow-yes elementor-posts__hover-gradient elementor-widget elementor-widget-posts\" data-id=\"4b4e6787\" data-element_type=\"widget\" data-e-type=\"widget\" data-settings=\"{&quot;pagination_type&quot;:&quot;load_more_infinite_scroll&quot;,&quot;cards_columns&quot;:&quot;3&quot;,&quot;cards_columns_tablet&quot;:&quot;2&quot;,&quot;cards_columns_mobile&quot;:&quot;1&quot;,&quot;cards_row_gap&quot;:{&quot;unit&quot;:&quot;px&quot;,&quot;size&quot;:35,&quot;sizes&quot;:[]},&quot;cards_row_gap_tablet&quot;:{&quot;unit&quot;:&quot;px&quot;,&quot;size&quot;:&quot;&quot;,&quot;sizes&quot;:[]},&quot;cards_row_gap_mobile&quot;:{&quot;unit&quot;:&quot;px&quot;,&quot;size&quot;:&quot;&quot;,&quot;sizes&quot;:[]},&quot;load_more_spinner&quot;:{&quot;value&quot;:&quot;fas fa-spinner&quot;,&quot;library&quot;:&quot;fa-solid&quot;}}\" data-widget_type=\"posts.cards\">\n\t\t\t\t<div class=\"elementor-widget-container\">\n\t\t\t\t\t\t\t<div class=\"elementor-posts-container elementor-posts elementor-posts--skin-cards elementor-grid\" role=\"list\">\n\t\t\t\t<article class=\"elementor-post elementor-grid-item post-56517 post type-post status-publish format-standard has-post-thumbnail hentry category-tour-chronicles-fr\" role=\"listitem\">\n\t\t\t<div class=\"elementor-post__card\">\n\t\t\t\t<a class=\"elementor-post__thumbnail__link\" href=\"https:\/\/alexhenryfoster.com\/fr\/american-tour-2024-cambridge\/\" tabindex=\"-1\" ><div class=\"elementor-post__thumbnail\"><img decoding=\"async\" width=\"1024\" height=\"819\" src=\"https:\/\/alexhenryfoster.com\/wp-content\/uploads\/ahf_usatour_eosr6_20241018_cambridge_04_aftershow_0006-Enhanced-NR-1024x819.jpg\" class=\"attachment-large size-large wp-image-56518\" alt=\"\" srcset=\"https:\/\/alexhenryfoster.com\/wp-content\/uploads\/ahf_usatour_eosr6_20241018_cambridge_04_aftershow_0006-Enhanced-NR-1024x819.jpg 1024w, https:\/\/alexhenryfoster.com\/wp-content\/uploads\/ahf_usatour_eosr6_20241018_cambridge_04_aftershow_0006-Enhanced-NR-300x240.jpg 300w, https:\/\/alexhenryfoster.com\/wp-content\/uploads\/ahf_usatour_eosr6_20241018_cambridge_04_aftershow_0006-Enhanced-NR-768x614.jpg 768w, https:\/\/alexhenryfoster.com\/wp-content\/uploads\/ahf_usatour_eosr6_20241018_cambridge_04_aftershow_0006-Enhanced-NR.jpg 1200w\" sizes=\"(max-width: 1024px) 100vw, 1024px\" \/><\/div><\/a>\n\t\t\t\t<div class=\"elementor-post__text\">\n\t\t\t\t<h5 class=\"elementor-post__title\">\n\t\t\t<a href=\"https:\/\/alexhenryfoster.com\/fr\/american-tour-2024-cambridge\/\" >\n\t\t\t\tTourn\u00e9e Am\u00e9ricaine 2024 [Cambridge]\t\t\t<\/a>\n\t\t<\/h5>\n\t\t\t\t\t<div class=\"elementor-post__read-more-wrapper\">\n\t\t\n\t\t<a class=\"elementor-post__read-more\" href=\"https:\/\/alexhenryfoster.com\/fr\/american-tour-2024-cambridge\/\" aria-label=\"En savoir plus sur Tourn\u00e9e Am\u00e9ricaine 2024 [Cambridge]\" tabindex=\"-1\" >\n\t\t\tLire \u00bb\t\t<\/a>\n\n\t\t\t\t\t<\/div>\n\t\t\t\t<\/div>\n\t\t\t\t<div class=\"elementor-post__meta-data\">\n\t\t\t\t\t<span class=\"elementor-post-date\">\n\t\t\t19\/10\/2024\t\t<\/span>\n\t\t\t\t<span class=\"elementor-post-time\">\n\t\t\t2:41 pm\t\t<\/span>\n\t\t\t\t<\/div>\n\t\t\t\t\t<\/div>\n\t\t<\/article>\n\t\t\t\t<article class=\"elementor-post elementor-grid-item post-56510 post type-post status-publish format-standard has-post-thumbnail hentry category-tour-chronicles-fr\" role=\"listitem\">\n\t\t\t<div class=\"elementor-post__card\">\n\t\t\t\t<a class=\"elementor-post__thumbnail__link\" href=\"https:\/\/alexhenryfoster.com\/fr\/american-tour-2024-new-york\/\" tabindex=\"-1\" ><div class=\"elementor-post__thumbnail\"><img decoding=\"async\" width=\"683\" height=\"1024\" src=\"https:\/\/alexhenryfoster.com\/wp-content\/uploads\/ahf_usatour_eosr6_20241017_newyork_06_aftershow_0196-683x1024.jpg\" class=\"attachment-large size-large wp-image-56511\" alt=\"\" srcset=\"https:\/\/alexhenryfoster.com\/wp-content\/uploads\/ahf_usatour_eosr6_20241017_newyork_06_aftershow_0196-683x1024.jpg 683w, https:\/\/alexhenryfoster.com\/wp-content\/uploads\/ahf_usatour_eosr6_20241017_newyork_06_aftershow_0196-200x300.jpg 200w, https:\/\/alexhenryfoster.com\/wp-content\/uploads\/ahf_usatour_eosr6_20241017_newyork_06_aftershow_0196-768x1152.jpg 768w, https:\/\/alexhenryfoster.com\/wp-content\/uploads\/ahf_usatour_eosr6_20241017_newyork_06_aftershow_0196.jpg 800w\" sizes=\"(max-width: 683px) 100vw, 683px\" \/><\/div><\/a>\n\t\t\t\t<div class=\"elementor-post__text\">\n\t\t\t\t<h5 class=\"elementor-post__title\">\n\t\t\t<a href=\"https:\/\/alexhenryfoster.com\/fr\/american-tour-2024-new-york\/\" >\n\t\t\t\tTourn\u00e9e Am\u00e9ricaine 2024 [New York]\t\t\t<\/a>\n\t\t<\/h5>\n\t\t\t\t\t<div class=\"elementor-post__read-more-wrapper\">\n\t\t\n\t\t<a class=\"elementor-post__read-more\" href=\"https:\/\/alexhenryfoster.com\/fr\/american-tour-2024-new-york\/\" aria-label=\"En savoir plus sur Tourn\u00e9e Am\u00e9ricaine 2024 [New York]\" tabindex=\"-1\" >\n\t\t\tLire \u00bb\t\t<\/a>\n\n\t\t\t\t\t<\/div>\n\t\t\t\t<\/div>\n\t\t\t\t<div class=\"elementor-post__meta-data\">\n\t\t\t\t\t<span class=\"elementor-post-date\">\n\t\t\t18\/10\/2024\t\t<\/span>\n\t\t\t\t<span class=\"elementor-post-time\">\n\t\t\t1:00 pm\t\t<\/span>\n\t\t\t\t<\/div>\n\t\t\t\t\t<\/div>\n\t\t<\/article>\n\t\t\t\t<article class=\"elementor-post elementor-grid-item post-56503 post type-post status-publish format-standard has-post-thumbnail hentry category-tour-chronicles-fr\" role=\"listitem\">\n\t\t\t<div class=\"elementor-post__card\">\n\t\t\t\t<a class=\"elementor-post__thumbnail__link\" href=\"https:\/\/alexhenryfoster.com\/fr\/american-tour-2024-washington-dc\/\" tabindex=\"-1\" ><div class=\"elementor-post__thumbnail\"><img loading=\"lazy\" decoding=\"async\" width=\"1024\" height=\"683\" src=\"https:\/\/alexhenryfoster.com\/wp-content\/uploads\/ahf_usatour_eosr6_20241016_washingtondc_01_backstage_0004-1024x683.jpg\" class=\"attachment-large size-large wp-image-56504\" alt=\"\" srcset=\"https:\/\/alexhenryfoster.com\/wp-content\/uploads\/ahf_usatour_eosr6_20241016_washingtondc_01_backstage_0004-1024x683.jpg 1024w, https:\/\/alexhenryfoster.com\/wp-content\/uploads\/ahf_usatour_eosr6_20241016_washingtondc_01_backstage_0004-300x200.jpg 300w, https:\/\/alexhenryfoster.com\/wp-content\/uploads\/ahf_usatour_eosr6_20241016_washingtondc_01_backstage_0004-768x512.jpg 768w, https:\/\/alexhenryfoster.com\/wp-content\/uploads\/ahf_usatour_eosr6_20241016_washingtondc_01_backstage_0004.jpg 1200w\" sizes=\"(max-width: 1024px) 100vw, 1024px\" \/><\/div><\/a>\n\t\t\t\t<div class=\"elementor-post__text\">\n\t\t\t\t<h5 class=\"elementor-post__title\">\n\t\t\t<a href=\"https:\/\/alexhenryfoster.com\/fr\/american-tour-2024-washington-dc\/\" >\n\t\t\t\tTourn\u00e9e Am\u00e9ricaine 2024 [Washington DC]\t\t\t<\/a>\n\t\t<\/h5>\n\t\t\t\t\t<div class=\"elementor-post__read-more-wrapper\">\n\t\t\n\t\t<a class=\"elementor-post__read-more\" href=\"https:\/\/alexhenryfoster.com\/fr\/american-tour-2024-washington-dc\/\" aria-label=\"En savoir plus sur Tourn\u00e9e Am\u00e9ricaine 2024 [Washington DC]\" tabindex=\"-1\" >\n\t\t\tLire \u00bb\t\t<\/a>\n\n\t\t\t\t\t<\/div>\n\t\t\t\t<\/div>\n\t\t\t\t<div class=\"elementor-post__meta-data\">\n\t\t\t\t\t<span class=\"elementor-post-date\">\n\t\t\t17\/10\/2024\t\t<\/span>\n\t\t\t\t<span class=\"elementor-post-time\">\n\t\t\t1:09 pm\t\t<\/span>\n\t\t\t\t<\/div>\n\t\t\t\t\t<\/div>\n\t\t<\/article>\n\t\t\t\t<article class=\"elementor-post elementor-grid-item post-56496 post type-post status-publish format-standard has-post-thumbnail hentry category-tour-chronicles-fr\" role=\"listitem\">\n\t\t\t<div class=\"elementor-post__card\">\n\t\t\t\t<a class=\"elementor-post__thumbnail__link\" href=\"https:\/\/alexhenryfoster.com\/fr\/american-tour-2024-columbus\/\" tabindex=\"-1\" ><div class=\"elementor-post__thumbnail\"><img loading=\"lazy\" decoding=\"async\" width=\"1024\" height=\"1024\" src=\"https:\/\/alexhenryfoster.com\/wp-content\/uploads\/ahf_usatour_eosr6_20241015_columbus_03_live_1144-1024x1024.jpg\" class=\"attachment-large size-large wp-image-56497\" alt=\"\" srcset=\"https:\/\/alexhenryfoster.com\/wp-content\/uploads\/ahf_usatour_eosr6_20241015_columbus_03_live_1144-1024x1024.jpg 1024w, https:\/\/alexhenryfoster.com\/wp-content\/uploads\/ahf_usatour_eosr6_20241015_columbus_03_live_1144-300x300.jpg 300w, https:\/\/alexhenryfoster.com\/wp-content\/uploads\/ahf_usatour_eosr6_20241015_columbus_03_live_1144-150x150.jpg 150w, https:\/\/alexhenryfoster.com\/wp-content\/uploads\/ahf_usatour_eosr6_20241015_columbus_03_live_1144-768x768.jpg 768w, https:\/\/alexhenryfoster.com\/wp-content\/uploads\/ahf_usatour_eosr6_20241015_columbus_03_live_1144.jpg 1200w\" sizes=\"(max-width: 1024px) 100vw, 1024px\" \/><\/div><\/a>\n\t\t\t\t<div class=\"elementor-post__text\">\n\t\t\t\t<h5 class=\"elementor-post__title\">\n\t\t\t<a href=\"https:\/\/alexhenryfoster.com\/fr\/american-tour-2024-columbus\/\" >\n\t\t\t\tTourn\u00e9e Am\u00e9ricaine 2024 [Columbus]\t\t\t<\/a>\n\t\t<\/h5>\n\t\t\t\t\t<div class=\"elementor-post__read-more-wrapper\">\n\t\t\n\t\t<a class=\"elementor-post__read-more\" href=\"https:\/\/alexhenryfoster.com\/fr\/american-tour-2024-columbus\/\" aria-label=\"En savoir plus sur Tourn\u00e9e Am\u00e9ricaine 2024 [Columbus]\" tabindex=\"-1\" >\n\t\t\tLire \u00bb\t\t<\/a>\n\n\t\t\t\t\t<\/div>\n\t\t\t\t<\/div>\n\t\t\t\t<div class=\"elementor-post__meta-data\">\n\t\t\t\t\t<span class=\"elementor-post-date\">\n\t\t\t16\/10\/2024\t\t<\/span>\n\t\t\t\t<span class=\"elementor-post-time\">\n\t\t\t12:46 pm\t\t<\/span>\n\t\t\t\t<\/div>\n\t\t\t\t\t<\/div>\n\t\t<\/article>\n\t\t\t\t<article class=\"elementor-post elementor-grid-item post-56486 post type-post status-publish format-standard has-post-thumbnail hentry category-tour-chronicles-fr\" role=\"listitem\">\n\t\t\t<div class=\"elementor-post__card\">\n\t\t\t\t<a class=\"elementor-post__thumbnail__link\" href=\"https:\/\/alexhenryfoster.com\/fr\/american-tour-2024-chicago\/\" tabindex=\"-1\" ><div class=\"elementor-post__thumbnail\"><img loading=\"lazy\" decoding=\"async\" width=\"1024\" height=\"819\" src=\"https:\/\/alexhenryfoster.com\/wp-content\/uploads\/ahf_usatour_eosr_20241014_chicago_01_live_0160-Enhanced-NR-1024x819.jpg\" class=\"attachment-large size-large wp-image-56487\" alt=\"\" srcset=\"https:\/\/alexhenryfoster.com\/wp-content\/uploads\/ahf_usatour_eosr_20241014_chicago_01_live_0160-Enhanced-NR-1024x819.jpg 1024w, https:\/\/alexhenryfoster.com\/wp-content\/uploads\/ahf_usatour_eosr_20241014_chicago_01_live_0160-Enhanced-NR-300x240.jpg 300w, https:\/\/alexhenryfoster.com\/wp-content\/uploads\/ahf_usatour_eosr_20241014_chicago_01_live_0160-Enhanced-NR-768x614.jpg 768w, https:\/\/alexhenryfoster.com\/wp-content\/uploads\/ahf_usatour_eosr_20241014_chicago_01_live_0160-Enhanced-NR.jpg 1200w\" sizes=\"(max-width: 1024px) 100vw, 1024px\" \/><\/div><\/a>\n\t\t\t\t<div class=\"elementor-post__text\">\n\t\t\t\t<h5 class=\"elementor-post__title\">\n\t\t\t<a href=\"https:\/\/alexhenryfoster.com\/fr\/american-tour-2024-chicago\/\" >\n\t\t\t\tTourn\u00e9e Am\u00e9ricaine 2024 [Chicago]\t\t\t<\/a>\n\t\t<\/h5>\n\t\t\t\t\t<div class=\"elementor-post__read-more-wrapper\">\n\t\t\n\t\t<a class=\"elementor-post__read-more\" href=\"https:\/\/alexhenryfoster.com\/fr\/american-tour-2024-chicago\/\" aria-label=\"En savoir plus sur Tourn\u00e9e Am\u00e9ricaine 2024 [Chicago]\" tabindex=\"-1\" >\n\t\t\tLire \u00bb\t\t<\/a>\n\n\t\t\t\t\t<\/div>\n\t\t\t\t<\/div>\n\t\t\t\t<div class=\"elementor-post__meta-data\">\n\t\t\t\t\t<span class=\"elementor-post-date\">\n\t\t\t15\/10\/2024\t\t<\/span>\n\t\t\t\t<span class=\"elementor-post-time\">\n\t\t\t5:22 pm\t\t<\/span>\n\t\t\t\t<\/div>\n\t\t\t\t\t<\/div>\n\t\t<\/article>\n\t\t\t\t<article class=\"elementor-post elementor-grid-item post-56474 post type-post status-publish format-standard has-post-thumbnail hentry category-tour-chronicles-fr\" role=\"listitem\">\n\t\t\t<div class=\"elementor-post__card\">\n\t\t\t\t<a class=\"elementor-post__thumbnail__link\" href=\"https:\/\/alexhenryfoster.com\/fr\/american-tour-2024-oakland\/\" tabindex=\"-1\" ><div class=\"elementor-post__thumbnail\"><img loading=\"lazy\" decoding=\"async\" width=\"1024\" height=\"683\" src=\"https:\/\/alexhenryfoster.com\/wp-content\/uploads\/ahf_usatour_eosr6_20241011_oakland_04_soundcheck_0038-1024x683.jpg\" class=\"attachment-large size-large wp-image-56476\" alt=\"\" srcset=\"https:\/\/alexhenryfoster.com\/wp-content\/uploads\/ahf_usatour_eosr6_20241011_oakland_04_soundcheck_0038-1024x683.jpg 1024w, https:\/\/alexhenryfoster.com\/wp-content\/uploads\/ahf_usatour_eosr6_20241011_oakland_04_soundcheck_0038-300x200.jpg 300w, https:\/\/alexhenryfoster.com\/wp-content\/uploads\/ahf_usatour_eosr6_20241011_oakland_04_soundcheck_0038-768x512.jpg 768w, https:\/\/alexhenryfoster.com\/wp-content\/uploads\/ahf_usatour_eosr6_20241011_oakland_04_soundcheck_0038.jpg 1200w\" sizes=\"(max-width: 1024px) 100vw, 1024px\" \/><\/div><\/a>\n\t\t\t\t<div class=\"elementor-post__text\">\n\t\t\t\t<h5 class=\"elementor-post__title\">\n\t\t\t<a href=\"https:\/\/alexhenryfoster.com\/fr\/american-tour-2024-oakland\/\" >\n\t\t\t\tTourn\u00e9e Am\u00e9ricaine 2024 [Oakland]\t\t\t<\/a>\n\t\t<\/h5>\n\t\t\t\t\t<div class=\"elementor-post__read-more-wrapper\">\n\t\t\n\t\t<a class=\"elementor-post__read-more\" href=\"https:\/\/alexhenryfoster.com\/fr\/american-tour-2024-oakland\/\" aria-label=\"En savoir plus sur Tourn\u00e9e Am\u00e9ricaine 2024 [Oakland]\" tabindex=\"-1\" >\n\t\t\tLire \u00bb\t\t<\/a>\n\n\t\t\t\t\t<\/div>\n\t\t\t\t<\/div>\n\t\t\t\t<div class=\"elementor-post__meta-data\">\n\t\t\t\t\t<span class=\"elementor-post-date\">\n\t\t\t12\/10\/2024\t\t<\/span>\n\t\t\t\t<span class=\"elementor-post-time\">\n\t\t\t12:00 pm\t\t<\/span>\n\t\t\t\t<\/div>\n\t\t\t\t\t<\/div>\n\t\t<\/article>\n\t\t\t\t<article class=\"elementor-post elementor-grid-item post-56467 post type-post status-publish format-standard has-post-thumbnail hentry category-tour-chronicles-fr\" role=\"listitem\">\n\t\t\t<div class=\"elementor-post__card\">\n\t\t\t\t<a class=\"elementor-post__thumbnail__link\" href=\"https:\/\/alexhenryfoster.com\/fr\/american-tour-2024-seattle\/\" tabindex=\"-1\" ><div class=\"elementor-post__thumbnail\"><img loading=\"lazy\" decoding=\"async\" width=\"1024\" height=\"683\" src=\"https:\/\/alexhenryfoster.com\/wp-content\/uploads\/ahf_usatour_eosr6_20241009_seattle_04_pikeplacemarket_0094-1024x683.jpg\" class=\"attachment-large size-large wp-image-56469\" alt=\"\" srcset=\"https:\/\/alexhenryfoster.com\/wp-content\/uploads\/ahf_usatour_eosr6_20241009_seattle_04_pikeplacemarket_0094-1024x683.jpg 1024w, https:\/\/alexhenryfoster.com\/wp-content\/uploads\/ahf_usatour_eosr6_20241009_seattle_04_pikeplacemarket_0094-300x200.jpg 300w, https:\/\/alexhenryfoster.com\/wp-content\/uploads\/ahf_usatour_eosr6_20241009_seattle_04_pikeplacemarket_0094-768x512.jpg 768w, https:\/\/alexhenryfoster.com\/wp-content\/uploads\/ahf_usatour_eosr6_20241009_seattle_04_pikeplacemarket_0094.jpg 1200w\" sizes=\"(max-width: 1024px) 100vw, 1024px\" \/><\/div><\/a>\n\t\t\t\t<div class=\"elementor-post__text\">\n\t\t\t\t<h5 class=\"elementor-post__title\">\n\t\t\t<a href=\"https:\/\/alexhenryfoster.com\/fr\/american-tour-2024-seattle\/\" >\n\t\t\t\tTourn\u00e9e Am\u00e9ricaine 2024 [Seattle]\t\t\t<\/a>\n\t\t<\/h5>\n\t\t\t\t\t<div class=\"elementor-post__read-more-wrapper\">\n\t\t\n\t\t<a class=\"elementor-post__read-more\" href=\"https:\/\/alexhenryfoster.com\/fr\/american-tour-2024-seattle\/\" aria-label=\"En savoir plus sur Tourn\u00e9e Am\u00e9ricaine 2024 [Seattle]\" tabindex=\"-1\" >\n\t\t\tLire \u00bb\t\t<\/a>\n\n\t\t\t\t\t<\/div>\n\t\t\t\t<\/div>\n\t\t\t\t<div class=\"elementor-post__meta-data\">\n\t\t\t\t\t<span class=\"elementor-post-date\">\n\t\t\t10\/10\/2024\t\t<\/span>\n\t\t\t\t<span class=\"elementor-post-time\">\n\t\t\t9:00 am\t\t<\/span>\n\t\t\t\t<\/div>\n\t\t\t\t\t<\/div>\n\t\t<\/article>\n\t\t\t\t<\/div>\n\t\t\t\t\t<span class=\"e-load-more-spinner\">\n\t\t\t\t<i aria-hidden=\"true\" class=\"fas fa-spinner\"><\/i>\t\t\t<\/span>\n\t\t\n\t\t\t\t\t\t<\/div>\n\t\t\t\t<\/div>\n\t\t\t\t\t<\/div>\n\t\t<\/div>\n\t\t\t\t\t<\/div>\n\t\t<\/section>\n\t\t\t\t<\/div>\n\t\t","protected":false},"excerpt":{"rendered":"<p>Chroniques de tourn\u00e9e Cette section mettra en vedette mon voyage \u00e0 venir sur la route, des concerts au processus d\u2019\u00e9criture, la r\u00e9alit\u00e9 quotidienne de la vie en communaut\u00e9, les d\u00e9couvertes cr\u00e9atives et humaines que je ferai, les r\u00e9flexions en lien avec mon mode de vie de nomade, les sensations face au fait d\u2019\u00eatre expos\u00e9 au grand jour alors que je m\u2019abandonne sur sc\u00e8ne une fois de plus, ainsi que les \u00e9motions li\u00e9es au fait de d\u00e9couvrir et red\u00e9couvrir qui je suis dans un tel contexte communautaire. \u00c0 cela s\u2019ajouteront les entre-deux, dont je ne saisis pas encore tout \u00e0 fait les implications affectives. Bien<\/p>\n","protected":false},"author":1,"featured_media":0,"parent":0,"menu_order":0,"comment_status":"closed","ping_status":"closed","template":"elementor_header_footer","meta":{"_acf_changed":false,"footnotes":""},"class_list":["post-53020","page","type-page","status-publish","hentry"],"acf":[],"aioseo_notices":[],"_links":{"self":[{"href":"https:\/\/alexhenryfoster.com\/fr\/wp-json\/wp\/v2\/pages\/53020","targetHints":{"allow":["GET"]}}],"collection":[{"href":"https:\/\/alexhenryfoster.com\/fr\/wp-json\/wp\/v2\/pages"}],"about":[{"href":"https:\/\/alexhenryfoster.com\/fr\/wp-json\/wp\/v2\/types\/page"}],"author":[{"embeddable":true,"href":"https:\/\/alexhenryfoster.com\/fr\/wp-json\/wp\/v2\/users\/1"}],"replies":[{"embeddable":true,"href":"https:\/\/alexhenryfoster.com\/fr\/wp-json\/wp\/v2\/comments?post=53020"}],"version-history":[{"count":24,"href":"https:\/\/alexhenryfoster.com\/fr\/wp-json\/wp\/v2\/pages\/53020\/revisions"}],"predecessor-version":[{"id":56267,"href":"https:\/\/alexhenryfoster.com\/fr\/wp-json\/wp\/v2\/pages\/53020\/revisions\/56267"}],"wp:attachment":[{"href":"https:\/\/alexhenryfoster.com\/fr\/wp-json\/wp\/v2\/media?parent=53020"}],"curies":[{"name":"wp","href":"https:\/\/api.w.org\/{rel}","templated":true}]}}