{"id":53690,"date":"2024-07-08T07:53:21","date_gmt":"2024-07-08T11:53:21","guid":{"rendered":"https:\/\/alexhenryfoster.com\/releases\/a-measure-of-shape-and-sounds\/"},"modified":"2024-07-10T06:34:56","modified_gmt":"2024-07-10T10:34:56","slug":"a-measure-of-shape-and-sounds","status":"publish","type":"page","link":"https:\/\/alexhenryfoster.com\/fr\/releases\/a-measure-of-shape-and-sounds\/","title":{"rendered":"A Measure of Shape and Sounds"},"content":{"rendered":"\t\t<div data-elementor-type=\"wp-page\" data-elementor-id=\"53690\" class=\"elementor elementor-53690 elementor-53679\" data-elementor-post-type=\"page\">\n\t\t\t\t\t\t<section data-particle_enable=\"false\" data-particle-mobile-disabled=\"false\" class=\"elementor-section elementor-top-section elementor-element elementor-element-318498c8 elementor-section-boxed elementor-section-height-default elementor-section-height-default\" data-id=\"318498c8\" data-element_type=\"section\" data-e-type=\"section\" data-settings=\"{&quot;background_background&quot;:&quot;classic&quot;}\">\n\t\t\t\t\t\t\t<div class=\"elementor-background-overlay\"><\/div>\n\t\t\t\t\t\t\t<div class=\"elementor-container elementor-column-gap-default\">\n\t\t\t\t\t<div class=\"elementor-column elementor-col-100 elementor-top-column elementor-element elementor-element-638eb5f7\" data-id=\"638eb5f7\" data-element_type=\"column\" data-e-type=\"column\">\n\t\t\t<div class=\"elementor-widget-wrap elementor-element-populated\">\n\t\t\t\t\t\t<section data-particle_enable=\"false\" data-particle-mobile-disabled=\"false\" class=\"elementor-section elementor-inner-section elementor-element elementor-element-76c2e913 elementor-section-boxed elementor-section-height-default elementor-section-height-default\" data-id=\"76c2e913\" data-element_type=\"section\" data-e-type=\"section\" data-settings=\"{&quot;background_background&quot;:&quot;classic&quot;}\">\n\t\t\t\t\t\t<div class=\"elementor-container elementor-column-gap-default\">\n\t\t\t\t\t<div class=\"elementor-column elementor-col-50 elementor-inner-column elementor-element elementor-element-3c8a8a61\" data-id=\"3c8a8a61\" data-element_type=\"column\" data-e-type=\"column\">\n\t\t\t<div class=\"elementor-widget-wrap elementor-element-populated\">\n\t\t\t\t\t\t<div class=\"elementor-element elementor-element-4b96d5f7 elementor-widget elementor-widget-image\" data-id=\"4b96d5f7\" data-element_type=\"widget\" data-e-type=\"widget\" data-widget_type=\"image.default\">\n\t\t\t\t<div class=\"elementor-widget-container\">\n\t\t\t\t\t\t\t\t\t\t\t\t\t\t\t\t<a href=\"https:\/\/found.ee\/ahf-amosas\">\n\t\t\t\t\t\t\t<img fetchpriority=\"high\" decoding=\"async\" width=\"1024\" height=\"1024\" src=\"https:\/\/alexhenryfoster.com\/wp-content\/uploads\/ahf_valm_ameasurefspaceandsounds-cover-1024x1024.jpg\" class=\"attachment-large size-large wp-image-53691\" alt=\"\" srcset=\"https:\/\/alexhenryfoster.com\/wp-content\/uploads\/ahf_valm_ameasurefspaceandsounds-cover-1024x1024.jpg 1024w, https:\/\/alexhenryfoster.com\/wp-content\/uploads\/ahf_valm_ameasurefspaceandsounds-cover-300x300.jpg 300w, https:\/\/alexhenryfoster.com\/wp-content\/uploads\/ahf_valm_ameasurefspaceandsounds-cover-150x150.jpg 150w, https:\/\/alexhenryfoster.com\/wp-content\/uploads\/ahf_valm_ameasurefspaceandsounds-cover-768x768.jpg 768w, https:\/\/alexhenryfoster.com\/wp-content\/uploads\/ahf_valm_ameasurefspaceandsounds-cover.jpg 1200w\" sizes=\"(max-width: 1024px) 100vw, 1024px\" \/>\t\t\t\t\t\t\t\t<\/a>\n\t\t\t\t\t\t\t\t\t\t\t\t\t\t\t<\/div>\n\t\t\t\t<\/div>\n\t\t\t\t\t<\/div>\n\t\t<\/div>\n\t\t\t\t<div class=\"elementor-column elementor-col-50 elementor-inner-column elementor-element elementor-element-3a0e6feb\" data-id=\"3a0e6feb\" data-element_type=\"column\" data-e-type=\"column\">\n\t\t\t<div class=\"elementor-widget-wrap elementor-element-populated\">\n\t\t\t\t\t\t<div class=\"elementor-element elementor-element-606f24a elementor-widget elementor-widget-theme-post-title elementor-page-title elementor-widget-heading\" data-id=\"606f24a\" data-element_type=\"widget\" data-e-type=\"widget\" data-widget_type=\"theme-post-title.default\">\n\t\t\t\t<div class=\"elementor-widget-container\">\n\t\t\t\t\t<h1 class=\"elementor-heading-title elementor-size-default\">A Measure of Shape and Sounds<\/h1>\t\t\t\t<\/div>\n\t\t\t\t<\/div>\n\t\t\t\t<div class=\"elementor-element elementor-element-62bd6485 elementor-widget-divider--view-line_text elementor-widget-divider--element-align-center elementor-widget elementor-widget-divider\" data-id=\"62bd6485\" data-element_type=\"widget\" data-e-type=\"widget\" data-widget_type=\"divider.default\">\n\t\t\t\t<div class=\"elementor-widget-container\">\n\t\t\t\t\t\t\t<div class=\"elementor-divider\">\n\t\t\t<span class=\"elementor-divider-separator\">\n\t\t\t\t\t\t\t<h3 class=\"elementor-divider__text elementor-divider__element\">\n\t\t\t\tALBUM\t\t\t\t<\/h3>\n\t\t\t\t\t\t<\/span>\n\t\t<\/div>\n\t\t\t\t\t\t<\/div>\n\t\t\t\t<\/div>\n\t\t\t\t<div class=\"elementor-element elementor-element-71a7f0c6 elementor-widget elementor-widget-heading\" data-id=\"71a7f0c6\" data-element_type=\"widget\" data-e-type=\"widget\" data-widget_type=\"heading.default\">\n\t\t\t\t<div class=\"elementor-widget-container\">\n\t\t\t\t\t<h3 class=\"elementor-heading-title elementor-size-default\">Liste des chansons<\/h3>\t\t\t\t<\/div>\n\t\t\t\t<\/div>\n\t\t\t\t<div class=\"elementor-element elementor-element-574b689 elementor-align-center elementor-icon-list--layout-traditional elementor-list-item-link-full_width elementor-widget elementor-widget-icon-list\" data-id=\"574b689\" data-element_type=\"widget\" data-e-type=\"widget\" data-widget_type=\"icon-list.default\">\n\t\t\t\t<div class=\"elementor-widget-container\">\n\t\t\t\t\t\t\t<ul class=\"elementor-icon-list-items\">\n\t\t\t\t\t\t\t<li class=\"elementor-icon-list-item\">\n\t\t\t\t\t\t\t\t\t\t<span class=\"elementor-icon-list-text\">Thoughtful Descent<\/span>\n\t\t\t\t\t\t\t\t\t<\/li>\n\t\t\t\t\t\t\t\t<li class=\"elementor-icon-list-item\">\n\t\t\t\t\t\t\t\t\t\t<span class=\"elementor-icon-list-text\">Mechanical Revision<\/span>\n\t\t\t\t\t\t\t\t\t<\/li>\n\t\t\t\t\t\t\t\t<li class=\"elementor-icon-list-item\">\n\t\t\t\t\t\t\t\t\t\t<span class=\"elementor-icon-list-text\">A Mind\u2019s Tapestry<\/span>\n\t\t\t\t\t\t\t\t\t<\/li>\n\t\t\t\t\t\t\t\t<li class=\"elementor-icon-list-item\">\n\t\t\t\t\t\t\t\t\t\t<span class=\"elementor-icon-list-text\">Cinematic Insight<\/span>\n\t\t\t\t\t\t\t\t\t<\/li>\n\t\t\t\t\t\t\t\t<li class=\"elementor-icon-list-item\">\n\t\t\t\t\t\t\t\t\t\t<span class=\"elementor-icon-list-text\">Self-Portrait<\/span>\n\t\t\t\t\t\t\t\t\t<\/li>\n\t\t\t\t\t\t\t\t<li class=\"elementor-icon-list-item\">\n\t\t\t\t\t\t\t\t\t\t<span class=\"elementor-icon-list-text\">Sorrowful Bouquet<\/span>\n\t\t\t\t\t\t\t\t\t<\/li>\n\t\t\t\t\t\t\t\t<li class=\"elementor-icon-list-item\">\n\t\t\t\t\t\t\t\t\t\t<span class=\"elementor-icon-list-text\">Manic View<\/span>\n\t\t\t\t\t\t\t\t\t<\/li>\n\t\t\t\t\t\t\t\t<li class=\"elementor-icon-list-item\">\n\t\t\t\t\t\t\t\t\t\t<span class=\"elementor-icon-list-text\">A Gesture, A Present<\/span>\n\t\t\t\t\t\t\t\t\t<\/li>\n\t\t\t\t\t\t\t\t<li class=\"elementor-icon-list-item\">\n\t\t\t\t\t\t\t\t\t\t<span class=\"elementor-icon-list-text\">Alchemical Connection<\/span>\n\t\t\t\t\t\t\t\t\t<\/li>\n\t\t\t\t\t\t\t\t<li class=\"elementor-icon-list-item\">\n\t\t\t\t\t\t\t\t\t\t<span class=\"elementor-icon-list-text\">Reflective Ascent<\/span>\n\t\t\t\t\t\t\t\t\t<\/li>\n\t\t\t\t\t\t<\/ul>\n\t\t\t\t\t\t<\/div>\n\t\t\t\t<\/div>\n\t\t\t\t<div class=\"elementor-element elementor-element-3f58e49d elementor-align-center elementor-widget elementor-widget-button\" data-id=\"3f58e49d\" data-element_type=\"widget\" data-e-type=\"widget\" data-widget_type=\"button.default\">\n\t\t\t\t<div class=\"elementor-widget-container\">\n\t\t\t\t\t\t\t\t\t<div class=\"elementor-button-wrapper\">\n\t\t\t\t\t<a class=\"elementor-button elementor-button-link elementor-size-sm elementor-animation-grow\" href=\"https:\/\/found.ee\/ahf-amosas\">\n\t\t\t\t\t\t<span class=\"elementor-button-content-wrapper\">\n\t\t\t\t\t\t\t\t\t<span class=\"elementor-button-text\">\u00c9coutez \/ Achetez<\/span>\n\t\t\t\t\t<\/span>\n\t\t\t\t\t<\/a>\n\t\t\t\t<\/div>\n\t\t\t\t\t\t\t\t<\/div>\n\t\t\t\t<\/div>\n\t\t\t\t\t<\/div>\n\t\t<\/div>\n\t\t\t\t\t<\/div>\n\t\t<\/section>\n\t\t\t\t\t<\/div>\n\t\t<\/div>\n\t\t\t\t\t<\/div>\n\t\t<\/section>\n\t\t\t\t<section data-particle_enable=\"false\" data-particle-mobile-disabled=\"false\" class=\"elementor-section elementor-top-section elementor-element elementor-element-5d0a702e elementor-section-boxed elementor-section-height-default elementor-section-height-default\" data-id=\"5d0a702e\" data-element_type=\"section\" data-e-type=\"section\">\n\t\t\t\t\t\t<div class=\"elementor-container elementor-column-gap-default\">\n\t\t\t\t\t<div class=\"elementor-column elementor-col-100 elementor-top-column elementor-element elementor-element-1261c97c\" data-id=\"1261c97c\" data-element_type=\"column\" data-e-type=\"column\">\n\t\t\t<div class=\"elementor-widget-wrap elementor-element-populated\">\n\t\t\t\t\t\t<div class=\"elementor-element elementor-element-f49bc2 elementor-widget elementor-widget-spacer\" data-id=\"f49bc2\" data-element_type=\"widget\" data-e-type=\"widget\" data-widget_type=\"spacer.default\">\n\t\t\t\t<div class=\"elementor-widget-container\">\n\t\t\t\t\t\t\t<div class=\"elementor-spacer\">\n\t\t\t<div class=\"elementor-spacer-inner\"><\/div>\n\t\t<\/div>\n\t\t\t\t\t\t<\/div>\n\t\t\t\t<\/div>\n\t\t\t\t\t<\/div>\n\t\t<\/div>\n\t\t\t\t\t<\/div>\n\t\t<\/section>\n\t\t\t\t<section data-particle_enable=\"false\" data-particle-mobile-disabled=\"false\" class=\"elementor-section elementor-top-section elementor-element elementor-element-7378fbe9 elementor-section-boxed elementor-section-height-default elementor-section-height-default\" data-id=\"7378fbe9\" data-element_type=\"section\" data-e-type=\"section\">\n\t\t\t\t\t\t<div class=\"elementor-container elementor-column-gap-default\">\n\t\t\t\t\t<div class=\"elementor-column elementor-col-100 elementor-top-column elementor-element elementor-element-2b7a2697\" data-id=\"2b7a2697\" data-element_type=\"column\" data-e-type=\"column\">\n\t\t\t<div class=\"elementor-widget-wrap elementor-element-populated\">\n\t\t\t\t\t\t<section data-particle_enable=\"false\" data-particle-mobile-disabled=\"false\" class=\"elementor-section elementor-inner-section elementor-element elementor-element-311543b2 elementor-section-boxed elementor-section-height-default elementor-section-height-default\" data-id=\"311543b2\" data-element_type=\"section\" data-e-type=\"section\" data-settings=\"{&quot;background_background&quot;:&quot;classic&quot;}\">\n\t\t\t\t\t\t<div class=\"elementor-container elementor-column-gap-default\">\n\t\t\t\t\t<div class=\"elementor-column elementor-col-50 elementor-inner-column elementor-element elementor-element-78c487e8\" data-id=\"78c487e8\" data-element_type=\"column\" data-e-type=\"column\">\n\t\t\t<div class=\"elementor-widget-wrap elementor-element-populated\">\n\t\t\t\t\t\t<div class=\"elementor-element elementor-element-3c4d986 elementor-widget elementor-widget-text-editor\" data-id=\"3c4d986\" data-element_type=\"widget\" data-e-type=\"widget\" data-widget_type=\"text-editor.default\">\n\t\t\t\t<div class=\"elementor-widget-container\">\n\t\t\t\t\t\t\t\t\tCe qui deviendrait \u00e9ventuellement le deuxi\u00e8me chapitre de Voyage \u00e0 la Mer, A Measure of Shape and Sounds, est un voyage intime propre \u00e0 lui, repr\u00e9sentant un profond souffle compos\u00e9 de nombreuses strates de guitares en boucle, de r\u00e9verb\u00e9rations, de r\u00e9sonances et d&rsquo;oscillations juxtapos\u00e9es ensemble afin de cr\u00e9er un tourbillon sonore multi-directionnel contemplatif. Intentionnellement enregistr\u00e9 en direct afin de capter son flot le plus possible, les chansons incarn\u00e9es \u00e0 ce moment exact transport\u00e8rent leur disposition humaine, non seulement pour s\u2019abandonner au mouvement, mais pour ne faire qu\u2019un avec lui. Foster a mentionn\u00e9 que \u00ab \u00c7a donnait l\u2019impression d\u2019\u00eatre la repr\u00e9sentation d\u2019un mouvement organique qui pourrait en r\u00e9sultante nous rendre libre de l\u2019\u00e9co chambre dans laquelle nous aurions pu \u00eatre prisonnier et ainsi mettre fin \u00e0 la spirale \u00e9motionnelle et le cycle affectif de redondance qui vient trop souvent accompagn\u00e9 de notre vide et notre d\u00e9sespoir\u2026\u00bb\n<br><br>\nIl rench\u00e9rit : \u00ab Bien que j&rsquo;aie la conviction que nous avions guid\u00e9 Kimiyo aussi loin que n\u00e9cessaire sans g\u00e2cher son faisceau de lumi\u00e8re naturel en ajoutant soudainement les ombres de notre ambition \u00e0 tout cela, Ben et moi sentions qu&rsquo;il y avait plus \u00e0 explorer et tant de fragments suppl\u00e9mentaires de paysages musicaux ont instinctivement fait surface alors que nous continuions \u00e0 nous attarder aux sensations vives qui nous impactaient encore tous les deux \u00e0 cet instant pr\u00e9cis. \u00bb\n<br><br>\nInstrumental par choix et minimaliste dans sa conception, c\u2019\u00e9tait capital pour Foster que A Measure of Shape and Sounds, se d\u00e9marque comme \u00e9tant son propre organisme vivant, pas comme un faire-valoir ou un ajout \u00e0 l\u2019entit\u00e9 croissante que devenait Voyage \u00e0 la Mer. Si Momoka incarnait la voix de Kimiyo, Foster \u00e9tait cat\u00e9gorique sur le fait qu&rsquo;\u00ab aucune introspection n&rsquo;est vraiment v\u00f4tre tant que vous ne l&rsquo;exprimez pas vous-m\u00eame. \u00bb En ce sens, l\u2019album procurerait une bande son en continue \u00e0 cette r\u00e9flexion d&rsquo;introspection int\u00e9rieure qui nous invite \u00e0 nous \u00e9lever vers l&rsquo;avant, \u00e0 dompter les autres voix de captivit\u00e9 auxquelles nous abandonnons habituellement nos d\u00e9sirs ardents de libert\u00e9.\n<br><br>\nVoici ce que Foster a v\u00e9cu tout au long du processus : \u00ab Si ces pi\u00e8ces de nouvelle musique ouvraient d\u00e9j\u00e0 la voie, je savais qu\u2019il y avait plus \u00e0 l\u2019exp\u00e9rience. Pour d\u00e9couvrir ce dont il s\u2019agissait, je devrais compl\u00e8tement abandonner toutes les pr\u00e9occupations imminentes auxquelles je commen\u00e7ais \u00e0 r\u00e9fl\u00e9chir concernant les param\u00e8tres circonstanciels associ\u00e9s \u00e0 ce qui commen\u00e7ait \u00e0 ressembler beaucoup plus \u00e0 un effort de grande envergure que ce que je ne pouvais l\u2019ignorer \u00e0 ce stade-l\u00e0. Puisque l\u2019authenticit\u00e9 et la coh\u00e9rence sont toujours les tamis \u00e0 travers lesquels je passe chacun de mes projets avant de les lancer, je devrais faire confiance \u00e0 mon instinct et d\u00e9couvrir ce qui s\u2019\u00e9tait mis \u00e0 fleurir en profondeur sous mes inqui\u00e9tudes limitatives, me rappelant que la coh\u00e9rence a tout \u00e0 voir avec l\u2019honn\u00eatet\u00e9 et non pas la structure. Contrairement \u00e0 de nombreuses formes d\u2019art sur lesquelles j\u2019ai travaill\u00e9 par le pass\u00e9, ce que j\u2019ai vu bourgeonner de nos sessions d\u2019\u00e9criture n\u2019avait pas \u00e0 \u00eatre analys\u00e9 pour d\u00e9terminer si elles \u00e9taient \u00ab \u00e7a \u00bb lorsqu\u2019elles ont fait surface ; elles \u00e9taient. L\u2019honn\u00eatet\u00e9 ne peut \u00eatre fabriqu\u00e9e. \u00bb\n\t\t\t\t\t\t\t\t<\/div>\n\t\t\t\t<\/div>\n\t\t\t\t\t<\/div>\n\t\t<\/div>\n\t\t\t\t<div class=\"elementor-column elementor-col-50 elementor-inner-column elementor-element elementor-element-3f1e0171\" data-id=\"3f1e0171\" data-element_type=\"column\" data-e-type=\"column\">\n\t\t\t<div class=\"elementor-widget-wrap elementor-element-populated\">\n\t\t\t\t\t\t<div class=\"elementor-element elementor-element-6c58479 elementor-widget elementor-widget-text-editor\" data-id=\"6c58479\" data-element_type=\"widget\" data-e-type=\"widget\" data-widget_type=\"text-editor.default\">\n\t\t\t\t<div class=\"elementor-widget-container\">\n\t\t\t\t\t\t\t\t\t<h3 style=\"margin-bottom: 5px;\">Date de sortie<\/h3><p><i>20 Septembre 2024<\/i><\/p><h3 style=\"margin-bottom: 5px;\">Musique<\/h3><p><i>Alex Henry Foster<br \/>Ben Lemelin<\/i><\/p><h3 style=\"margin-bottom: 5px;\">Produit par<\/h3><p><i>Alex Henry Foster<br \/>Ben Lemelin<\/i><\/p><h3 style=\"margin-bottom: 5px;\">Label<\/h3><p><i>Hopeful Tragedy Records<\/i><\/p>\t\t\t\t\t\t\t\t<\/div>\n\t\t\t\t<\/div>\n\t\t\t\t\t<\/div>\n\t\t<\/div>\n\t\t\t\t\t<\/div>\n\t\t<\/section>\n\t\t\t\t\t<\/div>\n\t\t<\/div>\n\t\t\t\t\t<\/div>\n\t\t<\/section>\n\t\t\t\t<section data-particle_enable=\"false\" data-particle-mobile-disabled=\"false\" class=\"elementor-section elementor-top-section elementor-element elementor-element-ba2154a elementor-section-boxed elementor-section-height-default elementor-section-height-default\" data-id=\"ba2154a\" data-element_type=\"section\" data-e-type=\"section\">\n\t\t\t\t\t\t<div class=\"elementor-container elementor-column-gap-default\">\n\t\t\t\t\t<div class=\"elementor-column elementor-col-100 elementor-top-column elementor-element elementor-element-ff16768\" data-id=\"ff16768\" data-element_type=\"column\" data-e-type=\"column\">\n\t\t\t<div class=\"elementor-widget-wrap elementor-element-populated\">\n\t\t\t\t\t\t<div class=\"elementor-element elementor-element-69622abd elementor-widget elementor-widget-spacer\" data-id=\"69622abd\" data-element_type=\"widget\" data-e-type=\"widget\" data-widget_type=\"spacer.default\">\n\t\t\t\t<div class=\"elementor-widget-container\">\n\t\t\t\t\t\t\t<div class=\"elementor-spacer\">\n\t\t\t<div class=\"elementor-spacer-inner\"><\/div>\n\t\t<\/div>\n\t\t\t\t\t\t<\/div>\n\t\t\t\t<\/div>\n\t\t\t\t\t<\/div>\n\t\t<\/div>\n\t\t\t\t\t<\/div>\n\t\t<\/section>\n\t\t\t\t<\/div>\n\t\t","protected":false},"excerpt":{"rendered":"<p> &#8230; <a title=\"A Measure of Shape and Sounds\" class=\"read-more\" href=\"https:\/\/alexhenryfoster.com\/fr\/releases\/a-measure-of-shape-and-sounds\/\" aria-label=\"Plus sur A Measure of Shape and Sounds\">Lire la suite<\/a><\/p>\n","protected":false},"author":1,"featured_media":0,"parent":8462,"menu_order":0,"comment_status":"closed","ping_status":"closed","template":"elementor_header_footer","meta":{"_acf_changed":false,"footnotes":""},"class_list":["post-53690","page","type-page","status-publish"],"acf":[],"aioseo_notices":[],"_links":{"self":[{"href":"https:\/\/alexhenryfoster.com\/fr\/wp-json\/wp\/v2\/pages\/53690","targetHints":{"allow":["GET"]}}],"collection":[{"href":"https:\/\/alexhenryfoster.com\/fr\/wp-json\/wp\/v2\/pages"}],"about":[{"href":"https:\/\/alexhenryfoster.com\/fr\/wp-json\/wp\/v2\/types\/page"}],"author":[{"embeddable":true,"href":"https:\/\/alexhenryfoster.com\/fr\/wp-json\/wp\/v2\/users\/1"}],"replies":[{"embeddable":true,"href":"https:\/\/alexhenryfoster.com\/fr\/wp-json\/wp\/v2\/comments?post=53690"}],"version-history":[{"count":7,"href":"https:\/\/alexhenryfoster.com\/fr\/wp-json\/wp\/v2\/pages\/53690\/revisions"}],"predecessor-version":[{"id":53783,"href":"https:\/\/alexhenryfoster.com\/fr\/wp-json\/wp\/v2\/pages\/53690\/revisions\/53783"}],"up":[{"embeddable":true,"href":"https:\/\/alexhenryfoster.com\/fr\/wp-json\/wp\/v2\/pages\/8462"}],"wp:attachment":[{"href":"https:\/\/alexhenryfoster.com\/fr\/wp-json\/wp\/v2\/media?parent=53690"}],"curies":[{"name":"wp","href":"https:\/\/api.w.org\/{rel}","templated":true}]}}