{"id":55619,"date":"2024-08-30T10:26:04","date_gmt":"2024-08-30T14:26:04","guid":{"rendered":"https:\/\/alexhenryfoster.com\/tangier-musings\/"},"modified":"2024-09-26T15:11:21","modified_gmt":"2024-09-26T19:11:21","slug":"tangier-musings","status":"publish","type":"page","link":"https:\/\/alexhenryfoster.com\/fr\/tangier-musings\/","title":{"rendered":"Contemplations de Tanger"},"content":{"rendered":"\t\t<div data-elementor-type=\"wp-page\" data-elementor-id=\"55619\" class=\"elementor elementor-55619 elementor-55422\" data-elementor-post-type=\"page\">\n\t\t\t\t\t\t<section data-particle_enable=\"false\" data-particle-mobile-disabled=\"false\" class=\"elementor-section elementor-top-section elementor-element elementor-element-3bcc704e elementor-section-boxed elementor-section-height-default elementor-section-height-default\" data-id=\"3bcc704e\" data-element_type=\"section\" data-e-type=\"section\" data-settings=\"{&quot;background_background&quot;:&quot;classic&quot;,&quot;background_motion_fx_motion_fx_scrolling&quot;:&quot;yes&quot;,&quot;background_motion_fx_devices&quot;:[&quot;desktop&quot;,&quot;tablet&quot;,&quot;mobile&quot;]}\">\n\t\t\t\t\t\t<div class=\"elementor-container elementor-column-gap-default\">\n\t\t\t\t\t<div class=\"elementor-column elementor-col-100 elementor-top-column elementor-element elementor-element-70bc06d9\" data-id=\"70bc06d9\" data-element_type=\"column\" data-e-type=\"column\" data-settings=\"{&quot;background_background&quot;:&quot;classic&quot;}\">\n\t\t\t<div class=\"elementor-widget-wrap elementor-element-populated\">\n\t\t\t\t\t\t<div class=\"elementor-element elementor-element-50bc6d00 elementor-widget elementor-widget-heading\" data-id=\"50bc6d00\" data-element_type=\"widget\" data-e-type=\"widget\" data-widget_type=\"heading.default\">\n\t\t\t\t<div class=\"elementor-widget-container\">\n\t\t\t\t\t<h1 class=\"elementor-heading-title elementor-size-default\">Contemplations de Tanger\n<\/h1>\t\t\t\t<\/div>\n\t\t\t\t<\/div>\n\t\t\t\t<div class=\"elementor-element elementor-element-57aa2eee elementor-widget elementor-widget-text-editor\" data-id=\"57aa2eee\" data-element_type=\"widget\" data-e-type=\"widget\" data-widget_type=\"text-editor.default\">\n\t\t\t\t<div class=\"elementor-widget-container\">\n\t\t\t\t\t\t\t\t\tAlors que je passe quelques semaines dans la ville qui est devenue une seconde maison pour moi, une place qui a vu ma renaissance spirituelle en 2016 alors que je m&rsquo;y retrouvais en exil face \u00e0 moi-m\u00eame, j&rsquo;ai d\u00e9cid\u00e9 de documenter le processus d&rsquo;y \u00e9tablir notre propre studio, dans un riad au coeur de la m\u00e9dina, alors que j&rsquo;y commence l&rsquo;\u00e9criture de mon prochain album. \t\t\t\t\t\t\t\t<\/div>\n\t\t\t\t<\/div>\n\t\t\t\t<div class=\"elementor-element elementor-element-2cbe4a7c elementor-widget elementor-widget-image\" data-id=\"2cbe4a7c\" data-element_type=\"widget\" data-e-type=\"widget\" data-widget_type=\"image.default\">\n\t\t\t\t<div class=\"elementor-widget-container\">\n\t\t\t\t\t\t\t\t\t\t\t\t\t\t\t<img fetchpriority=\"high\" decoding=\"async\" width=\"941\" height=\"214\" src=\"https:\/\/alexhenryfoster.com\/wp-content\/uploads\/ahf_signature-full.png\" class=\"attachment-large size-large wp-image-42736\" alt=\"\" srcset=\"https:\/\/alexhenryfoster.com\/wp-content\/uploads\/ahf_signature-full.png 941w, https:\/\/alexhenryfoster.com\/wp-content\/uploads\/ahf_signature-full-300x68.png 300w, https:\/\/alexhenryfoster.com\/wp-content\/uploads\/ahf_signature-full-768x175.png 768w\" sizes=\"(max-width: 941px) 100vw, 941px\" \/>\t\t\t\t\t\t\t\t\t\t\t\t\t\t\t<\/div>\n\t\t\t\t<\/div>\n\t\t\t\t<div class=\"elementor-element elementor-element-297785f elementor-widget-divider--view-line elementor-widget elementor-widget-divider\" data-id=\"297785f\" data-element_type=\"widget\" data-e-type=\"widget\" data-widget_type=\"divider.default\">\n\t\t\t\t<div class=\"elementor-widget-container\">\n\t\t\t\t\t\t\t<div class=\"elementor-divider\">\n\t\t\t<span class=\"elementor-divider-separator\">\n\t\t\t\t\t\t<\/span>\n\t\t<\/div>\n\t\t\t\t\t\t<\/div>\n\t\t\t\t<\/div>\n\t\t\t\t<div class=\"elementor-element elementor-element-5e2ed181 elementor-grid-3 elementor-grid-tablet-2 elementor-grid-mobile-1 elementor-posts--thumbnail-top elementor-card-shadow-yes elementor-posts__hover-gradient elementor-widget elementor-widget-posts\" data-id=\"5e2ed181\" data-element_type=\"widget\" data-e-type=\"widget\" data-settings=\"{&quot;pagination_type&quot;:&quot;load_more_infinite_scroll&quot;,&quot;cards_columns&quot;:&quot;3&quot;,&quot;cards_columns_tablet&quot;:&quot;2&quot;,&quot;cards_columns_mobile&quot;:&quot;1&quot;,&quot;cards_row_gap&quot;:{&quot;unit&quot;:&quot;px&quot;,&quot;size&quot;:35,&quot;sizes&quot;:[]},&quot;cards_row_gap_tablet&quot;:{&quot;unit&quot;:&quot;px&quot;,&quot;size&quot;:&quot;&quot;,&quot;sizes&quot;:[]},&quot;cards_row_gap_mobile&quot;:{&quot;unit&quot;:&quot;px&quot;,&quot;size&quot;:&quot;&quot;,&quot;sizes&quot;:[]},&quot;load_more_spinner&quot;:{&quot;value&quot;:&quot;fas fa-spinner&quot;,&quot;library&quot;:&quot;fa-solid&quot;}}\" data-widget_type=\"posts.cards\">\n\t\t\t\t<div class=\"elementor-widget-container\">\n\t\t\t\t\t\t\t<div class=\"elementor-posts-container elementor-posts elementor-posts--skin-cards elementor-grid\" role=\"list\">\n\t\t\t\t<article class=\"elementor-post elementor-grid-item post-55868 post type-post status-publish format-standard has-post-thumbnail hentry category-trangier-diaries-fr\" role=\"listitem\">\n\t\t\t<div class=\"elementor-post__card\">\n\t\t\t\t<a class=\"elementor-post__thumbnail__link\" href=\"https:\/\/alexhenryfoster.com\/fr\/alors-que-les-saisons-changent\/\" tabindex=\"-1\" ><div class=\"elementor-post__thumbnail\"><img decoding=\"async\" width=\"1024\" height=\"768\" src=\"https:\/\/alexhenryfoster.com\/wp-content\/uploads\/alexjeffjuliette-1024x768.jpg\" class=\"attachment-large size-large wp-image-55870\" alt=\"\" srcset=\"https:\/\/alexhenryfoster.com\/wp-content\/uploads\/alexjeffjuliette-1024x768.jpg 1024w, https:\/\/alexhenryfoster.com\/wp-content\/uploads\/alexjeffjuliette-300x225.jpg 300w, https:\/\/alexhenryfoster.com\/wp-content\/uploads\/alexjeffjuliette-768x576.jpg 768w, https:\/\/alexhenryfoster.com\/wp-content\/uploads\/alexjeffjuliette.jpg 1366w\" sizes=\"(max-width: 1024px) 100vw, 1024px\" \/><\/div><\/a>\n\t\t\t\t<div class=\"elementor-post__text\">\n\t\t\t\t<h5 class=\"elementor-post__title\">\n\t\t\t<a href=\"https:\/\/alexhenryfoster.com\/fr\/alors-que-les-saisons-changent\/\" >\n\t\t\t\tAlors que les saisons changent\t\t\t<\/a>\n\t\t<\/h5>\n\t\t\t\t\t<div class=\"elementor-post__read-more-wrapper\">\n\t\t\n\t\t<a class=\"elementor-post__read-more\" href=\"https:\/\/alexhenryfoster.com\/fr\/alors-que-les-saisons-changent\/\" aria-label=\"En savoir plus sur Alors que les saisons changent\" tabindex=\"-1\" >\n\t\t\tLire \u00bb\t\t<\/a>\n\n\t\t\t\t\t<\/div>\n\t\t\t\t<\/div>\n\t\t\t\t<div class=\"elementor-post__meta-data\">\n\t\t\t\t\t<span class=\"elementor-post-date\">\n\t\t\t26\/09\/2024\t\t<\/span>\n\t\t\t\t<span class=\"elementor-post-time\">\n\t\t\t3:00 pm\t\t<\/span>\n\t\t\t\t<\/div>\n\t\t\t\t\t<\/div>\n\t\t<\/article>\n\t\t\t\t<article class=\"elementor-post elementor-grid-item post-55800 post type-post status-publish format-standard has-post-thumbnail hentry category-trangier-diaries-fr\" role=\"listitem\">\n\t\t\t<div class=\"elementor-post__card\">\n\t\t\t\t<a class=\"elementor-post__thumbnail__link\" href=\"https:\/\/alexhenryfoster.com\/fr\/tangier-004-living-a-new-moment-at-a-time\/\" tabindex=\"-1\" ><div class=\"elementor-post__thumbnail\"><img decoding=\"async\" width=\"1024\" height=\"1024\" src=\"https:\/\/alexhenryfoster.com\/wp-content\/uploads\/IMG_8437-2-1024x1024.jpg\" class=\"attachment-large size-large wp-image-55809\" alt=\"\" srcset=\"https:\/\/alexhenryfoster.com\/wp-content\/uploads\/IMG_8437-2-1024x1024.jpg 1024w, https:\/\/alexhenryfoster.com\/wp-content\/uploads\/IMG_8437-2-300x300.jpg 300w, https:\/\/alexhenryfoster.com\/wp-content\/uploads\/IMG_8437-2-150x150.jpg 150w, https:\/\/alexhenryfoster.com\/wp-content\/uploads\/IMG_8437-2-768x768.jpg 768w, https:\/\/alexhenryfoster.com\/wp-content\/uploads\/IMG_8437-2.jpg 1200w\" sizes=\"(max-width: 1024px) 100vw, 1024px\" \/><\/div><\/a>\n\t\t\t\t<div class=\"elementor-post__text\">\n\t\t\t\t<h5 class=\"elementor-post__title\">\n\t\t\t<a href=\"https:\/\/alexhenryfoster.com\/fr\/tangier-004-living-a-new-moment-at-a-time\/\" >\n\t\t\t\tVivre : Un nouveau moment \u00e0 la fois\t\t\t<\/a>\n\t\t<\/h5>\n\t\t\t\t\t<div class=\"elementor-post__read-more-wrapper\">\n\t\t\n\t\t<a class=\"elementor-post__read-more\" href=\"https:\/\/alexhenryfoster.com\/fr\/tangier-004-living-a-new-moment-at-a-time\/\" aria-label=\"En savoir plus sur Vivre : Un nouveau moment \u00e0 la fois\" tabindex=\"-1\" >\n\t\t\tLire \u00bb\t\t<\/a>\n\n\t\t\t\t\t<\/div>\n\t\t\t\t<\/div>\n\t\t\t\t<div class=\"elementor-post__meta-data\">\n\t\t\t\t\t<span class=\"elementor-post-date\">\n\t\t\t18\/09\/2024\t\t<\/span>\n\t\t\t\t<span class=\"elementor-post-time\">\n\t\t\t3:00 pm\t\t<\/span>\n\t\t\t\t<\/div>\n\t\t\t\t\t<\/div>\n\t\t<\/article>\n\t\t\t\t<article class=\"elementor-post elementor-grid-item post-55687 post type-post status-publish format-standard has-post-thumbnail hentry category-non-classifiee category-tangier-diaries\" role=\"listitem\">\n\t\t\t<div class=\"elementor-post__card\">\n\t\t\t\t<a class=\"elementor-post__thumbnail__link\" href=\"https:\/\/alexhenryfoster.com\/fr\/when-hate-comes-calling-in\/\" tabindex=\"-1\" ><div class=\"elementor-post__thumbnail\"><img loading=\"lazy\" decoding=\"async\" width=\"1000\" height=\"1000\" src=\"https:\/\/alexhenryfoster.com\/wp-content\/uploads\/20171008_morocco_04_walkhome0015.jpg\" class=\"attachment-large size-large wp-image-55689\" alt=\"\" srcset=\"https:\/\/alexhenryfoster.com\/wp-content\/uploads\/20171008_morocco_04_walkhome0015.jpg 1000w, https:\/\/alexhenryfoster.com\/wp-content\/uploads\/20171008_morocco_04_walkhome0015-300x300.jpg 300w, https:\/\/alexhenryfoster.com\/wp-content\/uploads\/20171008_morocco_04_walkhome0015-150x150.jpg 150w, https:\/\/alexhenryfoster.com\/wp-content\/uploads\/20171008_morocco_04_walkhome0015-768x768.jpg 768w\" sizes=\"(max-width: 1000px) 100vw, 1000px\" \/><\/div><\/a>\n\t\t\t\t<div class=\"elementor-post__text\">\n\t\t\t\t<h5 class=\"elementor-post__title\">\n\t\t\t<a href=\"https:\/\/alexhenryfoster.com\/fr\/when-hate-comes-calling-in\/\" >\n\t\t\t\tLorsque la haine cogne \u00e0 la porte\t\t\t<\/a>\n\t\t<\/h5>\n\t\t\t\t\t<div class=\"elementor-post__read-more-wrapper\">\n\t\t\n\t\t<a class=\"elementor-post__read-more\" href=\"https:\/\/alexhenryfoster.com\/fr\/when-hate-comes-calling-in\/\" aria-label=\"En savoir plus sur Lorsque la haine cogne \u00e0 la porte\" tabindex=\"-1\" >\n\t\t\tLire \u00bb\t\t<\/a>\n\n\t\t\t\t\t<\/div>\n\t\t\t\t<\/div>\n\t\t\t\t<div class=\"elementor-post__meta-data\">\n\t\t\t\t\t<span class=\"elementor-post-date\">\n\t\t\t09\/09\/2024\t\t<\/span>\n\t\t\t\t<span class=\"elementor-post-time\">\n\t\t\t5:00 am\t\t<\/span>\n\t\t\t\t<\/div>\n\t\t\t\t\t<\/div>\n\t\t<\/article>\n\t\t\t\t<article class=\"elementor-post elementor-grid-item post-55602 post type-post status-publish format-standard has-post-thumbnail hentry category-tangier-diaries\" role=\"listitem\">\n\t\t\t<div class=\"elementor-post__card\">\n\t\t\t\t<a class=\"elementor-post__thumbnail__link\" href=\"https:\/\/alexhenryfoster.com\/fr\/tangier-002-witnessing-life-unfolding-itself\/\" tabindex=\"-1\" ><div class=\"elementor-post__thumbnail\"><img loading=\"lazy\" decoding=\"async\" width=\"1024\" height=\"768\" src=\"https:\/\/alexhenryfoster.com\/wp-content\/uploads\/riad_IMG_5151-1024x768.jpg\" class=\"attachment-large size-large wp-image-55603\" alt=\"\" srcset=\"https:\/\/alexhenryfoster.com\/wp-content\/uploads\/riad_IMG_5151-1024x768.jpg 1024w, https:\/\/alexhenryfoster.com\/wp-content\/uploads\/riad_IMG_5151-300x225.jpg 300w, https:\/\/alexhenryfoster.com\/wp-content\/uploads\/riad_IMG_5151-768x576.jpg 768w, https:\/\/alexhenryfoster.com\/wp-content\/uploads\/riad_IMG_5151-1536x1152.jpg 1536w, https:\/\/alexhenryfoster.com\/wp-content\/uploads\/riad_IMG_5151.jpg 1600w\" sizes=\"(max-width: 1024px) 100vw, 1024px\" \/><\/div><\/a>\n\t\t\t\t<div class=\"elementor-post__text\">\n\t\t\t\t<h5 class=\"elementor-post__title\">\n\t\t\t<a href=\"https:\/\/alexhenryfoster.com\/fr\/tangier-002-witnessing-life-unfolding-itself\/\" >\n\t\t\t\tT\u00e9moigner de la vie qui fleurit\t\t\t<\/a>\n\t\t<\/h5>\n\t\t\t\t\t<div class=\"elementor-post__read-more-wrapper\">\n\t\t\n\t\t<a class=\"elementor-post__read-more\" href=\"https:\/\/alexhenryfoster.com\/fr\/tangier-002-witnessing-life-unfolding-itself\/\" aria-label=\"En savoir plus sur T\u00e9moigner de la vie qui fleurit\" tabindex=\"-1\" >\n\t\t\tLire \u00bb\t\t<\/a>\n\n\t\t\t\t\t<\/div>\n\t\t\t\t<\/div>\n\t\t\t\t<div class=\"elementor-post__meta-data\">\n\t\t\t\t\t<span class=\"elementor-post-date\">\n\t\t\t02\/09\/2024\t\t<\/span>\n\t\t\t\t<span class=\"elementor-post-time\">\n\t\t\t7:00 am\t\t<\/span>\n\t\t\t\t<\/div>\n\t\t\t\t\t<\/div>\n\t\t<\/article>\n\t\t\t\t<article class=\"elementor-post elementor-grid-item post-55524 post type-post status-publish format-standard has-post-thumbnail hentry category-trangier-diaries-fr category-3\" role=\"listitem\">\n\t\t\t<div class=\"elementor-post__card\">\n\t\t\t\t<a class=\"elementor-post__thumbnail__link\" href=\"https:\/\/alexhenryfoster.com\/fr\/tangier-001-a-summer-like-no-other\/\" tabindex=\"-1\" ><div class=\"elementor-post__thumbnail\"><img loading=\"lazy\" decoding=\"async\" width=\"1024\" height=\"1024\" src=\"https:\/\/alexhenryfoster.com\/wp-content\/uploads\/IMG_4905-web-1-1024x1024.jpg\" class=\"attachment-large size-large wp-image-55526\" alt=\"\" srcset=\"https:\/\/alexhenryfoster.com\/wp-content\/uploads\/IMG_4905-web-1-1024x1024.jpg 1024w, https:\/\/alexhenryfoster.com\/wp-content\/uploads\/IMG_4905-web-1-300x300.jpg 300w, https:\/\/alexhenryfoster.com\/wp-content\/uploads\/IMG_4905-web-1-150x150.jpg 150w, https:\/\/alexhenryfoster.com\/wp-content\/uploads\/IMG_4905-web-1-768x768.jpg 768w, https:\/\/alexhenryfoster.com\/wp-content\/uploads\/IMG_4905-web-1-1536x1536.jpg 1536w, https:\/\/alexhenryfoster.com\/wp-content\/uploads\/IMG_4905-web-1.jpg 1600w\" sizes=\"(max-width: 1024px) 100vw, 1024px\" \/><\/div><\/a>\n\t\t\t\t<div class=\"elementor-post__text\">\n\t\t\t\t<h5 class=\"elementor-post__title\">\n\t\t\t<a href=\"https:\/\/alexhenryfoster.com\/fr\/tangier-001-a-summer-like-no-other\/\" >\n\t\t\t\tUn \u00e9t\u00e9 comme aucun autre\t\t\t<\/a>\n\t\t<\/h5>\n\t\t\t\t\t<div class=\"elementor-post__read-more-wrapper\">\n\t\t\n\t\t<a class=\"elementor-post__read-more\" href=\"https:\/\/alexhenryfoster.com\/fr\/tangier-001-a-summer-like-no-other\/\" aria-label=\"En savoir plus sur Un \u00e9t\u00e9 comme aucun autre\" tabindex=\"-1\" >\n\t\t\tLire \u00bb\t\t<\/a>\n\n\t\t\t\t\t<\/div>\n\t\t\t\t<\/div>\n\t\t\t\t<div class=\"elementor-post__meta-data\">\n\t\t\t\t\t<span class=\"elementor-post-date\">\n\t\t\t24\/08\/2024\t\t<\/span>\n\t\t\t\t<span class=\"elementor-post-time\">\n\t\t\t1:00 pm\t\t<\/span>\n\t\t\t\t<\/div>\n\t\t\t\t\t<\/div>\n\t\t<\/article>\n\t\t\t\t<\/div>\n\t\t\t\t\t<span class=\"e-load-more-spinner\">\n\t\t\t\t<i aria-hidden=\"true\" class=\"fas fa-spinner\"><\/i>\t\t\t<\/span>\n\t\t\n\t\t\t\t\t\t<\/div>\n\t\t\t\t<\/div>\n\t\t\t\t\t<\/div>\n\t\t<\/div>\n\t\t\t\t\t<\/div>\n\t\t<\/section>\n\t\t\t\t<\/div>\n\t\t","protected":false},"excerpt":{"rendered":"<p>Contemplations de Tanger Alors que je passe quelques semaines dans la ville qui est devenue une seconde maison pour moi, une place qui a vu ma renaissance spirituelle en 2016 alors que je m&rsquo;y retrouvais en exil face \u00e0 moi-m\u00eame, j&rsquo;ai d\u00e9cid\u00e9 de documenter le processus d&rsquo;y \u00e9tablir notre propre studio, dans un riad au coeur de la m\u00e9dina, alors que j&rsquo;y commence l&rsquo;\u00e9criture de mon prochain album.<\/p>\n","protected":false},"author":1,"featured_media":0,"parent":0,"menu_order":0,"comment_status":"closed","ping_status":"closed","template":"elementor_header_footer","meta":{"_acf_changed":false,"footnotes":""},"class_list":["post-55619","page","type-page","status-publish","hentry"],"acf":[],"aioseo_notices":[],"_links":{"self":[{"href":"https:\/\/alexhenryfoster.com\/fr\/wp-json\/wp\/v2\/pages\/55619","targetHints":{"allow":["GET"]}}],"collection":[{"href":"https:\/\/alexhenryfoster.com\/fr\/wp-json\/wp\/v2\/pages"}],"about":[{"href":"https:\/\/alexhenryfoster.com\/fr\/wp-json\/wp\/v2\/types\/page"}],"author":[{"embeddable":true,"href":"https:\/\/alexhenryfoster.com\/fr\/wp-json\/wp\/v2\/users\/1"}],"replies":[{"embeddable":true,"href":"https:\/\/alexhenryfoster.com\/fr\/wp-json\/wp\/v2\/comments?post=55619"}],"version-history":[{"count":7,"href":"https:\/\/alexhenryfoster.com\/fr\/wp-json\/wp\/v2\/pages\/55619\/revisions"}],"predecessor-version":[{"id":55879,"href":"https:\/\/alexhenryfoster.com\/fr\/wp-json\/wp\/v2\/pages\/55619\/revisions\/55879"}],"wp:attachment":[{"href":"https:\/\/alexhenryfoster.com\/fr\/wp-json\/wp\/v2\/media?parent=55619"}],"curies":[{"name":"wp","href":"https:\/\/api.w.org\/{rel}","templated":true}]}}