{"id":55629,"date":"2024-08-30T00:00:20","date_gmt":"2024-08-30T04:00:20","guid":{"rendered":"https:\/\/alexhenryfoster.com\/?page_id=55629"},"modified":"2024-12-11T03:21:30","modified_gmt":"2024-12-11T08:21:30","slug":"writings","status":"publish","type":"page","link":"https:\/\/alexhenryfoster.com\/fr\/writings\/","title":{"rendered":"\u00c9crits &#038; Autres R\u00eaveries"},"content":{"rendered":"\t\t<div data-elementor-type=\"wp-page\" data-elementor-id=\"55629\" class=\"elementor elementor-55629 elementor-55448\" data-elementor-post-type=\"page\">\n\t\t\t\t\t\t<section data-particle_enable=\"false\" data-particle-mobile-disabled=\"false\" class=\"elementor-section elementor-top-section elementor-element elementor-element-138d694f elementor-section-boxed elementor-section-height-default elementor-section-height-default\" data-id=\"138d694f\" data-element_type=\"section\" data-e-type=\"section\" data-settings=\"{&quot;background_background&quot;:&quot;classic&quot;,&quot;background_motion_fx_motion_fx_scrolling&quot;:&quot;yes&quot;,&quot;background_motion_fx_devices&quot;:[&quot;desktop&quot;,&quot;tablet&quot;,&quot;mobile&quot;]}\">\n\t\t\t\t\t\t<div class=\"elementor-container elementor-column-gap-default\">\n\t\t\t\t\t<div class=\"elementor-column elementor-col-100 elementor-top-column elementor-element elementor-element-68b18a54\" data-id=\"68b18a54\" data-element_type=\"column\" data-e-type=\"column\" data-settings=\"{&quot;background_background&quot;:&quot;classic&quot;}\">\n\t\t\t<div class=\"elementor-widget-wrap elementor-element-populated\">\n\t\t\t\t\t\t<section data-particle_enable=\"false\" data-particle-mobile-disabled=\"false\" class=\"elementor-section elementor-inner-section elementor-element elementor-element-441f5a2 elementor-section-boxed elementor-section-height-default elementor-section-height-default\" data-id=\"441f5a2\" data-element_type=\"section\" data-e-type=\"section\">\n\t\t\t\t\t\t<div class=\"elementor-container elementor-column-gap-default\">\n\t\t\t\t\t<div class=\"elementor-column elementor-col-100 elementor-inner-column elementor-element elementor-element-8b0659e\" data-id=\"8b0659e\" data-element_type=\"column\" data-e-type=\"column\">\n\t\t\t<div class=\"elementor-widget-wrap elementor-element-populated\">\n\t\t\t\t\t\t<div class=\"elementor-element elementor-element-2cf9bb20 elementor-widget elementor-widget-heading\" data-id=\"2cf9bb20\" data-element_type=\"widget\" data-e-type=\"widget\" data-widget_type=\"heading.default\">\n\t\t\t\t<div class=\"elementor-widget-container\">\n\t\t\t\t\t<h1 class=\"elementor-heading-title elementor-size-default\">\u00c9crits &amp; Autres R\u00eaveries<\/h1>\t\t\t\t<\/div>\n\t\t\t\t<\/div>\n\t\t\t\t<div class=\"elementor-element elementor-element-5bc3c698 elementor-widget elementor-widget-text-editor\" data-id=\"5bc3c698\" data-element_type=\"widget\" data-e-type=\"widget\" data-widget_type=\"text-editor.default\">\n\t\t\t\t<div class=\"elementor-widget-container\">\n\t\t\t\t\t\t\t\t\tJe me suis toujours consid\u00e9r\u00e9 comme un \u00e9crivain plut\u00f4t qu&rsquo;un musicien, pour toutes les bonnes et les mauvaises raisons, j&rsquo;imagine. Aujourd&rsquo;hui, alors que la musique prend de plus en plus de place dans ma vie, je me lance et me permets de d\u00e9couvrir comment je peux m&rsquo;exprimer, pas seulement \u00e0 travers les paroles des chansons, mais bien les instruments eux-m\u00eames\u2026 Chaque journ\u00e9e est diff\u00e9rente de la pr\u00e9c\u00e9dente, tout comme l&rsquo;est chaque note. Les mots resteront \u00e0 jamais mon premier amour, le premier monde dans lequel j&rsquo;ai pu m&rsquo;\u00e9vader lorsque je me sentais mis\u00e9rable, qui m&rsquo;a ouvert de nouvelles portes sur qui je pouvais devenir, o\u00f9 je pouvais aller, et les r\u00eaves que je pouvais envisager voir devenir r\u00e9alit\u00e9.\n\t\t\t\t\t\t\t\t<\/div>\n\t\t\t\t<\/div>\n\t\t\t\t<div class=\"elementor-element elementor-element-59c60a72 elementor-widget elementor-widget-image\" data-id=\"59c60a72\" data-element_type=\"widget\" data-e-type=\"widget\" data-widget_type=\"image.default\">\n\t\t\t\t<div class=\"elementor-widget-container\">\n\t\t\t\t\t\t\t\t\t\t\t\t\t\t\t<img fetchpriority=\"high\" decoding=\"async\" width=\"941\" height=\"214\" src=\"https:\/\/alexhenryfoster.com\/wp-content\/uploads\/ahf_signature-full.png\" class=\"attachment-large size-large wp-image-42736\" alt=\"\" srcset=\"https:\/\/alexhenryfoster.com\/wp-content\/uploads\/ahf_signature-full.png 941w, https:\/\/alexhenryfoster.com\/wp-content\/uploads\/ahf_signature-full-300x68.png 300w, https:\/\/alexhenryfoster.com\/wp-content\/uploads\/ahf_signature-full-768x175.png 768w\" sizes=\"(max-width: 941px) 100vw, 941px\" \/>\t\t\t\t\t\t\t\t\t\t\t\t\t\t\t<\/div>\n\t\t\t\t<\/div>\n\t\t\t\t<div class=\"elementor-element elementor-element-192ad214 elementor-widget-divider--view-line elementor-widget elementor-widget-divider\" data-id=\"192ad214\" data-element_type=\"widget\" data-e-type=\"widget\" data-widget_type=\"divider.default\">\n\t\t\t\t<div class=\"elementor-widget-container\">\n\t\t\t\t\t\t\t<div class=\"elementor-divider\">\n\t\t\t<span class=\"elementor-divider-separator\">\n\t\t\t\t\t\t<\/span>\n\t\t<\/div>\n\t\t\t\t\t\t<\/div>\n\t\t\t\t<\/div>\n\t\t\t\t\t<\/div>\n\t\t<\/div>\n\t\t\t\t\t<\/div>\n\t\t<\/section>\n\t\t\t\t<section data-particle_enable=\"false\" data-particle-mobile-disabled=\"false\" class=\"elementor-section elementor-inner-section elementor-element elementor-element-aa8fa94 elementor-section-boxed elementor-section-height-default elementor-section-height-default\" data-id=\"aa8fa94\" data-element_type=\"section\" data-e-type=\"section\">\n\t\t\t\t\t\t<div class=\"elementor-container elementor-column-gap-default\">\n\t\t\t\t\t<div class=\"elementor-column elementor-col-25 elementor-inner-column elementor-element elementor-element-7b6fc33\" data-id=\"7b6fc33\" data-element_type=\"column\" data-e-type=\"column\">\n\t\t\t<div class=\"elementor-widget-wrap elementor-element-populated\">\n\t\t\t\t\t\t<div class=\"elementor-element elementor-element-2b95d84 elementor-widget elementor-widget-heading\" data-id=\"2b95d84\" data-element_type=\"widget\" data-e-type=\"widget\" data-widget_type=\"heading.default\">\n\t\t\t\t<div class=\"elementor-widget-container\">\n\t\t\t\t\t<h3 class=\"elementor-heading-title elementor-size-default\">Contemplations de Tanger\n<\/h3>\t\t\t\t<\/div>\n\t\t\t\t<\/div>\n\t\t\t\t<div class=\"elementor-element elementor-element-863313a elementor-widget elementor-widget-image\" data-id=\"863313a\" data-element_type=\"widget\" data-e-type=\"widget\" data-widget_type=\"image.default\">\n\t\t\t\t<div class=\"elementor-widget-container\">\n\t\t\t\t\t\t\t\t\t\t\t\t\t\t\t\t<a href=\"https:\/\/alexhenryfoster.com\/tangier-memories\/\">\n\t\t\t\t\t\t\t<img decoding=\"async\" width=\"1024\" height=\"1024\" src=\"https:\/\/alexhenryfoster.com\/wp-content\/uploads\/20180328_sunriseatmaria0011-webedit-square-1024x1024.jpg\" class=\"attachment-large size-large wp-image-55471\" alt=\"\" srcset=\"https:\/\/alexhenryfoster.com\/wp-content\/uploads\/20180328_sunriseatmaria0011-webedit-square-1024x1024.jpg 1024w, https:\/\/alexhenryfoster.com\/wp-content\/uploads\/20180328_sunriseatmaria0011-webedit-square-300x300.jpg 300w, https:\/\/alexhenryfoster.com\/wp-content\/uploads\/20180328_sunriseatmaria0011-webedit-square-150x150.jpg 150w, https:\/\/alexhenryfoster.com\/wp-content\/uploads\/20180328_sunriseatmaria0011-webedit-square-768x768.jpg 768w, https:\/\/alexhenryfoster.com\/wp-content\/uploads\/20180328_sunriseatmaria0011-webedit-square.jpg 1350w\" sizes=\"(max-width: 1024px) 100vw, 1024px\" \/>\t\t\t\t\t\t\t\t<\/a>\n\t\t\t\t\t\t\t\t\t\t\t\t\t\t\t<\/div>\n\t\t\t\t<\/div>\n\t\t\t\t<div class=\"elementor-element elementor-element-be53562 elementor-widget elementor-widget-heading\" data-id=\"be53562\" data-element_type=\"widget\" data-e-type=\"widget\" data-widget_type=\"heading.default\">\n\t\t\t\t<div class=\"elementor-widget-container\">\n\t\t\t\t\t<h4 class=\"elementor-heading-title elementor-size-default\">En Continu<\/h4>\t\t\t\t<\/div>\n\t\t\t\t<\/div>\n\t\t\t\t<div class=\"elementor-element elementor-element-e1f5bdb elementor-widget elementor-widget-text-editor\" data-id=\"e1f5bdb\" data-element_type=\"widget\" data-e-type=\"widget\" data-widget_type=\"text-editor.default\">\n\t\t\t\t<div class=\"elementor-widget-container\">\n\t\t\t\t\t\t\t\t\tComposition d&rsquo;un album (et construction d&rsquo;un studio) \u00e0 Tanger apr\u00e8s une tourn\u00e9e estivale qui a confirm\u00e9 mon d\u00e9sir de continuer l&rsquo;aventure. \n\t\t\t\t\t\t\t\t<\/div>\n\t\t\t\t<\/div>\n\t\t\t\t<div class=\"elementor-element elementor-element-c873832 elementor-widget elementor-widget-button\" data-id=\"c873832\" data-element_type=\"widget\" data-e-type=\"widget\" data-widget_type=\"button.default\">\n\t\t\t\t<div class=\"elementor-widget-container\">\n\t\t\t\t\t\t\t\t\t<div class=\"elementor-button-wrapper\">\n\t\t\t\t\t<a class=\"elementor-button elementor-button-link elementor-size-sm elementor-animation-grow\" href=\"https:\/\/alexhenryfoster.com\/tangier-memories\/\">\n\t\t\t\t\t\t<span class=\"elementor-button-content-wrapper\">\n\t\t\t\t\t\t\t\t\t<span class=\"elementor-button-text\">Lire<\/span>\n\t\t\t\t\t<\/span>\n\t\t\t\t\t<\/a>\n\t\t\t\t<\/div>\n\t\t\t\t\t\t\t\t<\/div>\n\t\t\t\t<\/div>\n\t\t\t\t\t<\/div>\n\t\t<\/div>\n\t\t\t\t<div class=\"elementor-column elementor-col-25 elementor-inner-column elementor-element elementor-element-eea2b21\" data-id=\"eea2b21\" data-element_type=\"column\" data-e-type=\"column\">\n\t\t\t<div class=\"elementor-widget-wrap elementor-element-populated\">\n\t\t\t\t\t\t<div class=\"elementor-element elementor-element-78420bd elementor-widget elementor-widget-heading\" data-id=\"78420bd\" data-element_type=\"widget\" data-e-type=\"widget\" data-widget_type=\"heading.default\">\n\t\t\t\t<div class=\"elementor-widget-container\">\n\t\t\t\t\t<h3 class=\"elementor-heading-title elementor-size-default\">Chroniques de tourn\u00e9e\n<\/h3>\t\t\t\t<\/div>\n\t\t\t\t<\/div>\n\t\t\t\t<div class=\"elementor-element elementor-element-f67ecc5 elementor-widget elementor-widget-image\" data-id=\"f67ecc5\" data-element_type=\"widget\" data-e-type=\"widget\" data-widget_type=\"image.default\">\n\t\t\t\t<div class=\"elementor-widget-container\">\n\t\t\t\t\t\t\t\t\t\t\t\t\t\t\t\t<a href=\"https:\/\/alexhenryfoster.com\/fr\/tour-chronicles\/\">\n\t\t\t\t\t\t\t<img decoding=\"async\" width=\"960\" height=\"960\" src=\"https:\/\/alexhenryfoster.com\/wp-content\/uploads\/ahf_usatour_eosr6_20241009_seattle_06_soundscheck_0247-square-1.jpg\" class=\"attachment-large size-large wp-image-58140\" alt=\"\" srcset=\"https:\/\/alexhenryfoster.com\/wp-content\/uploads\/ahf_usatour_eosr6_20241009_seattle_06_soundscheck_0247-square-1.jpg 960w, https:\/\/alexhenryfoster.com\/wp-content\/uploads\/ahf_usatour_eosr6_20241009_seattle_06_soundscheck_0247-square-1-300x300.jpg 300w, https:\/\/alexhenryfoster.com\/wp-content\/uploads\/ahf_usatour_eosr6_20241009_seattle_06_soundscheck_0247-square-1-150x150.jpg 150w, https:\/\/alexhenryfoster.com\/wp-content\/uploads\/ahf_usatour_eosr6_20241009_seattle_06_soundscheck_0247-square-1-768x768.jpg 768w\" sizes=\"(max-width: 960px) 100vw, 960px\" \/>\t\t\t\t\t\t\t\t<\/a>\n\t\t\t\t\t\t\t\t\t\t\t\t\t\t\t<\/div>\n\t\t\t\t<\/div>\n\t\t\t\t<div class=\"elementor-element elementor-element-fd99a73 elementor-widget elementor-widget-heading\" data-id=\"fd99a73\" data-element_type=\"widget\" data-e-type=\"widget\" data-widget_type=\"heading.default\">\n\t\t\t\t<div class=\"elementor-widget-container\">\n\t\t\t\t\t<h4 class=\"elementor-heading-title elementor-size-default\">En Continu<\/h4>\t\t\t\t<\/div>\n\t\t\t\t<\/div>\n\t\t\t\t<div class=\"elementor-element elementor-element-dcbc2b4 elementor-widget elementor-widget-text-editor\" data-id=\"dcbc2b4\" data-element_type=\"widget\" data-e-type=\"widget\" data-widget_type=\"text-editor.default\">\n\t\t\t\t<div class=\"elementor-widget-container\">\n\t\t\t\t\t\t\t\t\tMes voyages sur la route, des concerts au processus d\u2019\u00e9criture, la r\u00e9alit\u00e9 quotidienne de la vie en communaut\u00e9, les d\u00e9couvertes cr\u00e9atives et humaines que je ferai.\t\t\t\t\t\t\t\t<\/div>\n\t\t\t\t<\/div>\n\t\t\t\t<div class=\"elementor-element elementor-element-eadea89 elementor-widget elementor-widget-button\" data-id=\"eadea89\" data-element_type=\"widget\" data-e-type=\"widget\" data-widget_type=\"button.default\">\n\t\t\t\t<div class=\"elementor-widget-container\">\n\t\t\t\t\t\t\t\t\t<div class=\"elementor-button-wrapper\">\n\t\t\t\t\t<a class=\"elementor-button elementor-button-link elementor-size-sm elementor-animation-grow\" href=\"https:\/\/alexhenryfoster.com\/fr\/tour-chronicles\/\">\n\t\t\t\t\t\t<span class=\"elementor-button-content-wrapper\">\n\t\t\t\t\t\t\t\t\t<span class=\"elementor-button-text\">Lire<\/span>\n\t\t\t\t\t<\/span>\n\t\t\t\t\t<\/a>\n\t\t\t\t<\/div>\n\t\t\t\t\t\t\t\t<\/div>\n\t\t\t\t<\/div>\n\t\t\t\t\t<\/div>\n\t\t<\/div>\n\t\t\t\t<div class=\"elementor-column elementor-col-25 elementor-inner-column elementor-element elementor-element-9776318\" data-id=\"9776318\" data-element_type=\"column\" data-e-type=\"column\">\n\t\t\t<div class=\"elementor-widget-wrap elementor-element-populated\">\n\t\t\t\t\t\t<div class=\"elementor-element elementor-element-7320150 elementor-widget elementor-widget-heading\" data-id=\"7320150\" data-element_type=\"widget\" data-e-type=\"widget\" data-widget_type=\"heading.default\">\n\t\t\t\t<div class=\"elementor-widget-container\">\n\t\t\t\t\t<h3 class=\"elementor-heading-title elementor-size-default\">Journal D'un \u00c9tanger \u00e0 un autre<\/h3>\t\t\t\t<\/div>\n\t\t\t\t<\/div>\n\t\t\t\t<div class=\"elementor-element elementor-element-6cd8011 elementor-widget elementor-widget-image\" data-id=\"6cd8011\" data-element_type=\"widget\" data-e-type=\"widget\" data-widget_type=\"image.default\">\n\t\t\t\t<div class=\"elementor-widget-container\">\n\t\t\t\t\t\t\t\t\t\t\t\t\t\t\t\t<a href=\"https:\/\/alexhenryfoster.com\/journal\/fr\/\">\n\t\t\t\t\t\t\t<img loading=\"lazy\" decoding=\"async\" width=\"1000\" height=\"1000\" src=\"https:\/\/alexhenryfoster.com\/wp-content\/uploads\/ahf-journal-header-pic.jpg\" class=\"attachment-large size-large wp-image-55630\" alt=\"\" srcset=\"https:\/\/alexhenryfoster.com\/wp-content\/uploads\/ahf-journal-header-pic.jpg 1000w, https:\/\/alexhenryfoster.com\/wp-content\/uploads\/ahf-journal-header-pic-300x300.jpg 300w, https:\/\/alexhenryfoster.com\/wp-content\/uploads\/ahf-journal-header-pic-150x150.jpg 150w, https:\/\/alexhenryfoster.com\/wp-content\/uploads\/ahf-journal-header-pic-768x768.jpg 768w\" sizes=\"(max-width: 1000px) 100vw, 1000px\" \/>\t\t\t\t\t\t\t\t<\/a>\n\t\t\t\t\t\t\t\t\t\t\t\t\t\t\t<\/div>\n\t\t\t\t<\/div>\n\t\t\t\t<div class=\"elementor-element elementor-element-21054c7 elementor-widget elementor-widget-heading\" data-id=\"21054c7\" data-element_type=\"widget\" data-e-type=\"widget\" data-widget_type=\"heading.default\">\n\t\t\t\t<div class=\"elementor-widget-container\">\n\t\t\t\t\t<h4 class=\"elementor-heading-title elementor-size-default\">En COntinu<\/h4>\t\t\t\t<\/div>\n\t\t\t\t<\/div>\n\t\t\t\t<div class=\"elementor-element elementor-element-1edd60a elementor-widget elementor-widget-text-editor\" data-id=\"1edd60a\" data-element_type=\"widget\" data-e-type=\"widget\" data-widget_type=\"text-editor.default\">\n\t\t\t\t<div class=\"elementor-widget-container\">\n\t\t\t\t\t\t\t\t\tR\u00e9flexions sur la vie faite de bruits et de chaos qu&rsquo;est la mienne, qui transpire sur moi et tout ce que je cr\u00e9e. \n\t\t\t\t\t\t\t\t<\/div>\n\t\t\t\t<\/div>\n\t\t\t\t<div class=\"elementor-element elementor-element-f3d88f9 elementor-widget elementor-widget-button\" data-id=\"f3d88f9\" data-element_type=\"widget\" data-e-type=\"widget\" data-widget_type=\"button.default\">\n\t\t\t\t<div class=\"elementor-widget-container\">\n\t\t\t\t\t\t\t\t\t<div class=\"elementor-button-wrapper\">\n\t\t\t\t\t<a class=\"elementor-button elementor-button-link elementor-size-sm elementor-animation-grow\" href=\"https:\/\/alexhenryfoster.com\/journal\/fr\/\">\n\t\t\t\t\t\t<span class=\"elementor-button-content-wrapper\">\n\t\t\t\t\t\t\t\t\t<span class=\"elementor-button-text\">Lire<\/span>\n\t\t\t\t\t<\/span>\n\t\t\t\t\t<\/a>\n\t\t\t\t<\/div>\n\t\t\t\t\t\t\t\t<\/div>\n\t\t\t\t<\/div>\n\t\t\t\t\t<\/div>\n\t\t<\/div>\n\t\t\t\t<div class=\"elementor-column elementor-col-25 elementor-inner-column elementor-element elementor-element-50b5436\" data-id=\"50b5436\" data-element_type=\"column\" data-e-type=\"column\">\n\t\t\t<div class=\"elementor-widget-wrap elementor-element-populated\">\n\t\t\t\t\t\t<div class=\"elementor-element elementor-element-bcd1bdf elementor-widget elementor-widget-heading\" data-id=\"bcd1bdf\" data-element_type=\"widget\" data-e-type=\"widget\" data-widget_type=\"heading.default\">\n\t\t\t\t<div class=\"elementor-widget-container\">\n\t\t\t\t\t<h3 class=\"elementor-heading-title elementor-size-default\">Journal de Studio Quotidien<\/h3>\t\t\t\t<\/div>\n\t\t\t\t<\/div>\n\t\t\t\t<div class=\"elementor-element elementor-element-fcdbfc2 elementor-widget elementor-widget-image\" data-id=\"fcdbfc2\" data-element_type=\"widget\" data-e-type=\"widget\" data-widget_type=\"image.default\">\n\t\t\t\t<div class=\"elementor-widget-container\">\n\t\t\t\t\t\t\t\t\t\t\t\t\t\t\t\t<a href=\"https:\/\/alexhenryfoster.com\/fr\/daily-studio-diaries\/\">\n\t\t\t\t\t\t\t<img loading=\"lazy\" decoding=\"async\" width=\"1024\" height=\"1024\" src=\"https:\/\/alexhenryfoster.com\/wp-content\/uploads\/IMG_4868-1024x1024.jpg\" class=\"attachment-large size-large wp-image-45944\" alt=\"\" srcset=\"https:\/\/alexhenryfoster.com\/wp-content\/uploads\/IMG_4868-1024x1024.jpg 1024w, https:\/\/alexhenryfoster.com\/wp-content\/uploads\/IMG_4868-300x300.jpg 300w, https:\/\/alexhenryfoster.com\/wp-content\/uploads\/IMG_4868-150x150.jpg 150w, https:\/\/alexhenryfoster.com\/wp-content\/uploads\/IMG_4868-768x768.jpg 768w, https:\/\/alexhenryfoster.com\/wp-content\/uploads\/IMG_4868.jpg 1200w\" sizes=\"(max-width: 1024px) 100vw, 1024px\" \/>\t\t\t\t\t\t\t\t<\/a>\n\t\t\t\t\t\t\t\t\t\t\t\t\t\t\t<\/div>\n\t\t\t\t<\/div>\n\t\t\t\t<div class=\"elementor-element elementor-element-c1a2d30 elementor-widget elementor-widget-heading\" data-id=\"c1a2d30\" data-element_type=\"widget\" data-e-type=\"widget\" data-widget_type=\"heading.default\">\n\t\t\t\t<div class=\"elementor-widget-container\">\n\t\t\t\t\t<h4 class=\"elementor-heading-title elementor-size-default\">F\u00e9vrier 2024 - Mai 2024\n<\/h4>\t\t\t\t<\/div>\n\t\t\t\t<\/div>\n\t\t\t\t<div class=\"elementor-element elementor-element-216a063 elementor-widget elementor-widget-text-editor\" data-id=\"216a063\" data-element_type=\"widget\" data-e-type=\"widget\" data-widget_type=\"text-editor.default\">\n\t\t\t\t<div class=\"elementor-widget-container\">\n\t\t\t\t\t\t\t\t\tUn regard quotidien sur les sessions en studio alors que nous travaillions avec un r\u00e9alisateur pour la premi\u00e8re fois, et la d\u00e9couverte de notre identit\u00e9. \n\t\t\t\t\t\t\t\t<\/div>\n\t\t\t\t<\/div>\n\t\t\t\t<div class=\"elementor-element elementor-element-7dd7b53 elementor-widget elementor-widget-button\" data-id=\"7dd7b53\" data-element_type=\"widget\" data-e-type=\"widget\" data-widget_type=\"button.default\">\n\t\t\t\t<div class=\"elementor-widget-container\">\n\t\t\t\t\t\t\t\t\t<div class=\"elementor-button-wrapper\">\n\t\t\t\t\t<a class=\"elementor-button elementor-button-link elementor-size-sm elementor-animation-grow\" href=\"https:\/\/alexhenryfoster.com\/fr\/daily-studio-diaries\/\">\n\t\t\t\t\t\t<span class=\"elementor-button-content-wrapper\">\n\t\t\t\t\t\t\t\t\t<span class=\"elementor-button-text\">Read<\/span>\n\t\t\t\t\t<\/span>\n\t\t\t\t\t<\/a>\n\t\t\t\t<\/div>\n\t\t\t\t\t\t\t\t<\/div>\n\t\t\t\t<\/div>\n\t\t\t\t\t<\/div>\n\t\t<\/div>\n\t\t\t\t\t<\/div>\n\t\t<\/section>\n\t\t\t\t\t<\/div>\n\t\t<\/div>\n\t\t\t\t\t<\/div>\n\t\t<\/section>\n\t\t\t\t<\/div>\n\t\t","protected":false},"excerpt":{"rendered":"<p> &#8230; <a title=\"\u00c9crits &#038; Autres R\u00eaveries\" class=\"read-more\" href=\"https:\/\/alexhenryfoster.com\/fr\/writings\/\" aria-label=\"Plus sur \u00c9crits &#038; Autres R\u00eaveries\">Lire la suite<\/a><\/p>\n","protected":false},"author":1,"featured_media":0,"parent":0,"menu_order":0,"comment_status":"closed","ping_status":"closed","template":"elementor_header_footer","meta":{"_acf_changed":false,"footnotes":""},"class_list":["post-55629","page","type-page","status-publish"],"acf":[],"aioseo_notices":[],"_links":{"self":[{"href":"https:\/\/alexhenryfoster.com\/fr\/wp-json\/wp\/v2\/pages\/55629","targetHints":{"allow":["GET"]}}],"collection":[{"href":"https:\/\/alexhenryfoster.com\/fr\/wp-json\/wp\/v2\/pages"}],"about":[{"href":"https:\/\/alexhenryfoster.com\/fr\/wp-json\/wp\/v2\/types\/page"}],"author":[{"embeddable":true,"href":"https:\/\/alexhenryfoster.com\/fr\/wp-json\/wp\/v2\/users\/1"}],"replies":[{"embeddable":true,"href":"https:\/\/alexhenryfoster.com\/fr\/wp-json\/wp\/v2\/comments?post=55629"}],"version-history":[{"count":13,"href":"https:\/\/alexhenryfoster.com\/fr\/wp-json\/wp\/v2\/pages\/55629\/revisions"}],"predecessor-version":[{"id":58150,"href":"https:\/\/alexhenryfoster.com\/fr\/wp-json\/wp\/v2\/pages\/55629\/revisions\/58150"}],"wp:attachment":[{"href":"https:\/\/alexhenryfoster.com\/fr\/wp-json\/wp\/v2\/media?parent=55629"}],"curies":[{"name":"wp","href":"https:\/\/api.w.org\/{rel}","templated":true}]}}