{"id":57958,"date":"2024-12-02T09:21:49","date_gmt":"2024-12-02T14:21:49","guid":{"rendered":"https:\/\/alexhenryfoster.com\/?page_id=57958"},"modified":"2024-12-02T09:46:02","modified_gmt":"2024-12-02T14:46:02","slug":"a-whispering-moment","status":"publish","type":"page","link":"https:\/\/alexhenryfoster.com\/fr\/releases\/a-whispering-moment\/","title":{"rendered":"A Whispering Moment"},"content":{"rendered":"\t\t<div data-elementor-type=\"wp-page\" data-elementor-id=\"57958\" class=\"elementor elementor-57958 elementor-57902\" data-elementor-post-type=\"page\">\n\t\t\t\t\t\t<section data-particle_enable=\"false\" data-particle-mobile-disabled=\"false\" class=\"elementor-section elementor-top-section elementor-element elementor-element-6c8009cf elementor-section-boxed elementor-section-height-default elementor-section-height-default\" data-id=\"6c8009cf\" data-element_type=\"section\" data-e-type=\"section\" data-settings=\"{&quot;background_background&quot;:&quot;classic&quot;}\">\n\t\t\t\t\t\t\t<div class=\"elementor-background-overlay\"><\/div>\n\t\t\t\t\t\t\t<div class=\"elementor-container elementor-column-gap-default\">\n\t\t\t\t\t<div class=\"elementor-column elementor-col-100 elementor-top-column elementor-element elementor-element-34f9bcb3\" data-id=\"34f9bcb3\" data-element_type=\"column\" data-e-type=\"column\">\n\t\t\t<div class=\"elementor-widget-wrap elementor-element-populated\">\n\t\t\t\t\t\t<section data-particle_enable=\"false\" data-particle-mobile-disabled=\"false\" class=\"elementor-section elementor-inner-section elementor-element elementor-element-32156655 elementor-section-boxed elementor-section-height-default elementor-section-height-default\" data-id=\"32156655\" data-element_type=\"section\" data-e-type=\"section\" data-settings=\"{&quot;background_background&quot;:&quot;classic&quot;}\">\n\t\t\t\t\t\t<div class=\"elementor-container elementor-column-gap-default\">\n\t\t\t\t\t<div class=\"elementor-column elementor-col-50 elementor-inner-column elementor-element elementor-element-453134b4\" data-id=\"453134b4\" data-element_type=\"column\" data-e-type=\"column\">\n\t\t\t<div class=\"elementor-widget-wrap elementor-element-populated\">\n\t\t\t\t\t\t<div class=\"elementor-element elementor-element-2c976f98 elementor-widget elementor-widget-image\" data-id=\"2c976f98\" data-element_type=\"widget\" data-e-type=\"widget\" data-widget_type=\"image.default\">\n\t\t\t\t<div class=\"elementor-widget-container\">\n\t\t\t\t\t\t\t\t\t\t\t\t\t\t\t\t<a href=\"https:\/\/found.ee\/ahf-awm\">\n\t\t\t\t\t\t\t<img fetchpriority=\"high\" decoding=\"async\" width=\"1024\" height=\"1024\" src=\"https:\/\/alexhenryfoster.com\/wp-content\/uploads\/ahf_shadows_ep_cover-web-1024x1024.jpg\" class=\"attachment-large size-large wp-image-57878\" alt=\"\" srcset=\"https:\/\/alexhenryfoster.com\/wp-content\/uploads\/ahf_shadows_ep_cover-web-1024x1024.jpg 1024w, https:\/\/alexhenryfoster.com\/wp-content\/uploads\/ahf_shadows_ep_cover-web-300x300.jpg 300w, https:\/\/alexhenryfoster.com\/wp-content\/uploads\/ahf_shadows_ep_cover-web-150x150.jpg 150w, https:\/\/alexhenryfoster.com\/wp-content\/uploads\/ahf_shadows_ep_cover-web-768x768.jpg 768w, https:\/\/alexhenryfoster.com\/wp-content\/uploads\/ahf_shadows_ep_cover-web.jpg 1200w\" sizes=\"(max-width: 1024px) 100vw, 1024px\" \/>\t\t\t\t\t\t\t\t<\/a>\n\t\t\t\t\t\t\t\t\t\t\t\t\t\t\t<\/div>\n\t\t\t\t<\/div>\n\t\t\t\t\t<\/div>\n\t\t<\/div>\n\t\t\t\t<div class=\"elementor-column elementor-col-50 elementor-inner-column elementor-element elementor-element-72cfbc8c\" data-id=\"72cfbc8c\" data-element_type=\"column\" data-e-type=\"column\">\n\t\t\t<div class=\"elementor-widget-wrap elementor-element-populated\">\n\t\t\t\t\t\t<div class=\"elementor-element elementor-element-7427044c elementor-widget elementor-widget-theme-post-title elementor-page-title elementor-widget-heading\" data-id=\"7427044c\" data-element_type=\"widget\" data-e-type=\"widget\" data-widget_type=\"theme-post-title.default\">\n\t\t\t\t<div class=\"elementor-widget-container\">\n\t\t\t\t\t<h1 class=\"elementor-heading-title elementor-size-default\">A Whispering Moment<\/h1>\t\t\t\t<\/div>\n\t\t\t\t<\/div>\n\t\t\t\t<div class=\"elementor-element elementor-element-480ac449 elementor-widget-divider--view-line_text elementor-widget-divider--element-align-center elementor-widget elementor-widget-divider\" data-id=\"480ac449\" data-element_type=\"widget\" data-e-type=\"widget\" data-widget_type=\"divider.default\">\n\t\t\t\t<div class=\"elementor-widget-container\">\n\t\t\t\t\t\t\t<div class=\"elementor-divider\">\n\t\t\t<span class=\"elementor-divider-separator\">\n\t\t\t\t\t\t\t<h3 class=\"elementor-divider__text elementor-divider__element\">\n\t\t\t\tEP\t\t\t\t<\/h3>\n\t\t\t\t\t\t<\/span>\n\t\t<\/div>\n\t\t\t\t\t\t<\/div>\n\t\t\t\t<\/div>\n\t\t\t\t<div class=\"elementor-element elementor-element-457f3156 elementor-widget elementor-widget-heading\" data-id=\"457f3156\" data-element_type=\"widget\" data-e-type=\"widget\" data-widget_type=\"heading.default\">\n\t\t\t\t<div class=\"elementor-widget-container\">\n\t\t\t\t\t<h3 class=\"elementor-heading-title elementor-size-default\">Liste des Chansons<\/h3>\t\t\t\t<\/div>\n\t\t\t\t<\/div>\n\t\t\t\t<div class=\"elementor-element elementor-element-4deeb75 elementor-nav-menu__align-center elementor-nav-menu--dropdown-none elementor-widget elementor-widget-nav-menu\" data-id=\"4deeb75\" data-element_type=\"widget\" data-e-type=\"widget\" data-settings=\"{&quot;layout&quot;:&quot;vertical&quot;,&quot;submenu_icon&quot;:{&quot;value&quot;:&quot;&lt;i class=\\&quot;\\&quot; aria-hidden=\\&quot;true\\&quot;&gt;&lt;\\\/i&gt;&quot;,&quot;library&quot;:&quot;&quot;}}\" data-widget_type=\"nav-menu.default\">\n\t\t\t\t<div class=\"elementor-widget-container\">\n\t\t\t\t\t\t\t\t<nav aria-label=\"Menu\" class=\"elementor-nav-menu--main elementor-nav-menu__container elementor-nav-menu--layout-vertical e--pointer-text e--animation-grow\">\n\t\t\t\t<ul id=\"menu-1-4deeb75\" class=\"elementor-nav-menu sm-vertical\"><li class=\"menu-item menu-item-type-post_type menu-item-object-page menu-item-58017\"><a href=\"https:\/\/alexhenryfoster.com\/fr\/lyrics\/a-whispering-moment-alternative-version-april-30-2018\/\" class=\"elementor-item\">A Whispering Moment (Alternative Version, April 30, 2018)<\/a><\/li>\n<li class=\"menu-item menu-item-type-post_type menu-item-object-page menu-item-58016\"><a href=\"https:\/\/alexhenryfoster.com\/fr\/lyrics\/shadows-of-our-evening-tides-extended-version-april-13-2019\/\" class=\"elementor-item\">Shadows Of Our Evening Tides (Extended Version, April 13, 2019)<\/a><\/li>\n<li class=\"menu-item menu-item-type-post_type menu-item-object-page menu-item-58015\"><a href=\"https:\/\/alexhenryfoster.com\/fr\/lyrics\/shadows-of-our-evening-tides-live-from-the-upper-room-studio-april-28-2020\/\" class=\"elementor-item\">Shadows Of Our Evening Tides (Live from the Upper Room Studio, April 28, 2020)<\/a><\/li>\n<li class=\"menu-item menu-item-type-post_type menu-item-object-page menu-item-58014\"><a href=\"https:\/\/alexhenryfoster.com\/fr\/lyrics\/shadows-of-our-evening-tides-live-at-bruckenfestival-august-12-2022\/\" class=\"elementor-item\">Shadows Of Our Evening Tides (Live at Br\u00fcckenfestival, August 12, 2022)<\/a><\/li>\n<\/ul>\t\t\t<\/nav>\n\t\t\t\t\t\t<nav class=\"elementor-nav-menu--dropdown elementor-nav-menu__container\" aria-hidden=\"true\">\n\t\t\t\t<ul id=\"menu-2-4deeb75\" class=\"elementor-nav-menu sm-vertical\"><li class=\"menu-item menu-item-type-post_type menu-item-object-page menu-item-58017\"><a href=\"https:\/\/alexhenryfoster.com\/fr\/lyrics\/a-whispering-moment-alternative-version-april-30-2018\/\" class=\"elementor-item\" tabindex=\"-1\">A Whispering Moment (Alternative Version, April 30, 2018)<\/a><\/li>\n<li class=\"menu-item menu-item-type-post_type menu-item-object-page menu-item-58016\"><a href=\"https:\/\/alexhenryfoster.com\/fr\/lyrics\/shadows-of-our-evening-tides-extended-version-april-13-2019\/\" class=\"elementor-item\" tabindex=\"-1\">Shadows Of Our Evening Tides (Extended Version, April 13, 2019)<\/a><\/li>\n<li class=\"menu-item menu-item-type-post_type menu-item-object-page menu-item-58015\"><a href=\"https:\/\/alexhenryfoster.com\/fr\/lyrics\/shadows-of-our-evening-tides-live-from-the-upper-room-studio-april-28-2020\/\" class=\"elementor-item\" tabindex=\"-1\">Shadows Of Our Evening Tides (Live from the Upper Room Studio, April 28, 2020)<\/a><\/li>\n<li class=\"menu-item menu-item-type-post_type menu-item-object-page menu-item-58014\"><a href=\"https:\/\/alexhenryfoster.com\/fr\/lyrics\/shadows-of-our-evening-tides-live-at-bruckenfestival-august-12-2022\/\" class=\"elementor-item\" tabindex=\"-1\">Shadows Of Our Evening Tides (Live at Br\u00fcckenfestival, August 12, 2022)<\/a><\/li>\n<\/ul>\t\t\t<\/nav>\n\t\t\t\t\t\t<\/div>\n\t\t\t\t<\/div>\n\t\t\t\t<div class=\"elementor-element elementor-element-303e0b56 elementor-align-center elementor-widget elementor-widget-button\" data-id=\"303e0b56\" data-element_type=\"widget\" data-e-type=\"widget\" data-widget_type=\"button.default\">\n\t\t\t\t<div class=\"elementor-widget-container\">\n\t\t\t\t\t\t\t\t\t<div class=\"elementor-button-wrapper\">\n\t\t\t\t\t<a class=\"elementor-button elementor-button-link elementor-size-sm elementor-animation-grow\" href=\"https:\/\/found.ee\/ahf-awm\">\n\t\t\t\t\t\t<span class=\"elementor-button-content-wrapper\">\n\t\t\t\t\t\t\t\t\t<span class=\"elementor-button-text\">\u00c9coutez \/ Achetez<\/span>\n\t\t\t\t\t<\/span>\n\t\t\t\t\t<\/a>\n\t\t\t\t<\/div>\n\t\t\t\t\t\t\t\t<\/div>\n\t\t\t\t<\/div>\n\t\t\t\t\t<\/div>\n\t\t<\/div>\n\t\t\t\t\t<\/div>\n\t\t<\/section>\n\t\t\t\t\t<\/div>\n\t\t<\/div>\n\t\t\t\t\t<\/div>\n\t\t<\/section>\n\t\t\t\t<section data-particle_enable=\"false\" data-particle-mobile-disabled=\"false\" class=\"elementor-section elementor-top-section elementor-element elementor-element-4f173519 elementor-section-boxed elementor-section-height-default elementor-section-height-default\" data-id=\"4f173519\" data-element_type=\"section\" data-e-type=\"section\">\n\t\t\t\t\t\t<div class=\"elementor-container elementor-column-gap-default\">\n\t\t\t\t\t<div class=\"elementor-column elementor-col-100 elementor-top-column elementor-element elementor-element-1191d4d9\" data-id=\"1191d4d9\" data-element_type=\"column\" data-e-type=\"column\">\n\t\t\t<div class=\"elementor-widget-wrap elementor-element-populated\">\n\t\t\t\t\t\t<div class=\"elementor-element elementor-element-2e8fc93 elementor-widget elementor-widget-spacer\" data-id=\"2e8fc93\" data-element_type=\"widget\" data-e-type=\"widget\" data-widget_type=\"spacer.default\">\n\t\t\t\t<div class=\"elementor-widget-container\">\n\t\t\t\t\t\t\t<div class=\"elementor-spacer\">\n\t\t\t<div class=\"elementor-spacer-inner\"><\/div>\n\t\t<\/div>\n\t\t\t\t\t\t<\/div>\n\t\t\t\t<\/div>\n\t\t\t\t\t<\/div>\n\t\t<\/div>\n\t\t\t\t\t<\/div>\n\t\t<\/section>\n\t\t\t\t<section data-particle_enable=\"false\" data-particle-mobile-disabled=\"false\" class=\"elementor-section elementor-top-section elementor-element elementor-element-66f4dff9 elementor-section-boxed elementor-section-height-default elementor-section-height-default\" data-id=\"66f4dff9\" data-element_type=\"section\" data-e-type=\"section\">\n\t\t\t\t\t\t<div class=\"elementor-container elementor-column-gap-default\">\n\t\t\t\t\t<div class=\"elementor-column elementor-col-100 elementor-top-column elementor-element elementor-element-73e1972\" data-id=\"73e1972\" data-element_type=\"column\" data-e-type=\"column\">\n\t\t\t<div class=\"elementor-widget-wrap elementor-element-populated\">\n\t\t\t\t\t\t<section data-particle_enable=\"false\" data-particle-mobile-disabled=\"false\" class=\"elementor-section elementor-inner-section elementor-element elementor-element-2e203d29 elementor-section-boxed elementor-section-height-default elementor-section-height-default\" data-id=\"2e203d29\" data-element_type=\"section\" data-e-type=\"section\" data-settings=\"{&quot;background_background&quot;:&quot;classic&quot;}\">\n\t\t\t\t\t\t<div class=\"elementor-container elementor-column-gap-default\">\n\t\t\t\t\t<div class=\"elementor-column elementor-col-50 elementor-inner-column elementor-element elementor-element-217e52a\" data-id=\"217e52a\" data-element_type=\"column\" data-e-type=\"column\">\n\t\t\t<div class=\"elementor-widget-wrap elementor-element-populated\">\n\t\t\t\t\t\t<div class=\"elementor-element elementor-element-101a00ca elementor-widget elementor-widget-text-editor\" data-id=\"101a00ca\" data-element_type=\"widget\" data-e-type=\"widget\" data-widget_type=\"text-editor.default\">\n\t\t\t\t<div class=\"elementor-widget-container\">\n\t\t\t\t\t\t\t\t\tLe EP A Whispering Moment met en lumi\u00e8re la nature en constante \u00e9volution libre de la chanson Shadows Of Our Evening Tides, depuis sa version initiale jusqu\u2019\u00e0 son \u00e9panouissement, toujours organique sous, diff\u00e9rentes formes lors de performances live.\n<br><br>\nJe crois que ce projet tr\u00e8s particulier ne se contente pas de capturer les \u00e9motions incroyablement personnelles et intimes qui traduisent la fracture de mon coeur apr\u00e8s le d\u00e9c\u00e8s de mon p\u00e8re et le long processus de deuil, un peu v\u00e9cu \u00e0 rebours, qui s&rsquo;en est suivi. Il est \u00e9galement devenu un \u00e9l\u00e9ment singulier permettant \u00e0 des amis et des proches de trouver du r\u00e9confort dans leurs propres pertes, avant d&rsquo;offrir un apaisement \u00e0 de nombreuses personnes qui allaient d\u00e9couvrir, par la suite, la nature porteuse d&rsquo;espoir d\u2019un album qui peut, \u00e0 premi\u00e8re vue ou par une interpr\u00e9tation superficielle, sembler \u00eatre une r\u00e9flexion triste et m\u00e9lancolique sur l\u2019impermanence et le chaos de l\u2019amour. Pourtant, son essence v\u00e9ritable r\u00e9side dans la qu\u00eate de paix et de sens en nos moments les plus sombres.\n<br><br>\nEt, comme la plupart des d\u00e9marches cr\u00e9atives marqu\u00e9es par une honn\u00eatet\u00e9 d\u00e9sint\u00e9ress\u00e9e et un abandon d\u00e9nu\u00e9 d&rsquo;ambition, Windows in the Sky m\u2019a offert par la suite la b\u00e9n\u00e9diction ultime de red\u00e9finir mon parcours musical, et peut-\u00eatre, si ce n&rsquo;est plus important encore, de reconfigurer enti\u00e8rement mon existence.\n<br><br>\nAinsi, j\u2019esp\u00e8re que A Whispering Moment vous invitera \u00e0 d\u00e9couvrir ou red\u00e9couvrir les sensations vibrantes qu\u2019offre la culture de la vie \u2014 d\u2019\u00eatre pleinement vivant.\t\t\t\t\t\t\t\t<\/div>\n\t\t\t\t<\/div>\n\t\t\t\t\t<\/div>\n\t\t<\/div>\n\t\t\t\t<div class=\"elementor-column elementor-col-50 elementor-inner-column elementor-element elementor-element-47c3f130\" data-id=\"47c3f130\" data-element_type=\"column\" data-e-type=\"column\">\n\t\t\t<div class=\"elementor-widget-wrap elementor-element-populated\">\n\t\t\t\t\t\t<div class=\"elementor-element elementor-element-409ebaef elementor-widget elementor-widget-text-editor\" data-id=\"409ebaef\" data-element_type=\"widget\" data-e-type=\"widget\" data-widget_type=\"text-editor.default\">\n\t\t\t\t<div class=\"elementor-widget-container\">\n\t\t\t\t\t\t\t\t\t<h3 style=\"margin-bottom: 5px;\">Date de Sortie<\/h3><p><i>11 d\u00e9cembre 2024<\/i><\/p><h3 style=\"margin-bottom: 5px;\">Paroles<\/h3><p><i>Alex Henry Foster<br \/><\/i><\/p><h3 style=\"margin-bottom: 5px;\">Musique<\/h3><p><i>Alex Henry Foster<br \/>Ben Lemelin<\/i><\/p><h3 style=\"margin-bottom: 5px;\">Produit Par<\/h3><p><i>Alex Henry Foster<br \/>Ben Lemelin<\/i><\/p><h3 style=\"margin-bottom: 5px;\">Musiciens<\/h3><p><i>Alex Henry Foster &amp; The Long Shadows:<br \/>&#8211; Ben Lemelin (guitar, voix)<br \/>&#8211; Jeff Beaulieu (basse)<br \/>&#8211; Sef Lemelin (guitare, claviers)<br \/>&#8211; Miss Isabel (claviers, voix)<br \/>&#8211; Charles \u00ab\u00a0Moose\u00a0\u00bb Allicie (battrie)<\/i><\/p><h3 style=\"margin-bottom: 5px;\">Label<\/h3><p><i>Hopeful Tragedy Records<\/i><\/p>\t\t\t\t\t\t\t\t<\/div>\n\t\t\t\t<\/div>\n\t\t\t\t\t<\/div>\n\t\t<\/div>\n\t\t\t\t\t<\/div>\n\t\t<\/section>\n\t\t\t\t\t<\/div>\n\t\t<\/div>\n\t\t\t\t\t<\/div>\n\t\t<\/section>\n\t\t\t\t<section data-particle_enable=\"false\" data-particle-mobile-disabled=\"false\" class=\"elementor-section elementor-top-section elementor-element elementor-element-4a03c7fd elementor-section-boxed elementor-section-height-default elementor-section-height-default\" data-id=\"4a03c7fd\" data-element_type=\"section\" data-e-type=\"section\">\n\t\t\t\t\t\t<div class=\"elementor-container elementor-column-gap-default\">\n\t\t\t\t\t<div class=\"elementor-column elementor-col-100 elementor-top-column elementor-element elementor-element-1836cc2f\" data-id=\"1836cc2f\" data-element_type=\"column\" data-e-type=\"column\">\n\t\t\t<div class=\"elementor-widget-wrap elementor-element-populated\">\n\t\t\t\t\t\t<div class=\"elementor-element elementor-element-7ab36679 elementor-widget elementor-widget-spacer\" data-id=\"7ab36679\" data-element_type=\"widget\" data-e-type=\"widget\" data-widget_type=\"spacer.default\">\n\t\t\t\t<div class=\"elementor-widget-container\">\n\t\t\t\t\t\t\t<div class=\"elementor-spacer\">\n\t\t\t<div class=\"elementor-spacer-inner\"><\/div>\n\t\t<\/div>\n\t\t\t\t\t\t<\/div>\n\t\t\t\t<\/div>\n\t\t\t\t\t<\/div>\n\t\t<\/div>\n\t\t\t\t\t<\/div>\n\t\t<\/section>\n\t\t\t\t<\/div>\n\t\t","protected":false},"excerpt":{"rendered":"<p> &#8230; <a title=\"A Whispering Moment\" class=\"read-more\" href=\"https:\/\/alexhenryfoster.com\/fr\/releases\/a-whispering-moment\/\" aria-label=\"Plus sur A Whispering Moment\">Lire la suite<\/a><\/p>\n","protected":false},"author":1,"featured_media":0,"parent":8462,"menu_order":0,"comment_status":"closed","ping_status":"closed","template":"elementor_header_footer","meta":{"_acf_changed":false,"footnotes":""},"class_list":["post-57958","page","type-page","status-publish"],"acf":[],"aioseo_notices":[],"_links":{"self":[{"href":"https:\/\/alexhenryfoster.com\/fr\/wp-json\/wp\/v2\/pages\/57958","targetHints":{"allow":["GET"]}}],"collection":[{"href":"https:\/\/alexhenryfoster.com\/fr\/wp-json\/wp\/v2\/pages"}],"about":[{"href":"https:\/\/alexhenryfoster.com\/fr\/wp-json\/wp\/v2\/types\/page"}],"author":[{"embeddable":true,"href":"https:\/\/alexhenryfoster.com\/fr\/wp-json\/wp\/v2\/users\/1"}],"replies":[{"embeddable":true,"href":"https:\/\/alexhenryfoster.com\/fr\/wp-json\/wp\/v2\/comments?post=57958"}],"version-history":[{"count":9,"href":"https:\/\/alexhenryfoster.com\/fr\/wp-json\/wp\/v2\/pages\/57958\/revisions"}],"predecessor-version":[{"id":58035,"href":"https:\/\/alexhenryfoster.com\/fr\/wp-json\/wp\/v2\/pages\/57958\/revisions\/58035"}],"up":[{"embeddable":true,"href":"https:\/\/alexhenryfoster.com\/fr\/wp-json\/wp\/v2\/pages\/8462"}],"wp:attachment":[{"href":"https:\/\/alexhenryfoster.com\/fr\/wp-json\/wp\/v2\/media?parent=57958"}],"curies":[{"name":"wp","href":"https:\/\/api.w.org\/{rel}","templated":true}]}}