{"id":58834,"date":"2025-05-15T15:13:40","date_gmt":"2025-05-15T19:13:40","guid":{"rendered":"https:\/\/alexhenryfoster.com\/releases\/a-nightfall-ritual\/"},"modified":"2025-05-15T22:05:32","modified_gmt":"2025-05-16T02:05:32","slug":"a-nightfall-ritual","status":"publish","type":"page","link":"https:\/\/alexhenryfoster.com\/fr\/releases\/a-nightfall-ritual\/","title":{"rendered":"A Nightfall Ritual"},"content":{"rendered":"\t\t<div data-elementor-type=\"wp-page\" data-elementor-id=\"58834\" class=\"elementor elementor-58834 elementor-58828\" data-elementor-post-type=\"page\">\n\t\t\t\t\t\t<section data-particle_enable=\"false\" data-particle-mobile-disabled=\"false\" class=\"elementor-section elementor-top-section elementor-element elementor-element-6ab7a22e elementor-section-boxed elementor-section-height-default elementor-section-height-default\" data-id=\"6ab7a22e\" data-element_type=\"section\" data-e-type=\"section\" data-settings=\"{&quot;background_background&quot;:&quot;classic&quot;}\">\n\t\t\t\t\t\t\t<div class=\"elementor-background-overlay\"><\/div>\n\t\t\t\t\t\t\t<div class=\"elementor-container elementor-column-gap-default\">\n\t\t\t\t\t<div class=\"elementor-column elementor-col-100 elementor-top-column elementor-element elementor-element-4fe3b0e7\" data-id=\"4fe3b0e7\" data-element_type=\"column\" data-e-type=\"column\">\n\t\t\t<div class=\"elementor-widget-wrap elementor-element-populated\">\n\t\t\t\t\t\t<section data-particle_enable=\"false\" data-particle-mobile-disabled=\"false\" class=\"elementor-section elementor-inner-section elementor-element elementor-element-37d585c8 elementor-section-boxed elementor-section-height-default elementor-section-height-default\" data-id=\"37d585c8\" data-element_type=\"section\" data-e-type=\"section\" data-settings=\"{&quot;background_background&quot;:&quot;classic&quot;}\">\n\t\t\t\t\t\t<div class=\"elementor-container elementor-column-gap-default\">\n\t\t\t\t\t<div class=\"elementor-column elementor-col-50 elementor-inner-column elementor-element elementor-element-44a7c67d\" data-id=\"44a7c67d\" data-element_type=\"column\" data-e-type=\"column\">\n\t\t\t<div class=\"elementor-widget-wrap elementor-element-populated\">\n\t\t\t\t\t\t<div class=\"elementor-element elementor-element-368c0b04 elementor-widget elementor-widget-image\" data-id=\"368c0b04\" data-element_type=\"widget\" data-e-type=\"widget\" data-widget_type=\"image.default\">\n\t\t\t\t<div class=\"elementor-widget-container\">\n\t\t\t\t\t\t\t\t\t\t\t\t\t\t\t\t<a href=\"https:\/\/found.ee\/ahf-amosas\">\n\t\t\t\t\t\t\t<img fetchpriority=\"high\" decoding=\"async\" width=\"1024\" height=\"1024\" src=\"https:\/\/alexhenryfoster.com\/wp-content\/uploads\/ahf_anightfallritual_lp_jacket-front-edit-web-1024x1024.jpg\" class=\"attachment-large size-large wp-image-58562\" alt=\"\" srcset=\"https:\/\/alexhenryfoster.com\/wp-content\/uploads\/ahf_anightfallritual_lp_jacket-front-edit-web-1024x1024.jpg 1024w, https:\/\/alexhenryfoster.com\/wp-content\/uploads\/ahf_anightfallritual_lp_jacket-front-edit-web-300x300.jpg 300w, https:\/\/alexhenryfoster.com\/wp-content\/uploads\/ahf_anightfallritual_lp_jacket-front-edit-web-150x150.jpg 150w, https:\/\/alexhenryfoster.com\/wp-content\/uploads\/ahf_anightfallritual_lp_jacket-front-edit-web-768x768.jpg 768w, https:\/\/alexhenryfoster.com\/wp-content\/uploads\/ahf_anightfallritual_lp_jacket-front-edit-web.jpg 1200w\" sizes=\"(max-width: 1024px) 100vw, 1024px\" \/>\t\t\t\t\t\t\t\t<\/a>\n\t\t\t\t\t\t\t\t\t\t\t\t\t\t\t<\/div>\n\t\t\t\t<\/div>\n\t\t\t\t\t<\/div>\n\t\t<\/div>\n\t\t\t\t<div class=\"elementor-column elementor-col-50 elementor-inner-column elementor-element elementor-element-79406655\" data-id=\"79406655\" data-element_type=\"column\" data-e-type=\"column\">\n\t\t\t<div class=\"elementor-widget-wrap elementor-element-populated\">\n\t\t\t\t\t\t<div class=\"elementor-element elementor-element-641f4148 elementor-widget elementor-widget-theme-post-title elementor-page-title elementor-widget-heading\" data-id=\"641f4148\" data-element_type=\"widget\" data-e-type=\"widget\" data-widget_type=\"theme-post-title.default\">\n\t\t\t\t<div class=\"elementor-widget-container\">\n\t\t\t\t\t<h1 class=\"elementor-heading-title elementor-size-default\">A Nightfall Ritual<\/h1>\t\t\t\t<\/div>\n\t\t\t\t<\/div>\n\t\t\t\t<div class=\"elementor-element elementor-element-37354cdc elementor-widget-divider--view-line_text elementor-widget-divider--element-align-center elementor-widget elementor-widget-divider\" data-id=\"37354cdc\" data-element_type=\"widget\" data-e-type=\"widget\" data-widget_type=\"divider.default\">\n\t\t\t\t<div class=\"elementor-widget-container\">\n\t\t\t\t\t\t\t<div class=\"elementor-divider\">\n\t\t\t<span class=\"elementor-divider-separator\">\n\t\t\t\t\t\t\t<h3 class=\"elementor-divider__text elementor-divider__element\">\n\t\t\t\tALBUM Live\t\t\t\t<\/h3>\n\t\t\t\t\t\t<\/span>\n\t\t<\/div>\n\t\t\t\t\t\t<\/div>\n\t\t\t\t<\/div>\n\t\t\t\t<div class=\"elementor-element elementor-element-4b2217fd elementor-widget elementor-widget-heading\" data-id=\"4b2217fd\" data-element_type=\"widget\" data-e-type=\"widget\" data-widget_type=\"heading.default\">\n\t\t\t\t<div class=\"elementor-widget-container\">\n\t\t\t\t\t<h3 class=\"elementor-heading-title elementor-size-default\">Liste des chansons<\/h3>\t\t\t\t<\/div>\n\t\t\t\t<\/div>\n\t\t\t\t<div class=\"elementor-element elementor-element-79dd794 elementor-nav-menu__align-center elementor-nav-menu--dropdown-none elementor-widget elementor-widget-nav-menu\" data-id=\"79dd794\" data-element_type=\"widget\" data-e-type=\"widget\" data-settings=\"{&quot;layout&quot;:&quot;vertical&quot;,&quot;submenu_icon&quot;:{&quot;value&quot;:&quot;&lt;i class=\\&quot;\\&quot; aria-hidden=\\&quot;true\\&quot;&gt;&lt;\\\/i&gt;&quot;,&quot;library&quot;:&quot;&quot;}}\" data-widget_type=\"nav-menu.default\">\n\t\t\t\t<div class=\"elementor-widget-container\">\n\t\t\t\t\t\t\t\t<nav aria-label=\"Menu\" class=\"elementor-nav-menu--main elementor-nav-menu__container elementor-nav-menu--layout-vertical e--pointer-text e--animation-grow\">\n\t\t\t\t<ul id=\"menu-1-79dd794\" class=\"elementor-nav-menu sm-vertical\"><li class=\"menu-item menu-item-type-post_type menu-item-object-page menu-item-58813\"><a href=\"https:\/\/alexhenryfoster.com\/fr\/lyrics\/up-til-dawn-live-in-koln\/\" class=\"elementor-item\">Up Til Dawn<\/a><\/li>\n<li class=\"menu-item menu-item-type-post_type menu-item-object-page menu-item-58812\"><a href=\"https:\/\/alexhenryfoster.com\/fr\/lyrics\/im-afraid-live-in-koln\/\" class=\"elementor-item\">I\u2019m Afraid<\/a><\/li>\n<li class=\"menu-item menu-item-type-post_type menu-item-object-page menu-item-58811\"><a href=\"https:\/\/alexhenryfoster.com\/fr\/lyrics\/the-son-of-hannah-live-in-koln\/\" class=\"elementor-item\">The Son of Hannah<\/a><\/li>\n<li class=\"menu-item menu-item-type-post_type menu-item-object-page menu-item-58810\"><a href=\"https:\/\/alexhenryfoster.com\/fr\/lyrics\/the-pain-that-bonds-live-in-koln\/\" class=\"elementor-item\">The Pain That Bonds<\/a><\/li>\n<\/ul>\t\t\t<\/nav>\n\t\t\t\t\t\t<nav class=\"elementor-nav-menu--dropdown elementor-nav-menu__container\" aria-hidden=\"true\">\n\t\t\t\t<ul id=\"menu-2-79dd794\" class=\"elementor-nav-menu sm-vertical\"><li class=\"menu-item menu-item-type-post_type menu-item-object-page menu-item-58813\"><a href=\"https:\/\/alexhenryfoster.com\/fr\/lyrics\/up-til-dawn-live-in-koln\/\" class=\"elementor-item\" tabindex=\"-1\">Up Til Dawn<\/a><\/li>\n<li class=\"menu-item menu-item-type-post_type menu-item-object-page menu-item-58812\"><a href=\"https:\/\/alexhenryfoster.com\/fr\/lyrics\/im-afraid-live-in-koln\/\" class=\"elementor-item\" tabindex=\"-1\">I\u2019m Afraid<\/a><\/li>\n<li class=\"menu-item menu-item-type-post_type menu-item-object-page menu-item-58811\"><a href=\"https:\/\/alexhenryfoster.com\/fr\/lyrics\/the-son-of-hannah-live-in-koln\/\" class=\"elementor-item\" tabindex=\"-1\">The Son of Hannah<\/a><\/li>\n<li class=\"menu-item menu-item-type-post_type menu-item-object-page menu-item-58810\"><a href=\"https:\/\/alexhenryfoster.com\/fr\/lyrics\/the-pain-that-bonds-live-in-koln\/\" class=\"elementor-item\" tabindex=\"-1\">The Pain That Bonds<\/a><\/li>\n<\/ul>\t\t\t<\/nav>\n\t\t\t\t\t\t<\/div>\n\t\t\t\t<\/div>\n\t\t\t\t<div class=\"elementor-element elementor-element-125493b1 elementor-align-center elementor-widget elementor-widget-button\" data-id=\"125493b1\" data-element_type=\"widget\" data-e-type=\"widget\" data-widget_type=\"button.default\">\n\t\t\t\t<div class=\"elementor-widget-container\">\n\t\t\t\t\t\t\t\t\t<div class=\"elementor-button-wrapper\">\n\t\t\t\t\t<a class=\"elementor-button elementor-button-link elementor-size-sm elementor-animation-grow\" href=\"https:\/\/found.ee\/ahf-anightfallritual\">\n\t\t\t\t\t\t<span class=\"elementor-button-content-wrapper\">\n\t\t\t\t\t\t\t\t\t<span class=\"elementor-button-text\">\u00c9couter \/ Acheter<\/span>\n\t\t\t\t\t<\/span>\n\t\t\t\t\t<\/a>\n\t\t\t\t<\/div>\n\t\t\t\t\t\t\t\t<\/div>\n\t\t\t\t<\/div>\n\t\t\t\t\t<\/div>\n\t\t<\/div>\n\t\t\t\t\t<\/div>\n\t\t<\/section>\n\t\t\t\t\t<\/div>\n\t\t<\/div>\n\t\t\t\t\t<\/div>\n\t\t<\/section>\n\t\t\t\t<section data-particle_enable=\"false\" data-particle-mobile-disabled=\"false\" class=\"elementor-section elementor-top-section elementor-element elementor-element-71229f68 elementor-section-boxed elementor-section-height-default elementor-section-height-default\" data-id=\"71229f68\" data-element_type=\"section\" data-e-type=\"section\">\n\t\t\t\t\t\t<div class=\"elementor-container elementor-column-gap-default\">\n\t\t\t\t\t<div class=\"elementor-column elementor-col-100 elementor-top-column elementor-element elementor-element-4582f4b1\" data-id=\"4582f4b1\" data-element_type=\"column\" data-e-type=\"column\">\n\t\t\t<div class=\"elementor-widget-wrap elementor-element-populated\">\n\t\t\t\t\t\t<div class=\"elementor-element elementor-element-19cc7268 elementor-widget elementor-widget-spacer\" data-id=\"19cc7268\" data-element_type=\"widget\" data-e-type=\"widget\" data-widget_type=\"spacer.default\">\n\t\t\t\t<div class=\"elementor-widget-container\">\n\t\t\t\t\t\t\t<div class=\"elementor-spacer\">\n\t\t\t<div class=\"elementor-spacer-inner\"><\/div>\n\t\t<\/div>\n\t\t\t\t\t\t<\/div>\n\t\t\t\t<\/div>\n\t\t\t\t\t<\/div>\n\t\t<\/div>\n\t\t\t\t\t<\/div>\n\t\t<\/section>\n\t\t\t\t<section data-particle_enable=\"false\" data-particle-mobile-disabled=\"false\" class=\"elementor-section elementor-top-section elementor-element elementor-element-18df9f2d elementor-section-boxed elementor-section-height-default elementor-section-height-default\" data-id=\"18df9f2d\" data-element_type=\"section\" data-e-type=\"section\">\n\t\t\t\t\t\t<div class=\"elementor-container elementor-column-gap-default\">\n\t\t\t\t\t<div class=\"elementor-column elementor-col-100 elementor-top-column elementor-element elementor-element-547da6be\" data-id=\"547da6be\" data-element_type=\"column\" data-e-type=\"column\">\n\t\t\t<div class=\"elementor-widget-wrap elementor-element-populated\">\n\t\t\t\t\t\t<section data-particle_enable=\"false\" data-particle-mobile-disabled=\"false\" class=\"elementor-section elementor-inner-section elementor-element elementor-element-d6b0fdd elementor-section-boxed elementor-section-height-default elementor-section-height-default\" data-id=\"d6b0fdd\" data-element_type=\"section\" data-e-type=\"section\" data-settings=\"{&quot;background_background&quot;:&quot;classic&quot;}\">\n\t\t\t\t\t\t<div class=\"elementor-container elementor-column-gap-default\">\n\t\t\t\t\t<div class=\"elementor-column elementor-col-50 elementor-inner-column elementor-element elementor-element-32a54b34\" data-id=\"32a54b34\" data-element_type=\"column\" data-e-type=\"column\">\n\t\t\t<div class=\"elementor-widget-wrap elementor-element-populated\">\n\t\t\t\t\t\t<div class=\"elementor-element elementor-element-654a6da3 elementor-widget elementor-widget-text-editor\" data-id=\"654a6da3\" data-element_type=\"widget\" data-e-type=\"widget\" data-widget_type=\"text-editor.default\">\n\t\t\t\t<div class=\"elementor-widget-container\">\n\t\t\t\t\t\t\t\t\tA Nightfall Ritual fait r\u00e9f\u00e9rence \u00e0 chaque moment par lequel nous d\u00e9finissons la nature de notre foi et de notre d\u00e9sespoir, dans les couleurs des matins \u00e0 venir.\n\n<br><br>\nCaptur\u00e9es lors de son concert \u00e0 Cologne, en Allemagne, le 27 juillet 2024, les 4 chansons (dont 2 in\u00e9dites) \u00e9voquent ces sensations troublantes que l\u2019on ressent lorsqu\u2019on se retrouve dans une \u00e9trange forme de suspension \u00e9motionnelle, o\u00f9 le temps semble flotter entre son propre maelstr\u00f6m prometteur et une r\u00e9alit\u00e9 dystopique, oscillant entre une paix sereine et un abandon furieux.\n\n<br><br>\nL\u2019album met en lumi\u00e8re Foster et ses Shadows, d\u00e9voilant leur riche mur de sons, avec toute la passion et la ma\u00eetrise qui font d\u00e9sormais leur renomm\u00e9e, d\u00e9finies par une honn\u00eatet\u00e9 dramatique et vibrante, marquant le retour du chanteur sous les projecteurs apr\u00e8s avoir surv\u00e9cu \u00e0 une chirurgie cardiaque d\u2019urgence, n\u00e9cessitant une double greffe, il y a deux ans.\n\n<br><br>\nNightfall Ritual promet un univers intens\u00e9ment d\u00e9votionnel et d\u2019une grande richesse sonore pour le tr\u00e8s attendu prochain album d\u2019Alex Henry Foster.\n\t\t\t\t\t\t\t\t<\/div>\n\t\t\t\t<\/div>\n\t\t\t\t\t<\/div>\n\t\t<\/div>\n\t\t\t\t<div class=\"elementor-column elementor-col-50 elementor-inner-column elementor-element elementor-element-7b1c45de\" data-id=\"7b1c45de\" data-element_type=\"column\" data-e-type=\"column\">\n\t\t\t<div class=\"elementor-widget-wrap elementor-element-populated\">\n\t\t\t\t\t\t<div class=\"elementor-element elementor-element-3b4b8ce elementor-widget elementor-widget-text-editor\" data-id=\"3b4b8ce\" data-element_type=\"widget\" data-e-type=\"widget\" data-widget_type=\"text-editor.default\">\n\t\t\t\t<div class=\"elementor-widget-container\">\n\t\t\t\t\t\t\t\t\t<h3 style=\"margin-bottom: 5px;\">Date de sortie<\/h3><p><i>16 mai 2025<\/i><\/p><h3 style=\"margin-bottom: 5px;\">Musique<\/h3><p><i>Alex Henry Foster<br \/>Ben Lemelin<\/i><\/p><h3 style=\"margin-bottom: 5px;\">Produit par<\/h3><p><i>Alex Henry Foster<br \/>Ben Lemelin<\/i><\/p><h3 style=\"margin-bottom: 5px;\">Enregistr\u00e9 \u00e0<\/h3><p><i>Die Kantine, Cologne (DE), le 27 juillet 2024\u00a0<\/i><\/p><h3 style=\"margin-bottom: 5px;\">Label<\/h3><p><i>Hopeful Tragedy Records<\/i><\/p>\t\t\t\t\t\t\t\t<\/div>\n\t\t\t\t<\/div>\n\t\t\t\t\t<\/div>\n\t\t<\/div>\n\t\t\t\t\t<\/div>\n\t\t<\/section>\n\t\t\t\t\t<\/div>\n\t\t<\/div>\n\t\t\t\t\t<\/div>\n\t\t<\/section>\n\t\t\t\t<section data-particle_enable=\"false\" data-particle-mobile-disabled=\"false\" class=\"elementor-section elementor-top-section elementor-element elementor-element-10b0231e elementor-section-boxed elementor-section-height-default elementor-section-height-default\" data-id=\"10b0231e\" data-element_type=\"section\" data-e-type=\"section\">\n\t\t\t\t\t\t<div class=\"elementor-container elementor-column-gap-default\">\n\t\t\t\t\t<div class=\"elementor-column elementor-col-100 elementor-top-column elementor-element elementor-element-6ae70e9b\" data-id=\"6ae70e9b\" data-element_type=\"column\" data-e-type=\"column\">\n\t\t\t<div class=\"elementor-widget-wrap elementor-element-populated\">\n\t\t\t\t\t\t<div class=\"elementor-element elementor-element-550ff799 elementor-widget elementor-widget-spacer\" data-id=\"550ff799\" data-element_type=\"widget\" data-e-type=\"widget\" data-widget_type=\"spacer.default\">\n\t\t\t\t<div class=\"elementor-widget-container\">\n\t\t\t\t\t\t\t<div class=\"elementor-spacer\">\n\t\t\t<div class=\"elementor-spacer-inner\"><\/div>\n\t\t<\/div>\n\t\t\t\t\t\t<\/div>\n\t\t\t\t<\/div>\n\t\t\t\t\t<\/div>\n\t\t<\/div>\n\t\t\t\t\t<\/div>\n\t\t<\/section>\n\t\t\t\t<\/div>\n\t\t","protected":false},"excerpt":{"rendered":"<p> &#8230; <a title=\"A Nightfall Ritual\" class=\"read-more\" href=\"https:\/\/alexhenryfoster.com\/fr\/releases\/a-nightfall-ritual\/\" aria-label=\"Plus sur A Nightfall Ritual\">Lire la suite<\/a><\/p>\n","protected":false},"author":1,"featured_media":0,"parent":8462,"menu_order":0,"comment_status":"closed","ping_status":"closed","template":"elementor_header_footer","meta":{"_acf_changed":false,"footnotes":""},"class_list":["post-58834","page","type-page","status-publish"],"acf":[],"aioseo_notices":[],"_links":{"self":[{"href":"https:\/\/alexhenryfoster.com\/fr\/wp-json\/wp\/v2\/pages\/58834","targetHints":{"allow":["GET"]}}],"collection":[{"href":"https:\/\/alexhenryfoster.com\/fr\/wp-json\/wp\/v2\/pages"}],"about":[{"href":"https:\/\/alexhenryfoster.com\/fr\/wp-json\/wp\/v2\/types\/page"}],"author":[{"embeddable":true,"href":"https:\/\/alexhenryfoster.com\/fr\/wp-json\/wp\/v2\/users\/1"}],"replies":[{"embeddable":true,"href":"https:\/\/alexhenryfoster.com\/fr\/wp-json\/wp\/v2\/comments?post=58834"}],"version-history":[{"count":9,"href":"https:\/\/alexhenryfoster.com\/fr\/wp-json\/wp\/v2\/pages\/58834\/revisions"}],"predecessor-version":[{"id":58908,"href":"https:\/\/alexhenryfoster.com\/fr\/wp-json\/wp\/v2\/pages\/58834\/revisions\/58908"}],"up":[{"embeddable":true,"href":"https:\/\/alexhenryfoster.com\/fr\/wp-json\/wp\/v2\/pages\/8462"}],"wp:attachment":[{"href":"https:\/\/alexhenryfoster.com\/fr\/wp-json\/wp\/v2\/media?parent=58834"}],"curies":[{"name":"wp","href":"https:\/\/api.w.org\/{rel}","templated":true}]}}