{"id":8466,"date":"2020-05-06T21:37:41","date_gmt":"2020-05-07T01:37:41","guid":{"rendered":"http:\/\/alexhenryfoster.com\/releases\/summertime-departures\/"},"modified":"2022-02-12T21:02:14","modified_gmt":"2022-02-13T02:02:14","slug":"summertime-departures","status":"publish","type":"page","link":"https:\/\/alexhenryfoster.com\/fr\/releases\/summertime-departures\/","title":{"rendered":"Summertime Departures"},"content":{"rendered":"\t\t<div data-elementor-type=\"wp-page\" data-elementor-id=\"8466\" class=\"elementor elementor-8466 elementor-6678\" data-elementor-post-type=\"page\">\n\t\t\t\t\t\t<section data-particle_enable=\"false\" data-particle-mobile-disabled=\"false\" class=\"elementor-section elementor-top-section elementor-element elementor-element-7bc85942 elementor-section-boxed elementor-section-height-default elementor-section-height-default\" data-id=\"7bc85942\" data-element_type=\"section\" data-e-type=\"section\" data-settings=\"{&quot;background_background&quot;:&quot;classic&quot;}\">\n\t\t\t\t\t\t<div class=\"elementor-container elementor-column-gap-default\">\n\t\t\t\t\t<div class=\"elementor-column elementor-col-100 elementor-top-column elementor-element elementor-element-73a21f3f\" data-id=\"73a21f3f\" data-element_type=\"column\" data-e-type=\"column\">\n\t\t\t<div class=\"elementor-widget-wrap elementor-element-populated\">\n\t\t\t\t\t\t<section data-particle_enable=\"false\" data-particle-mobile-disabled=\"false\" class=\"elementor-section elementor-inner-section elementor-element elementor-element-468d367f elementor-section-boxed elementor-section-height-default elementor-section-height-default\" data-id=\"468d367f\" data-element_type=\"section\" data-e-type=\"section\">\n\t\t\t\t\t\t<div class=\"elementor-container elementor-column-gap-default\">\n\t\t\t\t\t<div class=\"elementor-column elementor-col-50 elementor-inner-column elementor-element elementor-element-27b75872\" data-id=\"27b75872\" data-element_type=\"column\" data-e-type=\"column\">\n\t\t\t<div class=\"elementor-widget-wrap elementor-element-populated\">\n\t\t\t\t\t\t<div class=\"elementor-element elementor-element-384a7a8c elementor-widget elementor-widget-image\" data-id=\"384a7a8c\" data-element_type=\"widget\" data-e-type=\"widget\" data-widget_type=\"image.default\">\n\t\t\t\t<div class=\"elementor-widget-container\">\n\t\t\t\t\t\t\t\t\t\t\t\t\t\t\t<img fetchpriority=\"high\" decoding=\"async\" width=\"1000\" height=\"1000\" src=\"https:\/\/alexhenryfoster.com\/wp-content\/uploads\/ahf-summertime-departures-ep-cover-small.jpg\" class=\"attachment-large size-large wp-image-5711\" alt=\"\" srcset=\"https:\/\/alexhenryfoster.com\/wp-content\/uploads\/ahf-summertime-departures-ep-cover-small.jpg 1000w, https:\/\/alexhenryfoster.com\/wp-content\/uploads\/ahf-summertime-departures-ep-cover-small-300x300.jpg 300w, https:\/\/alexhenryfoster.com\/wp-content\/uploads\/ahf-summertime-departures-ep-cover-small-150x150.jpg 150w, https:\/\/alexhenryfoster.com\/wp-content\/uploads\/ahf-summertime-departures-ep-cover-small-768x768.jpg 768w\" sizes=\"(max-width: 1000px) 100vw, 1000px\" \/>\t\t\t\t\t\t\t\t\t\t\t\t\t\t\t<\/div>\n\t\t\t\t<\/div>\n\t\t\t\t\t<\/div>\n\t\t<\/div>\n\t\t\t\t<div class=\"elementor-column elementor-col-50 elementor-inner-column elementor-element elementor-element-63aacee0\" data-id=\"63aacee0\" data-element_type=\"column\" data-e-type=\"column\">\n\t\t\t<div class=\"elementor-widget-wrap elementor-element-populated\">\n\t\t\t\t\t\t<div class=\"elementor-element elementor-element-22da7b8a elementor-widget elementor-widget-theme-post-title elementor-page-title elementor-widget-heading\" data-id=\"22da7b8a\" data-element_type=\"widget\" data-e-type=\"widget\" data-widget_type=\"theme-post-title.default\">\n\t\t\t\t<div class=\"elementor-widget-container\">\n\t\t\t\t\t<h1 class=\"elementor-heading-title elementor-size-default\">Summertime Departures<\/h1>\t\t\t\t<\/div>\n\t\t\t\t<\/div>\n\t\t\t\t<div class=\"elementor-element elementor-element-1d2fb120 elementor-widget-divider--view-line_text elementor-widget-divider--element-align-center elementor-widget elementor-widget-divider\" data-id=\"1d2fb120\" data-element_type=\"widget\" data-e-type=\"widget\" data-widget_type=\"divider.default\">\n\t\t\t\t<div class=\"elementor-widget-container\">\n\t\t\t\t\t\t\t<div class=\"elementor-divider\">\n\t\t\t<span class=\"elementor-divider-separator\">\n\t\t\t\t\t\t\t<span class=\"elementor-divider__text elementor-divider__element\">\n\t\t\t\tEP\t\t\t\t<\/span>\n\t\t\t\t\t\t<\/span>\n\t\t<\/div>\n\t\t\t\t\t\t<\/div>\n\t\t\t\t<\/div>\n\t\t\t\t<div class=\"elementor-element elementor-element-60fe9401 elementor-widget elementor-widget-heading\" data-id=\"60fe9401\" data-element_type=\"widget\" data-e-type=\"widget\" data-widget_type=\"heading.default\">\n\t\t\t\t<div class=\"elementor-widget-container\">\n\t\t\t\t\t<h3 class=\"elementor-heading-title elementor-size-default\">Liste des chansons &amp; Paroles<\/h3>\t\t\t\t<\/div>\n\t\t\t\t<\/div>\n\t\t\t\t<div class=\"elementor-element elementor-element-53dd54c8 elementor-nav-menu__align-center elementor-nav-menu--dropdown-none elementor-widget elementor-widget-nav-menu\" data-id=\"53dd54c8\" data-element_type=\"widget\" data-e-type=\"widget\" data-settings=\"{&quot;layout&quot;:&quot;vertical&quot;,&quot;submenu_icon&quot;:{&quot;value&quot;:&quot;&lt;i class=\\&quot;\\&quot; aria-hidden=\\&quot;true\\&quot;&gt;&lt;\\\/i&gt;&quot;,&quot;library&quot;:&quot;&quot;}}\" data-widget_type=\"nav-menu.default\">\n\t\t\t\t<div class=\"elementor-widget-container\">\n\t\t\t\t\t\t\t\t<nav aria-label=\"Menu\" class=\"elementor-nav-menu--main elementor-nav-menu__container elementor-nav-menu--layout-vertical e--pointer-none\">\n\t\t\t\t<ul id=\"menu-1-53dd54c8\" class=\"elementor-nav-menu sm-vertical\"><li class=\"menu-item menu-item-type-post_type menu-item-object-page menu-item-30218\"><a href=\"https:\/\/alexhenryfoster.com\/fr\/lyrics\/summertime-departures\/\" class=\"elementor-item\">Summertime Departures<\/a><\/li>\n<li class=\"menu-item menu-item-type-post_type menu-item-object-page menu-item-8706\"><a href=\"https:\/\/alexhenryfoster.com\/fr\/lyrics\/summertime-departures-radio-edit\/\" class=\"elementor-item\">Summertime Departures [Radio Edit]<\/a><\/li>\n<li class=\"menu-item menu-item-type-post_type menu-item-object-page menu-item-11873\"><a href=\"https:\/\/alexhenryfoster.com\/fr\/lyrics\/summertime-departures-sometimes-i-dream-live-from-montreal-international-jazz-festival-july-5-2019\/\" class=\"elementor-item\">Summertime Departures (Sometimes I Dream) [Live]<\/a><\/li>\n<\/ul>\t\t\t<\/nav>\n\t\t\t\t\t\t<nav class=\"elementor-nav-menu--dropdown elementor-nav-menu__container\" aria-hidden=\"true\">\n\t\t\t\t<ul id=\"menu-2-53dd54c8\" class=\"elementor-nav-menu sm-vertical\"><li class=\"menu-item menu-item-type-post_type menu-item-object-page menu-item-30218\"><a href=\"https:\/\/alexhenryfoster.com\/fr\/lyrics\/summertime-departures\/\" class=\"elementor-item\" tabindex=\"-1\">Summertime Departures<\/a><\/li>\n<li class=\"menu-item menu-item-type-post_type menu-item-object-page menu-item-8706\"><a href=\"https:\/\/alexhenryfoster.com\/fr\/lyrics\/summertime-departures-radio-edit\/\" class=\"elementor-item\" tabindex=\"-1\">Summertime Departures [Radio Edit]<\/a><\/li>\n<li class=\"menu-item menu-item-type-post_type menu-item-object-page menu-item-11873\"><a href=\"https:\/\/alexhenryfoster.com\/fr\/lyrics\/summertime-departures-sometimes-i-dream-live-from-montreal-international-jazz-festival-july-5-2019\/\" class=\"elementor-item\" tabindex=\"-1\">Summertime Departures (Sometimes I Dream) [Live]<\/a><\/li>\n<\/ul>\t\t\t<\/nav>\n\t\t\t\t\t\t<\/div>\n\t\t\t\t<\/div>\n\t\t\t\t<div class=\"elementor-element elementor-element-a1068b8 elementor-align-center elementor-widget elementor-widget-button\" data-id=\"a1068b8\" data-element_type=\"widget\" data-e-type=\"widget\" data-widget_type=\"button.default\">\n\t\t\t\t<div class=\"elementor-widget-container\">\n\t\t\t\t\t\t\t\t\t<div class=\"elementor-button-wrapper\">\n\t\t\t\t\t<a class=\"elementor-button elementor-button-link elementor-size-lg\" href=\"https:\/\/found.ee\/ahf-summertimedepartures\" target=\"_blank\">\n\t\t\t\t\t\t<span class=\"elementor-button-content-wrapper\">\n\t\t\t\t\t\t\t\t\t<span class=\"elementor-button-text\">\u00c9COUTEZ \/ ACHETEZ<\/span>\n\t\t\t\t\t<\/span>\n\t\t\t\t\t<\/a>\n\t\t\t\t<\/div>\n\t\t\t\t\t\t\t\t<\/div>\n\t\t\t\t<\/div>\n\t\t\t\t\t<\/div>\n\t\t<\/div>\n\t\t\t\t\t<\/div>\n\t\t<\/section>\n\t\t\t\t\t<\/div>\n\t\t<\/div>\n\t\t\t\t\t<\/div>\n\t\t<\/section>\n\t\t\t\t<section data-particle_enable=\"false\" data-particle-mobile-disabled=\"false\" class=\"elementor-section elementor-top-section elementor-element elementor-element-116ec6f5 elementor-section-boxed elementor-section-height-default elementor-section-height-default\" data-id=\"116ec6f5\" data-element_type=\"section\" data-e-type=\"section\">\n\t\t\t\t\t\t<div class=\"elementor-container elementor-column-gap-default\">\n\t\t\t\t\t<div class=\"elementor-column elementor-col-100 elementor-top-column elementor-element elementor-element-7b3e8c54\" data-id=\"7b3e8c54\" data-element_type=\"column\" data-e-type=\"column\">\n\t\t\t<div class=\"elementor-widget-wrap elementor-element-populated\">\n\t\t\t\t\t\t<div class=\"elementor-element elementor-element-34caad35 elementor-widget elementor-widget-spacer\" data-id=\"34caad35\" data-element_type=\"widget\" data-e-type=\"widget\" data-widget_type=\"spacer.default\">\n\t\t\t\t<div class=\"elementor-widget-container\">\n\t\t\t\t\t\t\t<div class=\"elementor-spacer\">\n\t\t\t<div class=\"elementor-spacer-inner\"><\/div>\n\t\t<\/div>\n\t\t\t\t\t\t<\/div>\n\t\t\t\t<\/div>\n\t\t\t\t\t<\/div>\n\t\t<\/div>\n\t\t\t\t\t<\/div>\n\t\t<\/section>\n\t\t\t\t<section data-particle_enable=\"false\" data-particle-mobile-disabled=\"false\" class=\"elementor-section elementor-top-section elementor-element elementor-element-50b24103 elementor-section-boxed elementor-section-height-default elementor-section-height-default\" data-id=\"50b24103\" data-element_type=\"section\" data-e-type=\"section\">\n\t\t\t\t\t\t<div class=\"elementor-container elementor-column-gap-default\">\n\t\t\t\t\t<div class=\"elementor-column elementor-col-100 elementor-top-column elementor-element elementor-element-58f91f6a\" data-id=\"58f91f6a\" data-element_type=\"column\" data-e-type=\"column\">\n\t\t\t<div class=\"elementor-widget-wrap elementor-element-populated\">\n\t\t\t\t\t\t<section data-particle_enable=\"false\" data-particle-mobile-disabled=\"false\" class=\"elementor-section elementor-inner-section elementor-element elementor-element-24d87521 elementor-section-boxed elementor-section-height-default elementor-section-height-default\" data-id=\"24d87521\" data-element_type=\"section\" data-e-type=\"section\" data-settings=\"{&quot;background_background&quot;:&quot;classic&quot;}\">\n\t\t\t\t\t\t<div class=\"elementor-container elementor-column-gap-default\">\n\t\t\t\t\t<div class=\"elementor-column elementor-col-50 elementor-inner-column elementor-element elementor-element-1131bf97\" data-id=\"1131bf97\" data-element_type=\"column\" data-e-type=\"column\">\n\t\t\t<div class=\"elementor-widget-wrap elementor-element-populated\">\n\t\t\t\t\t\t<div class=\"elementor-element elementor-element-1bb453e4 elementor-widget elementor-widget-text-editor\" data-id=\"1bb453e4\" data-element_type=\"widget\" data-e-type=\"widget\" data-widget_type=\"text-editor.default\">\n\t\t\t\t<div class=\"elementor-widget-container\">\n\t\t\t\t\t\t\t\t\t<p class=\"p1\">J&rsquo;ai \u00e9crit les premiers mots de ce qui allait devenir les paroles de \u00ab\u00a0Summertime Departures\u00a0\u00bb alors que je vivais dans la ville \u00e9blouissante de Tanger, o\u00f9 j&rsquo;ai en quelque sorte d\u00e9riv\u00e9 dans un moment de grande confusion. Le d\u00e9c\u00e8s de mon p\u00e8re \u00e9tant l\u2019\u00e9l\u00e9ment d\u00e9clencheur principal du vide qui faisait \u00e9cho en moi et que je ne pouvais plus ignorer apr\u00e8s des ann\u00e9es \u00e0 essayer d&rsquo;\u00e9viter tout type d&rsquo;honn\u00eatet\u00e9 introspective sur ce qui semblait \u00eatre une existence absurde \u00e0 ce stade de ma vie.<\/p><p class=\"p1\">Pour un fils, la mort d&rsquo;un p\u00e8re est souvent la fin de l&rsquo;innocence et des illusions qui l&rsquo;accompagnent. Le temps devient de fa\u00e7on inattendue un ennemi implacable cherchant \u00e0 obtenir sa juste part des moments joyeux que vous avez v\u00e9cus dans le pass\u00e9 ainsi qu&rsquo;une ombre fid\u00e8le qui vous suit toujours \u00e0 travers les pr\u00e9occupations quotidiennes. Nous serions alors pr\u00eats \u00e0 tout donner en \u00e9change de la promesse \u00e0 peine murmur\u00e9e de jours paisibles \u00e0 venir\u2026 Et comme j&rsquo;ai toujours embrass\u00e9 le concept d&rsquo;impermanence, je pensais qu&rsquo;il devrait y avoir beaucoup de s\u00e9r\u00e9nit\u00e9 avec la mort\u2026 J&rsquo;avais tort.<\/p><p class=\"p1\">En fait, la mort de mon p\u00e8re \u00e9tait comme si j&rsquo;avais perdu assez de moi-m\u00eame pour me demander soudainement qui j&rsquo;\u00e9tais vraiment et ce que cela signifiait de faire face \u00e0 une v\u00e9rit\u00e9 qui n&rsquo;impliquait pas la foi, ne serait-ce que la sensation insaisissable de devoir l\u00e2cher prise pour continuer d\u2019avancer. Il y a une profonde lucidit\u00e9 qui vient avec l&rsquo;honn\u00eatet\u00e9 et devoir faire face \u00e0 la r\u00e9alit\u00e9 qui vient avec la mort. Je savais d\u2019une certaine fa\u00e7on que je trouverais assez de b\u00eatises pour me convaincre d&rsquo;une mesure intelligible d&rsquo;acceptation afin de trouver un but dans toutes ces \u00e9motions, autant que dans leur d\u00e9ni ou leur absence. Encore une fois, j&rsquo;avais tort.<\/p><p class=\"p1\">Ma fa\u00e7on de g\u00e9rer tout cela fut le silence et l&rsquo;isolement, m\u00eame si sa pr\u00e9sence, ses souvenirs et sa m\u00e9moire, autant que toutes les questions et le ressentiment qui l&rsquo;accompagnaient, me hantaient. Je r\u00eavais si souvent de conversations que nous n&rsquo;avions jamais eues que je pensais devenir fou, sinon obs\u00e9d\u00e9. Je me demandais si c&rsquo;\u00e9tait de la peine, de la culpabilit\u00e9, de la col\u00e8re, mais c&rsquo;\u00e9tait quelque chose d&rsquo;intangible. Mon p\u00e8re a consacr\u00e9 la majeure partie de sa vie \u00e0 ses fortes croyances spirituelles et il a cru jusqu&rsquo;\u00e0 la fin qu&rsquo;il serait gu\u00e9ri. M\u00eame s&rsquo;il savait que son cancer \u00e9tait incurable, il a chant\u00e9 et lou\u00e9 jusqu\u2019\u00e0 son dernier souffle. Il \u00e9tait tellement convaincu de sa gu\u00e9rison miraculeuse qu&rsquo;il n&rsquo;a jamais pens\u00e9 qu&rsquo;il serait n\u00e9cessaire d&rsquo;\u00e9crire quelques mots de lui-m\u00eame, de partager des histoires jamais racont\u00e9es ou ce qu&rsquo;il faisait de sa situation\u2026 Cette conviction profonde me troubla incroyablement, surtout apr\u00e8s son d\u00e9c\u00e8s, mais j&rsquo;ai refus\u00e9 d&rsquo;aborder tout \u00e7a&#8230; Jusqu&rsquo;\u00e0 ce que j&rsquo;arrive \u00e0 Tanger&#8230; Et je savais que je devais le faire.<\/p><p class=\"p1\">Alors que j\u2019\u00e9tais seul dans un endroit aussi fascinant que d\u00e9concertant, j&rsquo;ai pass\u00e9 d&rsquo;innombrables jours \u00e0 observer la mer entre l&rsquo;Europe et l&rsquo;Afrique depuis le toit-terrasse d&rsquo;une petite maison d&rsquo;h\u00f4tes, \u00e0 regarder toutes les personnes d\u00e9sireuses de faire le trajet en ferry, quelques minutes seulement qui les \u00e9loignaient du r\u00eave d&rsquo;une vie meilleure, tous debout avec leurs bras pleins d&rsquo;espoir essayant de s&rsquo;\u00e9tirer juste assez pour atteindre un rivage de nouvelles possibilit\u00e9s qui semble dispara\u00eetre lentement avec chaque ardente pri\u00e8re, \u00e0 voir les enfants jouer au football dans des rues anciennes et \u00e9troites, les m\u00eames rues qui ont vu leurs p\u00e8res et grands-p\u00e8res envisager une vie plus singuli\u00e8re et l&rsquo;amour \u00e9ternel auquel ne croient que les jeunes innocents, \u00e0 regarder les femmes me sourire paisiblement en tirant de l&rsquo;eau de la fontaine publique de la kasbah, \u00e0 observer les personnes \u00e2g\u00e9es lire de la po\u00e9sie tandis que d&rsquo;autres louent les merveilles de ce qui semble si ordinaire aux passants marchant toujours un peu plus vite au fil des jours. C&rsquo;\u00e9tait un monde de paradoxes uniques refl\u00e9tant mon \u00e9tat de confusion \u00e9motionnelle juste devant mes yeux.<\/p><p class=\"p1\">\u00catre t\u00e9moin de la fa\u00e7on dont ces personnes vivaient avec la notion du <span class=\"s1\">\u201c<\/span>maintenant<span class=\"s1\">\u201d<\/span> m&rsquo;a offert une perspective \u00e0 laquelle je ne pouvais plus \u00e9chapper, quelque chose qui allait bien au-del\u00e0 du deuil, de la vie, de la mort et de moi-m\u00eame. Par cons\u00e9quent, j&rsquo;ai commenc\u00e9 \u00e0 \u00e9crire. Je n&rsquo;ai jamais pens\u00e9 avoir le courage d&rsquo;\u00eatre aussi honn\u00eate, d&rsquo;\u00eatre aussi vuln\u00e9rable, d&rsquo;exposer ce que je vivais et de trouver finalement un moyen de le laisser partir, d&rsquo;\u00eatre lib\u00e9r\u00e9. Tout a commenc\u00e9 \u00e0 faire du sens avec l&rsquo;image de la pierre pos\u00e9e sur un sanctuaire\u2026 Ce fut le point de d\u00e9part. Ce fut le point de d\u00e9part un peu \u00e9trange mais significatif pour moi et pour la chanson elle-m\u00eame. L&rsquo;id\u00e9e \u00e9tait une \u00ab\u00a0balise\u00a0\u00bb t\u00e9moignant de la fondation qu&rsquo;une personne pouvait avoir \u00e9t\u00e9 dans nos vies&#8230; une pierre \u00ab\u00a0commune\u00a0\u00bb transcendant toute sorte d&rsquo;ornements pr\u00e9cieux.<\/p><p class=\"p1\">Cette image m&rsquo;a amen\u00e9 \u00e0 me demander ce qu&rsquo;il nous reste finalement, quand le temps passe, quand les \u00eatres chers disparaissent, quand les promesses s&rsquo;\u00e9vanouissent avec les souvenirs de ceux que nous aimions, quand les noms ne sont plus mentionn\u00e9s, quand nos plus beaux souvenirs de quelqu&rsquo;un que nous ch\u00e9rissions font de la place pour le coeur de quelqu&rsquo;un d&rsquo;autre, lorsque les couleurs vives des fleurs ont disparu depuis longtemps, lorsque le temps respecte son serment et nous rattrape, lorsque les r\u00eaves et leurs espoirs brillent, quand nous sommes une \u00e2me sans visage \u00e0 la vue de quelqu&rsquo;un d&rsquo;autre, tout comme ces voyageurs se tiennent sur la plage en attendant un moyen de tout laisser derri\u00e8re eux, les enfants perdent leur innocence avant l&rsquo;heure, les femmes d\u00e9p\u00e9rissent avec chaque goutte d&rsquo;eau qu&rsquo;elles doivent encore puiser ou une personne \u00e2g\u00e9e qui devient invisible, tout comme la magnificence de la vie que nous ne pouvons plus voir\u2026 Quand nous sommes perdus au gr\u00e9 des vents\u2026 Quand il n&rsquo;y a pas de bien ou de mal dans la mort\u2026<\/p><p class=\"p1\">Et donc, en le consid\u00e9rant maintenant avec la perspective honn\u00eate de mes propres paradoxes et de ma vuln\u00e9rabilit\u00e9, je comprends que <span class=\"s1\">\u201cSummertime Departures\u201d<\/span> est ma fa\u00e7on de dire qu&rsquo;ind\u00e9pendamment de ce que nous avons pass\u00e9 toute notre vie \u00e0 croire ou de ce que nous avons oubli\u00e9 avec le temps, il y a une p\u00e9rennit\u00e9 au milieu des peines les plus douloureuses et notre d\u00e9cision de l\u00e2cher prise \u00e0 travers l&rsquo;acceptation que l&rsquo;amour, tout comme la pierre, durera toujours.<\/p><p><i><b>&#8211; Alex<\/b><\/i><\/p>\t\t\t\t\t\t\t\t<\/div>\n\t\t\t\t<\/div>\n\t\t\t\t\t<\/div>\n\t\t<\/div>\n\t\t\t\t<div class=\"elementor-column elementor-col-50 elementor-inner-column elementor-element elementor-element-3959b5cc\" data-id=\"3959b5cc\" data-element_type=\"column\" data-e-type=\"column\">\n\t\t\t<div class=\"elementor-widget-wrap elementor-element-populated\">\n\t\t\t\t\t\t<div class=\"elementor-element elementor-element-32606c36 elementor-widget elementor-widget-text-editor\" data-id=\"32606c36\" data-element_type=\"widget\" data-e-type=\"widget\" data-widget_type=\"text-editor.default\">\n\t\t\t\t<div class=\"elementor-widget-container\">\n\t\t\t\t\t\t\t\t\t<h3 style=\"margin-bottom: 5px;\">DATE DE SORTIE<\/h3><p><i>17 janvier 2020<\/i><\/p><h3 style=\"margin-bottom: 5px;\">PAROLES &amp; MUSIQUE<\/h3><p><i>Alex Henry Foster<\/i><\/p><h3 style=\"margin-bottom: 5px;\">PRODUIT PAR<\/h3><p><i>Alex Henry Foster<br \/>Ben Lemelin<\/i><\/p><h3 style=\"margin-bottom: 5px;\">MUSICIENS ADDITIONNELS<\/h3><p><i>Ben Lemelin<br \/>Jeff Beaulieu<br \/>Sef Lemelin<br \/>Miss Isabel<br \/>Charles Moose Allicie<\/i><\/p><h3 style=\"margin-bottom: 5px;\">LIEU D&rsquo;ENREGISTREMENT<\/h3><p><i>Upper Room Studio<br \/>Qu\u00e9bec, Canada<\/i><\/p><h3 style=\"margin-bottom: 5px;\">Label<\/h3><p><i>Hopeful Tragedy Records<\/i><\/p>\t\t\t\t\t\t\t\t<\/div>\n\t\t\t\t<\/div>\n\t\t\t\t\t<\/div>\n\t\t<\/div>\n\t\t\t\t\t<\/div>\n\t\t<\/section>\n\t\t\t\t\t<\/div>\n\t\t<\/div>\n\t\t\t\t\t<\/div>\n\t\t<\/section>\n\t\t\t\t<section data-particle_enable=\"false\" data-particle-mobile-disabled=\"false\" class=\"elementor-section elementor-top-section elementor-element elementor-element-27ebeb59 elementor-section-boxed elementor-section-height-default elementor-section-height-default\" data-id=\"27ebeb59\" data-element_type=\"section\" data-e-type=\"section\">\n\t\t\t\t\t\t<div class=\"elementor-container elementor-column-gap-default\">\n\t\t\t\t\t<div class=\"elementor-column elementor-col-100 elementor-top-column elementor-element elementor-element-44d065a8\" data-id=\"44d065a8\" data-element_type=\"column\" data-e-type=\"column\">\n\t\t\t<div class=\"elementor-widget-wrap elementor-element-populated\">\n\t\t\t\t\t\t<div class=\"elementor-element elementor-element-78c94dd5 elementor-widget elementor-widget-spacer\" data-id=\"78c94dd5\" data-element_type=\"widget\" data-e-type=\"widget\" data-widget_type=\"spacer.default\">\n\t\t\t\t<div class=\"elementor-widget-container\">\n\t\t\t\t\t\t\t<div class=\"elementor-spacer\">\n\t\t\t<div class=\"elementor-spacer-inner\"><\/div>\n\t\t<\/div>\n\t\t\t\t\t\t<\/div>\n\t\t\t\t<\/div>\n\t\t\t\t\t<\/div>\n\t\t<\/div>\n\t\t\t\t\t<\/div>\n\t\t<\/section>\n\t\t\t\t<\/div>\n\t\t","protected":false},"excerpt":{"rendered":"<p> &#8230; <a title=\"Summertime Departures\" class=\"read-more\" href=\"https:\/\/alexhenryfoster.com\/fr\/releases\/summertime-departures\/\" aria-label=\"Plus sur Summertime Departures\">Lire la suite<\/a><\/p>\n","protected":false},"author":1,"featured_media":0,"parent":8462,"menu_order":0,"comment_status":"closed","ping_status":"closed","template":"elementor_header_footer","meta":{"_acf_changed":false,"footnotes":""},"class_list":["post-8466","page","type-page","status-publish"],"acf":[],"aioseo_notices":[],"_links":{"self":[{"href":"https:\/\/alexhenryfoster.com\/fr\/wp-json\/wp\/v2\/pages\/8466","targetHints":{"allow":["GET"]}}],"collection":[{"href":"https:\/\/alexhenryfoster.com\/fr\/wp-json\/wp\/v2\/pages"}],"about":[{"href":"https:\/\/alexhenryfoster.com\/fr\/wp-json\/wp\/v2\/types\/page"}],"author":[{"embeddable":true,"href":"https:\/\/alexhenryfoster.com\/fr\/wp-json\/wp\/v2\/users\/1"}],"replies":[{"embeddable":true,"href":"https:\/\/alexhenryfoster.com\/fr\/wp-json\/wp\/v2\/comments?post=8466"}],"version-history":[{"count":3,"href":"https:\/\/alexhenryfoster.com\/fr\/wp-json\/wp\/v2\/pages\/8466\/revisions"}],"predecessor-version":[{"id":25257,"href":"https:\/\/alexhenryfoster.com\/fr\/wp-json\/wp\/v2\/pages\/8466\/revisions\/25257"}],"up":[{"embeddable":true,"href":"https:\/\/alexhenryfoster.com\/fr\/wp-json\/wp\/v2\/pages\/8462"}],"wp:attachment":[{"href":"https:\/\/alexhenryfoster.com\/fr\/wp-json\/wp\/v2\/media?parent=8466"}],"curies":[{"name":"wp","href":"https:\/\/api.w.org\/{rel}","templated":true}]}}