{"id":8468,"date":"2020-05-06T21:24:35","date_gmt":"2020-05-07T01:24:35","guid":{"rendered":"http:\/\/alexhenryfoster.com\/releases\/the-hunter\/"},"modified":"2022-02-12T21:03:13","modified_gmt":"2022-02-13T02:03:13","slug":"the-hunter","status":"publish","type":"page","link":"https:\/\/alexhenryfoster.com\/fr\/releases\/the-hunter\/","title":{"rendered":"The Hunter"},"content":{"rendered":"\t\t<div data-elementor-type=\"wp-page\" data-elementor-id=\"8468\" class=\"elementor elementor-8468 elementor-6671\" data-elementor-post-type=\"page\">\n\t\t\t\t\t\t<section data-particle_enable=\"false\" data-particle-mobile-disabled=\"false\" class=\"elementor-section elementor-top-section elementor-element elementor-element-6008bb8e elementor-section-boxed elementor-section-height-default elementor-section-height-default\" data-id=\"6008bb8e\" data-element_type=\"section\" data-e-type=\"section\" data-settings=\"{&quot;background_background&quot;:&quot;classic&quot;}\">\n\t\t\t\t\t\t<div class=\"elementor-container elementor-column-gap-default\">\n\t\t\t\t\t<div class=\"elementor-column elementor-col-100 elementor-top-column elementor-element elementor-element-6ddeed54\" data-id=\"6ddeed54\" data-element_type=\"column\" data-e-type=\"column\">\n\t\t\t<div class=\"elementor-widget-wrap elementor-element-populated\">\n\t\t\t\t\t\t<section data-particle_enable=\"false\" data-particle-mobile-disabled=\"false\" class=\"elementor-section elementor-inner-section elementor-element elementor-element-3600fcb3 elementor-section-boxed elementor-section-height-default elementor-section-height-default\" data-id=\"3600fcb3\" data-element_type=\"section\" data-e-type=\"section\">\n\t\t\t\t\t\t<div class=\"elementor-container elementor-column-gap-default\">\n\t\t\t\t\t<div class=\"elementor-column elementor-col-50 elementor-inner-column elementor-element elementor-element-22d8c83b\" data-id=\"22d8c83b\" data-element_type=\"column\" data-e-type=\"column\">\n\t\t\t<div class=\"elementor-widget-wrap elementor-element-populated\">\n\t\t\t\t\t\t<div class=\"elementor-element elementor-element-374cbeef elementor-widget elementor-widget-image\" data-id=\"374cbeef\" data-element_type=\"widget\" data-e-type=\"widget\" data-widget_type=\"image.default\">\n\t\t\t\t<div class=\"elementor-widget-container\">\n\t\t\t\t\t\t\t\t\t\t\t\t\t\t\t<img fetchpriority=\"high\" decoding=\"async\" width=\"1001\" height=\"1001\" src=\"https:\/\/alexhenryfoster.com\/wp-content\/uploads\/2020\/04\/ahf-the-hunter-cover.jpg\" class=\"attachment-large size-large wp-image-5390\" alt=\"\" srcset=\"https:\/\/alexhenryfoster.com\/wp-content\/uploads\/2020\/04\/ahf-the-hunter-cover.jpg 1001w, https:\/\/alexhenryfoster.com\/wp-content\/uploads\/2020\/04\/ahf-the-hunter-cover-300x300.jpg 300w, https:\/\/alexhenryfoster.com\/wp-content\/uploads\/2020\/04\/ahf-the-hunter-cover-150x150.jpg 150w, https:\/\/alexhenryfoster.com\/wp-content\/uploads\/2020\/04\/ahf-the-hunter-cover-768x768.jpg 768w\" sizes=\"(max-width: 1001px) 100vw, 1001px\" \/>\t\t\t\t\t\t\t\t\t\t\t\t\t\t\t<\/div>\n\t\t\t\t<\/div>\n\t\t\t\t\t<\/div>\n\t\t<\/div>\n\t\t\t\t<div class=\"elementor-column elementor-col-50 elementor-inner-column elementor-element elementor-element-c67f26d\" data-id=\"c67f26d\" data-element_type=\"column\" data-e-type=\"column\">\n\t\t\t<div class=\"elementor-widget-wrap elementor-element-populated\">\n\t\t\t\t\t\t<div class=\"elementor-element elementor-element-69e0412d elementor-widget elementor-widget-theme-post-title elementor-page-title elementor-widget-heading\" data-id=\"69e0412d\" data-element_type=\"widget\" data-e-type=\"widget\" data-widget_type=\"theme-post-title.default\">\n\t\t\t\t<div class=\"elementor-widget-container\">\n\t\t\t\t\t<h1 class=\"elementor-heading-title elementor-size-default\">The Hunter<\/h1>\t\t\t\t<\/div>\n\t\t\t\t<\/div>\n\t\t\t\t<div class=\"elementor-element elementor-element-15b77990 elementor-widget-divider--view-line_text elementor-widget-divider--element-align-center elementor-widget elementor-widget-divider\" data-id=\"15b77990\" data-element_type=\"widget\" data-e-type=\"widget\" data-widget_type=\"divider.default\">\n\t\t\t\t<div class=\"elementor-widget-container\">\n\t\t\t\t\t\t\t<div class=\"elementor-divider\">\n\t\t\t<span class=\"elementor-divider-separator\">\n\t\t\t\t\t\t\t<span class=\"elementor-divider__text elementor-divider__element\">\n\t\t\t\tEP\t\t\t\t<\/span>\n\t\t\t\t\t\t<\/span>\n\t\t<\/div>\n\t\t\t\t\t\t<\/div>\n\t\t\t\t<\/div>\n\t\t\t\t<div class=\"elementor-element elementor-element-55d255b3 elementor-widget elementor-widget-heading\" data-id=\"55d255b3\" data-element_type=\"widget\" data-e-type=\"widget\" data-widget_type=\"heading.default\">\n\t\t\t\t<div class=\"elementor-widget-container\">\n\t\t\t\t\t<h3 class=\"elementor-heading-title elementor-size-default\">Liste des chansons &amp; Paroles<\/h3>\t\t\t\t<\/div>\n\t\t\t\t<\/div>\n\t\t\t\t<div class=\"elementor-element elementor-element-507d60b1 elementor-nav-menu__align-center elementor-nav-menu--dropdown-none elementor-widget elementor-widget-nav-menu\" data-id=\"507d60b1\" data-element_type=\"widget\" data-e-type=\"widget\" data-settings=\"{&quot;layout&quot;:&quot;vertical&quot;,&quot;submenu_icon&quot;:{&quot;value&quot;:&quot;&lt;i class=\\&quot;\\&quot; aria-hidden=\\&quot;true\\&quot;&gt;&lt;\\\/i&gt;&quot;,&quot;library&quot;:&quot;&quot;}}\" data-widget_type=\"nav-menu.default\">\n\t\t\t\t<div class=\"elementor-widget-container\">\n\t\t\t\t\t\t\t\t<nav aria-label=\"Menu\" class=\"elementor-nav-menu--main elementor-nav-menu__container elementor-nav-menu--layout-vertical e--pointer-none\">\n\t\t\t\t<ul id=\"menu-1-507d60b1\" class=\"elementor-nav-menu sm-vertical\"><li class=\"menu-item menu-item-type-post_type menu-item-object-page menu-item-30219\"><a href=\"https:\/\/alexhenryfoster.com\/fr\/lyrics\/the-hunter-by-the-seaside-window\/\" class=\"elementor-item\">The Hunter (By the Seaside Window)<\/a><\/li>\n<li class=\"menu-item menu-item-type-post_type menu-item-object-page menu-item-30220\"><a href=\"https:\/\/alexhenryfoster.com\/fr\/lyrics\/the-hunter-by-the-seaside-window-radio-edit\/\" class=\"elementor-item\">The Hunter (By the Seaside Window) [Radio Edit]<\/a><\/li>\n<li class=\"menu-item menu-item-type-post_type menu-item-object-page menu-item-11872\"><a href=\"https:\/\/alexhenryfoster.com\/fr\/lyrics\/the-hunter-by-the-seaside-window-live-from-festival-international-de-jazz-de-montreal-july-5-2019\/\" class=\"elementor-item\">The Hunter (By the Seaside Window) [Live]<\/a><\/li>\n<\/ul>\t\t\t<\/nav>\n\t\t\t\t\t\t<nav class=\"elementor-nav-menu--dropdown elementor-nav-menu__container\" aria-hidden=\"true\">\n\t\t\t\t<ul id=\"menu-2-507d60b1\" class=\"elementor-nav-menu sm-vertical\"><li class=\"menu-item menu-item-type-post_type menu-item-object-page menu-item-30219\"><a href=\"https:\/\/alexhenryfoster.com\/fr\/lyrics\/the-hunter-by-the-seaside-window\/\" class=\"elementor-item\" tabindex=\"-1\">The Hunter (By the Seaside Window)<\/a><\/li>\n<li class=\"menu-item menu-item-type-post_type menu-item-object-page menu-item-30220\"><a href=\"https:\/\/alexhenryfoster.com\/fr\/lyrics\/the-hunter-by-the-seaside-window-radio-edit\/\" class=\"elementor-item\" tabindex=\"-1\">The Hunter (By the Seaside Window) [Radio Edit]<\/a><\/li>\n<li class=\"menu-item menu-item-type-post_type menu-item-object-page menu-item-11872\"><a href=\"https:\/\/alexhenryfoster.com\/fr\/lyrics\/the-hunter-by-the-seaside-window-live-from-festival-international-de-jazz-de-montreal-july-5-2019\/\" class=\"elementor-item\" tabindex=\"-1\">The Hunter (By the Seaside Window) [Live]<\/a><\/li>\n<\/ul>\t\t\t<\/nav>\n\t\t\t\t\t\t<\/div>\n\t\t\t\t<\/div>\n\t\t\t\t<div class=\"elementor-element elementor-element-42c33b2d elementor-align-center elementor-widget elementor-widget-button\" data-id=\"42c33b2d\" data-element_type=\"widget\" data-e-type=\"widget\" data-widget_type=\"button.default\">\n\t\t\t\t<div class=\"elementor-widget-container\">\n\t\t\t\t\t\t\t\t\t<div class=\"elementor-button-wrapper\">\n\t\t\t\t\t<a class=\"elementor-button elementor-button-link elementor-size-lg\" href=\"https:\/\/found.ee\/ahf-thehunter\" target=\"_blank\">\n\t\t\t\t\t\t<span class=\"elementor-button-content-wrapper\">\n\t\t\t\t\t\t\t\t\t<span class=\"elementor-button-text\">\u00c9COUTEZ \/ ACHETEZ<\/span>\n\t\t\t\t\t<\/span>\n\t\t\t\t\t<\/a>\n\t\t\t\t<\/div>\n\t\t\t\t\t\t\t\t<\/div>\n\t\t\t\t<\/div>\n\t\t\t\t\t<\/div>\n\t\t<\/div>\n\t\t\t\t\t<\/div>\n\t\t<\/section>\n\t\t\t\t\t<\/div>\n\t\t<\/div>\n\t\t\t\t\t<\/div>\n\t\t<\/section>\n\t\t\t\t<section data-particle_enable=\"false\" data-particle-mobile-disabled=\"false\" class=\"elementor-section elementor-top-section elementor-element elementor-element-48bf1911 elementor-section-boxed elementor-section-height-default elementor-section-height-default\" data-id=\"48bf1911\" data-element_type=\"section\" data-e-type=\"section\">\n\t\t\t\t\t\t<div class=\"elementor-container elementor-column-gap-default\">\n\t\t\t\t\t<div class=\"elementor-column elementor-col-100 elementor-top-column elementor-element elementor-element-5bf1a356\" data-id=\"5bf1a356\" data-element_type=\"column\" data-e-type=\"column\">\n\t\t\t<div class=\"elementor-widget-wrap elementor-element-populated\">\n\t\t\t\t\t\t<div class=\"elementor-element elementor-element-770485f1 elementor-widget elementor-widget-spacer\" data-id=\"770485f1\" data-element_type=\"widget\" data-e-type=\"widget\" data-widget_type=\"spacer.default\">\n\t\t\t\t<div class=\"elementor-widget-container\">\n\t\t\t\t\t\t\t<div class=\"elementor-spacer\">\n\t\t\t<div class=\"elementor-spacer-inner\"><\/div>\n\t\t<\/div>\n\t\t\t\t\t\t<\/div>\n\t\t\t\t<\/div>\n\t\t\t\t\t<\/div>\n\t\t<\/div>\n\t\t\t\t\t<\/div>\n\t\t<\/section>\n\t\t\t\t<section data-particle_enable=\"false\" data-particle-mobile-disabled=\"false\" class=\"elementor-section elementor-top-section elementor-element elementor-element-1e0b524e elementor-section-boxed elementor-section-height-default elementor-section-height-default\" data-id=\"1e0b524e\" data-element_type=\"section\" data-e-type=\"section\">\n\t\t\t\t\t\t<div class=\"elementor-container elementor-column-gap-default\">\n\t\t\t\t\t<div class=\"elementor-column elementor-col-100 elementor-top-column elementor-element elementor-element-bf28889\" data-id=\"bf28889\" data-element_type=\"column\" data-e-type=\"column\">\n\t\t\t<div class=\"elementor-widget-wrap elementor-element-populated\">\n\t\t\t\t\t\t<section data-particle_enable=\"false\" data-particle-mobile-disabled=\"false\" class=\"elementor-section elementor-inner-section elementor-element elementor-element-2f1b246d elementor-section-boxed elementor-section-height-default elementor-section-height-default\" data-id=\"2f1b246d\" data-element_type=\"section\" data-e-type=\"section\" data-settings=\"{&quot;background_background&quot;:&quot;classic&quot;}\">\n\t\t\t\t\t\t<div class=\"elementor-container elementor-column-gap-default\">\n\t\t\t\t\t<div class=\"elementor-column elementor-col-50 elementor-inner-column elementor-element elementor-element-541375f8\" data-id=\"541375f8\" data-element_type=\"column\" data-e-type=\"column\">\n\t\t\t<div class=\"elementor-widget-wrap elementor-element-populated\">\n\t\t\t\t\t\t<div class=\"elementor-element elementor-element-492b5a81 elementor-widget elementor-widget-text-editor\" data-id=\"492b5a81\" data-element_type=\"widget\" data-e-type=\"widget\" data-widget_type=\"text-editor.default\">\n\t\t\t\t<div class=\"elementor-widget-container\">\n\t\t\t\t\t\t\t\t\t<p class=\"p1\">\u00ab\u00a0The Hunter (By the Seaside Window)\u00a0\u00bb est n\u00e9e d&rsquo;un jam de 30 minutes qui allait plus tard prendre la forme d\u2019un voyage sonore de 15 minutes, noisy, \u00e0 bout de souffle, sombre, tortur\u00e9, spirituel, \u00e9motif et r\u00e9dempteur.<\/p><p class=\"p1\">Les paroles font partie d&rsquo;une s\u00e9rie de textes que j&rsquo;ai \u00e9crits dans ma nouvelle maison au milieu des montagnes en Virginie apr\u00e8s avoir achev\u00e9 un exil de 2 ans dans la ville de Tanger. Les \u00e9l\u00e9ments symboliques sont nombreux mais refl\u00e8tent fondamentalement la plus grande honn\u00eatet\u00e9 de ma part concernant mes combats incessants contre la d\u00e9pression et l&rsquo;anxi\u00e9t\u00e9.<\/p><p class=\"p1\">Le chasseur est la proie, autant que la proie est le chasseur, tous deux suivis par les ombres de leur propre d\u00e9sespoir et de leurs d\u00e9sillusions, tous deux essayant d&rsquo;\u00e9chapper \u00e0 la r\u00e9alit\u00e9 et de capturer des mirages. Vous pouvez sentir le conflit entre le refus et l&rsquo;admission. Vous pouvez voir les traces de la vie apr\u00e8s les \u00e9chos de r\u00eaverie, des reflets compens\u00e9s d&rsquo;images similaires juxtaposant le d\u00e9sespoir affectif et la r\u00e9ticence \u00e0 abandonner leurs propres cr\u00e9ations trompeuses. Vous pouvez lentement d\u00e9couvrir de minuscules morceaux de l&rsquo;agonie de la proie bless\u00e9e, afflig\u00e9e par un chasseur renon\u00e7ant \u00e0 sa propre innocence mis\u00e9ricordieuse. La bataille fait rage \u00e0 l&rsquo;int\u00e9rieur de soi, implorant ce que nous laissons si facilement derri\u00e8re nous, saignant parfois de ce qui nous a \u00e9t\u00e9 enlev\u00e9. Les souvenirs, comme le printemps, ne peuvent pas \u00eatre ressuscit\u00e9s, et une volont\u00e9 d\u00e9courag\u00e9e rend un bord de mer r\u00e9dempteur inaccessible.<\/p><p class=\"p1\">Vivre \u00e0 la montagne m&rsquo;a offert une perspective diff\u00e9rente sur le cycle de la vie, son appr\u00e9ciation et ses besoins de respect. J&rsquo;ai d\u00fb apprendre ce que cela signifiait pour les vrais chasseurs d&rsquo;honorer l&rsquo;esprit de leurs proies et j&rsquo;ai pu imaginer la relation \u00e9tablie et maintenue avec leur environnement, l&rsquo;\u00e2me des animaux se nourrissant et prot\u00e9geant les leurs. Il n&rsquo;y a rien de noble \u00e0 enlever une vie, mais \u00ab\u00a0le pardon est un cadeau, tout comme l&rsquo;amour vous emporte\u00a0\u00bb. Et ces mots ont offert une nouvelle dimension au ton par ailleurs fataliste de la chanson.<\/p><p class=\"p1\"><span class=\"s1\">\u201c<\/span>J&rsquo;ai ferm\u00e9 les yeux sur la vision paisible d\u2019un ciel d\u2019une puret\u00e9 blanche<span class=\"s1\">\u201d<\/span> repr\u00e9sente un moment de lucidit\u00e9 et de paix int\u00e9rieure alors que nous rel\u00e2chons \u00e9motionnellement, acceptant notre d\u00e9faite dans un moment o\u00f9 la d\u00e9faite ne signifie rien &#8211; n&rsquo;a plus d&rsquo;importance &#8211; permettant \u00e0 notre esprit de voir \u00e0 quoi aurait pu ressembler la vie, \u00e0 quoi auraient pu ressembler les \u00eatres chers, quels enfants nous auraient appel\u00e9s\u2026 Vous pouvez sentir l\u2019affection chaleureuse de la maison, la notion inspirante de trouver votre but en trouvant votre peuple, mais vous rel\u00e2chez tout, bris\u00e9 et impuissant, \u00e0 des ann\u00e9es-lumi\u00e8re de cet endroit pour lequel vous avez toujours pri\u00e9, mais pour lequel vous n\u2019avez jamais eu suffisamment de foi pour croire que c\u2019\u00e9tait \u00e0 vous de partir. Vous \u00eates juste \u00e0 quelques pas, vous avez toujours \u00e9t\u00e9 si proche\u2026<\/p><p class=\"p1\">Le chasseur est la lumi\u00e8re, la proie est l&rsquo;obscurit\u00e9 tombant entre les mains d&rsquo;une nouvelle aube. Vous ressentez la m\u00eame chose, mais tout est diff\u00e9rent d&rsquo;une certaine fa\u00e7on. Vous vous levez. Vous entendez le son d&rsquo;un coup de feu. Les fant\u00f4mes qui ne cessaient de vous hanter attendent dehors que votre angoisse quotidienne commence. C&rsquo;est difficile de respirer. La lutte contre vous-m\u00eame est aussi brillante que l&rsquo;aube. Vous inspirez, vous expirez\u2026 et juste comme \u00e7a, tout recommence.<\/p><p class=\"p1\">Et le chasseur continue de revenir alors que la chanson r\u00e9fl\u00e9chit sur la notion symbiotique de luttes int\u00e9rieures nourrissant la maladie croissante de la relation entre les diff\u00e9rentes entit\u00e9s que nous continuions \u00e0 nourrir en nous-m\u00eames, comme une sorte de d\u00e9pendance d\u00e9phas\u00e9e \u00e0 la douleur et la r\u00e9signation, mais aussi le d\u00e9sespoir et la mis\u00e9ricorde autant que le salut et la gr\u00e2ce. Le cycle ne se termine que lorsque nous d\u00e9cidons de l\u00e2cher prise, quoi que cela puisse signifier pour les croyances de quiconque.<\/p><p class=\"p1\">La fen\u00eatre donnant sur le bord de mer sert autant le chasseur que la proie, de l&rsquo;ext\u00e9rieur regardant vers l&rsquo;int\u00e9rieur regardant vers l&rsquo;ext\u00e9rieur. Elle repr\u00e9sente notre d\u00e9sir de trouver suffisamment de courage pour r\u00eaver \u00e0 nouveau autant qu\u2019elle incarne la fin d&rsquo;un long voyage. L&rsquo;image de la mer inspire la purification r\u00e9demptrice qu&rsquo;elle apporte, de nettoyer nos blessures mortelles \u00e0 l&rsquo;eau claire \u00e0 nettoyer nos mains tach\u00e9es de sang dans un courant de sanctification gracieuse qui d\u00e9passe de loin nos yeux et notre imagination. Tout comme si, au terme de cette course implacable entre la vie et la mort, on nous offrait une derni\u00e8re chance de se lib\u00e9rer de toute cette confusion qui gronde en permanence dans notre t\u00eate\u2026<\/p><p><i><b>&#8211; Alex<\/b><\/i><\/p>\t\t\t\t\t\t\t\t<\/div>\n\t\t\t\t<\/div>\n\t\t\t\t\t<\/div>\n\t\t<\/div>\n\t\t\t\t<div class=\"elementor-column elementor-col-50 elementor-inner-column elementor-element elementor-element-746d213c\" data-id=\"746d213c\" data-element_type=\"column\" data-e-type=\"column\">\n\t\t\t<div class=\"elementor-widget-wrap elementor-element-populated\">\n\t\t\t\t\t\t<div class=\"elementor-element elementor-element-b0ce45 elementor-widget elementor-widget-text-editor\" data-id=\"b0ce45\" data-element_type=\"widget\" data-e-type=\"widget\" data-widget_type=\"text-editor.default\">\n\t\t\t\t<div class=\"elementor-widget-container\">\n\t\t\t\t\t\t\t\t\t<h3 style=\"margin-bottom: 5px;\">DATE DE SORTIE<\/h3><p><i>13 mars 2020<\/i><\/p><h3 style=\"margin-bottom: 5px;\">PAROLES &amp; MUSIQUE<\/h3><p><i>Alex Henry Foster<\/i><\/p><h3 style=\"margin-bottom: 5px;\">PRODUIT PAR<\/h3><p><i>Alex Henry Foster<br \/>Ben Lemelin<\/i><\/p><h3 style=\"margin-bottom: 5px;\">MUSICIENS ADDITIONNELS<\/h3><p><i>Ben Lemelin<br \/>Jeff Beaulieu<br \/>Sef Lemelin<br \/>Miss Isabel<br \/>Charles Moose Allicie<\/i><\/p><h3 style=\"margin-bottom: 5px;\">LIEU D&rsquo;ENREGISTREMENT<\/h3><p><i>Upper Room Studio<br \/>Qu\u00e9bec, Canada<\/i><\/p><h3 style=\"margin-bottom: 5px;\">Label<\/h3><p><i>Hopeful Tragedy Records<\/i><\/p>\t\t\t\t\t\t\t\t<\/div>\n\t\t\t\t<\/div>\n\t\t\t\t\t<\/div>\n\t\t<\/div>\n\t\t\t\t\t<\/div>\n\t\t<\/section>\n\t\t\t\t\t<\/div>\n\t\t<\/div>\n\t\t\t\t\t<\/div>\n\t\t<\/section>\n\t\t\t\t<section data-particle_enable=\"false\" data-particle-mobile-disabled=\"false\" class=\"elementor-section elementor-top-section elementor-element elementor-element-69279026 elementor-section-boxed elementor-section-height-default elementor-section-height-default\" data-id=\"69279026\" data-element_type=\"section\" data-e-type=\"section\">\n\t\t\t\t\t\t<div class=\"elementor-container elementor-column-gap-default\">\n\t\t\t\t\t<div class=\"elementor-column elementor-col-100 elementor-top-column elementor-element elementor-element-737b6bf9\" data-id=\"737b6bf9\" data-element_type=\"column\" data-e-type=\"column\">\n\t\t\t<div class=\"elementor-widget-wrap elementor-element-populated\">\n\t\t\t\t\t\t<div class=\"elementor-element elementor-element-2ad85149 elementor-widget elementor-widget-spacer\" data-id=\"2ad85149\" data-element_type=\"widget\" data-e-type=\"widget\" data-widget_type=\"spacer.default\">\n\t\t\t\t<div class=\"elementor-widget-container\">\n\t\t\t\t\t\t\t<div class=\"elementor-spacer\">\n\t\t\t<div class=\"elementor-spacer-inner\"><\/div>\n\t\t<\/div>\n\t\t\t\t\t\t<\/div>\n\t\t\t\t<\/div>\n\t\t\t\t\t<\/div>\n\t\t<\/div>\n\t\t\t\t\t<\/div>\n\t\t<\/section>\n\t\t\t\t<\/div>\n\t\t","protected":false},"excerpt":{"rendered":"<p> &#8230; <a title=\"The Hunter\" class=\"read-more\" href=\"https:\/\/alexhenryfoster.com\/fr\/releases\/the-hunter\/\" aria-label=\"Plus sur The Hunter\">Lire la suite<\/a><\/p>\n","protected":false},"author":1,"featured_media":0,"parent":8462,"menu_order":0,"comment_status":"closed","ping_status":"closed","template":"elementor_header_footer","meta":{"_acf_changed":false,"footnotes":""},"class_list":["post-8468","page","type-page","status-publish"],"acf":[],"aioseo_notices":[],"_links":{"self":[{"href":"https:\/\/alexhenryfoster.com\/fr\/wp-json\/wp\/v2\/pages\/8468","targetHints":{"allow":["GET"]}}],"collection":[{"href":"https:\/\/alexhenryfoster.com\/fr\/wp-json\/wp\/v2\/pages"}],"about":[{"href":"https:\/\/alexhenryfoster.com\/fr\/wp-json\/wp\/v2\/types\/page"}],"author":[{"embeddable":true,"href":"https:\/\/alexhenryfoster.com\/fr\/wp-json\/wp\/v2\/users\/1"}],"replies":[{"embeddable":true,"href":"https:\/\/alexhenryfoster.com\/fr\/wp-json\/wp\/v2\/comments?post=8468"}],"version-history":[{"count":3,"href":"https:\/\/alexhenryfoster.com\/fr\/wp-json\/wp\/v2\/pages\/8468\/revisions"}],"predecessor-version":[{"id":25266,"href":"https:\/\/alexhenryfoster.com\/fr\/wp-json\/wp\/v2\/pages\/8468\/revisions\/25266"}],"up":[{"embeddable":true,"href":"https:\/\/alexhenryfoster.com\/fr\/wp-json\/wp\/v2\/pages\/8462"}],"wp:attachment":[{"href":"https:\/\/alexhenryfoster.com\/fr\/wp-json\/wp\/v2\/media?parent=8468"}],"curies":[{"name":"wp","href":"https:\/\/api.w.org\/{rel}","templated":true}]}}