{"id":8470,"date":"2020-05-06T18:46:25","date_gmt":"2020-05-06T22:46:25","guid":{"rendered":"http:\/\/alexhenryfoster.com\/releases\/windows-in-the-sky\/"},"modified":"2022-02-12T21:09:12","modified_gmt":"2022-02-13T02:09:12","slug":"windows-in-the-sky","status":"publish","type":"page","link":"https:\/\/alexhenryfoster.com\/fr\/releases\/windows-in-the-sky\/","title":{"rendered":"Windows in the Sky"},"content":{"rendered":"\t\t<div data-elementor-type=\"wp-page\" data-elementor-id=\"8470\" class=\"elementor elementor-8470 elementor-6605\" data-elementor-post-type=\"page\">\n\t\t\t\t\t\t<section data-particle_enable=\"false\" data-particle-mobile-disabled=\"false\" class=\"elementor-section elementor-top-section elementor-element elementor-element-c8988d1 elementor-section-boxed elementor-section-height-default elementor-section-height-default\" data-id=\"c8988d1\" data-element_type=\"section\" data-e-type=\"section\" data-settings=\"{&quot;background_background&quot;:&quot;classic&quot;}\">\n\t\t\t\t\t\t<div class=\"elementor-container elementor-column-gap-default\">\n\t\t\t\t\t<div class=\"elementor-column elementor-col-100 elementor-top-column elementor-element elementor-element-5ab4510\" data-id=\"5ab4510\" data-element_type=\"column\" data-e-type=\"column\">\n\t\t\t<div class=\"elementor-widget-wrap elementor-element-populated\">\n\t\t\t\t\t\t<section data-particle_enable=\"false\" data-particle-mobile-disabled=\"false\" class=\"elementor-section elementor-inner-section elementor-element elementor-element-4fe6c15 elementor-section-boxed elementor-section-height-default elementor-section-height-default\" data-id=\"4fe6c15\" data-element_type=\"section\" data-e-type=\"section\">\n\t\t\t\t\t\t<div class=\"elementor-container elementor-column-gap-default\">\n\t\t\t\t\t<div class=\"elementor-column elementor-col-50 elementor-inner-column elementor-element elementor-element-359b6e4\" data-id=\"359b6e4\" data-element_type=\"column\" data-e-type=\"column\">\n\t\t\t<div class=\"elementor-widget-wrap elementor-element-populated\">\n\t\t\t\t\t\t<div class=\"elementor-element elementor-element-3d83d05 elementor-widget elementor-widget-image\" data-id=\"3d83d05\" data-element_type=\"widget\" data-e-type=\"widget\" data-widget_type=\"image.default\">\n\t\t\t\t<div class=\"elementor-widget-container\">\n\t\t\t\t\t\t\t\t\t\t\t\t\t\t\t<img fetchpriority=\"high\" decoding=\"async\" width=\"1000\" height=\"1000\" src=\"https:\/\/alexhenryfoster.com\/wp-content\/uploads\/ahf_windowsinthesky_front_small-resize.jpg\" class=\"attachment-large size-large wp-image-5931\" alt=\"\" srcset=\"https:\/\/alexhenryfoster.com\/wp-content\/uploads\/ahf_windowsinthesky_front_small-resize.jpg 1000w, https:\/\/alexhenryfoster.com\/wp-content\/uploads\/ahf_windowsinthesky_front_small-resize-300x300.jpg 300w, https:\/\/alexhenryfoster.com\/wp-content\/uploads\/ahf_windowsinthesky_front_small-resize-150x150.jpg 150w, https:\/\/alexhenryfoster.com\/wp-content\/uploads\/ahf_windowsinthesky_front_small-resize-768x768.jpg 768w\" sizes=\"(max-width: 1000px) 100vw, 1000px\" \/>\t\t\t\t\t\t\t\t\t\t\t\t\t\t\t<\/div>\n\t\t\t\t<\/div>\n\t\t\t\t\t<\/div>\n\t\t<\/div>\n\t\t\t\t<div class=\"elementor-column elementor-col-50 elementor-inner-column elementor-element elementor-element-8c877ab\" data-id=\"8c877ab\" data-element_type=\"column\" data-e-type=\"column\">\n\t\t\t<div class=\"elementor-widget-wrap elementor-element-populated\">\n\t\t\t\t\t\t<div class=\"elementor-element elementor-element-cb66b9d elementor-widget elementor-widget-theme-post-title elementor-page-title elementor-widget-heading\" data-id=\"cb66b9d\" data-element_type=\"widget\" data-e-type=\"widget\" data-widget_type=\"theme-post-title.default\">\n\t\t\t\t<div class=\"elementor-widget-container\">\n\t\t\t\t\t<h1 class=\"elementor-heading-title elementor-size-default\">Windows in the Sky<\/h1>\t\t\t\t<\/div>\n\t\t\t\t<\/div>\n\t\t\t\t<div class=\"elementor-element elementor-element-5746dde elementor-widget-divider--view-line_text elementor-widget-divider--element-align-center elementor-widget elementor-widget-divider\" data-id=\"5746dde\" data-element_type=\"widget\" data-e-type=\"widget\" data-widget_type=\"divider.default\">\n\t\t\t\t<div class=\"elementor-widget-container\">\n\t\t\t\t\t\t\t<div class=\"elementor-divider\">\n\t\t\t<span class=\"elementor-divider-separator\">\n\t\t\t\t\t\t\t<span class=\"elementor-divider__text elementor-divider__element\">\n\t\t\t\tALBUM\t\t\t\t<\/span>\n\t\t\t\t\t\t<\/span>\n\t\t<\/div>\n\t\t\t\t\t\t<\/div>\n\t\t\t\t<\/div>\n\t\t\t\t<div class=\"elementor-element elementor-element-701c067 elementor-widget elementor-widget-heading\" data-id=\"701c067\" data-element_type=\"widget\" data-e-type=\"widget\" data-widget_type=\"heading.default\">\n\t\t\t\t<div class=\"elementor-widget-container\">\n\t\t\t\t\t<h3 class=\"elementor-heading-title elementor-size-default\">Liste des chansons &amp; Paroles<\/h3>\t\t\t\t<\/div>\n\t\t\t\t<\/div>\n\t\t\t\t<div class=\"elementor-element elementor-element-074027e elementor-nav-menu__align-center elementor-nav-menu--dropdown-none elementor-widget elementor-widget-nav-menu\" data-id=\"074027e\" data-element_type=\"widget\" data-e-type=\"widget\" data-settings=\"{&quot;layout&quot;:&quot;vertical&quot;,&quot;submenu_icon&quot;:{&quot;value&quot;:&quot;&lt;i class=\\&quot;\\&quot; aria-hidden=\\&quot;true\\&quot;&gt;&lt;\\\/i&gt;&quot;,&quot;library&quot;:&quot;&quot;}}\" data-widget_type=\"nav-menu.default\">\n\t\t\t\t<div class=\"elementor-widget-container\">\n\t\t\t\t\t\t\t\t<nav aria-label=\"Menu\" class=\"elementor-nav-menu--main elementor-nav-menu__container elementor-nav-menu--layout-vertical e--pointer-none\">\n\t\t\t\t<ul id=\"menu-1-074027e\" class=\"elementor-nav-menu sm-vertical\"><li class=\"menu-item menu-item-type-post_type menu-item-object-page menu-item-8684\"><a href=\"https:\/\/alexhenryfoster.com\/fr\/lyrics\/the-pain-that-bonds-the-beginning-is-the-end\/\" class=\"elementor-item\">The Pain That Bonds (The Beginning Is the End)<\/a><\/li>\n<li class=\"menu-item menu-item-type-post_type menu-item-object-page menu-item-8685\"><a href=\"https:\/\/alexhenryfoster.com\/fr\/lyrics\/winter-is-coming-in\/\" class=\"elementor-item\">Winter Is Coming In<\/a><\/li>\n<li class=\"menu-item menu-item-type-post_type menu-item-object-page menu-item-13218\"><a href=\"https:\/\/alexhenryfoster.com\/fr\/lyrics\/shadows-of-our-evening-tides\/\" class=\"elementor-item\">Shadows of Our Evening Tides<\/a><\/li>\n<li class=\"menu-item menu-item-type-post_type menu-item-object-page menu-item-13219\"><a href=\"https:\/\/alexhenryfoster.com\/fr\/lyrics\/the-hunter-by-the-seaside-window\/\" class=\"elementor-item\">The Hunter (By the Seaside Window)<\/a><\/li>\n<li class=\"menu-item menu-item-type-post_type menu-item-object-page menu-item-13220\"><a href=\"https:\/\/alexhenryfoster.com\/fr\/lyrics\/snowflakes-in-july\/\" class=\"elementor-item\">Snowflakes in July<\/a><\/li>\n<li class=\"menu-item menu-item-type-post_type menu-item-object-page menu-item-13221\"><a href=\"https:\/\/alexhenryfoster.com\/fr\/lyrics\/summertime-departures\/\" class=\"elementor-item\">Summertime Departures<\/a><\/li>\n<li class=\"menu-item menu-item-type-post_type menu-item-object-page menu-item-13222\"><a href=\"https:\/\/alexhenryfoster.com\/fr\/lyrics\/lavender-sky\/\" class=\"elementor-item\">Lavender Sky<\/a><\/li>\n<li class=\"menu-item menu-item-type-post_type menu-item-object-page menu-item-8691\"><a href=\"https:\/\/alexhenryfoster.com\/fr\/lyrics\/the-love-that-moves-the-end-is-beginning\/\" class=\"elementor-item\">The Love That Moves (The End Is Beginning)<\/a><\/li>\n<\/ul>\t\t\t<\/nav>\n\t\t\t\t\t\t<nav class=\"elementor-nav-menu--dropdown elementor-nav-menu__container\" aria-hidden=\"true\">\n\t\t\t\t<ul id=\"menu-2-074027e\" class=\"elementor-nav-menu sm-vertical\"><li class=\"menu-item menu-item-type-post_type menu-item-object-page menu-item-8684\"><a href=\"https:\/\/alexhenryfoster.com\/fr\/lyrics\/the-pain-that-bonds-the-beginning-is-the-end\/\" class=\"elementor-item\" tabindex=\"-1\">The Pain That Bonds (The Beginning Is the End)<\/a><\/li>\n<li class=\"menu-item menu-item-type-post_type menu-item-object-page menu-item-8685\"><a href=\"https:\/\/alexhenryfoster.com\/fr\/lyrics\/winter-is-coming-in\/\" class=\"elementor-item\" tabindex=\"-1\">Winter Is Coming In<\/a><\/li>\n<li class=\"menu-item menu-item-type-post_type menu-item-object-page menu-item-13218\"><a href=\"https:\/\/alexhenryfoster.com\/fr\/lyrics\/shadows-of-our-evening-tides\/\" class=\"elementor-item\" tabindex=\"-1\">Shadows of Our Evening Tides<\/a><\/li>\n<li class=\"menu-item menu-item-type-post_type menu-item-object-page menu-item-13219\"><a href=\"https:\/\/alexhenryfoster.com\/fr\/lyrics\/the-hunter-by-the-seaside-window\/\" class=\"elementor-item\" tabindex=\"-1\">The Hunter (By the Seaside Window)<\/a><\/li>\n<li class=\"menu-item menu-item-type-post_type menu-item-object-page menu-item-13220\"><a href=\"https:\/\/alexhenryfoster.com\/fr\/lyrics\/snowflakes-in-july\/\" class=\"elementor-item\" tabindex=\"-1\">Snowflakes in July<\/a><\/li>\n<li class=\"menu-item menu-item-type-post_type menu-item-object-page menu-item-13221\"><a href=\"https:\/\/alexhenryfoster.com\/fr\/lyrics\/summertime-departures\/\" class=\"elementor-item\" tabindex=\"-1\">Summertime Departures<\/a><\/li>\n<li class=\"menu-item menu-item-type-post_type menu-item-object-page menu-item-13222\"><a href=\"https:\/\/alexhenryfoster.com\/fr\/lyrics\/lavender-sky\/\" class=\"elementor-item\" tabindex=\"-1\">Lavender Sky<\/a><\/li>\n<li class=\"menu-item menu-item-type-post_type menu-item-object-page menu-item-8691\"><a href=\"https:\/\/alexhenryfoster.com\/fr\/lyrics\/the-love-that-moves-the-end-is-beginning\/\" class=\"elementor-item\" tabindex=\"-1\">The Love That Moves (The End Is Beginning)<\/a><\/li>\n<\/ul>\t\t\t<\/nav>\n\t\t\t\t\t\t<\/div>\n\t\t\t\t<\/div>\n\t\t\t\t<div class=\"elementor-element elementor-element-3725aa3 elementor-align-center elementor-widget elementor-widget-button\" data-id=\"3725aa3\" data-element_type=\"widget\" data-e-type=\"widget\" data-widget_type=\"button.default\">\n\t\t\t\t<div class=\"elementor-widget-container\">\n\t\t\t\t\t\t\t\t\t<div class=\"elementor-button-wrapper\">\n\t\t\t\t\t<a class=\"elementor-button elementor-button-link elementor-size-lg\" href=\"https:\/\/found.ee\/ahf-windowsinthesky\" target=\"_blank\">\n\t\t\t\t\t\t<span class=\"elementor-button-content-wrapper\">\n\t\t\t\t\t\t\t\t\t<span class=\"elementor-button-text\">\u00c9COUTEZ \/ ACHETEZ<\/span>\n\t\t\t\t\t<\/span>\n\t\t\t\t\t<\/a>\n\t\t\t\t<\/div>\n\t\t\t\t\t\t\t\t<\/div>\n\t\t\t\t<\/div>\n\t\t\t\t\t<\/div>\n\t\t<\/div>\n\t\t\t\t\t<\/div>\n\t\t<\/section>\n\t\t\t\t\t<\/div>\n\t\t<\/div>\n\t\t\t\t\t<\/div>\n\t\t<\/section>\n\t\t\t\t<section data-particle_enable=\"false\" data-particle-mobile-disabled=\"false\" class=\"elementor-section elementor-top-section elementor-element elementor-element-2fbb883 elementor-section-boxed elementor-section-height-default elementor-section-height-default\" data-id=\"2fbb883\" data-element_type=\"section\" data-e-type=\"section\">\n\t\t\t\t\t\t<div class=\"elementor-container elementor-column-gap-default\">\n\t\t\t\t\t<div class=\"elementor-column elementor-col-100 elementor-top-column elementor-element elementor-element-ca91efe\" data-id=\"ca91efe\" data-element_type=\"column\" data-e-type=\"column\">\n\t\t\t<div class=\"elementor-widget-wrap elementor-element-populated\">\n\t\t\t\t\t\t<div class=\"elementor-element elementor-element-7f51d73 elementor-widget elementor-widget-spacer\" data-id=\"7f51d73\" data-element_type=\"widget\" data-e-type=\"widget\" data-widget_type=\"spacer.default\">\n\t\t\t\t<div class=\"elementor-widget-container\">\n\t\t\t\t\t\t\t<div class=\"elementor-spacer\">\n\t\t\t<div class=\"elementor-spacer-inner\"><\/div>\n\t\t<\/div>\n\t\t\t\t\t\t<\/div>\n\t\t\t\t<\/div>\n\t\t\t\t\t<\/div>\n\t\t<\/div>\n\t\t\t\t\t<\/div>\n\t\t<\/section>\n\t\t\t\t<section data-particle_enable=\"false\" data-particle-mobile-disabled=\"false\" class=\"elementor-section elementor-top-section elementor-element elementor-element-4351259 elementor-section-boxed elementor-section-height-default elementor-section-height-default\" data-id=\"4351259\" data-element_type=\"section\" data-e-type=\"section\">\n\t\t\t\t\t\t<div class=\"elementor-container elementor-column-gap-default\">\n\t\t\t\t\t<div class=\"elementor-column elementor-col-100 elementor-top-column elementor-element elementor-element-8a8af22\" data-id=\"8a8af22\" data-element_type=\"column\" data-e-type=\"column\">\n\t\t\t<div class=\"elementor-widget-wrap elementor-element-populated\">\n\t\t\t\t\t\t<section data-particle_enable=\"false\" data-particle-mobile-disabled=\"false\" class=\"elementor-section elementor-inner-section elementor-element elementor-element-946301b elementor-section-boxed elementor-section-height-default elementor-section-height-default\" data-id=\"946301b\" data-element_type=\"section\" data-e-type=\"section\" data-settings=\"{&quot;background_background&quot;:&quot;classic&quot;}\">\n\t\t\t\t\t\t<div class=\"elementor-container elementor-column-gap-default\">\n\t\t\t\t\t<div class=\"elementor-column elementor-col-50 elementor-inner-column elementor-element elementor-element-16570ab\" data-id=\"16570ab\" data-element_type=\"column\" data-e-type=\"column\">\n\t\t\t<div class=\"elementor-widget-wrap elementor-element-populated\">\n\t\t\t\t\t\t<div class=\"elementor-element elementor-element-79d82d1 elementor-widget elementor-widget-text-editor\" data-id=\"79d82d1\" data-element_type=\"widget\" data-e-type=\"widget\" data-widget_type=\"text-editor.default\">\n\t\t\t\t<div class=\"elementor-widget-container\">\n\t\t\t\t\t\t\t\t\t<div class=\"wpb_text_column wpb_content_element \">\n<div class=\"wpb_wrapper\">\n<p class=\"p1\">\u201cWindows in the Sky\u201d est le premier album solo d&rsquo;Alex Henry Foster, chanteur et parolier du groupe post rock Your Favorite Enemies, nomm\u00e9 pour un prix Juno.<\/p>\n<p class=\"p1\">\u00c9crit entre Tanger et Montr\u00e9al, \u201cWindows in the Sky\u201d a \u00e9t\u00e9 con\u00e7u dans un \u00e9tat d\u2019isolement \u00e9motionnel suite au d\u00e9c\u00e8s de son p\u00e8re, un fervent croyant dont il a \u00e9t\u00e9 s\u00e9par\u00e9, apr\u00e8s une longue bataille contre le cancer. Foster explore la nature de l&rsquo;absence de foi, de l\u2019affliction et de la solitude, tout en essayant de trouver l\u2019espoir dans le bouleversement et la confusion qu&rsquo;am\u00e8ne le deuil.<\/p>\n<p class=\"p1\">Dans la m\u00eame lign\u00e9e que Radiohead, Swans, Mogwai et Nick Cave, le voyage musical de AHF, \u00e0 la fois d\u00e9licat et temp\u00e9tueux, incarne un singulier m\u00e9lange d&rsquo;art rock, shoegaze, noise, psych et krautrock, et il est d\u00e9fini par une voix intime se m\u00ealant \u00e0 de la po\u00e9sie parl\u00e9e introspective. C&rsquo;est un voyage cin\u00e9matographique en 8 pistes qui incarnent une voix bris\u00e9e, essayant de donner du sens aux \u00e9chos de sa perte, exsudant les derni\u00e8res pi\u00e8ces de ses croyances, cherchant \u00e0 se prot\u00e9ger, tentant de pr\u00e9server les perspectives illusoires de tous les fant\u00f4mes qui se cachent, les maintenant tant bien que mal en vie; tout ceci dans le but de supprimer l&rsquo;image douloureuse de la personne qu\u2019il aurait pu devenir, lib\u00e9r\u00e9 du r\u00e9cit d\u00e9form\u00e9 auquel il \u00e9tait li\u00e9 afin d&rsquo;\u00e9viter de souffrir plus longtemps.<\/p>\n<p class=\"p1\">Foster d\u00e9crit son premier projet solo comme un paysage de contemplation et de r\u00e9flexion o\u00f9 l&rsquo;absence de but, la vuln\u00e9rabilit\u00e9 et le d\u00e9sarroi poussent \u00e0 faire un examen profond et honn\u00eate du vrai personnage de sa propre spiritualit\u00e9, la d\u00e9tresse des \u00e9checs de la vie et le sentiment de regret \u00e9ternel qui continue de grandir alors qu\u2019on essaie de survivre \u00e0 la confusion implacable de la perte et la r\u00e9alit\u00e9 du deuil, ramenant \u00e0 notre propre existence instable.<\/p>\n<p class=\"p1\">\u00ab\u00a0Pendant des ann\u00e9es, j\u2019ai recherch\u00e9 des \u00e9motions personnelles profondes \u00e0 canaliser dans le contexte s\u00e9curitaire et insaisissable de la dynamique d\u2019un groupe. Ainsi, je n\u2019aurais pas \u00e0 \u00eatre expos\u00e9 \u00e0 travers leurs vraies couleurs, je n\u2019aurais pas \u00e0 assumer une implication intime. Je me suis simplement cach\u00e9 derri\u00e8re l&rsquo;\u00e9pais rideau de cris lointains et de bruits. Ce n\u2019est que lorsque mon p\u00e8re est d\u00e9c\u00e9d\u00e9 et que j\u2019ai lentement commenc\u00e9 \u00e0 travailler sur des chansons qui d\u00e9finiraient en fin de compte l\u2019esprit de \u00abWindows in the Sky\u00bb que j&rsquo;ai d\u00fb admettre que si je ne voulais pas abattre ce sombre voile de peurs, je ne serais pas capable de laisser aucune de ces vives \u00e9motions vivre, ne serais pas capable de les lib\u00e9rer de ma lutte exultante pour rester dans la lumi\u00e8re\u2026 et donc laisser mon \u00e2me s\u2019\u00e9manciper \u00e0 travers l\u2019honn\u00eate reconnaissance et admission de ces \u00e9motions cach\u00e9es\u2026 une lueur \u00e0 la fois\u2026 ce qui est exactement comment l&rsquo;album allait enfin prendre vie.\u00a0\u00bb<\/p>\n<p class=\"p1\">Enti\u00e8rement enregistr\u00e9 d\u00e9but 2018 au studio Upper Room &#8211; l&rsquo;ancienne \u00e9glise catholique de Your Favorite Enemies transform\u00e9e en studio d&rsquo;enregistrement professionnel &#8211; Foster a invit\u00e9 les autres membres de son groupe \u00e0 contribuer \u00e0 l&rsquo;\u00e9tape finale des arrangements musicaux de quelques chansons alors qu&rsquo;il terminait l&rsquo;auto-production de l&rsquo;album.<\/p>\n<p class=\"p1\">\u00ab\u00a0Windows in the Sky\u00a0\u00bb sera disponible au Canada le 9 novembre, via Hopeful Tragedy Records \/ Sony Music Entertainment \/ The Orchard.<\/p>\n<\/div>\n<\/div>\t\t\t\t\t\t\t\t<\/div>\n\t\t\t\t<\/div>\n\t\t\t\t\t<\/div>\n\t\t<\/div>\n\t\t\t\t<div class=\"elementor-column elementor-col-50 elementor-inner-column elementor-element elementor-element-d5bc784\" data-id=\"d5bc784\" data-element_type=\"column\" data-e-type=\"column\">\n\t\t\t<div class=\"elementor-widget-wrap elementor-element-populated\">\n\t\t\t\t\t\t<div class=\"elementor-element elementor-element-218ab49 elementor-widget elementor-widget-text-editor\" data-id=\"218ab49\" data-element_type=\"widget\" data-e-type=\"widget\" data-widget_type=\"text-editor.default\">\n\t\t\t\t<div class=\"elementor-widget-container\">\n\t\t\t\t\t\t\t\t\t<h3 style=\"margin-bottom: 5px;\">DATE DE SORTIE<\/h3><p><i>1 mai 2020<\/i><\/p><h3 style=\"margin-bottom: 5px;\">PAROLES &amp; MUSIQUE<\/h3><p><i>Alex Henry Foster<\/i><\/p><h3 style=\"margin-bottom: 5px;\">PRODUIT PAR<\/h3><p><i>Alex Henry Foster<br \/>Ben Lemelin<\/i><\/p><h3 style=\"margin-bottom: 5px;\">MUSICIENS ADDITIONNELS<\/h3><p><i>Ben Lemelin<br \/>Jeff Beaulieu<br \/>Sef Lemelin<br \/>Miss Isabel<br \/>Charles Moose Allicie<\/i><\/p><h3 style=\"margin-bottom: 5px;\">LIEU D&rsquo;ENREGISTREMENT<\/h3><p><i>Upper Room Studio<br \/>Qu\u00e9bec, Canada<\/i><\/p><h3 style=\"margin-bottom: 5px;\">Label<\/h3><p><i>Hopeful Tragedy Records<\/i><\/p>\t\t\t\t\t\t\t\t<\/div>\n\t\t\t\t<\/div>\n\t\t\t\t\t<\/div>\n\t\t<\/div>\n\t\t\t\t\t<\/div>\n\t\t<\/section>\n\t\t\t\t\t<\/div>\n\t\t<\/div>\n\t\t\t\t\t<\/div>\n\t\t<\/section>\n\t\t\t\t<section data-particle_enable=\"false\" data-particle-mobile-disabled=\"false\" class=\"elementor-section elementor-top-section elementor-element elementor-element-c9322b6 elementor-section-boxed elementor-section-height-default elementor-section-height-default\" data-id=\"c9322b6\" data-element_type=\"section\" data-e-type=\"section\">\n\t\t\t\t\t\t<div class=\"elementor-container elementor-column-gap-default\">\n\t\t\t\t\t<div class=\"elementor-column elementor-col-100 elementor-top-column elementor-element elementor-element-2602dd8\" data-id=\"2602dd8\" data-element_type=\"column\" data-e-type=\"column\">\n\t\t\t<div class=\"elementor-widget-wrap elementor-element-populated\">\n\t\t\t\t\t\t<div class=\"elementor-element elementor-element-126cbb6 elementor-widget elementor-widget-spacer\" data-id=\"126cbb6\" data-element_type=\"widget\" data-e-type=\"widget\" data-widget_type=\"spacer.default\">\n\t\t\t\t<div class=\"elementor-widget-container\">\n\t\t\t\t\t\t\t<div class=\"elementor-spacer\">\n\t\t\t<div class=\"elementor-spacer-inner\"><\/div>\n\t\t<\/div>\n\t\t\t\t\t\t<\/div>\n\t\t\t\t<\/div>\n\t\t\t\t\t<\/div>\n\t\t<\/div>\n\t\t\t\t\t<\/div>\n\t\t<\/section>\n\t\t\t\t<\/div>\n\t\t","protected":false},"excerpt":{"rendered":"<p> &#8230; <a title=\"Windows in the Sky\" class=\"read-more\" href=\"https:\/\/alexhenryfoster.com\/fr\/releases\/windows-in-the-sky\/\" aria-label=\"Plus sur Windows in the Sky\">Lire la suite<\/a><\/p>\n","protected":false},"author":1,"featured_media":0,"parent":8462,"menu_order":0,"comment_status":"closed","ping_status":"closed","template":"elementor_header_footer","meta":{"_acf_changed":false,"footnotes":""},"class_list":["post-8470","page","type-page","status-publish"],"acf":[],"aioseo_notices":[],"_links":{"self":[{"href":"https:\/\/alexhenryfoster.com\/fr\/wp-json\/wp\/v2\/pages\/8470","targetHints":{"allow":["GET"]}}],"collection":[{"href":"https:\/\/alexhenryfoster.com\/fr\/wp-json\/wp\/v2\/pages"}],"about":[{"href":"https:\/\/alexhenryfoster.com\/fr\/wp-json\/wp\/v2\/types\/page"}],"author":[{"embeddable":true,"href":"https:\/\/alexhenryfoster.com\/fr\/wp-json\/wp\/v2\/users\/1"}],"replies":[{"embeddable":true,"href":"https:\/\/alexhenryfoster.com\/fr\/wp-json\/wp\/v2\/comments?post=8470"}],"version-history":[{"count":3,"href":"https:\/\/alexhenryfoster.com\/fr\/wp-json\/wp\/v2\/pages\/8470\/revisions"}],"predecessor-version":[{"id":25293,"href":"https:\/\/alexhenryfoster.com\/fr\/wp-json\/wp\/v2\/pages\/8470\/revisions\/25293"}],"up":[{"embeddable":true,"href":"https:\/\/alexhenryfoster.com\/fr\/wp-json\/wp\/v2\/pages\/8462"}],"wp:attachment":[{"href":"https:\/\/alexhenryfoster.com\/fr\/wp-json\/wp\/v2\/media?parent=8470"}],"curies":[{"name":"wp","href":"https:\/\/api.w.org\/{rel}","templated":true}]}}