{"id":9104,"date":"2020-06-18T15:45:40","date_gmt":"2020-06-18T19:45:40","guid":{"rendered":"http:\/\/alexhenryfoster.com\/releases\/lavender-sky\/"},"modified":"2022-02-12T21:03:59","modified_gmt":"2022-02-13T02:03:59","slug":"lavender-sky","status":"publish","type":"page","link":"https:\/\/alexhenryfoster.com\/fr\/releases\/lavender-sky\/","title":{"rendered":"Lavender Sky"},"content":{"rendered":"\t\t<div data-elementor-type=\"wp-page\" data-elementor-id=\"9104\" class=\"elementor elementor-9104 elementor-9097\" data-elementor-post-type=\"page\">\n\t\t\t\t\t\t<section data-particle_enable=\"false\" data-particle-mobile-disabled=\"false\" class=\"elementor-section elementor-top-section elementor-element elementor-element-a357eca elementor-section-boxed elementor-section-height-default elementor-section-height-default\" data-id=\"a357eca\" data-element_type=\"section\" data-e-type=\"section\" data-settings=\"{&quot;background_background&quot;:&quot;classic&quot;}\">\n\t\t\t\t\t\t<div class=\"elementor-container elementor-column-gap-default\">\n\t\t\t\t\t<div class=\"elementor-column elementor-col-100 elementor-top-column elementor-element elementor-element-30e09d83\" data-id=\"30e09d83\" data-element_type=\"column\" data-e-type=\"column\">\n\t\t\t<div class=\"elementor-widget-wrap elementor-element-populated\">\n\t\t\t\t\t\t<section data-particle_enable=\"false\" data-particle-mobile-disabled=\"false\" class=\"elementor-section elementor-inner-section elementor-element elementor-element-7a67f8cd elementor-section-boxed elementor-section-height-default elementor-section-height-default\" data-id=\"7a67f8cd\" data-element_type=\"section\" data-e-type=\"section\">\n\t\t\t\t\t\t<div class=\"elementor-container elementor-column-gap-default\">\n\t\t\t\t\t<div class=\"elementor-column elementor-col-50 elementor-inner-column elementor-element elementor-element-3a34def\" data-id=\"3a34def\" data-element_type=\"column\" data-e-type=\"column\">\n\t\t\t<div class=\"elementor-widget-wrap elementor-element-populated\">\n\t\t\t\t\t\t<div class=\"elementor-element elementor-element-2fbd72ff elementor-widget elementor-widget-image\" data-id=\"2fbd72ff\" data-element_type=\"widget\" data-e-type=\"widget\" data-widget_type=\"image.default\">\n\t\t\t\t<div class=\"elementor-widget-container\">\n\t\t\t\t\t\t\t\t\t\t\t\t\t\t\t<img fetchpriority=\"high\" decoding=\"async\" width=\"1000\" height=\"1000\" src=\"https:\/\/alexhenryfoster.com\/wp-content\/uploads\/ahf-lavender-sky-cover-official-small-1.jpg\" class=\"attachment-large size-large wp-image-9087\" alt=\"\" srcset=\"https:\/\/alexhenryfoster.com\/wp-content\/uploads\/ahf-lavender-sky-cover-official-small-1.jpg 1000w, https:\/\/alexhenryfoster.com\/wp-content\/uploads\/ahf-lavender-sky-cover-official-small-1-300x300.jpg 300w, https:\/\/alexhenryfoster.com\/wp-content\/uploads\/ahf-lavender-sky-cover-official-small-1-150x150.jpg 150w, https:\/\/alexhenryfoster.com\/wp-content\/uploads\/ahf-lavender-sky-cover-official-small-1-768x768.jpg 768w\" sizes=\"(max-width: 1000px) 100vw, 1000px\" \/>\t\t\t\t\t\t\t\t\t\t\t\t\t\t\t<\/div>\n\t\t\t\t<\/div>\n\t\t\t\t\t<\/div>\n\t\t<\/div>\n\t\t\t\t<div class=\"elementor-column elementor-col-50 elementor-inner-column elementor-element elementor-element-5cd301b8\" data-id=\"5cd301b8\" data-element_type=\"column\" data-e-type=\"column\">\n\t\t\t<div class=\"elementor-widget-wrap elementor-element-populated\">\n\t\t\t\t\t\t<div class=\"elementor-element elementor-element-6b271470 elementor-widget elementor-widget-theme-post-title elementor-page-title elementor-widget-heading\" data-id=\"6b271470\" data-element_type=\"widget\" data-e-type=\"widget\" data-widget_type=\"theme-post-title.default\">\n\t\t\t\t<div class=\"elementor-widget-container\">\n\t\t\t\t\t<h1 class=\"elementor-heading-title elementor-size-default\">Lavender Sky<\/h1>\t\t\t\t<\/div>\n\t\t\t\t<\/div>\n\t\t\t\t<div class=\"elementor-element elementor-element-23c77942 elementor-widget-divider--view-line_text elementor-widget-divider--element-align-center elementor-widget elementor-widget-divider\" data-id=\"23c77942\" data-element_type=\"widget\" data-e-type=\"widget\" data-widget_type=\"divider.default\">\n\t\t\t\t<div class=\"elementor-widget-container\">\n\t\t\t\t\t\t\t<div class=\"elementor-divider\">\n\t\t\t<span class=\"elementor-divider-separator\">\n\t\t\t\t\t\t\t<span class=\"elementor-divider__text elementor-divider__element\">\n\t\t\t\tEP\t\t\t\t<\/span>\n\t\t\t\t\t\t<\/span>\n\t\t<\/div>\n\t\t\t\t\t\t<\/div>\n\t\t\t\t<\/div>\n\t\t\t\t<div class=\"elementor-element elementor-element-1fddfef2 elementor-widget elementor-widget-heading\" data-id=\"1fddfef2\" data-element_type=\"widget\" data-e-type=\"widget\" data-widget_type=\"heading.default\">\n\t\t\t\t<div class=\"elementor-widget-container\">\n\t\t\t\t\t<h3 class=\"elementor-heading-title elementor-size-default\">LISTE DES CHANSONS &amp; PAROLES<\/h3>\t\t\t\t<\/div>\n\t\t\t\t<\/div>\n\t\t\t\t<div class=\"elementor-element elementor-element-1d92f405 elementor-nav-menu__align-center elementor-nav-menu--dropdown-none elementor-widget elementor-widget-nav-menu\" data-id=\"1d92f405\" data-element_type=\"widget\" data-e-type=\"widget\" data-settings=\"{&quot;layout&quot;:&quot;vertical&quot;,&quot;submenu_icon&quot;:{&quot;value&quot;:&quot;&lt;i class=\\&quot;\\&quot; aria-hidden=\\&quot;true\\&quot;&gt;&lt;\\\/i&gt;&quot;,&quot;library&quot;:&quot;&quot;}}\" data-widget_type=\"nav-menu.default\">\n\t\t\t\t<div class=\"elementor-widget-container\">\n\t\t\t\t\t\t\t\t<nav aria-label=\"Menu\" class=\"elementor-nav-menu--main elementor-nav-menu__container elementor-nav-menu--layout-vertical e--pointer-none\">\n\t\t\t\t<ul id=\"menu-1-1d92f405\" class=\"elementor-nav-menu sm-vertical\"><li class=\"menu-item menu-item-type-post_type menu-item-object-page menu-item-30216\"><a href=\"https:\/\/alexhenryfoster.com\/fr\/lyrics\/lavender-sky\/\" class=\"elementor-item\">Lavender Sky<\/a><\/li>\n<li class=\"menu-item menu-item-type-post_type menu-item-object-page menu-item-9077\"><a href=\"https:\/\/alexhenryfoster.com\/fr\/lyrics\/lavender-sky-radio-edit\/\" class=\"elementor-item\">Lavender Sky [Radio Edit]<\/a><\/li>\n<li class=\"menu-item menu-item-type-post_type menu-item-object-page menu-item-9076\"><a href=\"https:\/\/alexhenryfoster.com\/fr\/lyrics\/lavender-sky-live-at-the-upper-room-studio-june-14-2020\/\" class=\"elementor-item\">Lavender Sky [Live]<\/a><\/li>\n<\/ul>\t\t\t<\/nav>\n\t\t\t\t\t\t<nav class=\"elementor-nav-menu--dropdown elementor-nav-menu__container\" aria-hidden=\"true\">\n\t\t\t\t<ul id=\"menu-2-1d92f405\" class=\"elementor-nav-menu sm-vertical\"><li class=\"menu-item menu-item-type-post_type menu-item-object-page menu-item-30216\"><a href=\"https:\/\/alexhenryfoster.com\/fr\/lyrics\/lavender-sky\/\" class=\"elementor-item\" tabindex=\"-1\">Lavender Sky<\/a><\/li>\n<li class=\"menu-item menu-item-type-post_type menu-item-object-page menu-item-9077\"><a href=\"https:\/\/alexhenryfoster.com\/fr\/lyrics\/lavender-sky-radio-edit\/\" class=\"elementor-item\" tabindex=\"-1\">Lavender Sky [Radio Edit]<\/a><\/li>\n<li class=\"menu-item menu-item-type-post_type menu-item-object-page menu-item-9076\"><a href=\"https:\/\/alexhenryfoster.com\/fr\/lyrics\/lavender-sky-live-at-the-upper-room-studio-june-14-2020\/\" class=\"elementor-item\" tabindex=\"-1\">Lavender Sky [Live]<\/a><\/li>\n<\/ul>\t\t\t<\/nav>\n\t\t\t\t\t\t<\/div>\n\t\t\t\t<\/div>\n\t\t\t\t<div class=\"elementor-element elementor-element-5df7e973 elementor-align-center elementor-widget elementor-widget-button\" data-id=\"5df7e973\" data-element_type=\"widget\" data-e-type=\"widget\" data-widget_type=\"button.default\">\n\t\t\t\t<div class=\"elementor-widget-container\">\n\t\t\t\t\t\t\t\t\t<div class=\"elementor-button-wrapper\">\n\t\t\t\t\t<a class=\"elementor-button elementor-button-link elementor-size-lg\" href=\"https:\/\/found.ee\/ahf-lavendersky\" target=\"_blank\">\n\t\t\t\t\t\t<span class=\"elementor-button-content-wrapper\">\n\t\t\t\t\t\t\t\t\t<span class=\"elementor-button-text\">\u00c9COUTEZ \/ ACHETEZ<\/span>\n\t\t\t\t\t<\/span>\n\t\t\t\t\t<\/a>\n\t\t\t\t<\/div>\n\t\t\t\t\t\t\t\t<\/div>\n\t\t\t\t<\/div>\n\t\t\t\t\t<\/div>\n\t\t<\/div>\n\t\t\t\t\t<\/div>\n\t\t<\/section>\n\t\t\t\t\t<\/div>\n\t\t<\/div>\n\t\t\t\t\t<\/div>\n\t\t<\/section>\n\t\t\t\t<section data-particle_enable=\"false\" data-particle-mobile-disabled=\"false\" class=\"elementor-section elementor-top-section elementor-element elementor-element-3dbc15ab elementor-section-boxed elementor-section-height-default elementor-section-height-default\" data-id=\"3dbc15ab\" data-element_type=\"section\" data-e-type=\"section\">\n\t\t\t\t\t\t<div class=\"elementor-container elementor-column-gap-default\">\n\t\t\t\t\t<div class=\"elementor-column elementor-col-100 elementor-top-column elementor-element elementor-element-275c5504\" data-id=\"275c5504\" data-element_type=\"column\" data-e-type=\"column\">\n\t\t\t<div class=\"elementor-widget-wrap elementor-element-populated\">\n\t\t\t\t\t\t<div class=\"elementor-element elementor-element-207b0cb8 elementor-widget elementor-widget-spacer\" data-id=\"207b0cb8\" data-element_type=\"widget\" data-e-type=\"widget\" data-widget_type=\"spacer.default\">\n\t\t\t\t<div class=\"elementor-widget-container\">\n\t\t\t\t\t\t\t<div class=\"elementor-spacer\">\n\t\t\t<div class=\"elementor-spacer-inner\"><\/div>\n\t\t<\/div>\n\t\t\t\t\t\t<\/div>\n\t\t\t\t<\/div>\n\t\t\t\t\t<\/div>\n\t\t<\/div>\n\t\t\t\t\t<\/div>\n\t\t<\/section>\n\t\t\t\t<section data-particle_enable=\"false\" data-particle-mobile-disabled=\"false\" class=\"elementor-section elementor-top-section elementor-element elementor-element-4a45cec5 elementor-section-boxed elementor-section-height-default elementor-section-height-default\" data-id=\"4a45cec5\" data-element_type=\"section\" data-e-type=\"section\">\n\t\t\t\t\t\t<div class=\"elementor-container elementor-column-gap-default\">\n\t\t\t\t\t<div class=\"elementor-column elementor-col-100 elementor-top-column elementor-element elementor-element-1d4329f8\" data-id=\"1d4329f8\" data-element_type=\"column\" data-e-type=\"column\">\n\t\t\t<div class=\"elementor-widget-wrap elementor-element-populated\">\n\t\t\t\t\t\t<section data-particle_enable=\"false\" data-particle-mobile-disabled=\"false\" class=\"elementor-section elementor-inner-section elementor-element elementor-element-13ac6c86 elementor-section-boxed elementor-section-height-default elementor-section-height-default\" data-id=\"13ac6c86\" data-element_type=\"section\" data-e-type=\"section\" data-settings=\"{&quot;background_background&quot;:&quot;classic&quot;}\">\n\t\t\t\t\t\t<div class=\"elementor-container elementor-column-gap-default\">\n\t\t\t\t\t<div class=\"elementor-column elementor-col-50 elementor-inner-column elementor-element elementor-element-2377462a\" data-id=\"2377462a\" data-element_type=\"column\" data-e-type=\"column\">\n\t\t\t<div class=\"elementor-widget-wrap elementor-element-populated\">\n\t\t\t\t\t\t<div class=\"elementor-element elementor-element-65218a51 elementor-widget elementor-widget-text-editor\" data-id=\"65218a51\" data-element_type=\"widget\" data-e-type=\"widget\" data-widget_type=\"text-editor.default\">\n\t\t\t\t<div class=\"elementor-widget-container\">\n\t\t\t\t\t\t\t\t\t<div class=\"wpb_text_column wpb_content_element \"><div class=\"wpb_wrapper\"><p class=\"p1\">J&rsquo;avais le titre de la chanson depuis un bon moment avant de commencer \u00e0 \u00e9crire les premi\u00e8res paroles. \u201cLavender Sky\u201d est ma fa\u00e7on personnelle de d\u00e9crire la magnifique exposition de variations dans le ciel violet et rose que j&rsquo;ai eu la chance de voir chaque soir en vivant \u00e0 Tanger. Ce ciel refl\u00e9tait en quelque sorte une invitation \u00e0 lib\u00e9rer mon p\u00e8re en acceptant sa mort et en pouvant enfin le pleurer, faire la paix avec tout ce que j&rsquo;avais v\u00e9cu dans le pass\u00e9 et admettre que peu importe la complexit\u00e9 d&rsquo;un mensonge auquel je pouvais croire, je ne pourrais jamais continuer ma vie avant d&rsquo;avoir enfin reconnu la profonde tristesse dont je nourrissais mon existence et celle de mes proches. C&rsquo;\u00e9tait le point de d\u00e9part des paroles de la chanson; l\u2019acceptation.<\/p><p class=\"p1\">Mais peu de temps apr\u00e8s le d\u00e9but de la production de l\u2019album, les paroles initiales semblaient distantes. Non pas les \u00e9motions en elles-m\u00eames qui n\u2019\u00e9taient plus ad\u00e9quates, mais une certaine fatigue dans la fa\u00e7on dont j&rsquo;abordais ce qu&rsquo;elles signifiaient vraiment pour moi. J&rsquo;ai donc d\u00e9cid\u00e9 de mettre la chanson de c\u00f4t\u00e9 pendant un moment. Je ne voulais pas lui imposer des mots et des ambitions de production, m\u00eame si j&rsquo;aimais particuli\u00e8rement les paroles originales. Mais je pr\u00e9f\u00e8re avoir une chanson instrumentale ou l\u2019enlever de l\u2019album plut\u00f4t que de savoir que je l&rsquo;ai transform\u00e9e en quelque chose du genre : \u201cTrouvons une belle fa\u00e7on d&rsquo;int\u00e9grer ces beaux mots dans cette belle chanson\u201d.<\/p><p class=\"p1\">Ce n&rsquo;est que quelques semaines plus tard, lors de la pr\u00e9paration des morceaux pour le mix final, que j&rsquo;ai commenc\u00e9 \u00e0 r\u00e9\u00e9crire les paroles avec une approche plus dynamique. Au lieu d&rsquo;insister sur les mots, je me suis concentr\u00e9 sur leur signification et leur intention et j&rsquo;ai fini par enregistrer la piste vocale moins d&rsquo;une heure apr\u00e8s. Cette nouvelle \u00e9tincelle serait mon aveu de peur et tout ce que nous faisons pour couvrir ses implications. Je me suis ensuite concentr\u00e9 sur une perspective plus large, dans la sensation d&rsquo;\u00eatre des individus sans racines, quoi que nous fassions ou ce en quoi nous croyions\u2026 \u201cD&rsquo;un \u00e9tranger \u00e0 un autre\u201d\u2026 Cela est devenu le c\u0153ur de la chanson, et de ces mots tr\u00e8s simples, j&rsquo;ai pu ressentir plut\u00f4t que de traiter chaque mot de fa\u00e7on r\u00e9fl\u00e9chie.<\/p><p class=\"p1\">Par cons\u00e9quent, les paroles de \u00ab\u00a0Lavender Sky\u00a0\u00bb sont devenues une motion. Depuis la g\u00e2chette tir\u00e9e, une vie qui continue de plus en plus vite comme la mesure inconnue du temps que nous avons continue de reculer \u00e0 un rythme qui semble encore plus rapide, nous embrassons la science, la religion, le pouvoir, le contr\u00f4le ou tout ce que nous pouvons utiliser pour d\u00e9fier notre peur de l&rsquo;inconnu\u2026 Le plus r\u00e9solu de tous les d\u00e9nis ou la pri\u00e8re la plus sinc\u00e8re pr\u00e9vaut les nuits pour rattraper les jours et les saisons pour continuer \u00e0 se retourner contre la nature de l&rsquo;autre. Mais l&rsquo;acceptation ne consiste pas \u00e0 \u00eatre vaincu, et la v\u00e9rit\u00e9 n&rsquo;est pas une chose \u00e0 laquelle faire confiance.<\/p><p class=\"p3\"><span class=\"s1\">R\u00e9trospectivement, <\/span>elle peut sembler \u00eatre une chanson assez pessimiste, une fa\u00e7on sombre de regarder le monde, une admission violente de l&rsquo;infid\u00e9lit\u00e9\u2026 Mais si l&rsquo;honn\u00eatet\u00e9 ne conna\u00eet pas le cynisme et l&rsquo;amertume, je vois \u00ab\u00a0Lavender Sky\u00a0\u00bb comme l&rsquo;acceptation de choses que nous ne savons pas et que nous ne contr\u00f4lons pas, autant que l&rsquo;admission de notre propre peur est ce qui fait de nous qui nous sommes et nous maintient aussi humain que le ciel auquel nous aspirons toujours\u2026 D&rsquo;un \u00e9tranger \u00e0 un autre.<\/p><p><i><b>&#8211; Alex<\/b><\/i><\/p><\/div><\/div>\t\t\t\t\t\t\t\t<\/div>\n\t\t\t\t<\/div>\n\t\t\t\t\t<\/div>\n\t\t<\/div>\n\t\t\t\t<div class=\"elementor-column elementor-col-50 elementor-inner-column elementor-element elementor-element-6160a18d\" data-id=\"6160a18d\" data-element_type=\"column\" data-e-type=\"column\">\n\t\t\t<div class=\"elementor-widget-wrap elementor-element-populated\">\n\t\t\t\t\t\t<div class=\"elementor-element elementor-element-21873985 elementor-widget elementor-widget-text-editor\" data-id=\"21873985\" data-element_type=\"widget\" data-e-type=\"widget\" data-widget_type=\"text-editor.default\">\n\t\t\t\t<div class=\"elementor-widget-container\">\n\t\t\t\t\t\t\t\t\t<h3 style=\"margin-bottom: 5px;\">DATE DE SORTIE<\/h3><p><i>19 juin 2020<\/i><\/p><h3 style=\"margin-bottom: 5px;\">PAROLES &amp; MUSIQUE<\/h3><p><i>Alex Henry Foster<\/i><\/p><h3 style=\"margin-bottom: 5px;\">PRODUIT PAR<\/h3><p><i>Alex Henry Foster<br \/>Ben Lemelin<\/i><\/p><h3 style=\"margin-bottom: 5px;\">MUSICIENS ADDITIONNELS<\/h3><p><i>Ben Lemelin<br \/>Jeff Beaulieu<br \/>Sef Lemelin<br \/>Miss Isabel<br \/>Charles Moose Allicie<\/i><\/p><h3 style=\"margin-bottom: 5px;\">LIEU D&rsquo;ENREGISTREMENT<\/h3><p><i>Upper Room Studio<br \/>Qu\u00e9bec, Canada<\/i><\/p><h3 style=\"margin-bottom: 5px;\">Label<\/h3><p><i>Hopeful Tragedy Records<\/i><\/p>\t\t\t\t\t\t\t\t<\/div>\n\t\t\t\t<\/div>\n\t\t\t\t\t<\/div>\n\t\t<\/div>\n\t\t\t\t\t<\/div>\n\t\t<\/section>\n\t\t\t\t\t<\/div>\n\t\t<\/div>\n\t\t\t\t\t<\/div>\n\t\t<\/section>\n\t\t\t\t<section data-particle_enable=\"false\" data-particle-mobile-disabled=\"false\" class=\"elementor-section elementor-top-section elementor-element elementor-element-1e424f9 elementor-section-boxed elementor-section-height-default elementor-section-height-default\" data-id=\"1e424f9\" data-element_type=\"section\" data-e-type=\"section\">\n\t\t\t\t\t\t<div class=\"elementor-container elementor-column-gap-default\">\n\t\t\t\t\t<div class=\"elementor-column elementor-col-100 elementor-top-column elementor-element elementor-element-68f9552e\" data-id=\"68f9552e\" data-element_type=\"column\" data-e-type=\"column\">\n\t\t\t<div class=\"elementor-widget-wrap elementor-element-populated\">\n\t\t\t\t\t\t<div class=\"elementor-element elementor-element-47bf4504 elementor-widget elementor-widget-spacer\" data-id=\"47bf4504\" data-element_type=\"widget\" data-e-type=\"widget\" data-widget_type=\"spacer.default\">\n\t\t\t\t<div class=\"elementor-widget-container\">\n\t\t\t\t\t\t\t<div class=\"elementor-spacer\">\n\t\t\t<div class=\"elementor-spacer-inner\"><\/div>\n\t\t<\/div>\n\t\t\t\t\t\t<\/div>\n\t\t\t\t<\/div>\n\t\t\t\t\t<\/div>\n\t\t<\/div>\n\t\t\t\t\t<\/div>\n\t\t<\/section>\n\t\t\t\t<\/div>\n\t\t","protected":false},"excerpt":{"rendered":"<p> &#8230; <a title=\"Lavender Sky\" class=\"read-more\" href=\"https:\/\/alexhenryfoster.com\/fr\/releases\/lavender-sky\/\" aria-label=\"Plus sur Lavender Sky\">Lire la suite<\/a><\/p>\n","protected":false},"author":1,"featured_media":0,"parent":8462,"menu_order":0,"comment_status":"closed","ping_status":"closed","template":"elementor_header_footer","meta":{"_acf_changed":false,"footnotes":""},"class_list":["post-9104","page","type-page","status-publish"],"acf":[],"aioseo_notices":[],"_links":{"self":[{"href":"https:\/\/alexhenryfoster.com\/fr\/wp-json\/wp\/v2\/pages\/9104","targetHints":{"allow":["GET"]}}],"collection":[{"href":"https:\/\/alexhenryfoster.com\/fr\/wp-json\/wp\/v2\/pages"}],"about":[{"href":"https:\/\/alexhenryfoster.com\/fr\/wp-json\/wp\/v2\/types\/page"}],"author":[{"embeddable":true,"href":"https:\/\/alexhenryfoster.com\/fr\/wp-json\/wp\/v2\/users\/1"}],"replies":[{"embeddable":true,"href":"https:\/\/alexhenryfoster.com\/fr\/wp-json\/wp\/v2\/comments?post=9104"}],"version-history":[{"count":3,"href":"https:\/\/alexhenryfoster.com\/fr\/wp-json\/wp\/v2\/pages\/9104\/revisions"}],"predecessor-version":[{"id":25275,"href":"https:\/\/alexhenryfoster.com\/fr\/wp-json\/wp\/v2\/pages\/9104\/revisions\/25275"}],"up":[{"embeddable":true,"href":"https:\/\/alexhenryfoster.com\/fr\/wp-json\/wp\/v2\/pages\/8462"}],"wp:attachment":[{"href":"https:\/\/alexhenryfoster.com\/fr\/wp-json\/wp\/v2\/media?parent=9104"}],"curies":[{"name":"wp","href":"https:\/\/api.w.org\/{rel}","templated":true}]}}